{"id":4081,"date":"2024-01-05T12:59:39","date_gmt":"2024-01-05T11:59:39","guid":{"rendered":"https:\/\/internationaleducationcenters.de\/kurs\/corso-di-preparazione-agli-esami-telc-tedesco-b2-c1-medicina\/"},"modified":"2025-12-03T11:44:00","modified_gmt":"2025-12-03T10:44:00","slug":"corso-di-preparazione-agli-esami-telc-tedesco-b2-c1-medicina","status":"publish","type":"product","link":"https:\/\/internationaleducationcenters.de\/it\/prodotto\/corso-di-preparazione-agli-esami-telc-tedesco-b2-c1-medicina\/","title":{"rendered":"Corso di preparazione agli esami telc Tedesco B2-C1 Medicina"},"content":{"rendered":"\t\t<div data-elementor-type=\"product-post\" data-elementor-id=\"4081\" class=\"elementor elementor-4081 elementor-805\" data-elementor-post-type=\"product\">\n\t\t\t\t<div class=\"elementor-element elementor-element-31a6ee85 e-flex e-con-boxed e-con e-parent\" data-id=\"31a6ee85\" data-element_type=\"container\" data-e-type=\"container\">\n\t\t\t\t\t<div class=\"e-con-inner\">\n\t\t\t\t<div class=\"elementor-element elementor-element-10fc63c2 elementor-widget elementor-widget-text-editor\" data-id=\"10fc63c2\" data-element_type=\"widget\" data-e-type=\"widget\" data-widget_type=\"text-editor.default\">\n\t\t\t\t<div class=\"elementor-widget-container\">\n\t\t\t\t\t\t\t\t\t<h2>telc Tedesco B2-C1 Medicina<\/h2><p>Stai studiando medicina o hai gi\u00e0 completato gli studi di medicina e stai per ottenere l&#8217;abilitazione all&#8217;esercizio della professione?<\/p><p>Vorresti fare la tua formazione specialistica in Germania? Vuoi prepararti per il tuo lavoro in una clinica o in un ospedale?<\/p><p>Vorresti anche completare con successo il test di lingua tedesca B2-C1 di Telc Medicina o il test linguistico specializzato dell&#8217;Ordine dei Medici o migliorare le tue capacit\u00e0 di comunicazione e la tua competenza interculturale in un ambiente di lavoro medico?<\/p><p>Prepariamo con successo medici di tutte le specializzazioni mediche (compresa l&#8217;odontoiatria) per l&#8217;esame tedesco dell&#8217;Associazione Medica per l&#8217;abilitazione, l&#8217;<strong data-start=\"504\" data-end=\"539\">esame medico telc Deutsch B2-C1<\/strong> o il Patient Communication Test (PKT).<\/p><p>Dopo aver completato il corso, sarai ben equipaggiato per lavorare come medico e potrai sostenere l&#8217;esame ufficiale di <strong data-start=\"504\" data-end=\"539\">medicina telc tedesco B2-C1<\/strong> presso il nostro test center.<\/p><h3>Cos&#8217;\u00e8 il telc Deutsch B2-C1 Medizin e la Fachsprachpr\u00fcfung (FSP) dell&#8217;Associazione Medica Tedesca?<\/h3><p> Il <strong data-start=\"504\" data-end=\"539\">telc Deutsch B2-C1 Medizin<\/strong> \u00e8 un esame a scalare per i livelli di competenza B2 e C1. Il test verifica le competenze specialistiche in lingua tedesca dei medici provenienti dall&#8217;estero. In termini di lessico e strutture grammaticali, si colloca nella fascia alta del B2 e del C1. Il vocabolario specialistico \u00e8 orientato alla vita lavorativa quotidiana di un ospedale o di una clinica.<br>L&#8217;esame valuta le tue capacit\u00e0 linguistiche di ascolto, lettura, scrittura e conversazione. Il tuo certificato di lingua ti dir\u00e0 esattamente in quali aree hai raggiunto il livello B2 o C1.<\/p><p>L&#8217;esame di lingua specializzato verifica anche le tue competenze linguistiche in ambito lavorativo. \u00c8 organizzato dalle associazioni mediche dei vari stati federali.<\/p><p>L&#8217;esame di lingua specialistica dura 60 minuti ed \u00e8 suddiviso in 3 sezioni, ciascuna della durata di 20 minuti.<\/p><ol><li>Dialogo medico-paziente<\/li><li>Documentazione<\/li><li>Discussione tra medici<\/li><\/ol><p>\u00c8 necessario che tu possa utilizzare un linguaggio parafrasato. Ci\u00f2 significa che potrai comunicare con i tuoi pazienti utilizzando il minor numero possibile di termini tecnici.<\/p><h3>Quale esame di medicina telc tedesco B2-C1 devo sostenere?<\/h3><p>La prova di conoscenza della lingua sotto forma di esame linguistico specializzato \u00e8 un requisito essenziale per la concessione di una licenza professionale di medicina o di un&#8217;autorizzazione all&#8217;esercizio della professione per i medici stranieri. Informati sempre presso l&#8217;autorit\u00e0 di riconoscimento competente su quale esame devi sostenere per ottenere l&#8217;abilitazione all&#8217;esercizio della professione nel tuo Stato federale prima di iscriverti all&#8217;esame vincolante!<\/p><h3>Contenuti del corso di preparazione alla medicina telc tedesco B2-C1<\/h3><p>Nella professione medica, una comunicazione senza problemi \u00e8 particolarmente importante. L&#8217;attenzione si concentra quindi sull&#8217;insegnamento delle competenze linguistiche nella vita lavorativa di tutti i giorni. Oltre ad acquisire il vocabolario necessario, ti eserciterai nella comunicazione orale e scritta con i colleghi, i pazienti e i loro parenti. Insegnanti madrelingua esperti ti supporteranno e ti aiuteranno a raggiungere il tuo obiettivo.<\/p><p>Oltre alla comunicazione orale e scritta, i nostri corsi trattano tutti gli argomenti che ti serviranno agli esami e nella vita lavorativa di tutti i giorni. Questo include:<\/p><ul><li>Sviluppo del vocabolario, delle strutture e delle competenze linguistiche a livello C1<\/li><li>Vocabolario medico<\/li><li>Ammissione, anamnesi e sessioni informative<\/li><li>Formulazione orientata al paziente<\/li><li>Comunicazione interna con i colleghi e il personale della clinica<\/li><li>Apparecchi e strumenti nella pratica clinica quotidiana<\/li><li>Sintomi e diagnosi<\/li><li>Formazione interculturale per i pazienti, i loro parenti e i loro colleghi<\/li><li>Scrivere la documentazione e le lettere dei medici, i risultati degli esami<\/li><li>Formazione intensiva sulla presentazione dei pazienti durante i turni e le riunioni di reparto.<\/li><\/ul><p><strong> <\/strong><\/p><h3>Tipo di evento<\/h3><p>Ci adattiamo alle tue esigenze! Sappiamo che come medico che gi\u00e0 lavora, sei spesso esposto a turni variabili o hai bisogno di soluzioni flessibili. Di conseguenza, le soluzioni per la formazione continua devono essere personalizzate.<\/p><p>I gruppi vengono quindi riuniti individualmente e gli orari delle lezioni sono organizzati in modo flessibile.<\/p><p>Le lezioni possono svolgersi online o di persona presso il tuo istituto o ospedale, presso la nostra sede in gruppo o come lezioni individuali.<\/p><h3>Ambito di insegnamento<\/h3><p>Ogni corso \u00e8 individuale come i suoi partecipanti. Per prima cosa determiniamo il livello linguistico dei partecipanti con un test di ingresso scritto qualificato. Dopo il test di ingresso, discuteremo il numero di lezioni di cui probabilmente avrai bisogno per raggiungere il tuo obiettivo e l&#8217;eventuale organizzazione di gruppo necessaria.<\/p><p>I gruppi o i partecipanti con un livello linguistico pi\u00f9 alto non devono frequentare un numero di lezioni pari a quello degli altri che richiedono un supporto pi\u00f9 intensivo o pi\u00f9 lungo.<\/p><h3>Completamento e telc dell&#8217;esame di Medicina di Tedesco B2-C1<\/h3><p>I nostri corsi di lingua per professionisti del settore medico sono generalmente finalizzati al superamento del test di lingua <strong data-start=\"504\" data-end=\"539\">telc tedesco B2-C1 Medicina<\/strong> o del test di lingua specializzato presso l&#8217;ordine dei medici del tuo stato federale.<\/p><p>Il corso si conclude con un esame ufficiale telc o di lingua specializzata e un certificato di frequenza. Tuttavia, non c&#8217;\u00e8 alcun obbligo di sostenere uno degli esami se il tuo obiettivo \u00e8 solo quello di migliorare le tue competenze linguistiche. Riceverai quindi sempre un attestato di partecipazione.<\/p><p>I tuoi obiettivi sono i nostri obiettivi. Pertanto, i tuoi obiettivi ci indicano la strada per il tuo successo.<\/p><h3>Promozione<\/h3><p>Siamo un fornitore autorizzato secondo AZAV. Le strutture di assistenza e gli ospedali possono beneficiare fino al 100% della legge sulle opportunit\u00e0 di qualificazione. Possono essere utilizzati anche gli assegni scolastici e il premio scolastico. Chiedici informazioni sulle possibilit\u00e0 di sostegno finanziario.<\/p><h3>certificati linguistici telc e registrazione degli esami<\/h3><p>Se lo desideri, puoi sostenere l&#8217;esame <strong data-start=\"504\" data-end=\"539\">telc Deutsch B2-C1 Medizin<\/strong> presso il nostro centro d&#8217;esame certificato direttamente dopo il tuo corso di perfezionamento linguistico\/professionale.<br>Naturalmente puoi anche iscriverti all&#8217;esame da solo.<br>Se vuoi iscriverti all&#8217;esame telc presso il nostro centro d&#8217;esame certificato, clicca <a href=\"https:\/\/internationaleducationcenters.de\/sprachpruefung-telc-deutsch-b2-c1-medizin\">qui<\/a>.<\/p>\t\t\t\t\t\t\t\t<\/div>\n\t\t\t\t<\/div>\n\t\t\t\t\t<\/div>\n\t\t\t\t<\/div>\n\t\t\t\t<\/div>\n\t\t","protected":false},"excerpt":{"rendered":"<p data-start=\"263\" data-end=\"434\">Preparati al meglio per l&#8217;esame telc di Medicina tedesca B2\/C1. Le lezioni individuali ti aiutano a migliorare la tua comunicazione medica con sicurezza.<\/p>\n","protected":false},"featured_media":7529,"comment_status":"closed","ping_status":"closed","template":"","meta":{"_acf_changed":false},"product_brand":[],"product_cat":[274],"product_tag":[255],"class_list":{"0":"post-4081","1":"product","2":"type-product","3":"status-publish","4":"has-post-thumbnail","6":"product_cat-corsi-di-preparazione-agli-esami","7":"product_tag-telc_language_tests-it","9":"first","10":"instock","11":"purchasable","12":"product-type-simple"},"acf":[],"yoast_head":"<!-- This site is optimized with the Yoast SEO Premium plugin v25.9 (Yoast SEO v26.9) - https:\/\/yoast.com\/product\/yoast-seo-premium-wordpress\/ -->\n<title>Corso di preparazione agli esami telc Tedesco B2-C1 Medicina - International Education Centers<\/title>\n<meta name=\"description\" content=\"Preparati al meglio per il tuo esame di medicina con il nostro corso di preparazione all&#039;esame di Medicina B2-C1 di Telc. Pratico e intensivo con IEC\" \/>\n<meta name=\"robots\" content=\"index, follow, max-snippet:-1, max-image-preview:large, max-video-preview:-1\" \/>\n<link rel=\"canonical\" href=\"https:\/\/internationaleducationcenters.de\/it\/prodotto\/corso-di-preparazione-agli-esami-telc-tedesco-b2-c1-medicina\/\" \/>\n<meta property=\"og:locale\" content=\"it_IT\" \/>\n<meta property=\"og:type\" content=\"article\" \/>\n<meta property=\"og:title\" content=\"Corso di preparazione agli esami telc Tedesco B2-C1 Medicina\" \/>\n<meta property=\"og:description\" content=\"Preparati al meglio per il tuo esame di medicina con il nostro corso di preparazione all&#039;esame di Medicina B2-C1 di Telc. Pratico e intensivo con IEC\" \/>\n<meta property=\"og:url\" content=\"https:\/\/internationaleducationcenters.de\/it\/prodotto\/corso-di-preparazione-agli-esami-telc-tedesco-b2-c1-medicina\/\" \/>\n<meta property=\"og:site_name\" content=\"International Education Centers\" \/>\n<meta property=\"article:publisher\" content=\"https:\/\/www.facebook.com\/InternationalEducationCenters\/\" \/>\n<meta property=\"article:modified_time\" content=\"2025-12-03T10:44:00+00:00\" \/>\n<meta property=\"og:image\" content=\"https:\/\/internationaleducationcenters.de\/wp-content\/uploads\/2024\/01\/Deutsch-B2-C1-Medizin.jpg\" \/>\n\t<meta property=\"og:image:width\" content=\"300\" \/>\n\t<meta property=\"og:image:height\" content=\"200\" \/>\n\t<meta property=\"og:image:type\" content=\"image\/jpeg\" \/>\n<meta name=\"twitter:card\" content=\"summary_large_image\" \/>\n<meta name=\"twitter:label1\" content=\"Prezzo\" \/>\n\t<meta name=\"twitter:data1\" content=\"880,00&nbsp;&euro;\" \/>\n\t<meta name=\"twitter:label2\" content=\"Disponibilit\u00e0\" \/>\n\t<meta name=\"twitter:data2\" content=\"In stock\" \/>\n<script type=\"application\/ld+json\" class=\"yoast-schema-graph\">{\"@context\":\"https:\/\/schema.org\",\"@graph\":[{\"@type\":\"WebPage\",\"@id\":\"https:\/\/internationaleducationcenters.de\/it\/prodotto\/corso-di-preparazione-agli-esami-telc-tedesco-b2-c1-medicina\/\",\"url\":\"https:\/\/internationaleducationcenters.de\/it\/prodotto\/corso-di-preparazione-agli-esami-telc-tedesco-b2-c1-medicina\/\",\"name\":\"Corso di preparazione agli esami telc Tedesco B2-C1 Medicina - International Education Centers\",\"isPartOf\":{\"@id\":\"https:\/\/internationaleducationcenters.de\/it\/#website\"},\"primaryImageOfPage\":{\"@id\":\"https:\/\/internationaleducationcenters.de\/it\/prodotto\/corso-di-preparazione-agli-esami-telc-tedesco-b2-c1-medicina\/#primaryimage\"},\"image\":{\"@id\":\"https:\/\/internationaleducationcenters.de\/it\/prodotto\/corso-di-preparazione-agli-esami-telc-tedesco-b2-c1-medicina\/#primaryimage\"},\"thumbnailUrl\":\"https:\/\/internationaleducationcenters.de\/wp-content\/uploads\/2024\/01\/Deutsch-B2-C1-Medizin.jpg\",\"datePublished\":\"2024-01-05T11:59:39+00:00\",\"dateModified\":\"2025-12-03T10:44:00+00:00\",\"description\":\"Preparati al meglio per il tuo esame di medicina con il nostro corso di preparazione all'esame di Medicina B2-C1 di Telc. Pratico e intensivo con IEC\",\"breadcrumb\":{\"@id\":\"https:\/\/internationaleducationcenters.de\/it\/prodotto\/corso-di-preparazione-agli-esami-telc-tedesco-b2-c1-medicina\/#breadcrumb\"},\"inLanguage\":\"it-IT\",\"potentialAction\":[{\"@type\":\"ReadAction\",\"target\":[\"https:\/\/internationaleducationcenters.de\/it\/prodotto\/corso-di-preparazione-agli-esami-telc-tedesco-b2-c1-medicina\/\"]}]},{\"@type\":\"ImageObject\",\"inLanguage\":\"it-IT\",\"@id\":\"https:\/\/internationaleducationcenters.de\/it\/prodotto\/corso-di-preparazione-agli-esami-telc-tedesco-b2-c1-medicina\/#primaryimage\",\"url\":\"https:\/\/internationaleducationcenters.de\/wp-content\/uploads\/2024\/01\/Deutsch-B2-C1-Medizin.jpg\",\"contentUrl\":\"https:\/\/internationaleducationcenters.de\/wp-content\/uploads\/2024\/01\/Deutsch-B2-C1-Medizin.jpg\",\"width\":300,\"height\":200,\"caption\":\"Vorbereitungskurs f\u00fcr medizinisches Deutsch B2-C1 \u2013 telc Pr\u00fcfung mit IEC\"},{\"@type\":\"BreadcrumbList\",\"@id\":\"https:\/\/internationaleducationcenters.de\/it\/prodotto\/corso-di-preparazione-agli-esami-telc-tedesco-b2-c1-medicina\/#breadcrumb\",\"itemListElement\":[{\"@type\":\"ListItem\",\"position\":1,\"name\":\"Home\",\"item\":\"https:\/\/internationaleducationcenters.de\/it\/\"},{\"@type\":\"ListItem\",\"position\":2,\"name\":\"Negozio\",\"item\":\"https:\/\/internationaleducationcenters.de\/it\/shop\/\"},{\"@type\":\"ListItem\",\"position\":3,\"name\":\"Corso di preparazione agli esami telc Tedesco B2-C1 Medicina\"}]},{\"@type\":\"WebSite\",\"@id\":\"https:\/\/internationaleducationcenters.de\/it\/#website\",\"url\":\"https:\/\/internationaleducationcenters.de\/it\/\",\"name\":\"International Education Centers\",\"description\":\"\",\"publisher\":{\"@id\":\"https:\/\/internationaleducationcenters.de\/it\/#organization\"},\"potentialAction\":[{\"@type\":\"SearchAction\",\"target\":{\"@type\":\"EntryPoint\",\"urlTemplate\":\"https:\/\/internationaleducationcenters.de\/it\/?s={search_term_string}\"},\"query-input\":{\"@type\":\"PropertyValueSpecification\",\"valueRequired\":true,\"valueName\":\"search_term_string\"}}],\"inLanguage\":\"it-IT\"},{\"@type\":\"Organization\",\"@id\":\"https:\/\/internationaleducationcenters.de\/it\/#organization\",\"name\":\"International Education Centers\",\"alternateName\":\"IEC\",\"url\":\"https:\/\/internationaleducationcenters.de\/it\/\",\"logo\":{\"@type\":\"ImageObject\",\"inLanguage\":\"it-IT\",\"@id\":\"https:\/\/internationaleducationcenters.de\/it\/#\/schema\/logo\/image\/\",\"url\":\"https:\/\/internationaleducationcenters.de\/wp-content\/uploads\/2025\/08\/IEC_favicon-1.png\",\"contentUrl\":\"https:\/\/internationaleducationcenters.de\/wp-content\/uploads\/2025\/08\/IEC_favicon-1.png\",\"width\":512,\"height\":512,\"caption\":\"International Education Centers\"},\"image\":{\"@id\":\"https:\/\/internationaleducationcenters.de\/it\/#\/schema\/logo\/image\/\"},\"sameAs\":[\"https:\/\/www.facebook.com\/InternationalEducationCenters\/\"]}]}<\/script>\n<meta property=\"product:price:amount\" content=\"880.00\" \/>\n<meta property=\"product:price:currency\" content=\"EUR\" \/>\n<meta property=\"og:availability\" content=\"instock\" \/>\n<meta property=\"product:availability\" content=\"instock\" \/>\n<meta property=\"product:condition\" content=\"new\" \/>\n<!-- \/ Yoast SEO Premium plugin. -->","yoast_head_json":{"title":"Corso di preparazione agli esami telc Tedesco B2-C1 Medicina - International Education Centers","description":"Preparati al meglio per il tuo esame di medicina con il nostro corso di preparazione all'esame di Medicina B2-C1 di Telc. Pratico e intensivo con IEC","robots":{"index":"index","follow":"follow","max-snippet":"max-snippet:-1","max-image-preview":"max-image-preview:large","max-video-preview":"max-video-preview:-1"},"canonical":"https:\/\/internationaleducationcenters.de\/it\/prodotto\/corso-di-preparazione-agli-esami-telc-tedesco-b2-c1-medicina\/","og_locale":"it_IT","og_type":"article","og_title":"Corso di preparazione agli esami telc Tedesco B2-C1 Medicina","og_description":"Preparati al meglio per il tuo esame di medicina con il nostro corso di preparazione all'esame di Medicina B2-C1 di Telc. Pratico e intensivo con IEC","og_url":"https:\/\/internationaleducationcenters.de\/it\/prodotto\/corso-di-preparazione-agli-esami-telc-tedesco-b2-c1-medicina\/","og_site_name":"International Education Centers","article_publisher":"https:\/\/www.facebook.com\/InternationalEducationCenters\/","article_modified_time":"2025-12-03T10:44:00+00:00","og_image":[{"width":300,"height":200,"url":"https:\/\/internationaleducationcenters.de\/wp-content\/uploads\/2024\/01\/Deutsch-B2-C1-Medizin.jpg","type":"image\/jpeg"}],"twitter_card":"summary_large_image","twitter_misc":{"Prezzo":"880,00&nbsp;&euro;","Disponibilit\u00e0":"In stock"},"schema":{"@context":"https:\/\/schema.org","@graph":[{"@type":"WebPage","@id":"https:\/\/internationaleducationcenters.de\/it\/prodotto\/corso-di-preparazione-agli-esami-telc-tedesco-b2-c1-medicina\/","url":"https:\/\/internationaleducationcenters.de\/it\/prodotto\/corso-di-preparazione-agli-esami-telc-tedesco-b2-c1-medicina\/","name":"Corso di preparazione agli esami telc Tedesco B2-C1 Medicina - International Education Centers","isPartOf":{"@id":"https:\/\/internationaleducationcenters.de\/it\/#website"},"primaryImageOfPage":{"@id":"https:\/\/internationaleducationcenters.de\/it\/prodotto\/corso-di-preparazione-agli-esami-telc-tedesco-b2-c1-medicina\/#primaryimage"},"image":{"@id":"https:\/\/internationaleducationcenters.de\/it\/prodotto\/corso-di-preparazione-agli-esami-telc-tedesco-b2-c1-medicina\/#primaryimage"},"thumbnailUrl":"https:\/\/internationaleducationcenters.de\/wp-content\/uploads\/2024\/01\/Deutsch-B2-C1-Medizin.jpg","datePublished":"2024-01-05T11:59:39+00:00","dateModified":"2025-12-03T10:44:00+00:00","description":"Preparati al meglio per il tuo esame di medicina con il nostro corso di preparazione all'esame di Medicina B2-C1 di Telc. Pratico e intensivo con IEC","breadcrumb":{"@id":"https:\/\/internationaleducationcenters.de\/it\/prodotto\/corso-di-preparazione-agli-esami-telc-tedesco-b2-c1-medicina\/#breadcrumb"},"inLanguage":"it-IT","potentialAction":[{"@type":"ReadAction","target":["https:\/\/internationaleducationcenters.de\/it\/prodotto\/corso-di-preparazione-agli-esami-telc-tedesco-b2-c1-medicina\/"]}]},{"@type":"ImageObject","inLanguage":"it-IT","@id":"https:\/\/internationaleducationcenters.de\/it\/prodotto\/corso-di-preparazione-agli-esami-telc-tedesco-b2-c1-medicina\/#primaryimage","url":"https:\/\/internationaleducationcenters.de\/wp-content\/uploads\/2024\/01\/Deutsch-B2-C1-Medizin.jpg","contentUrl":"https:\/\/internationaleducationcenters.de\/wp-content\/uploads\/2024\/01\/Deutsch-B2-C1-Medizin.jpg","width":300,"height":200,"caption":"Vorbereitungskurs f\u00fcr medizinisches Deutsch B2-C1 \u2013 telc Pr\u00fcfung mit IEC"},{"@type":"BreadcrumbList","@id":"https:\/\/internationaleducationcenters.de\/it\/prodotto\/corso-di-preparazione-agli-esami-telc-tedesco-b2-c1-medicina\/#breadcrumb","itemListElement":[{"@type":"ListItem","position":1,"name":"Home","item":"https:\/\/internationaleducationcenters.de\/it\/"},{"@type":"ListItem","position":2,"name":"Negozio","item":"https:\/\/internationaleducationcenters.de\/it\/shop\/"},{"@type":"ListItem","position":3,"name":"Corso di preparazione agli esami telc Tedesco B2-C1 Medicina"}]},{"@type":"WebSite","@id":"https:\/\/internationaleducationcenters.de\/it\/#website","url":"https:\/\/internationaleducationcenters.de\/it\/","name":"International Education Centers","description":"","publisher":{"@id":"https:\/\/internationaleducationcenters.de\/it\/#organization"},"potentialAction":[{"@type":"SearchAction","target":{"@type":"EntryPoint","urlTemplate":"https:\/\/internationaleducationcenters.de\/it\/?s={search_term_string}"},"query-input":{"@type":"PropertyValueSpecification","valueRequired":true,"valueName":"search_term_string"}}],"inLanguage":"it-IT"},{"@type":"Organization","@id":"https:\/\/internationaleducationcenters.de\/it\/#organization","name":"International Education Centers","alternateName":"IEC","url":"https:\/\/internationaleducationcenters.de\/it\/","logo":{"@type":"ImageObject","inLanguage":"it-IT","@id":"https:\/\/internationaleducationcenters.de\/it\/#\/schema\/logo\/image\/","url":"https:\/\/internationaleducationcenters.de\/wp-content\/uploads\/2025\/08\/IEC_favicon-1.png","contentUrl":"https:\/\/internationaleducationcenters.de\/wp-content\/uploads\/2025\/08\/IEC_favicon-1.png","width":512,"height":512,"caption":"International Education Centers"},"image":{"@id":"https:\/\/internationaleducationcenters.de\/it\/#\/schema\/logo\/image\/"},"sameAs":["https:\/\/www.facebook.com\/InternationalEducationCenters\/"]}]},"product_price_amount":"880.00","product_price_currency":"EUR","og_availability":"instock","product_availability":"instock","product_condition":"new"},"_links":{"self":[{"href":"https:\/\/internationaleducationcenters.de\/it\/wp-json\/wp\/v2\/product\/4081","targetHints":{"allow":["GET"]}}],"collection":[{"href":"https:\/\/internationaleducationcenters.de\/it\/wp-json\/wp\/v2\/product"}],"about":[{"href":"https:\/\/internationaleducationcenters.de\/it\/wp-json\/wp\/v2\/types\/product"}],"replies":[{"embeddable":true,"href":"https:\/\/internationaleducationcenters.de\/it\/wp-json\/wp\/v2\/comments?post=4081"}],"version-history":[{"count":3,"href":"https:\/\/internationaleducationcenters.de\/it\/wp-json\/wp\/v2\/product\/4081\/revisions"}],"predecessor-version":[{"id":21959,"href":"https:\/\/internationaleducationcenters.de\/it\/wp-json\/wp\/v2\/product\/4081\/revisions\/21959"}],"wp:featuredmedia":[{"embeddable":true,"href":"https:\/\/internationaleducationcenters.de\/it\/wp-json\/wp\/v2\/media\/7529"}],"wp:attachment":[{"href":"https:\/\/internationaleducationcenters.de\/it\/wp-json\/wp\/v2\/media?parent=4081"}],"wp:term":[{"taxonomy":"product_brand","embeddable":true,"href":"https:\/\/internationaleducationcenters.de\/it\/wp-json\/wp\/v2\/product_brand?post=4081"},{"taxonomy":"product_cat","embeddable":true,"href":"https:\/\/internationaleducationcenters.de\/it\/wp-json\/wp\/v2\/product_cat?post=4081"},{"taxonomy":"product_tag","embeddable":true,"href":"https:\/\/internationaleducationcenters.de\/it\/wp-json\/wp\/v2\/product_tag?post=4081"}],"curies":[{"name":"wp","href":"https:\/\/api.w.org\/{rel}","templated":true}]}}