{"id":4171,"date":"2024-01-04T14:37:34","date_gmt":"2024-01-04T13:37:34","guid":{"rendered":"https:\/\/internationaleducationcenters.de\/kurs\/corsi-di-integrazione-per-donne-e-genitori\/"},"modified":"2025-12-01T12:02:46","modified_gmt":"2025-12-01T11:02:46","slug":"corsi-di-integrazione-per-donne-e-genitori","status":"publish","type":"product","link":"https:\/\/internationaleducationcenters.de\/it\/prodotto\/corsi-di-integrazione-per-donne-e-genitori\/","title":{"rendered":"Corsi di integrazione per donne e genitori"},"content":{"rendered":"\t\t<div data-elementor-type=\"product-post\" data-elementor-id=\"4171\" class=\"elementor elementor-4171 elementor-637\" data-elementor-post-type=\"product\">\n\t\t\t\t<div class=\"elementor-element elementor-element-57beb750 e-flex e-con-boxed e-con e-parent\" data-id=\"57beb750\" data-element_type=\"container\" data-e-type=\"container\">\n\t\t\t\t\t<div class=\"e-con-inner\">\n\t\t\t\t<div class=\"elementor-element elementor-element-11d97f6d elementor-widget elementor-widget-text-editor\" data-id=\"11d97f6d\" data-element_type=\"widget\" data-e-type=\"widget\" data-widget_type=\"text-editor.default\">\n\t\t\t\t<div class=\"elementor-widget-container\">\n\t\t\t\t\t\t\t\t\t<p>Scopri i nostri corsi di integrazione per donne e genitori appositamente studiati, che non mirano solo a insegnarti la lingua tedesca, ma anche a fornirti una conoscenza completa del sistema educativo tedesco e della partecipazione sociale. Questi corsi sono un&#8217;ottima opportunit\u00e0 per i genitori, soprattutto per le donne, di migliorare le proprie competenze linguistiche e allo stesso tempo di partecipare attivamente all&#8217;istruzione e all&#8217;educazione dei propri figli.<\/p><h4>Corsi di integrazione per donne e genitori &#8211; panoramica<\/h4><p><strong>Destinatari:<\/strong> Questo programma si rivolge ai genitori che desiderano migliorare le proprie conoscenze della lingua tedesca per aiutare i figli a fare i compiti e alle donne che, per vari motivi, non hanno potuto o voluto frequentare un corso di tedesco.<\/p><p><strong>Contenuto e struttura del corso:<\/strong><\/p><ul><li><strong>Corso di lingua:<\/strong> fino a 900 lezioni per donne che vogliono imparare insieme ad altre donne e genitori che vogliono familiarizzare con il sistema educativo tedesco. Imparano a gestire le situazioni quotidiane, dalla spesa ai trasporti pubblici, dalle serate con i genitori alle visite dal medico.<\/li><li><strong>Corso di orientamento:<\/strong> 100 unit\u00e0 didattiche che riguardano il sistema giuridico tedesco, la cultura, la storia e i valori della societ\u00e0. Un&#8217;attenzione particolare \u00e8 rivolta all&#8217;uguaglianza, alla tolleranza e alla libert\u00e0.<\/li><\/ul><p><strong>Caratteristiche speciali:<\/strong><\/p><ul><li>Per i genitori: familiarizzazione con asili e scuole, creazione di reti con educatori\/insegnanti e altri genitori, conoscenza del sistema educativo e delle opzioni di supporto.<\/li><li>Per le donne: Consulenza speciale su famiglia, bambini e giovani, oltre a informazioni sulle opportunit\u00e0 di lavoro e di carriera in Germania.<\/li><\/ul><p><strong>Requisiti di partecipazione:<\/strong><\/p><ul><li>Et\u00e0 minima 16 anni.<\/li><li>Per le donne: Uno o pi\u00f9 figli di et\u00e0 inferiore ai 18 anni; permesso di soggiorno per donne straniere che vivono permanentemente in Germania; rimpatriati di etnia tedesca e loro coniugi; richiedenti asilo con buone prospettive di rimanere in Germania o richiedenti asilo vicini al mercato del lavoro; cittadini dell&#8217;UE e cittadini tedeschi senza una sufficiente conoscenza della lingua tedesca.<\/li><\/ul><p><strong>Costi:<\/strong><\/p><ul><li>Il corso \u00e8 gratuito per i partecipanti idonei. Gli altri partecipanti pagano una tariffa di 2,29 euro a lezione. Un rimborso parziale delle spese \u00e8 possibile a determinate condizioni.<\/li><\/ul><h4>Il tuo vantaggio<\/h4><p>Partecipando a questo corso, non solo migliorerai le tue conoscenze linguistiche, ma otterrai anche importanti informazioni sul sistema educativo tedesco, che aiuteranno te e la tua famiglia a integrarsi meglio e a partecipare alla vita della Germania. Costruisci una rete con altri genitori e donne che vogliono superare sfide simili e rafforza la tua autostima per partecipare attivamente alla vita sociale.<\/p><p>Questi corsi offrono una piattaforma completa per l&#8217;apprendimento, lo scambio e il supporto, con l&#8217;obiettivo di facilitare e promuovere l&#8217;integrazione nella societ\u00e0 tedesca. Cogli l&#8217;opportunit\u00e0 di crescere ulteriormente e contattaci per saperne di pi\u00f9 sull&#8217;iscrizione e sulle condizioni di partecipazione.<\/p>\t\t\t\t\t\t\t\t<\/div>\n\t\t\t\t<\/div>\n\t\t\t\t\t<\/div>\n\t\t\t\t<\/div>\n\t\t\t\t<\/div>\n\t\t","protected":false},"excerpt":{"rendered":"<p>Supporto mirato alle donne e ai genitori per integrarsi con successo nella societ\u00e0.<\/p>\n","protected":false},"featured_media":7413,"comment_status":"closed","ping_status":"closed","template":"","meta":{"_acf_changed":false},"product_brand":[],"product_cat":[170],"product_tag":[173,171],"class_list":{"0":"post-4171","1":"product","2":"type-product","3":"status-publish","4":"has-post-thumbnail","6":"product_cat-corsi-di-tedesco-sovvenzionati-dal-bamf","7":"product_tag-buyoption-external-redirect-it","8":"product_tag-corsi-di-tedesco-finanziati-dal-bamf","10":"first","11":"instock","12":"taxable","13":"shipping-taxable","14":"purchasable","15":"product-type-simple"},"acf":[],"yoast_head":"<!-- This site is optimized with the Yoast SEO Premium plugin v25.9 (Yoast SEO v26.9) - https:\/\/yoast.com\/product\/yoast-seo-premium-wordpress\/ -->\n<title>Corsi di integrazione per donne e genitori - International Education Centers<\/title>\n<meta name=\"description\" content=\"Migliora la tua conoscenza del tedesco e familiarizza con il sistema educativo tedesco con i nostri corsi di integrazione per donne e genitori. Registrati ora!\" \/>\n<meta name=\"robots\" content=\"index, follow, max-snippet:-1, max-image-preview:large, max-video-preview:-1\" \/>\n<link rel=\"canonical\" href=\"https:\/\/internationaleducationcenters.de\/it\/prodotto\/corsi-di-integrazione-per-donne-e-genitori\/\" \/>\n<meta property=\"og:locale\" content=\"it_IT\" \/>\n<meta property=\"og:type\" content=\"article\" \/>\n<meta property=\"og:title\" content=\"Corsi di integrazione per donne e genitori\" \/>\n<meta property=\"og:description\" content=\"Migliora la tua conoscenza del tedesco e familiarizza con il sistema educativo tedesco con i nostri corsi di integrazione per donne e genitori. Registrati ora!\" \/>\n<meta property=\"og:url\" content=\"https:\/\/internationaleducationcenters.de\/it\/prodotto\/corsi-di-integrazione-per-donne-e-genitori\/\" \/>\n<meta property=\"og:site_name\" content=\"International Education Centers\" \/>\n<meta property=\"article:publisher\" content=\"https:\/\/www.facebook.com\/InternationalEducationCenters\/\" \/>\n<meta property=\"article:modified_time\" content=\"2025-12-01T11:02:46+00:00\" \/>\n<meta property=\"og:image\" content=\"https:\/\/internationaleducationcenters.de\/wp-content\/uploads\/2024\/03\/Elternkurs.jpg\" \/>\n\t<meta property=\"og:image:width\" content=\"300\" \/>\n\t<meta property=\"og:image:height\" content=\"200\" \/>\n\t<meta property=\"og:image:type\" content=\"image\/jpeg\" \/>\n<meta name=\"twitter:card\" content=\"summary_large_image\" \/>\n<meta name=\"twitter:label1\" content=\"Prezzo\" \/>\n\t<meta name=\"twitter:data1\" content=\"485,00&nbsp;&euro;\" \/>\n\t<meta name=\"twitter:label2\" content=\"Disponibilit\u00e0\" \/>\n\t<meta name=\"twitter:data2\" content=\"In stock\" \/>\n<script type=\"application\/ld+json\" class=\"yoast-schema-graph\">{\"@context\":\"https:\/\/schema.org\",\"@graph\":[{\"@type\":\"WebPage\",\"@id\":\"https:\/\/internationaleducationcenters.de\/it\/prodotto\/corsi-di-integrazione-per-donne-e-genitori\/\",\"url\":\"https:\/\/internationaleducationcenters.de\/it\/prodotto\/corsi-di-integrazione-per-donne-e-genitori\/\",\"name\":\"Corsi di integrazione per donne e genitori - International Education Centers\",\"isPartOf\":{\"@id\":\"https:\/\/internationaleducationcenters.de\/it\/#website\"},\"primaryImageOfPage\":{\"@id\":\"https:\/\/internationaleducationcenters.de\/it\/prodotto\/corsi-di-integrazione-per-donne-e-genitori\/#primaryimage\"},\"image\":{\"@id\":\"https:\/\/internationaleducationcenters.de\/it\/prodotto\/corsi-di-integrazione-per-donne-e-genitori\/#primaryimage\"},\"thumbnailUrl\":\"https:\/\/internationaleducationcenters.de\/wp-content\/uploads\/2024\/03\/Elternkurs.jpg\",\"datePublished\":\"2024-01-04T13:37:34+00:00\",\"dateModified\":\"2025-12-01T11:02:46+00:00\",\"description\":\"Migliora la tua conoscenza del tedesco e familiarizza con il sistema educativo tedesco con i nostri corsi di integrazione per donne e genitori. Registrati ora!\",\"breadcrumb\":{\"@id\":\"https:\/\/internationaleducationcenters.de\/it\/prodotto\/corsi-di-integrazione-per-donne-e-genitori\/#breadcrumb\"},\"inLanguage\":\"it-IT\",\"potentialAction\":[{\"@type\":\"ReadAction\",\"target\":[\"https:\/\/internationaleducationcenters.de\/it\/prodotto\/corsi-di-integrazione-per-donne-e-genitori\/\"]}]},{\"@type\":\"ImageObject\",\"inLanguage\":\"it-IT\",\"@id\":\"https:\/\/internationaleducationcenters.de\/it\/prodotto\/corsi-di-integrazione-per-donne-e-genitori\/#primaryimage\",\"url\":\"https:\/\/internationaleducationcenters.de\/wp-content\/uploads\/2024\/03\/Elternkurs.jpg\",\"contentUrl\":\"https:\/\/internationaleducationcenters.de\/wp-content\/uploads\/2024\/03\/Elternkurs.jpg\",\"width\":300,\"height\":200,\"caption\":\"Integration f\u00fcr Frauen und Eltern\"},{\"@type\":\"BreadcrumbList\",\"@id\":\"https:\/\/internationaleducationcenters.de\/it\/prodotto\/corsi-di-integrazione-per-donne-e-genitori\/#breadcrumb\",\"itemListElement\":[{\"@type\":\"ListItem\",\"position\":1,\"name\":\"Home\",\"item\":\"https:\/\/internationaleducationcenters.de\/it\/\"},{\"@type\":\"ListItem\",\"position\":2,\"name\":\"Negozio\",\"item\":\"https:\/\/internationaleducationcenters.de\/it\/shop\/\"},{\"@type\":\"ListItem\",\"position\":3,\"name\":\"Corsi di integrazione per donne e genitori\"}]},{\"@type\":\"WebSite\",\"@id\":\"https:\/\/internationaleducationcenters.de\/it\/#website\",\"url\":\"https:\/\/internationaleducationcenters.de\/it\/\",\"name\":\"International Education Centers\",\"description\":\"\",\"publisher\":{\"@id\":\"https:\/\/internationaleducationcenters.de\/it\/#organization\"},\"potentialAction\":[{\"@type\":\"SearchAction\",\"target\":{\"@type\":\"EntryPoint\",\"urlTemplate\":\"https:\/\/internationaleducationcenters.de\/it\/?s={search_term_string}\"},\"query-input\":{\"@type\":\"PropertyValueSpecification\",\"valueRequired\":true,\"valueName\":\"search_term_string\"}}],\"inLanguage\":\"it-IT\"},{\"@type\":\"Organization\",\"@id\":\"https:\/\/internationaleducationcenters.de\/it\/#organization\",\"name\":\"International Education Centers\",\"alternateName\":\"IEC\",\"url\":\"https:\/\/internationaleducationcenters.de\/it\/\",\"logo\":{\"@type\":\"ImageObject\",\"inLanguage\":\"it-IT\",\"@id\":\"https:\/\/internationaleducationcenters.de\/it\/#\/schema\/logo\/image\/\",\"url\":\"https:\/\/internationaleducationcenters.de\/wp-content\/uploads\/2025\/08\/IEC_favicon-1.png\",\"contentUrl\":\"https:\/\/internationaleducationcenters.de\/wp-content\/uploads\/2025\/08\/IEC_favicon-1.png\",\"width\":512,\"height\":512,\"caption\":\"International Education Centers\"},\"image\":{\"@id\":\"https:\/\/internationaleducationcenters.de\/it\/#\/schema\/logo\/image\/\"},\"sameAs\":[\"https:\/\/www.facebook.com\/InternationalEducationCenters\/\"]}]}<\/script>\n<meta property=\"product:price:amount\" content=\"485.00\" \/>\n<meta property=\"product:price:currency\" content=\"EUR\" \/>\n<meta property=\"og:availability\" content=\"instock\" \/>\n<meta property=\"product:availability\" content=\"instock\" \/>\n<meta property=\"product:condition\" content=\"new\" \/>\n<!-- \/ Yoast SEO Premium plugin. -->","yoast_head_json":{"title":"Corsi di integrazione per donne e genitori - International Education Centers","description":"Migliora la tua conoscenza del tedesco e familiarizza con il sistema educativo tedesco con i nostri corsi di integrazione per donne e genitori. Registrati ora!","robots":{"index":"index","follow":"follow","max-snippet":"max-snippet:-1","max-image-preview":"max-image-preview:large","max-video-preview":"max-video-preview:-1"},"canonical":"https:\/\/internationaleducationcenters.de\/it\/prodotto\/corsi-di-integrazione-per-donne-e-genitori\/","og_locale":"it_IT","og_type":"article","og_title":"Corsi di integrazione per donne e genitori","og_description":"Migliora la tua conoscenza del tedesco e familiarizza con il sistema educativo tedesco con i nostri corsi di integrazione per donne e genitori. Registrati ora!","og_url":"https:\/\/internationaleducationcenters.de\/it\/prodotto\/corsi-di-integrazione-per-donne-e-genitori\/","og_site_name":"International Education Centers","article_publisher":"https:\/\/www.facebook.com\/InternationalEducationCenters\/","article_modified_time":"2025-12-01T11:02:46+00:00","og_image":[{"width":300,"height":200,"url":"https:\/\/internationaleducationcenters.de\/wp-content\/uploads\/2024\/03\/Elternkurs.jpg","type":"image\/jpeg"}],"twitter_card":"summary_large_image","twitter_misc":{"Prezzo":"485,00&nbsp;&euro;","Disponibilit\u00e0":"In stock"},"schema":{"@context":"https:\/\/schema.org","@graph":[{"@type":"WebPage","@id":"https:\/\/internationaleducationcenters.de\/it\/prodotto\/corsi-di-integrazione-per-donne-e-genitori\/","url":"https:\/\/internationaleducationcenters.de\/it\/prodotto\/corsi-di-integrazione-per-donne-e-genitori\/","name":"Corsi di integrazione per donne e genitori - International Education Centers","isPartOf":{"@id":"https:\/\/internationaleducationcenters.de\/it\/#website"},"primaryImageOfPage":{"@id":"https:\/\/internationaleducationcenters.de\/it\/prodotto\/corsi-di-integrazione-per-donne-e-genitori\/#primaryimage"},"image":{"@id":"https:\/\/internationaleducationcenters.de\/it\/prodotto\/corsi-di-integrazione-per-donne-e-genitori\/#primaryimage"},"thumbnailUrl":"https:\/\/internationaleducationcenters.de\/wp-content\/uploads\/2024\/03\/Elternkurs.jpg","datePublished":"2024-01-04T13:37:34+00:00","dateModified":"2025-12-01T11:02:46+00:00","description":"Migliora la tua conoscenza del tedesco e familiarizza con il sistema educativo tedesco con i nostri corsi di integrazione per donne e genitori. Registrati ora!","breadcrumb":{"@id":"https:\/\/internationaleducationcenters.de\/it\/prodotto\/corsi-di-integrazione-per-donne-e-genitori\/#breadcrumb"},"inLanguage":"it-IT","potentialAction":[{"@type":"ReadAction","target":["https:\/\/internationaleducationcenters.de\/it\/prodotto\/corsi-di-integrazione-per-donne-e-genitori\/"]}]},{"@type":"ImageObject","inLanguage":"it-IT","@id":"https:\/\/internationaleducationcenters.de\/it\/prodotto\/corsi-di-integrazione-per-donne-e-genitori\/#primaryimage","url":"https:\/\/internationaleducationcenters.de\/wp-content\/uploads\/2024\/03\/Elternkurs.jpg","contentUrl":"https:\/\/internationaleducationcenters.de\/wp-content\/uploads\/2024\/03\/Elternkurs.jpg","width":300,"height":200,"caption":"Integration f\u00fcr Frauen und Eltern"},{"@type":"BreadcrumbList","@id":"https:\/\/internationaleducationcenters.de\/it\/prodotto\/corsi-di-integrazione-per-donne-e-genitori\/#breadcrumb","itemListElement":[{"@type":"ListItem","position":1,"name":"Home","item":"https:\/\/internationaleducationcenters.de\/it\/"},{"@type":"ListItem","position":2,"name":"Negozio","item":"https:\/\/internationaleducationcenters.de\/it\/shop\/"},{"@type":"ListItem","position":3,"name":"Corsi di integrazione per donne e genitori"}]},{"@type":"WebSite","@id":"https:\/\/internationaleducationcenters.de\/it\/#website","url":"https:\/\/internationaleducationcenters.de\/it\/","name":"International Education Centers","description":"","publisher":{"@id":"https:\/\/internationaleducationcenters.de\/it\/#organization"},"potentialAction":[{"@type":"SearchAction","target":{"@type":"EntryPoint","urlTemplate":"https:\/\/internationaleducationcenters.de\/it\/?s={search_term_string}"},"query-input":{"@type":"PropertyValueSpecification","valueRequired":true,"valueName":"search_term_string"}}],"inLanguage":"it-IT"},{"@type":"Organization","@id":"https:\/\/internationaleducationcenters.de\/it\/#organization","name":"International Education Centers","alternateName":"IEC","url":"https:\/\/internationaleducationcenters.de\/it\/","logo":{"@type":"ImageObject","inLanguage":"it-IT","@id":"https:\/\/internationaleducationcenters.de\/it\/#\/schema\/logo\/image\/","url":"https:\/\/internationaleducationcenters.de\/wp-content\/uploads\/2025\/08\/IEC_favicon-1.png","contentUrl":"https:\/\/internationaleducationcenters.de\/wp-content\/uploads\/2025\/08\/IEC_favicon-1.png","width":512,"height":512,"caption":"International Education Centers"},"image":{"@id":"https:\/\/internationaleducationcenters.de\/it\/#\/schema\/logo\/image\/"},"sameAs":["https:\/\/www.facebook.com\/InternationalEducationCenters\/"]}]},"product_price_amount":"485.00","product_price_currency":"EUR","og_availability":"instock","product_availability":"instock","product_condition":"new"},"_links":{"self":[{"href":"https:\/\/internationaleducationcenters.de\/it\/wp-json\/wp\/v2\/product\/4171","targetHints":{"allow":["GET"]}}],"collection":[{"href":"https:\/\/internationaleducationcenters.de\/it\/wp-json\/wp\/v2\/product"}],"about":[{"href":"https:\/\/internationaleducationcenters.de\/it\/wp-json\/wp\/v2\/types\/product"}],"replies":[{"embeddable":true,"href":"https:\/\/internationaleducationcenters.de\/it\/wp-json\/wp\/v2\/comments?post=4171"}],"version-history":[{"count":3,"href":"https:\/\/internationaleducationcenters.de\/it\/wp-json\/wp\/v2\/product\/4171\/revisions"}],"predecessor-version":[{"id":21795,"href":"https:\/\/internationaleducationcenters.de\/it\/wp-json\/wp\/v2\/product\/4171\/revisions\/21795"}],"wp:featuredmedia":[{"embeddable":true,"href":"https:\/\/internationaleducationcenters.de\/it\/wp-json\/wp\/v2\/media\/7413"}],"wp:attachment":[{"href":"https:\/\/internationaleducationcenters.de\/it\/wp-json\/wp\/v2\/media?parent=4171"}],"wp:term":[{"taxonomy":"product_brand","embeddable":true,"href":"https:\/\/internationaleducationcenters.de\/it\/wp-json\/wp\/v2\/product_brand?post=4171"},{"taxonomy":"product_cat","embeddable":true,"href":"https:\/\/internationaleducationcenters.de\/it\/wp-json\/wp\/v2\/product_cat?post=4171"},{"taxonomy":"product_tag","embeddable":true,"href":"https:\/\/internationaleducationcenters.de\/it\/wp-json\/wp\/v2\/product_tag?post=4171"}],"curies":[{"name":"wp","href":"https:\/\/api.w.org\/{rel}","templated":true}]}}