{"id":4180,"date":"2024-01-04T14:36:54","date_gmt":"2024-01-04T13:36:54","guid":{"rendered":"https:\/\/internationaleducationcenters.de\/kurs\/corsi-di-alfabetizzazione\/"},"modified":"2025-12-01T14:06:38","modified_gmt":"2025-12-01T13:06:38","slug":"corsi-di-alfabetizzazione","status":"publish","type":"product","link":"https:\/\/internationaleducationcenters.de\/it\/prodotto\/corsi-di-alfabetizzazione\/","title":{"rendered":"Corsi di alfabetizzazione"},"content":{"rendered":"\t\t<div data-elementor-type=\"product-post\" data-elementor-id=\"4180\" class=\"elementor elementor-4180 elementor-633\" data-elementor-post-type=\"product\">\n\t\t\t\t<div class=\"elementor-element elementor-element-25c80813 e-flex e-con-boxed e-con e-parent\" data-id=\"25c80813\" data-element_type=\"container\" data-e-type=\"container\">\n\t\t\t\t\t<div class=\"e-con-inner\">\n\t\t\t\t<div class=\"elementor-element elementor-element-62ed1d03 elementor-widget elementor-widget-text-editor\" data-id=\"62ed1d03\" data-element_type=\"widget\" data-e-type=\"widget\" data-widget_type=\"text-editor.default\">\n\t\t\t\t<div class=\"elementor-widget-container\">\n\t\t\t\t\t\t\t\t\t<p>I corsi di alfabetizzazione sono un ponte essenziale per l&#8217;integrazione e la partecipazione alla vita sociale degli adulti che, per vari motivi, non hanno potuto imparare a leggere e scrivere. Questi corsi sono rivolti sia alle persone nate in Germania sia agli immigrati che devono affrontare la sfida aggiuntiva di imparare il tedesco e allo stesso tempo familiarizzare con il sistema di scrittura latino.<\/p><h4>Gruppo target<\/h4><ul><li>Persone che non hanno mai imparato a leggere e scrivere.<\/li><li>Persone che vogliono migliorare le proprie capacit\u00e0 di lettura e scrittura.<\/li><li>Persone che vogliono migliorare le loro conoscenze della lingua tedesca oltre a quelle di lettura e scrittura.<\/li><li>Persone che vogliono partecipare con maggiore sicurezza alla vita quotidiana in Germania.<\/li><\/ul><h4>Contenuti del corso<\/h4><p>Nei corsi di alfabetizzazione, i partecipanti non solo imparano a leggere e scrivere nel sistema di scrittura latino con un massimo di 1.200 unit\u00e0 didattiche, ma acquisiscono anche la conoscenza della lingua tedesca. L&#8217;attenzione non si concentra solo sull&#8217;insegnamento della lingua, ma anche sulla promozione di strategie di apprendimento che aiutino i partecipanti a continuare a imparare in modo indipendente e a sostenersi a vicenda.<\/p><h4>Obiettivo<\/h4><p>L&#8217;obiettivo principale di questi corsi \u00e8 fornire ai partecipanti gli strumenti necessari per affrontare la vita quotidiana e partecipare attivamente alla societ\u00e0. L&#8217;obiettivo \u00e8 quello di aumentare la fiducia in se stessi dei partecipanti e dimostrare loro che anche loro possono dare un contributo prezioso alla societ\u00e0.<\/p><h4>Perch\u00e9 un corso di alfabetizzazione?<\/h4><ul><li><strong>Integrazione e partecipazione:<\/strong> La capacit\u00e0 di leggere e scrivere \u00e8 fondamentale per partecipare alla vita sociale, professionale e privata.<\/li><li><strong>Indipendenza:<\/strong> maggiore indipendenza nella vita quotidiana grazie a migliori capacit\u00e0 di lettura, ad esempio per leggere i cartelli stradali, compilare moduli o comprendere informazioni scritte.<\/li><li><strong>Opportunit\u00e0 di carriera:<\/strong> Migliori prospettive di carriera grazie alla capacit\u00e0 di leggere e comprendere le istruzioni di lavoro e la comunicazione professionale.<\/li><li><strong>Sviluppo personale:<\/strong> scoprire nuovi modi di imparare e vivere ampliando le proprie competenze e conoscenze.<\/li><\/ul><p>I corsi di alfabetizzazione sono quindi uno strumento fondamentale per chi vuole crescere personalmente e professionalmente imparando a leggere e scrivere. Non solo offrono l&#8217;opportunit\u00e0 di apprendere le competenze culturali di base, ma anche la possibilit\u00e0 di svolgere un ruolo attivo nella societ\u00e0 e di plasmare la propria vita in modo autodeterminato.<\/p>\t\t\t\t\t\t\t\t<\/div>\n\t\t\t\t<\/div>\n\t\t\t\t\t<\/div>\n\t\t\t\t<\/div>\n\t\t\t\t<\/div>\n\t\t","protected":false},"excerpt":{"rendered":"<p>Abilit\u00e0 di base di lettura e scrittura per adulti. Ideale per tutti coloro che vogliono migliorare le proprie abilit\u00e0 di base ed essere pi\u00f9 sicuri di s\u00e9 nella vita di tutti i giorni.<\/p>\n","protected":false},"featured_media":7598,"comment_status":"closed","ping_status":"closed","template":"","meta":{"_acf_changed":false},"product_brand":[],"product_cat":[170],"product_tag":[173,171],"class_list":{"0":"post-4180","1":"product","2":"type-product","3":"status-publish","4":"has-post-thumbnail","6":"product_cat-corsi-di-tedesco-sovvenzionati-dal-bamf","7":"product_tag-buyoption-external-redirect-it","8":"product_tag-corsi-di-tedesco-finanziati-dal-bamf","10":"first","11":"instock","12":"taxable","13":"shipping-taxable","14":"purchasable","15":"product-type-simple"},"acf":[],"yoast_head":"<!-- This site is optimized with the Yoast SEO Premium plugin v25.9 (Yoast SEO v26.9) - https:\/\/yoast.com\/product\/yoast-seo-premium-wordpress\/ -->\n<title>Corsi di alfabetizzazione - International Education Centers<\/title>\n<meta name=\"description\" content=\"Inizia il tuo percorso di alfabetizzazione e impara a leggere e scrivere con i nostri corsi. Per adulti di ogni et\u00e0 e provenienza. Registrati ora!\" \/>\n<meta name=\"robots\" content=\"index, follow, max-snippet:-1, max-image-preview:large, max-video-preview:-1\" \/>\n<link rel=\"canonical\" href=\"https:\/\/internationaleducationcenters.de\/it\/prodotto\/corsi-di-alfabetizzazione\/\" \/>\n<meta property=\"og:locale\" content=\"it_IT\" \/>\n<meta property=\"og:type\" content=\"article\" \/>\n<meta property=\"og:title\" content=\"Corsi di alfabetizzazione\" \/>\n<meta property=\"og:description\" content=\"Inizia il tuo percorso di alfabetizzazione e impara a leggere e scrivere con i nostri corsi. Per adulti di ogni et\u00e0 e provenienza. Registrati ora!\" \/>\n<meta property=\"og:url\" content=\"https:\/\/internationaleducationcenters.de\/it\/prodotto\/corsi-di-alfabetizzazione\/\" \/>\n<meta property=\"og:site_name\" content=\"International Education Centers\" \/>\n<meta property=\"article:publisher\" content=\"https:\/\/www.facebook.com\/InternationalEducationCenters\/\" \/>\n<meta property=\"article:modified_time\" content=\"2025-12-01T13:06:38+00:00\" \/>\n<meta property=\"og:image\" content=\"https:\/\/internationaleducationcenters.de\/wp-content\/uploads\/2024\/01\/Alphabetisierungskurs.jpg\" \/>\n\t<meta property=\"og:image:width\" content=\"300\" \/>\n\t<meta property=\"og:image:height\" content=\"200\" \/>\n\t<meta property=\"og:image:type\" content=\"image\/jpeg\" \/>\n<meta name=\"twitter:card\" content=\"summary_large_image\" \/>\n<meta name=\"twitter:label1\" content=\"Prezzo\" \/>\n\t<meta name=\"twitter:data1\" content=\"458,00&nbsp;&euro;\" \/>\n\t<meta name=\"twitter:label2\" content=\"Disponibilit\u00e0\" \/>\n\t<meta name=\"twitter:data2\" content=\"In stock\" \/>\n<script type=\"application\/ld+json\" class=\"yoast-schema-graph\">{\"@context\":\"https:\/\/schema.org\",\"@graph\":[{\"@type\":\"WebPage\",\"@id\":\"https:\/\/internationaleducationcenters.de\/it\/prodotto\/corsi-di-alfabetizzazione\/\",\"url\":\"https:\/\/internationaleducationcenters.de\/it\/prodotto\/corsi-di-alfabetizzazione\/\",\"name\":\"Corsi di alfabetizzazione - International Education Centers\",\"isPartOf\":{\"@id\":\"https:\/\/internationaleducationcenters.de\/it\/#website\"},\"primaryImageOfPage\":{\"@id\":\"https:\/\/internationaleducationcenters.de\/it\/prodotto\/corsi-di-alfabetizzazione\/#primaryimage\"},\"image\":{\"@id\":\"https:\/\/internationaleducationcenters.de\/it\/prodotto\/corsi-di-alfabetizzazione\/#primaryimage\"},\"thumbnailUrl\":\"https:\/\/internationaleducationcenters.de\/wp-content\/uploads\/2024\/01\/Alphabetisierungskurs.jpg\",\"datePublished\":\"2024-01-04T13:36:54+00:00\",\"dateModified\":\"2025-12-01T13:06:38+00:00\",\"description\":\"Inizia il tuo percorso di alfabetizzazione e impara a leggere e scrivere con i nostri corsi. Per adulti di ogni et\u00e0 e provenienza. Registrati ora!\",\"breadcrumb\":{\"@id\":\"https:\/\/internationaleducationcenters.de\/it\/prodotto\/corsi-di-alfabetizzazione\/#breadcrumb\"},\"inLanguage\":\"it-IT\",\"potentialAction\":[{\"@type\":\"ReadAction\",\"target\":[\"https:\/\/internationaleducationcenters.de\/it\/prodotto\/corsi-di-alfabetizzazione\/\"]}]},{\"@type\":\"ImageObject\",\"inLanguage\":\"it-IT\",\"@id\":\"https:\/\/internationaleducationcenters.de\/it\/prodotto\/corsi-di-alfabetizzazione\/#primaryimage\",\"url\":\"https:\/\/internationaleducationcenters.de\/wp-content\/uploads\/2024\/01\/Alphabetisierungskurs.jpg\",\"contentUrl\":\"https:\/\/internationaleducationcenters.de\/wp-content\/uploads\/2024\/01\/Alphabetisierungskurs.jpg\",\"width\":300,\"height\":200,\"caption\":\"\u0627\u062e\u062a\u0628\u0627\u0631 \u062a\u062d\u062f\u064a\u062f \u0627\u0644\u0645\u0633\u062a\u0648\u0649 \u0627\u0644\u0623\u0644\u0645\u0627\u0646\u064a OnSet\"},{\"@type\":\"BreadcrumbList\",\"@id\":\"https:\/\/internationaleducationcenters.de\/it\/prodotto\/corsi-di-alfabetizzazione\/#breadcrumb\",\"itemListElement\":[{\"@type\":\"ListItem\",\"position\":1,\"name\":\"Home\",\"item\":\"https:\/\/internationaleducationcenters.de\/it\/\"},{\"@type\":\"ListItem\",\"position\":2,\"name\":\"Negozio\",\"item\":\"https:\/\/internationaleducationcenters.de\/it\/shop\/\"},{\"@type\":\"ListItem\",\"position\":3,\"name\":\"Corsi di alfabetizzazione\"}]},{\"@type\":\"WebSite\",\"@id\":\"https:\/\/internationaleducationcenters.de\/it\/#website\",\"url\":\"https:\/\/internationaleducationcenters.de\/it\/\",\"name\":\"International Education Centers\",\"description\":\"\",\"publisher\":{\"@id\":\"https:\/\/internationaleducationcenters.de\/it\/#organization\"},\"potentialAction\":[{\"@type\":\"SearchAction\",\"target\":{\"@type\":\"EntryPoint\",\"urlTemplate\":\"https:\/\/internationaleducationcenters.de\/it\/?s={search_term_string}\"},\"query-input\":{\"@type\":\"PropertyValueSpecification\",\"valueRequired\":true,\"valueName\":\"search_term_string\"}}],\"inLanguage\":\"it-IT\"},{\"@type\":\"Organization\",\"@id\":\"https:\/\/internationaleducationcenters.de\/it\/#organization\",\"name\":\"International Education Centers\",\"alternateName\":\"IEC\",\"url\":\"https:\/\/internationaleducationcenters.de\/it\/\",\"logo\":{\"@type\":\"ImageObject\",\"inLanguage\":\"it-IT\",\"@id\":\"https:\/\/internationaleducationcenters.de\/it\/#\/schema\/logo\/image\/\",\"url\":\"https:\/\/internationaleducationcenters.de\/wp-content\/uploads\/2025\/08\/IEC_favicon-1.png\",\"contentUrl\":\"https:\/\/internationaleducationcenters.de\/wp-content\/uploads\/2025\/08\/IEC_favicon-1.png\",\"width\":512,\"height\":512,\"caption\":\"International Education Centers\"},\"image\":{\"@id\":\"https:\/\/internationaleducationcenters.de\/it\/#\/schema\/logo\/image\/\"},\"sameAs\":[\"https:\/\/www.facebook.com\/InternationalEducationCenters\/\"]}]}<\/script>\n<meta property=\"product:price:amount\" content=\"458.00\" \/>\n<meta property=\"product:price:currency\" content=\"EUR\" \/>\n<meta property=\"og:availability\" content=\"instock\" \/>\n<meta property=\"product:availability\" content=\"instock\" \/>\n<meta property=\"product:condition\" content=\"new\" \/>\n<!-- \/ Yoast SEO Premium plugin. -->","yoast_head_json":{"title":"Corsi di alfabetizzazione - International Education Centers","description":"Inizia il tuo percorso di alfabetizzazione e impara a leggere e scrivere con i nostri corsi. Per adulti di ogni et\u00e0 e provenienza. Registrati ora!","robots":{"index":"index","follow":"follow","max-snippet":"max-snippet:-1","max-image-preview":"max-image-preview:large","max-video-preview":"max-video-preview:-1"},"canonical":"https:\/\/internationaleducationcenters.de\/it\/prodotto\/corsi-di-alfabetizzazione\/","og_locale":"it_IT","og_type":"article","og_title":"Corsi di alfabetizzazione","og_description":"Inizia il tuo percorso di alfabetizzazione e impara a leggere e scrivere con i nostri corsi. Per adulti di ogni et\u00e0 e provenienza. Registrati ora!","og_url":"https:\/\/internationaleducationcenters.de\/it\/prodotto\/corsi-di-alfabetizzazione\/","og_site_name":"International Education Centers","article_publisher":"https:\/\/www.facebook.com\/InternationalEducationCenters\/","article_modified_time":"2025-12-01T13:06:38+00:00","og_image":[{"width":300,"height":200,"url":"https:\/\/internationaleducationcenters.de\/wp-content\/uploads\/2024\/01\/Alphabetisierungskurs.jpg","type":"image\/jpeg"}],"twitter_card":"summary_large_image","twitter_misc":{"Prezzo":"458,00&nbsp;&euro;","Disponibilit\u00e0":"In stock"},"schema":{"@context":"https:\/\/schema.org","@graph":[{"@type":"WebPage","@id":"https:\/\/internationaleducationcenters.de\/it\/prodotto\/corsi-di-alfabetizzazione\/","url":"https:\/\/internationaleducationcenters.de\/it\/prodotto\/corsi-di-alfabetizzazione\/","name":"Corsi di alfabetizzazione - International Education Centers","isPartOf":{"@id":"https:\/\/internationaleducationcenters.de\/it\/#website"},"primaryImageOfPage":{"@id":"https:\/\/internationaleducationcenters.de\/it\/prodotto\/corsi-di-alfabetizzazione\/#primaryimage"},"image":{"@id":"https:\/\/internationaleducationcenters.de\/it\/prodotto\/corsi-di-alfabetizzazione\/#primaryimage"},"thumbnailUrl":"https:\/\/internationaleducationcenters.de\/wp-content\/uploads\/2024\/01\/Alphabetisierungskurs.jpg","datePublished":"2024-01-04T13:36:54+00:00","dateModified":"2025-12-01T13:06:38+00:00","description":"Inizia il tuo percorso di alfabetizzazione e impara a leggere e scrivere con i nostri corsi. Per adulti di ogni et\u00e0 e provenienza. Registrati ora!","breadcrumb":{"@id":"https:\/\/internationaleducationcenters.de\/it\/prodotto\/corsi-di-alfabetizzazione\/#breadcrumb"},"inLanguage":"it-IT","potentialAction":[{"@type":"ReadAction","target":["https:\/\/internationaleducationcenters.de\/it\/prodotto\/corsi-di-alfabetizzazione\/"]}]},{"@type":"ImageObject","inLanguage":"it-IT","@id":"https:\/\/internationaleducationcenters.de\/it\/prodotto\/corsi-di-alfabetizzazione\/#primaryimage","url":"https:\/\/internationaleducationcenters.de\/wp-content\/uploads\/2024\/01\/Alphabetisierungskurs.jpg","contentUrl":"https:\/\/internationaleducationcenters.de\/wp-content\/uploads\/2024\/01\/Alphabetisierungskurs.jpg","width":300,"height":200,"caption":"\u0627\u062e\u062a\u0628\u0627\u0631 \u062a\u062d\u062f\u064a\u062f \u0627\u0644\u0645\u0633\u062a\u0648\u0649 \u0627\u0644\u0623\u0644\u0645\u0627\u0646\u064a OnSet"},{"@type":"BreadcrumbList","@id":"https:\/\/internationaleducationcenters.de\/it\/prodotto\/corsi-di-alfabetizzazione\/#breadcrumb","itemListElement":[{"@type":"ListItem","position":1,"name":"Home","item":"https:\/\/internationaleducationcenters.de\/it\/"},{"@type":"ListItem","position":2,"name":"Negozio","item":"https:\/\/internationaleducationcenters.de\/it\/shop\/"},{"@type":"ListItem","position":3,"name":"Corsi di alfabetizzazione"}]},{"@type":"WebSite","@id":"https:\/\/internationaleducationcenters.de\/it\/#website","url":"https:\/\/internationaleducationcenters.de\/it\/","name":"International Education Centers","description":"","publisher":{"@id":"https:\/\/internationaleducationcenters.de\/it\/#organization"},"potentialAction":[{"@type":"SearchAction","target":{"@type":"EntryPoint","urlTemplate":"https:\/\/internationaleducationcenters.de\/it\/?s={search_term_string}"},"query-input":{"@type":"PropertyValueSpecification","valueRequired":true,"valueName":"search_term_string"}}],"inLanguage":"it-IT"},{"@type":"Organization","@id":"https:\/\/internationaleducationcenters.de\/it\/#organization","name":"International Education Centers","alternateName":"IEC","url":"https:\/\/internationaleducationcenters.de\/it\/","logo":{"@type":"ImageObject","inLanguage":"it-IT","@id":"https:\/\/internationaleducationcenters.de\/it\/#\/schema\/logo\/image\/","url":"https:\/\/internationaleducationcenters.de\/wp-content\/uploads\/2025\/08\/IEC_favicon-1.png","contentUrl":"https:\/\/internationaleducationcenters.de\/wp-content\/uploads\/2025\/08\/IEC_favicon-1.png","width":512,"height":512,"caption":"International Education Centers"},"image":{"@id":"https:\/\/internationaleducationcenters.de\/it\/#\/schema\/logo\/image\/"},"sameAs":["https:\/\/www.facebook.com\/InternationalEducationCenters\/"]}]},"product_price_amount":"458.00","product_price_currency":"EUR","og_availability":"instock","product_availability":"instock","product_condition":"new"},"_links":{"self":[{"href":"https:\/\/internationaleducationcenters.de\/it\/wp-json\/wp\/v2\/product\/4180","targetHints":{"allow":["GET"]}}],"collection":[{"href":"https:\/\/internationaleducationcenters.de\/it\/wp-json\/wp\/v2\/product"}],"about":[{"href":"https:\/\/internationaleducationcenters.de\/it\/wp-json\/wp\/v2\/types\/product"}],"replies":[{"embeddable":true,"href":"https:\/\/internationaleducationcenters.de\/it\/wp-json\/wp\/v2\/comments?post=4180"}],"version-history":[{"count":3,"href":"https:\/\/internationaleducationcenters.de\/it\/wp-json\/wp\/v2\/product\/4180\/revisions"}],"predecessor-version":[{"id":21813,"href":"https:\/\/internationaleducationcenters.de\/it\/wp-json\/wp\/v2\/product\/4180\/revisions\/21813"}],"wp:featuredmedia":[{"embeddable":true,"href":"https:\/\/internationaleducationcenters.de\/it\/wp-json\/wp\/v2\/media\/7598"}],"wp:attachment":[{"href":"https:\/\/internationaleducationcenters.de\/it\/wp-json\/wp\/v2\/media?parent=4180"}],"wp:term":[{"taxonomy":"product_brand","embeddable":true,"href":"https:\/\/internationaleducationcenters.de\/it\/wp-json\/wp\/v2\/product_brand?post=4180"},{"taxonomy":"product_cat","embeddable":true,"href":"https:\/\/internationaleducationcenters.de\/it\/wp-json\/wp\/v2\/product_cat?post=4180"},{"taxonomy":"product_tag","embeddable":true,"href":"https:\/\/internationaleducationcenters.de\/it\/wp-json\/wp\/v2\/product_tag?post=4180"}],"curies":[{"name":"wp","href":"https:\/\/api.w.org\/{rel}","templated":true}]}}