{"id":4581,"date":"2024-01-04T14:37:12","date_gmt":"2024-01-04T13:37:12","guid":{"rendered":"https:\/\/internationaleducationcenters.de\/kurs\/corsi-di-apprendimento-duplicati\/"},"modified":"2025-12-01T12:35:40","modified_gmt":"2025-12-01T11:35:40","slug":"corsi-di-apprendimento-duplicati","status":"publish","type":"product","link":"https:\/\/internationaleducationcenters.de\/it\/prodotto\/corsi-di-apprendimento-duplicati\/","title":{"rendered":"Corsi di apprendimento duplicati"},"content":{"rendered":"<div class=\"tab-menu--product js--tab-menu\">\n<div class=\"tab--container-list\">\n<div class=\"tab--container has--content is--active\">\n<div class=\"tab--content\">\n<div class=\"content--description\">\n<div class=\"product--description\">\n<p>Il corso di integrazione per studenti di una seconda lingua \u00e8 un programma educativo speciale volto ad aiutare gli immigrati che hanno familiarit\u00e0 con un sistema di scrittura non latino a passare all&#8217;apprendimento dell&#8217;alfabeto latino e della lingua tedesca. Questo corso \u00e8 ideale per chi sa gi\u00e0 leggere e scrivere, ma in un sistema di scrittura diverso dal latino.<\/p>\n<h4>Panoramica del corso<\/h4>\n<ul>\n<li><strong>Destinatari:<\/strong> Il corso \u00e8 rivolto agli immigrati che sono stati alfabetizzati con un sistema di scrittura non latino e che ora hanno bisogno di imparare l&#8217;alfabeto latino per imparare il tedesco.<\/li>\n<li><strong>Contenuto del corso:<\/strong> Il corso inizia con l&#8217;apprendimento dell&#8217;alfabeto latino. A questo segue un corso intensivo di lingua che porta i partecipanti al livello B1 del Quadro Comune Europeo di Riferimento per le Lingue (QCER).<\/li>\n<li><strong>Durata del corso:<\/strong> Il corso di integrazione comprende fino a 1.000 unit\u00e0 didattiche (TU), mentre il corso di lingua comprende fino a 900 TU e il corso di orientamento 100 TU.<\/li>\n<li><strong>Aree tematiche:<\/strong> Oltre alla formazione linguistica, il corso affronta temi importanti come la politica nella democrazia, la storia e la responsabilit\u00e0, nonch\u00e9 le persone e la societ\u00e0.<\/li>\n<li><strong>Completamento:<\/strong> Il corso si conclude con gli esami &#8220;Deutsch-Test f\u00fcr Zuwanderer&#8221; (DTZ) e &#8220;Leben in Deutschland&#8221; (LiD).<\/li>\n<\/ul>\n<h4>Vantaggi del corso<\/h4>\n<ul>\n<li><strong>Base fondamentale:<\/strong> acquisizione dell&#8217;alfabeto latino come base per l&#8217;ulteriore apprendimento della lingua.<\/li>\n<li><strong>Competenza linguistica completa:<\/strong> insegnamento sistematico della lingua tedesca fino al livello B1, che fornisce una solida base per la comunicazione quotidiana e per scopi professionali.<\/li>\n<li><strong>Integrazione culturale:<\/strong> comprensione approfondita della cultura tedesca, della storia, dei valori e della convivenza sociale.<\/li>\n<li><strong>Qualifiche certificate:<\/strong> Con gli esami finali, i partecipanti ricevono certificati ufficiali che attestano le loro competenze linguistiche e la loro comprensione della societ\u00e0 tedesca.<\/li>\n<\/ul>\n<p>Questo corso \u00e8 un&#8217;ottima opportunit\u00e0 per gli immigrati che vogliono prepararsi alla vita in Germania imparando una nuova scrittura e una nuova lingua. Il programma educativo completo non fornisce solo competenze linguistiche, ma anche una profonda comprensione degli aspetti culturali e sociali, che favorisce un&#8217;integrazione di successo nella societ\u00e0 tedesca.<\/p>\n<\/div>\n<\/div>\n<\/div>\n<\/div>\n<\/div>\n<\/div>\n","protected":false},"excerpt":{"rendered":"<p data-start=\"115\" data-end=\"435\"><strong data-start=\"144\" data-end=\"178\">Corso di apprendimento della seconda lingua tedesca<\/strong>: un&#8217;introduzione sicura all&#8217;alfabeto latino e alla lingua tedesca. Impara passo dopo passo, esercitati nella lettura e nella scrittura e integrati linguisticamente fino al livello B1.<\/p>\n<p data-start=\"437\" data-end=\"651\" data-is-last-node=\"\" data-is-only-node=\"\">\n","protected":false},"featured_media":7578,"comment_status":"closed","ping_status":"closed","template":"","meta":{"_acf_changed":false},"product_brand":[],"product_cat":[170],"product_tag":[173,171],"class_list":{"0":"post-4581","1":"product","2":"type-product","3":"status-publish","4":"has-post-thumbnail","6":"product_cat-corsi-di-tedesco-sovvenzionati-dal-bamf","7":"product_tag-buyoption-external-redirect-it","8":"product_tag-corsi-di-tedesco-finanziati-dal-bamf","10":"first","11":"instock","12":"taxable","13":"shipping-taxable","14":"purchasable","15":"product-type-simple"},"acf":[],"yoast_head":"<!-- This site is optimized with the Yoast SEO Premium plugin v25.9 (Yoast SEO v26.9) - https:\/\/yoast.com\/product\/yoast-seo-premium-wordpress\/ -->\n<title>Corsi di apprendimento duplicati - International Education Centers<\/title>\n<meta name=\"description\" content=\"Corso di apprendimento della seconda lingua tedesca per immigrati senza sistema di scrittura latino. Impara l&#039;alfabeto, migliora il tuo tedesco e integralo.\" \/>\n<meta name=\"robots\" content=\"index, follow, max-snippet:-1, max-image-preview:large, max-video-preview:-1\" \/>\n<link rel=\"canonical\" href=\"https:\/\/internationaleducationcenters.de\/it\/prodotto\/corsi-di-apprendimento-duplicati\/\" \/>\n<meta property=\"og:locale\" content=\"it_IT\" \/>\n<meta property=\"og:type\" content=\"article\" \/>\n<meta property=\"og:title\" content=\"Corsi di apprendimento duplicati\" \/>\n<meta property=\"og:description\" content=\"Corso di apprendimento della seconda lingua tedesca per immigrati senza sistema di scrittura latino. Impara l&#039;alfabeto, migliora il tuo tedesco e integralo.\" \/>\n<meta property=\"og:url\" content=\"https:\/\/internationaleducationcenters.de\/it\/prodotto\/corsi-di-apprendimento-duplicati\/\" \/>\n<meta property=\"og:site_name\" content=\"International Education Centers\" \/>\n<meta property=\"article:publisher\" content=\"https:\/\/www.facebook.com\/InternationalEducationCenters\/\" \/>\n<meta property=\"article:modified_time\" content=\"2025-12-01T11:35:40+00:00\" \/>\n<meta property=\"og:image\" content=\"https:\/\/internationaleducationcenters.de\/wp-content\/uploads\/2024\/01\/Zweitschriftlernerkurs.jpg\" \/>\n\t<meta property=\"og:image:width\" content=\"300\" \/>\n\t<meta property=\"og:image:height\" content=\"200\" \/>\n\t<meta property=\"og:image:type\" content=\"image\/jpeg\" \/>\n<meta name=\"twitter:card\" content=\"summary_large_image\" \/>\n<meta name=\"twitter:label1\" content=\"Prezzo\" \/>\n\t<meta name=\"twitter:data1\" content=\"458,00&nbsp;&euro;\" \/>\n\t<meta name=\"twitter:label2\" content=\"Disponibilit\u00e0\" \/>\n\t<meta name=\"twitter:data2\" content=\"In stock\" \/>\n<script type=\"application\/ld+json\" class=\"yoast-schema-graph\">{\"@context\":\"https:\/\/schema.org\",\"@graph\":[{\"@type\":\"WebPage\",\"@id\":\"https:\/\/internationaleducationcenters.de\/it\/prodotto\/corsi-di-apprendimento-duplicati\/\",\"url\":\"https:\/\/internationaleducationcenters.de\/it\/prodotto\/corsi-di-apprendimento-duplicati\/\",\"name\":\"Corsi di apprendimento duplicati - International Education Centers\",\"isPartOf\":{\"@id\":\"https:\/\/internationaleducationcenters.de\/it\/#website\"},\"primaryImageOfPage\":{\"@id\":\"https:\/\/internationaleducationcenters.de\/it\/prodotto\/corsi-di-apprendimento-duplicati\/#primaryimage\"},\"image\":{\"@id\":\"https:\/\/internationaleducationcenters.de\/it\/prodotto\/corsi-di-apprendimento-duplicati\/#primaryimage\"},\"thumbnailUrl\":\"https:\/\/internationaleducationcenters.de\/wp-content\/uploads\/2024\/01\/Zweitschriftlernerkurs.jpg\",\"datePublished\":\"2024-01-04T13:37:12+00:00\",\"dateModified\":\"2025-12-01T11:35:40+00:00\",\"description\":\"Corso di apprendimento della seconda lingua tedesca per immigrati senza sistema di scrittura latino. Impara l'alfabeto, migliora il tuo tedesco e integralo.\",\"breadcrumb\":{\"@id\":\"https:\/\/internationaleducationcenters.de\/it\/prodotto\/corsi-di-apprendimento-duplicati\/#breadcrumb\"},\"inLanguage\":\"it-IT\",\"potentialAction\":[{\"@type\":\"ReadAction\",\"target\":[\"https:\/\/internationaleducationcenters.de\/it\/prodotto\/corsi-di-apprendimento-duplicati\/\"]}]},{\"@type\":\"ImageObject\",\"inLanguage\":\"it-IT\",\"@id\":\"https:\/\/internationaleducationcenters.de\/it\/prodotto\/corsi-di-apprendimento-duplicati\/#primaryimage\",\"url\":\"https:\/\/internationaleducationcenters.de\/wp-content\/uploads\/2024\/01\/Zweitschriftlernerkurs.jpg\",\"contentUrl\":\"https:\/\/internationaleducationcenters.de\/wp-content\/uploads\/2024\/01\/Zweitschriftlernerkurs.jpg\",\"width\":300,\"height\":200,\"caption\":\"Zweitschriftlernerkurse in Wuppertal mit IEC\"},{\"@type\":\"BreadcrumbList\",\"@id\":\"https:\/\/internationaleducationcenters.de\/it\/prodotto\/corsi-di-apprendimento-duplicati\/#breadcrumb\",\"itemListElement\":[{\"@type\":\"ListItem\",\"position\":1,\"name\":\"Home\",\"item\":\"https:\/\/internationaleducationcenters.de\/it\/\"},{\"@type\":\"ListItem\",\"position\":2,\"name\":\"Negozio\",\"item\":\"https:\/\/internationaleducationcenters.de\/it\/shop\/\"},{\"@type\":\"ListItem\",\"position\":3,\"name\":\"Corsi di apprendimento duplicati\"}]},{\"@type\":\"WebSite\",\"@id\":\"https:\/\/internationaleducationcenters.de\/it\/#website\",\"url\":\"https:\/\/internationaleducationcenters.de\/it\/\",\"name\":\"International Education Centers\",\"description\":\"\",\"publisher\":{\"@id\":\"https:\/\/internationaleducationcenters.de\/it\/#organization\"},\"potentialAction\":[{\"@type\":\"SearchAction\",\"target\":{\"@type\":\"EntryPoint\",\"urlTemplate\":\"https:\/\/internationaleducationcenters.de\/it\/?s={search_term_string}\"},\"query-input\":{\"@type\":\"PropertyValueSpecification\",\"valueRequired\":true,\"valueName\":\"search_term_string\"}}],\"inLanguage\":\"it-IT\"},{\"@type\":\"Organization\",\"@id\":\"https:\/\/internationaleducationcenters.de\/it\/#organization\",\"name\":\"International Education Centers\",\"alternateName\":\"IEC\",\"url\":\"https:\/\/internationaleducationcenters.de\/it\/\",\"logo\":{\"@type\":\"ImageObject\",\"inLanguage\":\"it-IT\",\"@id\":\"https:\/\/internationaleducationcenters.de\/it\/#\/schema\/logo\/image\/\",\"url\":\"https:\/\/internationaleducationcenters.de\/wp-content\/uploads\/2025\/08\/IEC_favicon-1.png\",\"contentUrl\":\"https:\/\/internationaleducationcenters.de\/wp-content\/uploads\/2025\/08\/IEC_favicon-1.png\",\"width\":512,\"height\":512,\"caption\":\"International Education Centers\"},\"image\":{\"@id\":\"https:\/\/internationaleducationcenters.de\/it\/#\/schema\/logo\/image\/\"},\"sameAs\":[\"https:\/\/www.facebook.com\/InternationalEducationCenters\/\"]}]}<\/script>\n<meta property=\"product:price:amount\" content=\"458.00\" \/>\n<meta property=\"product:price:currency\" content=\"EUR\" \/>\n<meta property=\"og:availability\" content=\"instock\" \/>\n<meta property=\"product:availability\" content=\"instock\" \/>\n<meta property=\"product:condition\" content=\"new\" \/>\n<!-- \/ Yoast SEO Premium plugin. -->","yoast_head_json":{"title":"Corsi di apprendimento duplicati - International Education Centers","description":"Corso di apprendimento della seconda lingua tedesca per immigrati senza sistema di scrittura latino. Impara l'alfabeto, migliora il tuo tedesco e integralo.","robots":{"index":"index","follow":"follow","max-snippet":"max-snippet:-1","max-image-preview":"max-image-preview:large","max-video-preview":"max-video-preview:-1"},"canonical":"https:\/\/internationaleducationcenters.de\/it\/prodotto\/corsi-di-apprendimento-duplicati\/","og_locale":"it_IT","og_type":"article","og_title":"Corsi di apprendimento duplicati","og_description":"Corso di apprendimento della seconda lingua tedesca per immigrati senza sistema di scrittura latino. Impara l'alfabeto, migliora il tuo tedesco e integralo.","og_url":"https:\/\/internationaleducationcenters.de\/it\/prodotto\/corsi-di-apprendimento-duplicati\/","og_site_name":"International Education Centers","article_publisher":"https:\/\/www.facebook.com\/InternationalEducationCenters\/","article_modified_time":"2025-12-01T11:35:40+00:00","og_image":[{"width":300,"height":200,"url":"https:\/\/internationaleducationcenters.de\/wp-content\/uploads\/2024\/01\/Zweitschriftlernerkurs.jpg","type":"image\/jpeg"}],"twitter_card":"summary_large_image","twitter_misc":{"Prezzo":"458,00&nbsp;&euro;","Disponibilit\u00e0":"In stock"},"schema":{"@context":"https:\/\/schema.org","@graph":[{"@type":"WebPage","@id":"https:\/\/internationaleducationcenters.de\/it\/prodotto\/corsi-di-apprendimento-duplicati\/","url":"https:\/\/internationaleducationcenters.de\/it\/prodotto\/corsi-di-apprendimento-duplicati\/","name":"Corsi di apprendimento duplicati - International Education Centers","isPartOf":{"@id":"https:\/\/internationaleducationcenters.de\/it\/#website"},"primaryImageOfPage":{"@id":"https:\/\/internationaleducationcenters.de\/it\/prodotto\/corsi-di-apprendimento-duplicati\/#primaryimage"},"image":{"@id":"https:\/\/internationaleducationcenters.de\/it\/prodotto\/corsi-di-apprendimento-duplicati\/#primaryimage"},"thumbnailUrl":"https:\/\/internationaleducationcenters.de\/wp-content\/uploads\/2024\/01\/Zweitschriftlernerkurs.jpg","datePublished":"2024-01-04T13:37:12+00:00","dateModified":"2025-12-01T11:35:40+00:00","description":"Corso di apprendimento della seconda lingua tedesca per immigrati senza sistema di scrittura latino. Impara l'alfabeto, migliora il tuo tedesco e integralo.","breadcrumb":{"@id":"https:\/\/internationaleducationcenters.de\/it\/prodotto\/corsi-di-apprendimento-duplicati\/#breadcrumb"},"inLanguage":"it-IT","potentialAction":[{"@type":"ReadAction","target":["https:\/\/internationaleducationcenters.de\/it\/prodotto\/corsi-di-apprendimento-duplicati\/"]}]},{"@type":"ImageObject","inLanguage":"it-IT","@id":"https:\/\/internationaleducationcenters.de\/it\/prodotto\/corsi-di-apprendimento-duplicati\/#primaryimage","url":"https:\/\/internationaleducationcenters.de\/wp-content\/uploads\/2024\/01\/Zweitschriftlernerkurs.jpg","contentUrl":"https:\/\/internationaleducationcenters.de\/wp-content\/uploads\/2024\/01\/Zweitschriftlernerkurs.jpg","width":300,"height":200,"caption":"Zweitschriftlernerkurse in Wuppertal mit IEC"},{"@type":"BreadcrumbList","@id":"https:\/\/internationaleducationcenters.de\/it\/prodotto\/corsi-di-apprendimento-duplicati\/#breadcrumb","itemListElement":[{"@type":"ListItem","position":1,"name":"Home","item":"https:\/\/internationaleducationcenters.de\/it\/"},{"@type":"ListItem","position":2,"name":"Negozio","item":"https:\/\/internationaleducationcenters.de\/it\/shop\/"},{"@type":"ListItem","position":3,"name":"Corsi di apprendimento duplicati"}]},{"@type":"WebSite","@id":"https:\/\/internationaleducationcenters.de\/it\/#website","url":"https:\/\/internationaleducationcenters.de\/it\/","name":"International Education Centers","description":"","publisher":{"@id":"https:\/\/internationaleducationcenters.de\/it\/#organization"},"potentialAction":[{"@type":"SearchAction","target":{"@type":"EntryPoint","urlTemplate":"https:\/\/internationaleducationcenters.de\/it\/?s={search_term_string}"},"query-input":{"@type":"PropertyValueSpecification","valueRequired":true,"valueName":"search_term_string"}}],"inLanguage":"it-IT"},{"@type":"Organization","@id":"https:\/\/internationaleducationcenters.de\/it\/#organization","name":"International Education Centers","alternateName":"IEC","url":"https:\/\/internationaleducationcenters.de\/it\/","logo":{"@type":"ImageObject","inLanguage":"it-IT","@id":"https:\/\/internationaleducationcenters.de\/it\/#\/schema\/logo\/image\/","url":"https:\/\/internationaleducationcenters.de\/wp-content\/uploads\/2025\/08\/IEC_favicon-1.png","contentUrl":"https:\/\/internationaleducationcenters.de\/wp-content\/uploads\/2025\/08\/IEC_favicon-1.png","width":512,"height":512,"caption":"International Education Centers"},"image":{"@id":"https:\/\/internationaleducationcenters.de\/it\/#\/schema\/logo\/image\/"},"sameAs":["https:\/\/www.facebook.com\/InternationalEducationCenters\/"]}]},"product_price_amount":"458.00","product_price_currency":"EUR","og_availability":"instock","product_availability":"instock","product_condition":"new"},"_links":{"self":[{"href":"https:\/\/internationaleducationcenters.de\/it\/wp-json\/wp\/v2\/product\/4581","targetHints":{"allow":["GET"]}}],"collection":[{"href":"https:\/\/internationaleducationcenters.de\/it\/wp-json\/wp\/v2\/product"}],"about":[{"href":"https:\/\/internationaleducationcenters.de\/it\/wp-json\/wp\/v2\/types\/product"}],"replies":[{"embeddable":true,"href":"https:\/\/internationaleducationcenters.de\/it\/wp-json\/wp\/v2\/comments?post=4581"}],"version-history":[{"count":2,"href":"https:\/\/internationaleducationcenters.de\/it\/wp-json\/wp\/v2\/product\/4581\/revisions"}],"predecessor-version":[{"id":21805,"href":"https:\/\/internationaleducationcenters.de\/it\/wp-json\/wp\/v2\/product\/4581\/revisions\/21805"}],"wp:featuredmedia":[{"embeddable":true,"href":"https:\/\/internationaleducationcenters.de\/it\/wp-json\/wp\/v2\/media\/7578"}],"wp:attachment":[{"href":"https:\/\/internationaleducationcenters.de\/it\/wp-json\/wp\/v2\/media?parent=4581"}],"wp:term":[{"taxonomy":"product_brand","embeddable":true,"href":"https:\/\/internationaleducationcenters.de\/it\/wp-json\/wp\/v2\/product_brand?post=4581"},{"taxonomy":"product_cat","embeddable":true,"href":"https:\/\/internationaleducationcenters.de\/it\/wp-json\/wp\/v2\/product_cat?post=4581"},{"taxonomy":"product_tag","embeddable":true,"href":"https:\/\/internationaleducationcenters.de\/it\/wp-json\/wp\/v2\/product_tag?post=4581"}],"curies":[{"name":"wp","href":"https:\/\/api.w.org\/{rel}","templated":true}]}}