{"id":4674,"date":"2024-01-05T12:59:59","date_gmt":"2024-01-05T11:59:59","guid":{"rendered":"https:\/\/internationaleducationcenters.de\/kurs\/toefl-itp\/"},"modified":"2024-01-05T12:59:59","modified_gmt":"2024-01-05T11:59:59","slug":"toefl-itp","status":"publish","type":"product","link":"https:\/\/internationaleducationcenters.de\/it\/prodotto\/toefl-itp\/","title":{"rendered":"TOEFL\u00ae ITP"},"content":{"rendered":"<p>Il test TOEFL ITP\u00ae \u00e8 uno strumento essenziale per le istituzioni accademiche di tutto il mondo per misurare accuratamente la conoscenza della lingua inglese a fini accademici. Facendo parte della prestigiosa famiglia di test TOEFL\u00ae, offre un metodo flessibile, economico e affidabile per valutare le abilit\u00e0 di ascolto, lettura e grammatica dell&#8217;inglese accademico. Il test copre la gamma di livelli linguistici da A2 a C1 secondo il Quadro Comune Europeo di Riferimento per le Lingue e garantisce che tutti i candidati siano classificati esattamente in base al loro livello linguistico.<\/p>\n<h4>Perch\u00e9 fare il test TOEFL ITP\u00ae?<\/h4>\n<ul>\n<li><strong>Riconoscimento globale:<\/strong> il test \u00e8 riconosciuto in tutto il mondo da college e universit\u00e0 come criterio di ammissione ed \u00e8 molto apprezzato per la valutazione delle competenze accademiche in lingua inglese.<\/li>\n<li><strong>Flessibilit\u00e0<\/strong>: con le sue versioni digitali e cartacee, il TOEFL ITP\u00ae offre la massima flessibilit\u00e0 a chi si sottopone al test e ai centri d&#8217;esame. Pu\u00f2 essere organizzato individualmente in base alla data desiderata senza un numero minimo di partecipanti.<\/li>\n<li><strong>Valutazione oggettiva:<\/strong> il formato standardizzato a scelta multipla e la valutazione esterna garantiscono una valutazione equa e oggettiva di tutti i partecipanti.<\/li>\n<li><strong>Risultati dettagliati:<\/strong> I risultati del test forniscono un&#8217;analisi completa dei punti di forza e di debolezza dei candidati, includendo anche affermazioni che consentono un apprendimento mirato.<\/li>\n<li><strong>Affidabilit\u00e0: la<\/strong> ricerca continua e l&#8217;ottimizzazione mantengono il contenuto del test pertinente e garantiscono che i risultati riflettano le reali capacit\u00e0 dei partecipanti.<\/li>\n<\/ul>\n<h4>Contenuti e struttura<\/h4>\n<p>Il test TOEFL ITP\u00ae comprende 140 domande a scelta multipla che riguardano argomenti accademici, sociali e generali. Le domande sono pensate per testare in modo completo la comprensione orale e scritta dei partecipanti e le loro competenze grammaticali. La struttura del test \u00e8 identica a quella del vecchio TOEFL\u00ae PBT cartaceo, compresa la scala dei punti, che garantisce la comparabilit\u00e0 dei risultati.<\/p>\n<h4>Per chi \u00e8 adatto il test?<\/h4>\n<p>Il TOEFL ITP\u00ae \u00e8 ideale per gli studenti che si iscrivono a programmi accademici in patria e all&#8217;estero, nonch\u00e9 per gli istituti scolastici che cercano un metodo affidabile per valutare la conoscenza della lingua inglese dei loro candidati. Fornisce una valutazione completa delle competenze linguistiche necessarie per avere successo in un ambiente accademico.<\/p>\n<p>Sottoponendoti al test TOEFL ITP\u00ae, otterrai una prova preziosa della tua conoscenza della lingua inglese che amplier\u00e0 le tue prospettive accademiche e professionali in tutto il mondo.<\/p>\n","protected":false},"excerpt":{"rendered":"<p>Il test TOEFL ITP\u00ae misura la conoscenza della lingua inglese per scopi accademici e copre i livelli da A2 a C1.<\/p>\n","protected":false},"featured_media":218,"comment_status":"closed","ping_status":"closed","template":"","meta":{"_acf_changed":false},"product_brand":[],"product_cat":[377],"product_tag":[378],"class_list":{"0":"post-4674","1":"product","2":"type-product","3":"status-publish","4":"has-post-thumbnail","6":"product_cat-servizio-linguistico-e-test-tls","7":"product_tag-lts-it","9":"first","10":"instock","11":"product-type-simple"},"acf":[],"yoast_head":"<!-- This site is optimized with the Yoast SEO Premium plugin v25.9 (Yoast SEO v26.9) - https:\/\/yoast.com\/product\/yoast-seo-premium-wordpress\/ -->\n<title>TOEFL\u00ae ITP - International Education Centers<\/title>\n<meta name=\"robots\" content=\"index, follow, max-snippet:-1, max-image-preview:large, max-video-preview:-1\" \/>\n<link rel=\"canonical\" href=\"https:\/\/internationaleducationcenters.de\/it\/prodotto\/toefl-itp\/\" \/>\n<meta property=\"og:locale\" content=\"it_IT\" \/>\n<meta property=\"og:type\" content=\"article\" \/>\n<meta property=\"og:title\" content=\"TOEFL\u00ae ITP\" \/>\n<meta property=\"og:description\" content=\"Il test TOEFL ITP\u00ae misura la conoscenza della lingua inglese per scopi accademici e copre i livelli da A2 a C1.\" \/>\n<meta property=\"og:url\" content=\"https:\/\/internationaleducationcenters.de\/it\/prodotto\/toefl-itp\/\" \/>\n<meta property=\"og:site_name\" content=\"International Education Centers\" \/>\n<meta property=\"article:publisher\" content=\"https:\/\/www.facebook.com\/InternationalEducationCenters\/\" \/>\n<meta property=\"og:image\" content=\"https:\/\/internationaleducationcenters.de\/wp-content\/uploads\/woocommerce-placeholder.png\" \/>\n\t<meta property=\"og:image:width\" content=\"1200\" \/>\n\t<meta property=\"og:image:height\" content=\"1200\" \/>\n\t<meta property=\"og:image:type\" content=\"image\/png\" \/>\n<meta name=\"twitter:card\" content=\"summary_large_image\" \/>\n<meta name=\"twitter:label1\" content=\"Prezzo\" \/>\n\t<meta name=\"twitter:data1\" content=\"\" \/>\n\t<meta name=\"twitter:label2\" content=\"Disponibilit\u00e0\" \/>\n\t<meta name=\"twitter:data2\" content=\"In stock\" \/>\n<script type=\"application\/ld+json\" class=\"yoast-schema-graph\">{\"@context\":\"https:\/\/schema.org\",\"@graph\":[{\"@type\":\"WebPage\",\"@id\":\"https:\/\/internationaleducationcenters.de\/it\/prodotto\/toefl-itp\/\",\"url\":\"https:\/\/internationaleducationcenters.de\/it\/prodotto\/toefl-itp\/\",\"name\":\"TOEFL\u00ae ITP - International Education Centers\",\"isPartOf\":{\"@id\":\"https:\/\/internationaleducationcenters.de\/it\/#website\"},\"primaryImageOfPage\":{\"@id\":\"https:\/\/internationaleducationcenters.de\/it\/prodotto\/toefl-itp\/#primaryimage\"},\"image\":{\"@id\":\"https:\/\/internationaleducationcenters.de\/it\/prodotto\/toefl-itp\/#primaryimage\"},\"thumbnailUrl\":\"https:\/\/internationaleducationcenters.de\/wp-content\/uploads\/woocommerce-placeholder.png\",\"datePublished\":\"2024-01-05T11:59:59+00:00\",\"breadcrumb\":{\"@id\":\"https:\/\/internationaleducationcenters.de\/it\/prodotto\/toefl-itp\/#breadcrumb\"},\"inLanguage\":\"it-IT\",\"potentialAction\":[{\"@type\":\"ReadAction\",\"target\":[\"https:\/\/internationaleducationcenters.de\/it\/prodotto\/toefl-itp\/\"]}]},{\"@type\":\"ImageObject\",\"inLanguage\":\"it-IT\",\"@id\":\"https:\/\/internationaleducationcenters.de\/it\/prodotto\/toefl-itp\/#primaryimage\",\"url\":\"https:\/\/internationaleducationcenters.de\/wp-content\/uploads\/woocommerce-placeholder.png\",\"contentUrl\":\"https:\/\/internationaleducationcenters.de\/wp-content\/uploads\/woocommerce-placeholder.png\",\"width\":1200,\"height\":1200},{\"@type\":\"BreadcrumbList\",\"@id\":\"https:\/\/internationaleducationcenters.de\/it\/prodotto\/toefl-itp\/#breadcrumb\",\"itemListElement\":[{\"@type\":\"ListItem\",\"position\":1,\"name\":\"Home\",\"item\":\"https:\/\/internationaleducationcenters.de\/it\/\"},{\"@type\":\"ListItem\",\"position\":2,\"name\":\"Negozio\",\"item\":\"https:\/\/internationaleducationcenters.de\/it\/shop\/\"},{\"@type\":\"ListItem\",\"position\":3,\"name\":\"TOEFL\u00ae ITP\"}]},{\"@type\":\"WebSite\",\"@id\":\"https:\/\/internationaleducationcenters.de\/it\/#website\",\"url\":\"https:\/\/internationaleducationcenters.de\/it\/\",\"name\":\"International Education Centers\",\"description\":\"\",\"publisher\":{\"@id\":\"https:\/\/internationaleducationcenters.de\/it\/#organization\"},\"potentialAction\":[{\"@type\":\"SearchAction\",\"target\":{\"@type\":\"EntryPoint\",\"urlTemplate\":\"https:\/\/internationaleducationcenters.de\/it\/?s={search_term_string}\"},\"query-input\":{\"@type\":\"PropertyValueSpecification\",\"valueRequired\":true,\"valueName\":\"search_term_string\"}}],\"inLanguage\":\"it-IT\"},{\"@type\":\"Organization\",\"@id\":\"https:\/\/internationaleducationcenters.de\/it\/#organization\",\"name\":\"International Education Centers\",\"alternateName\":\"IEC\",\"url\":\"https:\/\/internationaleducationcenters.de\/it\/\",\"logo\":{\"@type\":\"ImageObject\",\"inLanguage\":\"it-IT\",\"@id\":\"https:\/\/internationaleducationcenters.de\/it\/#\/schema\/logo\/image\/\",\"url\":\"https:\/\/internationaleducationcenters.de\/wp-content\/uploads\/2025\/08\/IEC_favicon-1.png\",\"contentUrl\":\"https:\/\/internationaleducationcenters.de\/wp-content\/uploads\/2025\/08\/IEC_favicon-1.png\",\"width\":512,\"height\":512,\"caption\":\"International Education Centers\"},\"image\":{\"@id\":\"https:\/\/internationaleducationcenters.de\/it\/#\/schema\/logo\/image\/\"},\"sameAs\":[\"https:\/\/www.facebook.com\/InternationalEducationCenters\/\"]}]}<\/script>\n<meta property=\"product:price:currency\" content=\"EUR\" \/>\n<meta property=\"og:availability\" content=\"instock\" \/>\n<meta property=\"product:availability\" content=\"instock\" \/>\n<meta property=\"product:condition\" content=\"new\" \/>\n<!-- \/ Yoast SEO Premium plugin. -->","yoast_head_json":{"title":"TOEFL\u00ae ITP - International Education Centers","robots":{"index":"index","follow":"follow","max-snippet":"max-snippet:-1","max-image-preview":"max-image-preview:large","max-video-preview":"max-video-preview:-1"},"canonical":"https:\/\/internationaleducationcenters.de\/it\/prodotto\/toefl-itp\/","og_locale":"it_IT","og_type":"article","og_title":"TOEFL\u00ae ITP","og_description":"Il test TOEFL ITP\u00ae misura la conoscenza della lingua inglese per scopi accademici e copre i livelli da A2 a C1.","og_url":"https:\/\/internationaleducationcenters.de\/it\/prodotto\/toefl-itp\/","og_site_name":"International Education Centers","article_publisher":"https:\/\/www.facebook.com\/InternationalEducationCenters\/","og_image":[{"width":1200,"height":1200,"url":"https:\/\/internationaleducationcenters.de\/wp-content\/uploads\/woocommerce-placeholder.png","type":"image\/png"}],"twitter_card":"summary_large_image","twitter_misc":{"Prezzo":"","Disponibilit\u00e0":"In stock"},"schema":{"@context":"https:\/\/schema.org","@graph":[{"@type":"WebPage","@id":"https:\/\/internationaleducationcenters.de\/it\/prodotto\/toefl-itp\/","url":"https:\/\/internationaleducationcenters.de\/it\/prodotto\/toefl-itp\/","name":"TOEFL\u00ae ITP - International Education Centers","isPartOf":{"@id":"https:\/\/internationaleducationcenters.de\/it\/#website"},"primaryImageOfPage":{"@id":"https:\/\/internationaleducationcenters.de\/it\/prodotto\/toefl-itp\/#primaryimage"},"image":{"@id":"https:\/\/internationaleducationcenters.de\/it\/prodotto\/toefl-itp\/#primaryimage"},"thumbnailUrl":"https:\/\/internationaleducationcenters.de\/wp-content\/uploads\/woocommerce-placeholder.png","datePublished":"2024-01-05T11:59:59+00:00","breadcrumb":{"@id":"https:\/\/internationaleducationcenters.de\/it\/prodotto\/toefl-itp\/#breadcrumb"},"inLanguage":"it-IT","potentialAction":[{"@type":"ReadAction","target":["https:\/\/internationaleducationcenters.de\/it\/prodotto\/toefl-itp\/"]}]},{"@type":"ImageObject","inLanguage":"it-IT","@id":"https:\/\/internationaleducationcenters.de\/it\/prodotto\/toefl-itp\/#primaryimage","url":"https:\/\/internationaleducationcenters.de\/wp-content\/uploads\/woocommerce-placeholder.png","contentUrl":"https:\/\/internationaleducationcenters.de\/wp-content\/uploads\/woocommerce-placeholder.png","width":1200,"height":1200},{"@type":"BreadcrumbList","@id":"https:\/\/internationaleducationcenters.de\/it\/prodotto\/toefl-itp\/#breadcrumb","itemListElement":[{"@type":"ListItem","position":1,"name":"Home","item":"https:\/\/internationaleducationcenters.de\/it\/"},{"@type":"ListItem","position":2,"name":"Negozio","item":"https:\/\/internationaleducationcenters.de\/it\/shop\/"},{"@type":"ListItem","position":3,"name":"TOEFL\u00ae ITP"}]},{"@type":"WebSite","@id":"https:\/\/internationaleducationcenters.de\/it\/#website","url":"https:\/\/internationaleducationcenters.de\/it\/","name":"International Education Centers","description":"","publisher":{"@id":"https:\/\/internationaleducationcenters.de\/it\/#organization"},"potentialAction":[{"@type":"SearchAction","target":{"@type":"EntryPoint","urlTemplate":"https:\/\/internationaleducationcenters.de\/it\/?s={search_term_string}"},"query-input":{"@type":"PropertyValueSpecification","valueRequired":true,"valueName":"search_term_string"}}],"inLanguage":"it-IT"},{"@type":"Organization","@id":"https:\/\/internationaleducationcenters.de\/it\/#organization","name":"International Education Centers","alternateName":"IEC","url":"https:\/\/internationaleducationcenters.de\/it\/","logo":{"@type":"ImageObject","inLanguage":"it-IT","@id":"https:\/\/internationaleducationcenters.de\/it\/#\/schema\/logo\/image\/","url":"https:\/\/internationaleducationcenters.de\/wp-content\/uploads\/2025\/08\/IEC_favicon-1.png","contentUrl":"https:\/\/internationaleducationcenters.de\/wp-content\/uploads\/2025\/08\/IEC_favicon-1.png","width":512,"height":512,"caption":"International Education Centers"},"image":{"@id":"https:\/\/internationaleducationcenters.de\/it\/#\/schema\/logo\/image\/"},"sameAs":["https:\/\/www.facebook.com\/InternationalEducationCenters\/"]}]},"product_price_currency":"EUR","og_availability":"instock","product_availability":"instock","product_condition":"new"},"_links":{"self":[{"href":"https:\/\/internationaleducationcenters.de\/it\/wp-json\/wp\/v2\/product\/4674","targetHints":{"allow":["GET"]}}],"collection":[{"href":"https:\/\/internationaleducationcenters.de\/it\/wp-json\/wp\/v2\/product"}],"about":[{"href":"https:\/\/internationaleducationcenters.de\/it\/wp-json\/wp\/v2\/types\/product"}],"replies":[{"embeddable":true,"href":"https:\/\/internationaleducationcenters.de\/it\/wp-json\/wp\/v2\/comments?post=4674"}],"version-history":[{"count":0,"href":"https:\/\/internationaleducationcenters.de\/it\/wp-json\/wp\/v2\/product\/4674\/revisions"}],"wp:featuredmedia":[{"embeddable":true,"href":"https:\/\/internationaleducationcenters.de\/it\/wp-json\/wp\/v2\/media\/218"}],"wp:attachment":[{"href":"https:\/\/internationaleducationcenters.de\/it\/wp-json\/wp\/v2\/media?parent=4674"}],"wp:term":[{"taxonomy":"product_brand","embeddable":true,"href":"https:\/\/internationaleducationcenters.de\/it\/wp-json\/wp\/v2\/product_brand?post=4674"},{"taxonomy":"product_cat","embeddable":true,"href":"https:\/\/internationaleducationcenters.de\/it\/wp-json\/wp\/v2\/product_cat?post=4674"},{"taxonomy":"product_tag","embeddable":true,"href":"https:\/\/internationaleducationcenters.de\/it\/wp-json\/wp\/v2\/product_tag?post=4674"}],"curies":[{"name":"wp","href":"https:\/\/api.w.org\/{rel}","templated":true}]}}