{"id":6372,"date":"2024-09-13T18:11:01","date_gmt":"2024-09-13T16:11:01","guid":{"rendered":"https:\/\/internationaleducationcenters.de\/?post_type=product&#038;p=6372"},"modified":"2025-11-26T09:48:09","modified_gmt":"2025-11-26T08:48:09","slug":"corso-di-preparazione-agli-esami-telc-tedesco-b2-intensivo-kopie","status":"publish","type":"product","link":"https:\/\/internationaleducationcenters.de\/it\/prodotto\/corso-di-preparazione-agli-esami-telc-tedesco-b2-intensivo-kopie\/","title":{"rendered":"Corso di preparazione agli esami telc Tedesco B2 Intensivo (Kopie)"},"content":{"rendered":"<div class=\"tab-menu--product js--tab-menu\">\n<div class=\"tab--container-list\">\n<div class=\"tab--container has--content is--active\">\n<div class=\"tab--content\">\n<div class=\"content--description\">\n<div class=\"product--description\">\n<p>Sei in Germania da un po&#8217; di tempo e hai superato con successo l&#8217;esame B1, ma vorresti imparare di pi\u00f9 il tedesco per avere maggiori possibilit\u00e0 sul mercato del lavoro a Wuppertal e dintorni e per poter comunicare meglio con il tuo prossimo? Ti offriamo un corso intensivo online di tedesco B2 che ti preparer\u00e0 al meglio per l&#8217;esame.<\/p>\n<p>Viene effettuata una simulazione di prova scritta e orale utilizzando un modello di test con quattro sottotest: comprensione della lettura, comprensione dell&#8217;ascolto ed espressione scritta e orale. I corsi sono organizzati in modo tale che tu possa sostenere l&#8217;esame Telc direttamente con noi la settimana successiva, cos\u00ec da non perdere tempo prezioso. Il corso di formazione per l&#8217;esame telc Deutsch B1-B2 Pflege si svolge nel pomeriggio. Il corso \u00e8 rivolto ai partecipanti che hanno una conoscenza della lingua almeno B1+ e che vogliono prepararsi esplicitamente all&#8217;esame telc di tedesco B2.<\/p>\n<h3>Cosa puoi fare al livello B2?<\/h3>\n<p class=\"bodytext\">Al livello B2, sei in grado di esprimerti in modo chiaro e dettagliato e di argomentare e negoziare con successo. Hai un ampio vocabolario nella tua area di specializzazione e sulla maggior parte degli argomenti generali. Hai una buona padronanza della grammatica.<\/p>\n<h3>Come \u00e8 strutturato l&#8217;esame?<\/h3>\n<p>L&#8217;esame consiste in una parte scritta e una orale. L&#8217;esame scritto dura 2 ore e 20 minuti. Hai 20 minuti per prepararti prima dell&#8217;esame orale. L&#8217;esame orale pu\u00f2 svolgersi il giorno stesso dell&#8217;esame scritto o in un altro giorno.<\/p>\n<h3>Contenuti del corso<\/h3>\n<ul>\n<li>comprendere un&#8217;ampia gamma di testi<\/li>\n<li>esprimersi in modo chiaro e strutturato per iscritto su questioni complesse<\/li>\n<li>fare presentazioni orali su argomenti di carattere generale e su argomenti relativi alle proprie aree di interesse.<\/li>\n<li>partecipare attivamente alle discussioni<\/li>\n<li>prendere posizione e presentare i propri punti di vista.<\/li>\n<li>comprendere il contenuto principale di testi complessi su argomenti concreti e astratti.<\/li>\n<li>esprimersi in modo chiaro e dettagliato su una vasta gamma di argomenti<\/li>\n<li>spiegare un punto di vista su una questione di attualit\u00e0 e indicare i vantaggi e gli svantaggi di diverse opzioni<\/li>\n<\/ul>\n<h3>Tipo di evento<\/h3>\n<ul>\n<li>Seminario online<\/li>\n<\/ul>\n<h3 class=\"paragraph\">Ambito di insegnamento<\/h3>\n<p class=\"paragraph\">50 unit\u00e0 didattiche, 10 giorni di lezione, dal luned\u00ec al venerd\u00ec dalle 09:00 alle 13:15.<\/p>\n<h3 class=\"paragraph\">Attrezzatura tecnica necessaria<\/h3>\n<ul>\n<li>PC, laptop o tablet<\/li>\n<li>Cuffia con microfono<\/li>\n<li>Connessione a Internet<\/li>\n<\/ul>\n<h3 class=\"paragraph\">Completamento del corso<\/h3>\n<p class=\"paragraph\">I nostri corsi di lingua intensivi sono generalmente finalizzati al superamento dell&#8217;esame di lingua tedesca B2 del Telc.<\/p>\n<p class=\"paragraph\">Il corso si conclude con un esame ufficiale di lingua telc o specialistico e un certificato di partecipazione.Tuttavia, non c&#8217;\u00e8 alcun obbligo di sostenere uno degli esami se il tuo obiettivo \u00e8 semplicemente quello di migliorare le tue competenze linguistiche. In ogni caso riceverai un certificato di partecipazione.<\/p>\n<p class=\"paragraph\">I tuoi obiettivi sono i nostri obiettivi. Pertanto, i tuoi obiettivi ci indicano la strada per il tuo successo.<\/p>\n<h3 class=\"paragraph\">Registrazione all&#8217;esame<\/h3>\n<p class=\"paragraph\">Se lo desideri, puoi sostenere l&#8217;esame telc &#8211; Deutsch B1\/B2 direttamente presso il nostro centro d&#8217;esame certificato.<\/p>\n<p class=\"paragraph\">Puoi anche iscriverti solo all&#8217;esame.<\/p>\n<p class=\"paragraph\">Se vuoi iscriverti al test di lingua telc presso il nostro centro certificato, clicca <a href=\"https:\/\/internationaleducationcenters.de\/sprachpruefung-telc-deutsch-b2\">qui<\/a>.<\/p>\n<h3 class=\"paragraph\">Promozione<\/h3>\n<p class=\"paragraph\">Siamo un fornitore autorizzato in conformit\u00e0 con l&#8217;AZAV. Le strutture di assistenza e gli ospedali possono beneficiare fino al 100% della legge sulle opportunit\u00e0 di qualificazione. \u00c8 possibile utilizzare anche gli assegni scolastici e il premio per l&#8217;istruzione.Tutte le opportunit\u00e0 di finanziamento sono disponibili<a href=\"https:\/\/internationaleducationcenters.de\/finanzielle-foerderung-fuer-ihre-weiterbildung\">qui<\/a>.<\/p>\n<\/div>\n<\/div>\n<\/div>\n<\/div>\n<\/div>\n<\/div>\n","protected":false},"excerpt":{"rendered":"<p>Migliora le tue conoscenze della lingua tedesca con il corso intensivo online di tedesco B2 e preparati all&#8217;esame Telc.<\/p>\n","protected":false},"featured_media":7464,"comment_status":"closed","ping_status":"closed","template":"","meta":{"_acf_changed":false},"product_brand":[],"product_cat":[274],"product_tag":[386,275],"class_list":{"0":"post-6372","1":"product","2":"type-product","3":"status-publish","4":"has-post-thumbnail","6":"product_cat-corsi-di-preparazione-agli-esami","7":"product_tag-buyoption-direct-it","8":"product_tag-preparazione","10":"first","11":"instock","12":"purchasable","13":"product-type-simple"},"acf":[],"yoast_head":"<!-- This site is optimized with the Yoast SEO Premium plugin v25.9 (Yoast SEO v26.9) - https:\/\/yoast.com\/product\/yoast-seo-premium-wordpress\/ -->\n<title>Corso di preparazione agli esami telc Tedesco B2 Intensivo (Kopie) - International Education Centers<\/title>\n<meta name=\"description\" content=\"Corso intensivo per l\u2019esame telc B2 di tedesco. Lezioni live, simulazioni d\u2019esame e supporto personalizzato per superare l\u2019esame ufficiale con sicurezza.\" \/>\n<meta name=\"robots\" content=\"index, follow, max-snippet:-1, max-image-preview:large, max-video-preview:-1\" \/>\n<link rel=\"canonical\" href=\"https:\/\/internationaleducationcenters.de\/it\/prodotto\/corso-di-preparazione-agli-esami-telc-tedesco-b2-intensivo-kopie\/\" \/>\n<meta property=\"og:locale\" content=\"it_IT\" \/>\n<meta property=\"og:type\" content=\"article\" \/>\n<meta property=\"og:title\" content=\"Corso di preparazione agli esami telc Tedesco B2 Intensivo (Kopie)\" \/>\n<meta property=\"og:description\" content=\"Corso intensivo per l\u2019esame telc B2 di tedesco. Lezioni live, simulazioni d\u2019esame e supporto personalizzato per superare l\u2019esame ufficiale con sicurezza.\" \/>\n<meta property=\"og:url\" content=\"https:\/\/internationaleducationcenters.de\/it\/prodotto\/corso-di-preparazione-agli-esami-telc-tedesco-b2-intensivo-kopie\/\" \/>\n<meta property=\"og:site_name\" content=\"International Education Centers\" \/>\n<meta property=\"article:publisher\" content=\"https:\/\/www.facebook.com\/InternationalEducationCenters\/\" \/>\n<meta property=\"article:modified_time\" content=\"2025-11-26T08:48:09+00:00\" \/>\n<meta property=\"og:image\" content=\"https:\/\/internationaleducationcenters.de\/wp-content\/uploads\/2024\/09\/telc-Deutsch.jpg\" \/>\n\t<meta property=\"og:image:width\" content=\"300\" \/>\n\t<meta property=\"og:image:height\" content=\"200\" \/>\n\t<meta property=\"og:image:type\" content=\"image\/jpeg\" \/>\n<meta name=\"twitter:card\" content=\"summary_large_image\" \/>\n<meta name=\"twitter:label1\" content=\"Prezzo\" \/>\n\t<meta name=\"twitter:data1\" content=\"415,00&nbsp;&euro;\" \/>\n\t<meta name=\"twitter:label2\" content=\"Disponibilit\u00e0\" \/>\n\t<meta name=\"twitter:data2\" content=\"In stock\" \/>\n<script type=\"application\/ld+json\" class=\"yoast-schema-graph\">{\"@context\":\"https:\/\/schema.org\",\"@graph\":[{\"@type\":\"WebPage\",\"@id\":\"https:\/\/internationaleducationcenters.de\/it\/prodotto\/corso-di-preparazione-agli-esami-telc-tedesco-b2-intensivo-kopie\/\",\"url\":\"https:\/\/internationaleducationcenters.de\/it\/prodotto\/corso-di-preparazione-agli-esami-telc-tedesco-b2-intensivo-kopie\/\",\"name\":\"Corso di preparazione agli esami telc Tedesco B2 Intensivo (Kopie) - International Education Centers\",\"isPartOf\":{\"@id\":\"https:\/\/internationaleducationcenters.de\/it\/#website\"},\"primaryImageOfPage\":{\"@id\":\"https:\/\/internationaleducationcenters.de\/it\/prodotto\/corso-di-preparazione-agli-esami-telc-tedesco-b2-intensivo-kopie\/#primaryimage\"},\"image\":{\"@id\":\"https:\/\/internationaleducationcenters.de\/it\/prodotto\/corso-di-preparazione-agli-esami-telc-tedesco-b2-intensivo-kopie\/#primaryimage\"},\"thumbnailUrl\":\"https:\/\/internationaleducationcenters.de\/wp-content\/uploads\/2024\/09\/telc-Deutsch.jpg\",\"datePublished\":\"2024-09-13T16:11:01+00:00\",\"dateModified\":\"2025-11-26T08:48:09+00:00\",\"description\":\"Corso intensivo per l\u2019esame telc B2 di tedesco. Lezioni live, simulazioni d\u2019esame e supporto personalizzato per superare l\u2019esame ufficiale con sicurezza.\",\"breadcrumb\":{\"@id\":\"https:\/\/internationaleducationcenters.de\/it\/prodotto\/corso-di-preparazione-agli-esami-telc-tedesco-b2-intensivo-kopie\/#breadcrumb\"},\"inLanguage\":\"it-IT\",\"potentialAction\":[{\"@type\":\"ReadAction\",\"target\":[\"https:\/\/internationaleducationcenters.de\/it\/prodotto\/corso-di-preparazione-agli-esami-telc-tedesco-b2-intensivo-kopie\/\"]}]},{\"@type\":\"ImageObject\",\"inLanguage\":\"it-IT\",\"@id\":\"https:\/\/internationaleducationcenters.de\/it\/prodotto\/corso-di-preparazione-agli-esami-telc-tedesco-b2-intensivo-kopie\/#primaryimage\",\"url\":\"https:\/\/internationaleducationcenters.de\/wp-content\/uploads\/2024\/09\/telc-Deutsch.jpg\",\"contentUrl\":\"https:\/\/internationaleducationcenters.de\/wp-content\/uploads\/2024\/09\/telc-Deutsch.jpg\",\"width\":300,\"height\":200,\"caption\":\"test leben in Deutschland in Wuppertal mit IEC\"},{\"@type\":\"BreadcrumbList\",\"@id\":\"https:\/\/internationaleducationcenters.de\/it\/prodotto\/corso-di-preparazione-agli-esami-telc-tedesco-b2-intensivo-kopie\/#breadcrumb\",\"itemListElement\":[{\"@type\":\"ListItem\",\"position\":1,\"name\":\"Home\",\"item\":\"https:\/\/internationaleducationcenters.de\/it\/\"},{\"@type\":\"ListItem\",\"position\":2,\"name\":\"Negozio\",\"item\":\"https:\/\/internationaleducationcenters.de\/it\/shop\/\"},{\"@type\":\"ListItem\",\"position\":3,\"name\":\"Corso di preparazione agli esami telc Tedesco B2 Intensivo (Kopie)\"}]},{\"@type\":\"WebSite\",\"@id\":\"https:\/\/internationaleducationcenters.de\/it\/#website\",\"url\":\"https:\/\/internationaleducationcenters.de\/it\/\",\"name\":\"International Education Centers\",\"description\":\"\",\"publisher\":{\"@id\":\"https:\/\/internationaleducationcenters.de\/it\/#organization\"},\"potentialAction\":[{\"@type\":\"SearchAction\",\"target\":{\"@type\":\"EntryPoint\",\"urlTemplate\":\"https:\/\/internationaleducationcenters.de\/it\/?s={search_term_string}\"},\"query-input\":{\"@type\":\"PropertyValueSpecification\",\"valueRequired\":true,\"valueName\":\"search_term_string\"}}],\"inLanguage\":\"it-IT\"},{\"@type\":\"Organization\",\"@id\":\"https:\/\/internationaleducationcenters.de\/it\/#organization\",\"name\":\"International Education Centers\",\"alternateName\":\"IEC\",\"url\":\"https:\/\/internationaleducationcenters.de\/it\/\",\"logo\":{\"@type\":\"ImageObject\",\"inLanguage\":\"it-IT\",\"@id\":\"https:\/\/internationaleducationcenters.de\/it\/#\/schema\/logo\/image\/\",\"url\":\"https:\/\/internationaleducationcenters.de\/wp-content\/uploads\/2025\/08\/IEC_favicon-1.png\",\"contentUrl\":\"https:\/\/internationaleducationcenters.de\/wp-content\/uploads\/2025\/08\/IEC_favicon-1.png\",\"width\":512,\"height\":512,\"caption\":\"International Education Centers\"},\"image\":{\"@id\":\"https:\/\/internationaleducationcenters.de\/it\/#\/schema\/logo\/image\/\"},\"sameAs\":[\"https:\/\/www.facebook.com\/InternationalEducationCenters\/\"]}]}<\/script>\n<meta property=\"product:price:amount\" content=\"415.00\" \/>\n<meta property=\"product:price:currency\" content=\"EUR\" \/>\n<meta property=\"og:availability\" content=\"instock\" \/>\n<meta property=\"product:availability\" content=\"instock\" \/>\n<meta property=\"product:condition\" content=\"new\" \/>\n<!-- \/ Yoast SEO Premium plugin. -->","yoast_head_json":{"title":"Corso di preparazione agli esami telc Tedesco B2 Intensivo (Kopie) - International Education Centers","description":"Corso intensivo per l\u2019esame telc B2 di tedesco. Lezioni live, simulazioni d\u2019esame e supporto personalizzato per superare l\u2019esame ufficiale con sicurezza.","robots":{"index":"index","follow":"follow","max-snippet":"max-snippet:-1","max-image-preview":"max-image-preview:large","max-video-preview":"max-video-preview:-1"},"canonical":"https:\/\/internationaleducationcenters.de\/it\/prodotto\/corso-di-preparazione-agli-esami-telc-tedesco-b2-intensivo-kopie\/","og_locale":"it_IT","og_type":"article","og_title":"Corso di preparazione agli esami telc Tedesco B2 Intensivo (Kopie)","og_description":"Corso intensivo per l\u2019esame telc B2 di tedesco. Lezioni live, simulazioni d\u2019esame e supporto personalizzato per superare l\u2019esame ufficiale con sicurezza.","og_url":"https:\/\/internationaleducationcenters.de\/it\/prodotto\/corso-di-preparazione-agli-esami-telc-tedesco-b2-intensivo-kopie\/","og_site_name":"International Education Centers","article_publisher":"https:\/\/www.facebook.com\/InternationalEducationCenters\/","article_modified_time":"2025-11-26T08:48:09+00:00","og_image":[{"width":300,"height":200,"url":"https:\/\/internationaleducationcenters.de\/wp-content\/uploads\/2024\/09\/telc-Deutsch.jpg","type":"image\/jpeg"}],"twitter_card":"summary_large_image","twitter_misc":{"Prezzo":"415,00&nbsp;&euro;","Disponibilit\u00e0":"In stock"},"schema":{"@context":"https:\/\/schema.org","@graph":[{"@type":"WebPage","@id":"https:\/\/internationaleducationcenters.de\/it\/prodotto\/corso-di-preparazione-agli-esami-telc-tedesco-b2-intensivo-kopie\/","url":"https:\/\/internationaleducationcenters.de\/it\/prodotto\/corso-di-preparazione-agli-esami-telc-tedesco-b2-intensivo-kopie\/","name":"Corso di preparazione agli esami telc Tedesco B2 Intensivo (Kopie) - International Education Centers","isPartOf":{"@id":"https:\/\/internationaleducationcenters.de\/it\/#website"},"primaryImageOfPage":{"@id":"https:\/\/internationaleducationcenters.de\/it\/prodotto\/corso-di-preparazione-agli-esami-telc-tedesco-b2-intensivo-kopie\/#primaryimage"},"image":{"@id":"https:\/\/internationaleducationcenters.de\/it\/prodotto\/corso-di-preparazione-agli-esami-telc-tedesco-b2-intensivo-kopie\/#primaryimage"},"thumbnailUrl":"https:\/\/internationaleducationcenters.de\/wp-content\/uploads\/2024\/09\/telc-Deutsch.jpg","datePublished":"2024-09-13T16:11:01+00:00","dateModified":"2025-11-26T08:48:09+00:00","description":"Corso intensivo per l\u2019esame telc B2 di tedesco. Lezioni live, simulazioni d\u2019esame e supporto personalizzato per superare l\u2019esame ufficiale con sicurezza.","breadcrumb":{"@id":"https:\/\/internationaleducationcenters.de\/it\/prodotto\/corso-di-preparazione-agli-esami-telc-tedesco-b2-intensivo-kopie\/#breadcrumb"},"inLanguage":"it-IT","potentialAction":[{"@type":"ReadAction","target":["https:\/\/internationaleducationcenters.de\/it\/prodotto\/corso-di-preparazione-agli-esami-telc-tedesco-b2-intensivo-kopie\/"]}]},{"@type":"ImageObject","inLanguage":"it-IT","@id":"https:\/\/internationaleducationcenters.de\/it\/prodotto\/corso-di-preparazione-agli-esami-telc-tedesco-b2-intensivo-kopie\/#primaryimage","url":"https:\/\/internationaleducationcenters.de\/wp-content\/uploads\/2024\/09\/telc-Deutsch.jpg","contentUrl":"https:\/\/internationaleducationcenters.de\/wp-content\/uploads\/2024\/09\/telc-Deutsch.jpg","width":300,"height":200,"caption":"test leben in Deutschland in Wuppertal mit IEC"},{"@type":"BreadcrumbList","@id":"https:\/\/internationaleducationcenters.de\/it\/prodotto\/corso-di-preparazione-agli-esami-telc-tedesco-b2-intensivo-kopie\/#breadcrumb","itemListElement":[{"@type":"ListItem","position":1,"name":"Home","item":"https:\/\/internationaleducationcenters.de\/it\/"},{"@type":"ListItem","position":2,"name":"Negozio","item":"https:\/\/internationaleducationcenters.de\/it\/shop\/"},{"@type":"ListItem","position":3,"name":"Corso di preparazione agli esami telc Tedesco B2 Intensivo (Kopie)"}]},{"@type":"WebSite","@id":"https:\/\/internationaleducationcenters.de\/it\/#website","url":"https:\/\/internationaleducationcenters.de\/it\/","name":"International Education Centers","description":"","publisher":{"@id":"https:\/\/internationaleducationcenters.de\/it\/#organization"},"potentialAction":[{"@type":"SearchAction","target":{"@type":"EntryPoint","urlTemplate":"https:\/\/internationaleducationcenters.de\/it\/?s={search_term_string}"},"query-input":{"@type":"PropertyValueSpecification","valueRequired":true,"valueName":"search_term_string"}}],"inLanguage":"it-IT"},{"@type":"Organization","@id":"https:\/\/internationaleducationcenters.de\/it\/#organization","name":"International Education Centers","alternateName":"IEC","url":"https:\/\/internationaleducationcenters.de\/it\/","logo":{"@type":"ImageObject","inLanguage":"it-IT","@id":"https:\/\/internationaleducationcenters.de\/it\/#\/schema\/logo\/image\/","url":"https:\/\/internationaleducationcenters.de\/wp-content\/uploads\/2025\/08\/IEC_favicon-1.png","contentUrl":"https:\/\/internationaleducationcenters.de\/wp-content\/uploads\/2025\/08\/IEC_favicon-1.png","width":512,"height":512,"caption":"International Education Centers"},"image":{"@id":"https:\/\/internationaleducationcenters.de\/it\/#\/schema\/logo\/image\/"},"sameAs":["https:\/\/www.facebook.com\/InternationalEducationCenters\/"]}]},"product_price_amount":"415.00","product_price_currency":"EUR","og_availability":"instock","product_availability":"instock","product_condition":"new"},"_links":{"self":[{"href":"https:\/\/internationaleducationcenters.de\/it\/wp-json\/wp\/v2\/product\/6372","targetHints":{"allow":["GET"]}}],"collection":[{"href":"https:\/\/internationaleducationcenters.de\/it\/wp-json\/wp\/v2\/product"}],"about":[{"href":"https:\/\/internationaleducationcenters.de\/it\/wp-json\/wp\/v2\/types\/product"}],"replies":[{"embeddable":true,"href":"https:\/\/internationaleducationcenters.de\/it\/wp-json\/wp\/v2\/comments?post=6372"}],"version-history":[{"count":1,"href":"https:\/\/internationaleducationcenters.de\/it\/wp-json\/wp\/v2\/product\/6372\/revisions"}],"predecessor-version":[{"id":21178,"href":"https:\/\/internationaleducationcenters.de\/it\/wp-json\/wp\/v2\/product\/6372\/revisions\/21178"}],"wp:featuredmedia":[{"embeddable":true,"href":"https:\/\/internationaleducationcenters.de\/it\/wp-json\/wp\/v2\/media\/7464"}],"wp:attachment":[{"href":"https:\/\/internationaleducationcenters.de\/it\/wp-json\/wp\/v2\/media?parent=6372"}],"wp:term":[{"taxonomy":"product_brand","embeddable":true,"href":"https:\/\/internationaleducationcenters.de\/it\/wp-json\/wp\/v2\/product_brand?post=6372"},{"taxonomy":"product_cat","embeddable":true,"href":"https:\/\/internationaleducationcenters.de\/it\/wp-json\/wp\/v2\/product_cat?post=6372"},{"taxonomy":"product_tag","embeddable":true,"href":"https:\/\/internationaleducationcenters.de\/it\/wp-json\/wp\/v2\/product_tag?post=6372"}],"curies":[{"name":"wp","href":"https:\/\/api.w.org\/{rel}","templated":true}]}}