{"id":18646,"date":"2025-10-09T14:24:31","date_gmt":"2025-10-09T12:24:31","guid":{"rendered":"https:\/\/internationaleducationcenters.de\/sgb-%c2%a716k-uyarinca-makbuz\/"},"modified":"2025-11-03T13:23:54","modified_gmt":"2025-11-03T12:23:54","slug":"sgb-%c2%a716k-uyarinca-makbuz","status":"publish","type":"page","link":"https:\/\/internationaleducationcenters.de\/tr\/sgb-%c2%a716k-uyarinca-makbuz\/","title":{"rendered":"SGB \u00a716k uyar\u0131nca makbuz"},"content":{"rendered":"\t\t<div data-elementor-type=\"wp-page\" data-elementor-id=\"18646\" class=\"elementor elementor-18646 elementor-15500\" data-elementor-post-type=\"page\">\n\t\t\t\t<div class=\"elementor-element elementor-element-021e92d e-flex e-con-boxed e-con e-parent\" data-id=\"021e92d\" data-element_type=\"container\" data-e-type=\"container\" data-settings=\"{&quot;background_background&quot;:&quot;classic&quot;}\">\n\t\t\t\t\t<div class=\"e-con-inner\">\n\t\t\t\t\t<\/div>\n\t\t\t\t<\/div>\n\t\t<div class=\"elementor-element elementor-element-88cf667 e-flex e-con-boxed e-con e-parent\" data-id=\"88cf667\" data-element_type=\"container\" data-e-type=\"container\">\n\t\t\t\t\t<div class=\"e-con-inner\">\n\t\t\t\t<div class=\"elementor-element elementor-element-dfd7687 elementor-widget elementor-widget-heading\" data-id=\"dfd7687\" data-element_type=\"widget\" data-e-type=\"widget\" data-widget_type=\"heading.default\">\n\t\t\t\t<div class=\"elementor-widget-container\">\n\t\t\t\t\t<h2 class=\"elementor-heading-title elementor-size-default\">\u00a716k SGB II uyar\u0131nca kupon <br> Kariyer yolunuz i\u00e7in yeni perspektifler  <\/h2>\t\t\t\t<\/div>\n\t\t\t\t<\/div>\n\t\t\t\t<div class=\"elementor-element elementor-element-61ed8ba elementor-widget elementor-widget-heading\" data-id=\"61ed8ba\" data-element_type=\"widget\" data-e-type=\"widget\" data-widget_type=\"heading.default\">\n\t\t\t\t<div class=\"elementor-widget-container\">\n\t\t\t\t\t<p class=\"elementor-heading-title elementor-size-default\">Mesleki yeterlili\u011fi olmayan veya d\u00fc\u015f\u00fck gelirli ki\u015filer i\u00e7in \u00fccretsiz ko\u00e7luk ve yeterlilik  <\/p>\t\t\t\t<\/div>\n\t\t\t\t<\/div>\n\t\t\t\t<div class=\"elementor-element elementor-element-fc02a1c elementor-widget elementor-widget-text-editor\" data-id=\"fc02a1c\" data-element_type=\"widget\" data-e-type=\"widget\" data-widget_type=\"text-editor.default\">\n\t\t\t\t<div class=\"elementor-widget-container\">\n\t\t\t\t\t\t\t\t\t<p><span data-contrast=\"auto\">Mesleki bir yeterlili\u011finiz yok ya da geliriniz ancak ge\u00e7inmenize yetiyor mu? O zaman \u015fu programla ba\u015flayabilirsiniz   <\/span><b><span data-contrast=\"auto\">\u00a716k kupon<\/span><\/b><span data-contrast=\"auto\"> bireysel ko\u00e7luk, mesleki oryantasyon ve yeterlilik \u00f6nlemleri arac\u0131l\u0131\u011f\u0131yla.<\/span><span data-ccp-props=\"{}\"> <\/span><\/p><p><span data-contrast=\"auto\">Bu destek, daha \u00f6nce i\u015fg\u00fcc\u00fc piyasas\u0131nda \u00e7ok az f\u0131rsat\u0131 olan ve \u015fimdi aktif olarak bir \u015feyleri de\u011fi\u015ftirmek isteyen ki\u015filere y\u00f6neliktir. IEC ile sadece program de\u011fil, ayn\u0131 zamanda yol boyunca ki\u015fisel destek de al\u0131rs\u0131n\u0131z. <\/span><span data-ccp-props=\"{}\"> <\/span><\/p>\t\t\t\t\t\t\t\t<\/div>\n\t\t\t\t<\/div>\n\t\t\t\t\t<\/div>\n\t\t\t\t<\/div>\n\t\t<div class=\"elementor-element elementor-element-6293ff2 e-flex e-con-boxed e-con e-parent\" data-id=\"6293ff2\" data-element_type=\"container\" data-e-type=\"container\">\n\t\t\t\t\t<div class=\"e-con-inner\">\n\t\t\t\t<div class=\"elementor-element elementor-element-5adc6d9 elementor-widget elementor-widget-heading\" data-id=\"5adc6d9\" data-element_type=\"widget\" data-e-type=\"widget\" data-widget_type=\"heading.default\">\n\t\t\t\t<div class=\"elementor-widget-container\">\n\t\t\t\t\t<h4 class=\"elementor-heading-title elementor-size-default\">Neden IEC? \u00c7\u00fcnk\u00fc biz daha fazlas\u0131n\u0131 sunuyoruz. <\/h4>\t\t\t\t<\/div>\n\t\t\t\t<\/div>\n\t\t\t\t<div class=\"elementor-element elementor-element-46cc261 elementor-icon-list--layout-traditional elementor-list-item-link-full_width elementor-widget elementor-widget-icon-list\" data-id=\"46cc261\" data-element_type=\"widget\" data-e-type=\"widget\" data-widget_type=\"icon-list.default\">\n\t\t\t\t<div class=\"elementor-widget-container\">\n\t\t\t\t\t\t\t<ul class=\"elementor-icon-list-items\">\n\t\t\t\t\t\t\t<li class=\"elementor-icon-list-item\">\n\t\t\t\t\t\t\t\t\t\t\t<span class=\"elementor-icon-list-icon\">\n\t\t\t\t\t\t\t<svg aria-hidden=\"true\" class=\"e-font-icon-svg e-fas-check\" viewBox=\"0 0 512 512\" xmlns=\"http:\/\/www.w3.org\/2000\/svg\"><path d=\"M173.898 439.404l-166.4-166.4c-9.997-9.997-9.997-26.206 0-36.204l36.203-36.204c9.997-9.998 26.207-9.998 36.204 0L192 312.69 432.095 72.596c9.997-9.997 26.207-9.997 36.204 0l36.203 36.204c9.997 9.997 9.997 26.206 0 36.204l-294.4 294.401c-9.998 9.997-26.207 9.997-36.204-.001z\"><\/path><\/svg>\t\t\t\t\t\t<\/span>\n\t\t\t\t\t\t\t\t\t\t<span class=\"elementor-icon-list-text\">\u00a716k SGB II uyar\u0131nca onayl\u0131 \u00f6nlemler<\/span>\n\t\t\t\t\t\t\t\t\t<\/li>\n\t\t\t\t\t\t\t\t<li class=\"elementor-icon-list-item\">\n\t\t\t\t\t\t\t\t\t\t\t<span class=\"elementor-icon-list-icon\">\n\t\t\t\t\t\t\t<svg aria-hidden=\"true\" class=\"e-font-icon-svg e-fas-check\" viewBox=\"0 0 512 512\" xmlns=\"http:\/\/www.w3.org\/2000\/svg\"><path d=\"M173.898 439.404l-166.4-166.4c-9.997-9.997-9.997-26.206 0-36.204l36.203-36.204c9.997-9.998 26.207-9.998 36.204 0L192 312.69 432.095 72.596c9.997-9.997 26.207-9.997 36.204 0l36.203 36.204c9.997 9.997 9.997 26.206 0 36.204l-294.4 294.401c-9.998 9.997-26.207 9.997-36.204-.001z\"><\/path><\/svg>\t\t\t\t\t\t<\/span>\n\t\t\t\t\t\t\t\t\t\t<span class=\"elementor-icon-list-text\">Bireysel dan\u0131\u015fmanl\u0131k ve destek<\/span>\n\t\t\t\t\t\t\t\t\t<\/li>\n\t\t\t\t\t\t\t\t<li class=\"elementor-icon-list-item\">\n\t\t\t\t\t\t\t\t\t\t\t<span class=\"elementor-icon-list-icon\">\n\t\t\t\t\t\t\t<svg aria-hidden=\"true\" class=\"e-font-icon-svg e-fas-check\" viewBox=\"0 0 512 512\" xmlns=\"http:\/\/www.w3.org\/2000\/svg\"><path d=\"M173.898 439.404l-166.4-166.4c-9.997-9.997-9.997-26.206 0-36.204l36.203-36.204c9.997-9.998 26.207-9.998 36.204 0L192 312.69 432.095 72.596c9.997-9.997 26.207-9.997 36.204 0l36.203 36.204c9.997 9.997 9.997 26.206 0 36.204l-294.4 294.401c-9.998 9.997-26.207 9.997-36.204-.001z\"><\/path><\/svg>\t\t\t\t\t\t<\/span>\n\t\t\t\t\t\t\t\t\t\t<span class=\"elementor-icon-list-text\">  \u00c7ok dilli destek - g\u00f6\u00e7menlik ge\u00e7mi\u015fi olan ki\u015filer i\u00e7in de<\/span>\n\t\t\t\t\t\t\t\t\t<\/li>\n\t\t\t\t\t\t\t\t<li class=\"elementor-icon-list-item\">\n\t\t\t\t\t\t\t\t\t\t\t<span class=\"elementor-icon-list-icon\">\n\t\t\t\t\t\t\t<svg aria-hidden=\"true\" class=\"e-font-icon-svg e-fas-check\" viewBox=\"0 0 512 512\" xmlns=\"http:\/\/www.w3.org\/2000\/svg\"><path d=\"M173.898 439.404l-166.4-166.4c-9.997-9.997-9.997-26.206 0-36.204l36.203-36.204c9.997-9.998 26.207-9.998 36.204 0L192 312.69 432.095 72.596c9.997-9.997 26.207-9.997 36.204 0l36.203 36.204c9.997 9.997 9.997 26.206 0 36.204l-294.4 294.401c-9.998 9.997-26.207 9.997-36.204-.001z\"><\/path><\/svg>\t\t\t\t\t\t<\/span>\n\t\t\t\t\t\t\t\t\t\t<span class=\"elementor-icon-list-text\">\u00c7evrimi\u00e7i ve yerinde m\u00fcmk\u00fcn<\/span>\n\t\t\t\t\t\t\t\t\t<\/li>\n\t\t\t\t\t\t\t\t<li class=\"elementor-icon-list-item\">\n\t\t\t\t\t\t\t\t\t\t\t<span class=\"elementor-icon-list-icon\">\n\t\t\t\t\t\t\t<svg aria-hidden=\"true\" class=\"e-font-icon-svg e-fas-check\" viewBox=\"0 0 512 512\" xmlns=\"http:\/\/www.w3.org\/2000\/svg\"><path d=\"M173.898 439.404l-166.4-166.4c-9.997-9.997-9.997-26.206 0-36.204l36.203-36.204c9.997-9.998 26.207-9.998 36.204 0L192 312.69 432.095 72.596c9.997-9.997 26.207-9.997 36.204 0l36.203 36.204c9.997 9.997 9.997 26.206 0 36.204l-294.4 294.401c-9.998 9.997-26.207 9.997-36.204-.001z\"><\/path><\/svg>\t\t\t\t\t\t<\/span>\n\t\t\t\t\t\t\t\t\t\t<span class=\"elementor-icon-list-text\">  Sizi anlayan ve g\u00fc\u00e7lendiren motive ekip<\/span>\n\t\t\t\t\t\t\t\t\t<\/li>\n\t\t\t\t\t\t<\/ul>\n\t\t\t\t\t\t<\/div>\n\t\t\t\t<\/div>\n\t\t\t\t\t<\/div>\n\t\t\t\t<\/div>\n\t\t<div class=\"elementor-element elementor-element-a00140b e-flex e-con-boxed e-con e-parent\" data-id=\"a00140b\" data-element_type=\"container\" data-e-type=\"container\">\n\t\t\t\t\t<div class=\"e-con-inner\">\n\t\t\t\t<div class=\"elementor-element elementor-element-fddbc00 elementor-widget elementor-widget-heading\" data-id=\"fddbc00\" data-element_type=\"widget\" data-e-type=\"widget\" data-widget_type=\"heading.default\">\n\t\t\t\t<div class=\"elementor-widget-container\">\n\t\t\t\t\t<h4 class=\"elementor-heading-title elementor-size-default\">  \u00a716k kuponu nedir?<\/h4>\t\t\t\t<\/div>\n\t\t\t\t<\/div>\n\t\t\t\t<div class=\"elementor-element elementor-element-6e7f169 elementor-widget elementor-widget-text-editor\" data-id=\"6e7f169\" data-element_type=\"widget\" data-e-type=\"widget\" data-widget_type=\"text-editor.default\">\n\t\t\t\t<div class=\"elementor-widget-container\">\n\t\t\t\t\t\t\t\t\t<p><span data-contrast=\"auto\">Buna g\u00f6re kupon <\/span><b><span data-contrast=\"auto\">\u00a716k SGB II<\/span><\/b><span data-contrast=\"auto\"> i\u015f merkezinin insanlar i\u00e7in bir destek \u00f6nlemidir:<\/span><span data-ccp-props=\"{}\"> <\/span><\/p><ul><li aria-setsize=\"-1\" data-leveltext=\"\uf0b7\" data-font=\"Symbol\" data-listid=\"2\" data-list-defn-props=\"{\"335552541\":1,\"335559685\":720,\"335559991\":360,\"469769226\":\"Symbol\",\"469769242\":[8226],\"469777803\":\"left\",\"469777804\":\"\uf0b7\",\"469777815\":\"multilevel\"}\" data-aria-posinset=\"1\" data-aria-level=\"1\"><span data-contrast=\"auto\">mesleki e\u011fitimini tamamlamam\u0131\u015f<\/span><span data-ccp-props=\"{}\"> <\/span><\/li><\/ul><ul><li aria-setsize=\"-1\" data-leveltext=\"\uf0b7\" data-font=\"Symbol\" data-listid=\"2\" data-list-defn-props=\"{\"335552541\":1,\"335559685\":720,\"335559991\":360,\"469769226\":\"Symbol\",\"469769242\":[8226],\"469777803\":\"left\",\"469777804\":\"\uf0b7\",\"469777815\":\"multilevel\"}\" data-aria-posinset=\"2\" data-aria-level=\"1\"><span data-contrast=\"auto\">d\u00fc\u015f\u00fck gelirli<\/span><span data-ccp-props=\"{}\"> <\/span><\/li><\/ul><ul><li aria-setsize=\"-1\" data-leveltext=\"\uf0b7\" data-font=\"Symbol\" data-listid=\"2\" data-list-defn-props=\"{\"335552541\":1,\"335559685\":720,\"335559991\":360,\"469769226\":\"Symbol\",\"469769242\":[8226],\"469777803\":\"left\",\"469777804\":\"\uf0b7\",\"469777815\":\"multilevel\"}\" data-aria-posinset=\"3\" data-aria-level=\"1\"><span data-contrast=\"auto\">i\u015fg\u00fcc\u00fc piyasas\u0131na eri\u015fimi zor olan<\/span><span data-ccp-props=\"{}\"> <\/span><\/li><\/ul><p><span data-contrast=\"auto\">Ama\u00e7, ko\u00e7luk ve e\u011fitim yoluyla yeni kariyer olanaklar\u0131 yaratmakt\u0131r &#8211; ki\u015fiselle\u015ftirilmi\u015f, pratik ve \u00fccretsiz.<\/span><span data-ccp-props=\"{}\"> <\/span><\/p>\t\t\t\t\t\t\t\t<\/div>\n\t\t\t\t<\/div>\n\t\t\t\t<div class=\"elementor-element elementor-element-c8efb7d elementor-widget elementor-widget-text-editor\" data-id=\"c8efb7d\" data-element_type=\"widget\" data-e-type=\"widget\" data-widget_type=\"text-editor.default\">\n\t\t\t\t<div class=\"elementor-widget-container\">\n\t\t\t\t\t\t\t\t\t<p><b><span data-contrast=\"auto\">Nas\u0131l \u00e7al\u0131\u015f\u0131r &#8211; ad\u0131m ad\u0131m<\/span><\/b><span data-ccp-props=\"{}\"> <\/span><\/p><p> <\/p><p><b><span data-contrast=\"auto\">  1. \u0130\u015f bulma merkezinde dan\u0131\u015fmanl\u0131k<\/span><\/b><span data-ccp-props=\"{}\"> <\/span><\/p><p><span data-contrast=\"auto\">\u0130\u015f merkezinden bir randevu al\u0131n ve mesleki durumunuz hakk\u0131nda konu\u015fun. Finansman i\u00e7in uygun olup olmad\u0131\u011f\u0131n\u0131z\u0131 kontrol edeceklerdir. <\/span><span data-ccp-props=\"{}\"> <\/span><\/p><p><span data-ccp-props=\"{}\"> <\/span><\/p><p><b><span data-contrast=\"auto\">  2. kupon al\u0131nd\u0131<\/span><\/b><span data-ccp-props=\"{}\"> <\/span><\/p><p><span data-contrast=\"auto\">\u015eartlar\u0131 yerine getirdi\u011finiz takdirde, \u00a716k SGB II uyar\u0131nca makbuzu yaz\u0131l\u0131 veya dijital olarak alacaks\u0131n\u0131z.<\/span><span data-ccp-props=\"{}\"> <\/span><\/p><p><span data-ccp-props=\"{}\"> <\/span><\/p><p><b><span data-contrast=\"auto\">  3. eylemi ba\u015flat\u0131n<\/span><\/b><span data-ccp-props=\"{}\"> <\/span><\/p><p><span data-contrast=\"auto\">Kuponu IEC&#8217;de bir ko\u00e7luk veya yeterlilik program\u0131na ba\u015flamak i\u00e7in kullanabilirsiniz &#8211; sizin i\u00e7in tamamen \u00fccretsiz.<\/span><span data-ccp-props=\"{}\"> <\/span><\/p><p><span data-ccp-props=\"{}\"> <\/span><\/p><p><b><span data-contrast=\"auto\">  IEC&#8217;de pop\u00fcler \u00f6nlemler<\/span><\/b><span data-ccp-props=\"{}\"> <\/span><\/p><ul><li aria-setsize=\"-1\" data-leveltext=\"\uf0b7\" data-font=\"Symbol\" data-listid=\"3\" data-list-defn-props=\"{\"335552541\":1,\"335559685\":720,\"335559991\":360,\"469769226\":\"Symbol\",\"469769242\":[8226],\"469777803\":\"left\",\"469777804\":\"\uf0b7\",\"469777815\":\"multilevel\"}\" data-aria-posinset=\"1\" data-aria-level=\"1\"><span data-contrast=\"auto\">Profesyonel ko\u00e7luk<\/span><span data-ccp-props=\"{}\"> <\/span><\/li><\/ul><ul><li aria-setsize=\"-1\" data-leveltext=\"\uf0b7\" data-font=\"Symbol\" data-listid=\"3\" data-list-defn-props=\"{\"335552541\":1,\"335559685\":720,\"335559991\":360,\"469769226\":\"Symbol\",\"469769242\":[8226],\"469777803\":\"left\",\"469777804\":\"\uf0b7\",\"469777815\":\"multilevel\"}\" data-aria-posinset=\"2\" data-aria-level=\"1\"><span data-contrast=\"auto\">\u0130\u015f ba\u015fvuru e\u011fitimi<\/span><span data-ccp-props=\"{}\"> <\/span><\/li><\/ul><ul><li aria-setsize=\"-1\" data-leveltext=\"\uf0b7\" data-font=\"Symbol\" data-listid=\"3\" data-list-defn-props=\"{\"335552541\":1,\"335559685\":720,\"335559991\":360,\"469769226\":\"Symbol\",\"469769242\":[8226],\"469777803\":\"left\",\"469777804\":\"\uf0b7\",\"469777815\":\"multilevel\"}\" data-aria-posinset=\"3\" data-aria-level=\"1\"><span data-contrast=\"auto\">Dil deste\u011fi<\/span><span data-ccp-props=\"{}\"> <\/span><\/li><\/ul><ul><li aria-setsize=\"-1\" data-leveltext=\"\uf0b7\" data-font=\"Symbol\" data-listid=\"3\" data-list-defn-props=\"{\"335552541\":1,\"335559685\":720,\"335559991\":360,\"469769226\":\"Symbol\",\"469769242\":[8226],\"469777803\":\"left\",\"469777804\":\"\uf0b7\",\"469777815\":\"multilevel\"}\" data-aria-posinset=\"4\" data-aria-level=\"1\"><span data-contrast=\"auto\">Temel dijital beceriler<\/span> <br><span data-contrast=\"auto\">\ud83d\udc49<\/span><span data-contrast=\"auto\"> T\u00fcm \u00a716k \u00f6nlemlerini g\u00f6r\u00fcnt\u00fcleyin<\/span><\/li><\/ul>\t\t\t\t\t\t\t\t<\/div>\n\t\t\t\t<\/div>\n\t\t\t\t\t<\/div>\n\t\t\t\t<\/div>\n\t\t<div class=\"elementor-element elementor-element-baac2f9 e-flex e-con-boxed e-con e-parent\" data-id=\"baac2f9\" data-element_type=\"container\" data-e-type=\"container\" data-settings=\"{&quot;background_background&quot;:&quot;gradient&quot;}\">\n\t\t\t\t\t<div class=\"e-con-inner\">\n\t\t\t\t<div class=\"elementor-element elementor-element-7c161e4 elementor-widget elementor-widget-heading\" data-id=\"7c161e4\" data-element_type=\"widget\" data-e-type=\"widget\" data-widget_type=\"heading.default\">\n\t\t\t\t<div class=\"elementor-widget-container\">\n\t\t\t\t\t<h3 class=\"elementor-heading-title elementor-size-default\">\u015eimdi tavsiye al\u0131n - \u00fccretsiz ve y\u00fck\u00fcml\u00fcl\u00fck alt\u0131na girmeden<\/h3>\t\t\t\t<\/div>\n\t\t\t\t<\/div>\n\t\t\t\t<div class=\"elementor-element elementor-element-5b566d9 elementor-widget elementor-widget-text-editor\" data-id=\"5b566d9\" data-element_type=\"widget\" data-e-type=\"widget\" data-widget_type=\"text-editor.default\">\n\t\t\t\t<div class=\"elementor-widget-container\">\n\t\t\t\t\t\t\t\t\t<p><span class=\"TextRun SCXW27119083 BCX8\" lang=\"DE-DE\" xml:lang=\"DE-DE\" data-contrast=\"auto\"><span class=\"NormalTextRun SCXW27119083 BCX8\">Ekibimiz, ba\u015fvurudan ba\u015far\u0131l\u0131 bir kat\u0131l\u0131ma kadar her ad\u0131mda size yard\u0131mc\u0131 olacakt\u0131r<\/span><\/span><\/p>\t\t\t\t\t\t\t\t<\/div>\n\t\t\t\t<\/div>\n\t\t\t\t<div class=\"elementor-element elementor-element-8ddbee9 elementor-align-center elementor-widget elementor-widget-button\" data-id=\"8ddbee9\" data-element_type=\"widget\" data-e-type=\"widget\" data-widget_type=\"button.default\">\n\t\t\t\t<div class=\"elementor-widget-container\">\n\t\t\t\t\t\t\t\t\t<div class=\"elementor-button-wrapper\">\n\t\t\t\t\t<a class=\"elementor-button elementor-button-link elementor-size-sm\" href=\"#elementor-action%3Aaction%3Dpopup%3Aopen%26settings%3DeyJpZCI6MTk3NDUsInRvZ2dsZSI6ZmFsc2V9\">\n\t\t\t\t\t\t<span class=\"elementor-button-content-wrapper\">\n\t\t\t\t\t\t\t\t\t<span class=\"elementor-button-text\">Hemen tavsiye al\u0131n!<\/span>\n\t\t\t\t\t<\/span>\n\t\t\t\t\t<\/a>\n\t\t\t\t<\/div>\n\t\t\t\t\t\t\t\t<\/div>\n\t\t\t\t<\/div>\n\t\t\t\t\t<\/div>\n\t\t\t\t<\/div>\n\t\t\t\t<\/div>\n\t\t","protected":false},"excerpt":{"rendered":"<p>\u00a716k SGB II uyar\u0131nca kupon Kariyer yolunuz i\u00e7in yeni perspektifler Mesleki yeterlili\u011fi olmayan veya d\u00fc\u015f\u00fck gelirli ki\u015filer i\u00e7in \u00fccretsiz ko\u00e7luk ve yeterlilik Mesleki bir yeterlili\u011finiz yok ya da geliriniz ancak ge\u00e7inmenize yetiyor mu? O zaman \u015fu programla ba\u015flayabilirsiniz \u00a716k kupon bireysel ko\u00e7luk, mesleki oryantasyon ve yeterlilik \u00f6nlemleri arac\u0131l\u0131\u011f\u0131yla. Bu destek, daha \u00f6nce i\u015fg\u00fcc\u00fc piyasas\u0131nda \u00e7ok [&hellip;]<\/p>\n","protected":false},"author":77,"featured_media":0,"parent":0,"menu_order":0,"comment_status":"closed","ping_status":"closed","template":"","meta":{"_acf_changed":false,"footnotes":""},"class_list":["post-18646","page","type-page","status-publish","hentry"],"acf":[],"yoast_head":"<!-- This site is optimized with the Yoast SEO Premium plugin v25.9 (Yoast SEO v26.9) - https:\/\/yoast.com\/product\/yoast-seo-premium-wordpress\/ -->\n<title>SGB \u00a716k uyar\u0131nca makbuz - International Education Centers<\/title>\n<meta name=\"description\" content=\"Wuppertal&#039;de \u00a716k SGB uyar\u0131nca s\u00fcbvansiyonlu ko\u00e7luk i\u00e7in kuponunuzu kullan\u0131n. IEC ekibi ba\u015fvurunuzda ve dan\u0131\u015fmanl\u0131k hizmetinde size destek olacakt\u0131r.\" \/>\n<meta name=\"robots\" content=\"index, follow, max-snippet:-1, max-image-preview:large, max-video-preview:-1\" \/>\n<link rel=\"canonical\" href=\"https:\/\/internationaleducationcenters.de\/tr\/sgb-%c2%a716k-uyarinca-makbuz\/\" \/>\n<meta property=\"og:locale\" content=\"tr_TR\" \/>\n<meta property=\"og:type\" content=\"article\" \/>\n<meta property=\"og:title\" content=\"SGB \u00a716k uyar\u0131nca makbuz\" \/>\n<meta property=\"og:description\" content=\"Wuppertal&#039;de \u00a716k SGB uyar\u0131nca s\u00fcbvansiyonlu ko\u00e7luk i\u00e7in kuponunuzu kullan\u0131n. IEC ekibi ba\u015fvurunuzda ve dan\u0131\u015fmanl\u0131k hizmetinde size destek olacakt\u0131r.\" \/>\n<meta property=\"og:url\" content=\"https:\/\/internationaleducationcenters.de\/tr\/sgb-%c2%a716k-uyarinca-makbuz\/\" \/>\n<meta property=\"og:site_name\" content=\"International Education Centers\" \/>\n<meta property=\"article:publisher\" content=\"https:\/\/www.facebook.com\/InternationalEducationCenters\/\" \/>\n<meta property=\"article:modified_time\" content=\"2025-11-03T12:23:54+00:00\" \/>\n<meta name=\"twitter:card\" content=\"summary_large_image\" \/>\n<meta name=\"twitter:label1\" content=\"Tahmini okuma s\u00fcresi\" \/>\n\t<meta name=\"twitter:data1\" content=\"2 dakika\" \/>\n<script type=\"application\/ld+json\" class=\"yoast-schema-graph\">{\"@context\":\"https:\/\/schema.org\",\"@graph\":[{\"@type\":\"WebPage\",\"@id\":\"https:\/\/internationaleducationcenters.de\/tr\/sgb-%c2%a716k-uyarinca-makbuz\/\",\"url\":\"https:\/\/internationaleducationcenters.de\/tr\/sgb-%c2%a716k-uyarinca-makbuz\/\",\"name\":\"SGB \u00a716k uyar\u0131nca makbuz - International Education Centers\",\"isPartOf\":{\"@id\":\"https:\/\/internationaleducationcenters.de\/tr\/#website\"},\"datePublished\":\"2025-10-09T12:24:31+00:00\",\"dateModified\":\"2025-11-03T12:23:54+00:00\",\"description\":\"Wuppertal'de \u00a716k SGB uyar\u0131nca s\u00fcbvansiyonlu ko\u00e7luk i\u00e7in kuponunuzu kullan\u0131n. IEC ekibi ba\u015fvurunuzda ve dan\u0131\u015fmanl\u0131k hizmetinde size destek olacakt\u0131r.\",\"breadcrumb\":{\"@id\":\"https:\/\/internationaleducationcenters.de\/tr\/sgb-%c2%a716k-uyarinca-makbuz\/#breadcrumb\"},\"inLanguage\":\"tr\",\"potentialAction\":[{\"@type\":\"ReadAction\",\"target\":[\"https:\/\/internationaleducationcenters.de\/tr\/sgb-%c2%a716k-uyarinca-makbuz\/\"]}]},{\"@type\":\"BreadcrumbList\",\"@id\":\"https:\/\/internationaleducationcenters.de\/tr\/sgb-%c2%a716k-uyarinca-makbuz\/#breadcrumb\",\"itemListElement\":[{\"@type\":\"ListItem\",\"position\":1,\"name\":\"Home\",\"item\":\"https:\/\/internationaleducationcenters.de\/tr\/\"},{\"@type\":\"ListItem\",\"position\":2,\"name\":\"SGB \u00a716k uyar\u0131nca makbuz\"}]},{\"@type\":\"WebSite\",\"@id\":\"https:\/\/internationaleducationcenters.de\/tr\/#website\",\"url\":\"https:\/\/internationaleducationcenters.de\/tr\/\",\"name\":\"International Education Centers\",\"description\":\"\",\"publisher\":{\"@id\":\"https:\/\/internationaleducationcenters.de\/tr\/#organization\"},\"potentialAction\":[{\"@type\":\"SearchAction\",\"target\":{\"@type\":\"EntryPoint\",\"urlTemplate\":\"https:\/\/internationaleducationcenters.de\/tr\/?s={search_term_string}\"},\"query-input\":{\"@type\":\"PropertyValueSpecification\",\"valueRequired\":true,\"valueName\":\"search_term_string\"}}],\"inLanguage\":\"tr\"},{\"@type\":\"Organization\",\"@id\":\"https:\/\/internationaleducationcenters.de\/tr\/#organization\",\"name\":\"International Education Centers\",\"alternateName\":\"IEC\",\"url\":\"https:\/\/internationaleducationcenters.de\/tr\/\",\"logo\":{\"@type\":\"ImageObject\",\"inLanguage\":\"tr\",\"@id\":\"https:\/\/internationaleducationcenters.de\/tr\/#\/schema\/logo\/image\/\",\"url\":\"https:\/\/internationaleducationcenters.de\/wp-content\/uploads\/2025\/08\/IEC_favicon-1.png\",\"contentUrl\":\"https:\/\/internationaleducationcenters.de\/wp-content\/uploads\/2025\/08\/IEC_favicon-1.png\",\"width\":512,\"height\":512,\"caption\":\"International Education Centers\"},\"image\":{\"@id\":\"https:\/\/internationaleducationcenters.de\/tr\/#\/schema\/logo\/image\/\"},\"sameAs\":[\"https:\/\/www.facebook.com\/InternationalEducationCenters\/\"]}]}<\/script>\n<!-- \/ Yoast SEO Premium plugin. -->","yoast_head_json":{"title":"SGB \u00a716k uyar\u0131nca makbuz - International Education Centers","description":"Wuppertal'de \u00a716k SGB uyar\u0131nca s\u00fcbvansiyonlu ko\u00e7luk i\u00e7in kuponunuzu kullan\u0131n. IEC ekibi ba\u015fvurunuzda ve dan\u0131\u015fmanl\u0131k hizmetinde size destek olacakt\u0131r.","robots":{"index":"index","follow":"follow","max-snippet":"max-snippet:-1","max-image-preview":"max-image-preview:large","max-video-preview":"max-video-preview:-1"},"canonical":"https:\/\/internationaleducationcenters.de\/tr\/sgb-%c2%a716k-uyarinca-makbuz\/","og_locale":"tr_TR","og_type":"article","og_title":"SGB \u00a716k uyar\u0131nca makbuz","og_description":"Wuppertal'de \u00a716k SGB uyar\u0131nca s\u00fcbvansiyonlu ko\u00e7luk i\u00e7in kuponunuzu kullan\u0131n. IEC ekibi ba\u015fvurunuzda ve dan\u0131\u015fmanl\u0131k hizmetinde size destek olacakt\u0131r.","og_url":"https:\/\/internationaleducationcenters.de\/tr\/sgb-%c2%a716k-uyarinca-makbuz\/","og_site_name":"International Education Centers","article_publisher":"https:\/\/www.facebook.com\/InternationalEducationCenters\/","article_modified_time":"2025-11-03T12:23:54+00:00","twitter_card":"summary_large_image","twitter_misc":{"Tahmini okuma s\u00fcresi":"2 dakika"},"schema":{"@context":"https:\/\/schema.org","@graph":[{"@type":"WebPage","@id":"https:\/\/internationaleducationcenters.de\/tr\/sgb-%c2%a716k-uyarinca-makbuz\/","url":"https:\/\/internationaleducationcenters.de\/tr\/sgb-%c2%a716k-uyarinca-makbuz\/","name":"SGB \u00a716k uyar\u0131nca makbuz - International Education Centers","isPartOf":{"@id":"https:\/\/internationaleducationcenters.de\/tr\/#website"},"datePublished":"2025-10-09T12:24:31+00:00","dateModified":"2025-11-03T12:23:54+00:00","description":"Wuppertal'de \u00a716k SGB uyar\u0131nca s\u00fcbvansiyonlu ko\u00e7luk i\u00e7in kuponunuzu kullan\u0131n. IEC ekibi ba\u015fvurunuzda ve dan\u0131\u015fmanl\u0131k hizmetinde size destek olacakt\u0131r.","breadcrumb":{"@id":"https:\/\/internationaleducationcenters.de\/tr\/sgb-%c2%a716k-uyarinca-makbuz\/#breadcrumb"},"inLanguage":"tr","potentialAction":[{"@type":"ReadAction","target":["https:\/\/internationaleducationcenters.de\/tr\/sgb-%c2%a716k-uyarinca-makbuz\/"]}]},{"@type":"BreadcrumbList","@id":"https:\/\/internationaleducationcenters.de\/tr\/sgb-%c2%a716k-uyarinca-makbuz\/#breadcrumb","itemListElement":[{"@type":"ListItem","position":1,"name":"Home","item":"https:\/\/internationaleducationcenters.de\/tr\/"},{"@type":"ListItem","position":2,"name":"SGB \u00a716k uyar\u0131nca makbuz"}]},{"@type":"WebSite","@id":"https:\/\/internationaleducationcenters.de\/tr\/#website","url":"https:\/\/internationaleducationcenters.de\/tr\/","name":"International Education Centers","description":"","publisher":{"@id":"https:\/\/internationaleducationcenters.de\/tr\/#organization"},"potentialAction":[{"@type":"SearchAction","target":{"@type":"EntryPoint","urlTemplate":"https:\/\/internationaleducationcenters.de\/tr\/?s={search_term_string}"},"query-input":{"@type":"PropertyValueSpecification","valueRequired":true,"valueName":"search_term_string"}}],"inLanguage":"tr"},{"@type":"Organization","@id":"https:\/\/internationaleducationcenters.de\/tr\/#organization","name":"International Education Centers","alternateName":"IEC","url":"https:\/\/internationaleducationcenters.de\/tr\/","logo":{"@type":"ImageObject","inLanguage":"tr","@id":"https:\/\/internationaleducationcenters.de\/tr\/#\/schema\/logo\/image\/","url":"https:\/\/internationaleducationcenters.de\/wp-content\/uploads\/2025\/08\/IEC_favicon-1.png","contentUrl":"https:\/\/internationaleducationcenters.de\/wp-content\/uploads\/2025\/08\/IEC_favicon-1.png","width":512,"height":512,"caption":"International Education Centers"},"image":{"@id":"https:\/\/internationaleducationcenters.de\/tr\/#\/schema\/logo\/image\/"},"sameAs":["https:\/\/www.facebook.com\/InternationalEducationCenters\/"]}]}},"_links":{"self":[{"href":"https:\/\/internationaleducationcenters.de\/tr\/wp-json\/wp\/v2\/pages\/18646","targetHints":{"allow":["GET"]}}],"collection":[{"href":"https:\/\/internationaleducationcenters.de\/tr\/wp-json\/wp\/v2\/pages"}],"about":[{"href":"https:\/\/internationaleducationcenters.de\/tr\/wp-json\/wp\/v2\/types\/page"}],"author":[{"embeddable":true,"href":"https:\/\/internationaleducationcenters.de\/tr\/wp-json\/wp\/v2\/users\/77"}],"replies":[{"embeddable":true,"href":"https:\/\/internationaleducationcenters.de\/tr\/wp-json\/wp\/v2\/comments?post=18646"}],"version-history":[{"count":1,"href":"https:\/\/internationaleducationcenters.de\/tr\/wp-json\/wp\/v2\/pages\/18646\/revisions"}],"predecessor-version":[{"id":18648,"href":"https:\/\/internationaleducationcenters.de\/tr\/wp-json\/wp\/v2\/pages\/18646\/revisions\/18648"}],"wp:attachment":[{"href":"https:\/\/internationaleducationcenters.de\/tr\/wp-json\/wp\/v2\/media?parent=18646"}],"curies":[{"name":"wp","href":"https:\/\/api.w.org\/{rel}","templated":true}]}}