{"id":18715,"date":"2025-10-09T10:39:53","date_gmt":"2025-10-09T08:39:53","guid":{"rendered":"https:\/\/internationaleducationcenters.de\/aktivasyon-ve-yerlestirme-ceki-avgs\/"},"modified":"2025-11-03T13:24:26","modified_gmt":"2025-11-03T12:24:26","slug":"aktivasyon-ve-yerlestirme-ceki-avgs","status":"publish","type":"page","link":"https:\/\/internationaleducationcenters.de\/tr\/aktivasyon-ve-yerlestirme-ceki-avgs\/","title":{"rendered":"Aktivasyon ve yerle\u015ftirme \u00e7eki (AVGS)"},"content":{"rendered":"\t\t<div data-elementor-type=\"wp-page\" data-elementor-id=\"18715\" class=\"elementor elementor-18715 elementor-15352\" data-elementor-post-type=\"page\">\n\t\t\t\t<div class=\"elementor-element elementor-element-be8be0d e-flex e-con-boxed e-con e-parent\" data-id=\"be8be0d\" data-element_type=\"container\" data-e-type=\"container\" data-settings=\"{&quot;background_background&quot;:&quot;classic&quot;}\">\n\t\t\t\t\t<div class=\"e-con-inner\">\n\t\t\t\t\t<\/div>\n\t\t\t\t<\/div>\n\t\t<div class=\"elementor-element elementor-element-54e39c2 e-flex e-con-boxed e-con e-parent\" data-id=\"54e39c2\" data-element_type=\"container\" data-e-type=\"container\">\n\t\t\t\t\t<div class=\"e-con-inner\">\n\t\t\t\t<div class=\"elementor-element elementor-element-8c614d4 elementor-widget elementor-widget-spacer\" data-id=\"8c614d4\" data-element_type=\"widget\" data-e-type=\"widget\" data-widget_type=\"spacer.default\">\n\t\t\t\t<div class=\"elementor-widget-container\">\n\t\t\t\t\t\t\t<div class=\"elementor-spacer\">\n\t\t\t<div class=\"elementor-spacer-inner\"><\/div>\n\t\t<\/div>\n\t\t\t\t\t\t<\/div>\n\t\t\t\t<\/div>\n\t\t\t\t<div class=\"elementor-element elementor-element-dcee13f elementor-widget elementor-widget-heading\" data-id=\"dcee13f\" data-element_type=\"widget\" data-e-type=\"widget\" data-widget_type=\"heading.default\">\n\t\t\t\t<div class=\"elementor-widget-container\">\n\t\t\t\t\t<h2 class=\"elementor-heading-title elementor-size-default\">Aktivasyon ve yerle\u015ftirme kuponu (AVGS) <br> Yeni bir i\u015fe giden yolunuz  <\/h2>\t\t\t\t<\/div>\n\t\t\t\t<\/div>\n\t\t\t\t<div class=\"elementor-element elementor-element-8313485 elementor-widget elementor-widget-heading\" data-id=\"8313485\" data-element_type=\"widget\" data-e-type=\"widget\" data-widget_type=\"heading.default\">\n\t\t\t\t<div class=\"elementor-widget-container\">\n\t\t\t\t\t<h3 class=\"elementor-heading-title elementor-size-default\">\u00dccretsiz ileri e\u011fitim veya ko\u00e7luk - yan\u0131n\u0131zda IEC ile  <\/h3>\t\t\t\t<\/div>\n\t\t\t\t<\/div>\n\t\t\t\t<div class=\"elementor-element elementor-element-01abcbb elementor-widget elementor-widget-text-editor\" data-id=\"01abcbb\" data-element_type=\"widget\" data-e-type=\"widget\" data-widget_type=\"text-editor.default\">\n\t\t\t\t<div class=\"elementor-widget-container\">\n\t\t\t\t\t\t\t\t\t<p><span data-contrast=\"auto\">Aktivasyon ve Yerle\u015ftirme Makbuzu (AVGS), a\u015fa\u011f\u0131daki h\u00fck\u00fcmler uyar\u0131nca bir devlet destek tedbiridir<\/span><span data-contrast=\"auto\"><\/span><span data-contrast=\"auto\">45 SGB III, size hi\u00e7bir \u00fccret \u00f6demeden yeni kariyer olanaklar\u0131n\u0131n kap\u0131lar\u0131n\u0131 a\u00e7ar. E\u011fer i\u015f arayan biriyseniz ya da i\u015fsizseniz, genel olarak AVGS alma hakk\u0131n\u0131z vard\u0131r. Bu size \u015funlar\u0131 sa\u011flar:  <\/span><span data-ccp-props=\"{}\"> <\/span><\/p><p> <\/p><ul><li aria-setsize=\"-1\" data-leveltext=\"\uf0b7\" data-font=\"Symbol\" data-listid=\"1\" data-list-defn-props=\"{\"335552541\":1,\"335559685\":720,\"335559991\":360,\"469769226\":\"Symbol\",\"469769242\":[8226],\"469777803\":\"left\",\"469777804\":\"\uf0b7\",\"469777815\":\"multilevel\"}\" data-aria-posinset=\"1\" data-aria-level=\"1\"><span data-contrast=\"auto\">bireysel bir ko\u00e7luk program\u0131n\u0131 tamamlamak (\u00f6rn.<\/span><span data-contrast=\"auto\"><span data-contrast=\"auto\">\u00f6rn. uygulama e\u011fitimi, kariyer planlama)<\/span><\/span><span data-ccp-props=\"{}\"> <\/span><\/li><li aria-setsize=\"-1\" data-leveltext=\"\uf0b7\" data-font=\"Symbol\" data-listid=\"1\" data-list-defn-props=\"{\"335552541\":1,\"335559685\":720,\"335559991\":360,\"469769226\":\"Symbol\",\"469769242\":[8226],\"469777803\":\"left\",\"469777804\":\"\uf0b7\",\"469777815\":\"multilevel\"}\" data-aria-posinset=\"2\" data-aria-level=\"1\"><span data-contrast=\"auto\">Yeni uzmanl\u0131klar edinmek i\u00e7in ileri e\u011fitime ba\u015flay\u0131n<\/span><span data-ccp-props=\"{}\"> <\/span><\/li><\/ul><p><span data-contrast=\"auto\">\ud83d\udc49<\/span><span data-contrast=\"auto\"> Ve en iyisi de \u015fu: IEC&#8217;de sadece program\u0131 almakla kalmazs\u0131n\u0131z &#8211; ayn\u0131 zamanda ki\u015fisel tavsiye, ger\u00e7ek destek ve hedefinize giden yolda size e\u015flik edecek motive bir ekip de al\u0131rs\u0131n\u0131z.<\/span><span data-ccp-props=\"{}\"> <\/span><\/p>\t\t\t\t\t\t\t\t<\/div>\n\t\t\t\t<\/div>\n\t\t\t\t\t<\/div>\n\t\t\t\t<\/div>\n\t\t<div class=\"elementor-element elementor-element-542604a e-flex e-con-boxed e-con e-parent\" data-id=\"542604a\" data-element_type=\"container\" data-e-type=\"container\">\n\t\t\t\t\t<div class=\"e-con-inner\">\n\t\t\t\t<div class=\"elementor-element elementor-element-1933fa6 elementor-widget elementor-widget-heading\" data-id=\"1933fa6\" data-element_type=\"widget\" data-e-type=\"widget\" data-widget_type=\"heading.default\">\n\t\t\t\t<div class=\"elementor-widget-container\">\n\t\t\t\t\t<h4 class=\"elementor-heading-title elementor-size-default\">  Neden IEC? \u00c7\u00fcnk\u00fc biz daha fazlas\u0131n\u0131 sunuyoruz. <\/h4>\t\t\t\t<\/div>\n\t\t\t\t<\/div>\n\t\t\t\t<div class=\"elementor-element elementor-element-ed71bf6 elementor-icon-list--layout-traditional elementor-list-item-link-full_width elementor-widget elementor-widget-icon-list\" data-id=\"ed71bf6\" data-element_type=\"widget\" data-e-type=\"widget\" data-widget_type=\"icon-list.default\">\n\t\t\t\t<div class=\"elementor-widget-container\">\n\t\t\t\t\t\t\t<ul class=\"elementor-icon-list-items\">\n\t\t\t\t\t\t\t<li class=\"elementor-icon-list-item\">\n\t\t\t\t\t\t\t\t\t\t\t<span class=\"elementor-icon-list-icon\">\n\t\t\t\t\t\t\t<svg aria-hidden=\"true\" class=\"e-font-icon-svg e-fas-check\" viewBox=\"0 0 512 512\" xmlns=\"http:\/\/www.w3.org\/2000\/svg\"><path d=\"M173.898 439.404l-166.4-166.4c-9.997-9.997-9.997-26.206 0-36.204l36.203-36.204c9.997-9.998 26.207-9.998 36.204 0L192 312.69 432.095 72.596c9.997-9.997 26.207-9.997 36.204 0l36.203 36.204c9.997 9.997 9.997 26.206 0 36.204l-294.4 294.401c-9.998 9.997-26.207 9.997-36.204-.001z\"><\/path><\/svg>\t\t\t\t\t\t<\/span>\n\t\t\t\t\t\t\t\t\t\t<span class=\"elementor-icon-list-text\">  \u00dccretsiz finansman dan\u0131\u015fmanl\u0131\u011f\u0131 - \u00e7ok dilli ve bireysel<\/span>\n\t\t\t\t\t\t\t\t\t<\/li>\n\t\t\t\t\t\t\t\t<li class=\"elementor-icon-list-item\">\n\t\t\t\t\t\t\t\t\t\t\t<span class=\"elementor-icon-list-icon\">\n\t\t\t\t\t\t\t<svg aria-hidden=\"true\" class=\"e-font-icon-svg e-fas-check\" viewBox=\"0 0 512 512\" xmlns=\"http:\/\/www.w3.org\/2000\/svg\"><path d=\"M173.898 439.404l-166.4-166.4c-9.997-9.997-9.997-26.206 0-36.204l36.203-36.204c9.997-9.998 26.207-9.998 36.204 0L192 312.69 432.095 72.596c9.997-9.997 26.207-9.997 36.204 0l36.203 36.204c9.997 9.997 9.997 26.206 0 36.204l-294.4 294.401c-9.998 9.997-26.207 9.997-36.204-.001z\"><\/path><\/svg>\t\t\t\t\t\t<\/span>\n\t\t\t\t\t\t\t\t\t\t<span class=\"elementor-icon-list-text\">Sertifikal\u0131 AVGS \u00f6nlemleri - hemen ba\u015flamaya haz\u0131r<\/span>\n\t\t\t\t\t\t\t\t\t<\/li>\n\t\t\t\t\t\t\t\t<li class=\"elementor-icon-list-item\">\n\t\t\t\t\t\t\t\t\t\t\t<span class=\"elementor-icon-list-icon\">\n\t\t\t\t\t\t\t<svg aria-hidden=\"true\" class=\"e-font-icon-svg e-fas-check\" viewBox=\"0 0 512 512\" xmlns=\"http:\/\/www.w3.org\/2000\/svg\"><path d=\"M173.898 439.404l-166.4-166.4c-9.997-9.997-9.997-26.206 0-36.204l36.203-36.204c9.997-9.998 26.207-9.998 36.204 0L192 312.69 432.095 72.596c9.997-9.997 26.207-9.997 36.204 0l36.203 36.204c9.997 9.997 9.997 26.206 0 36.204l-294.4 294.401c-9.998 9.997-26.207 9.997-36.204-.001z\"><\/path><\/svg>\t\t\t\t\t\t<\/span>\n\t\t\t\t\t\t\t\t\t\t<span class=\"elementor-icon-list-text\">H\u0131zl\u0131 randevu tahsisi - uzun bekleme s\u00fcreleri olmadan<\/span>\n\t\t\t\t\t\t\t\t\t<\/li>\n\t\t\t\t\t\t\t\t<li class=\"elementor-icon-list-item\">\n\t\t\t\t\t\t\t\t\t\t\t<span class=\"elementor-icon-list-icon\">\n\t\t\t\t\t\t\t<svg aria-hidden=\"true\" class=\"e-font-icon-svg e-fas-check\" viewBox=\"0 0 512 512\" xmlns=\"http:\/\/www.w3.org\/2000\/svg\"><path d=\"M173.898 439.404l-166.4-166.4c-9.997-9.997-9.997-26.206 0-36.204l36.203-36.204c9.997-9.998 26.207-9.998 36.204 0L192 312.69 432.095 72.596c9.997-9.997 26.207-9.997 36.204 0l36.203 36.204c9.997 9.997 9.997 26.206 0 36.204l-294.4 294.401c-9.998 9.997-26.207 9.997-36.204-.001z\"><\/path><\/svg>\t\t\t\t\t\t<\/span>\n\t\t\t\t\t\t\t\t\t\t<span class=\"elementor-icon-list-text\">\u00c7evrimi\u00e7i ve yerinde m\u00fcmk\u00fcn - g\u00fcnl\u00fck ya\u015fam\u0131n\u0131z i\u00e7in esnek<\/span>\n\t\t\t\t\t\t\t\t\t<\/li>\n\t\t\t\t\t\t\t\t<li class=\"elementor-icon-list-item\">\n\t\t\t\t\t\t\t\t\t\t\t<span class=\"elementor-icon-list-icon\">\n\t\t\t\t\t\t\t<svg aria-hidden=\"true\" class=\"e-font-icon-svg e-fas-check\" viewBox=\"0 0 512 512\" xmlns=\"http:\/\/www.w3.org\/2000\/svg\"><path d=\"M173.898 439.404l-166.4-166.4c-9.997-9.997-9.997-26.206 0-36.204l36.203-36.204c9.997-9.998 26.207-9.998 36.204 0L192 312.69 432.095 72.596c9.997-9.997 26.207-9.997 36.204 0l36.203 36.204c9.997 9.997 9.997 26.206 0 36.204l-294.4 294.401c-9.998 9.997-26.207 9.997-36.204-.001z\"><\/path><\/svg>\t\t\t\t\t\t<\/span>\n\t\t\t\t\t\t\t\t\t\t<span class=\"elementor-icon-list-text\">Her \u015feyle ilgileniyoruz - uygulama, \u00f6nlemler, destek<\/span>\n\t\t\t\t\t\t\t\t\t<\/li>\n\t\t\t\t\t\t<\/ul>\n\t\t\t\t\t\t<\/div>\n\t\t\t\t<\/div>\n\t\t\t\t\t<\/div>\n\t\t\t\t<\/div>\n\t\t<div class=\"elementor-element elementor-element-5904175 e-flex e-con-boxed e-con e-parent\" data-id=\"5904175\" data-element_type=\"container\" data-e-type=\"container\">\n\t\t\t\t\t<div class=\"e-con-inner\">\n\t\t\t\t<div class=\"elementor-element elementor-element-cbf1196 elementor-widget elementor-widget-heading\" data-id=\"cbf1196\" data-element_type=\"widget\" data-e-type=\"widget\" data-widget_type=\"heading.default\">\n\t\t\t\t<div class=\"elementor-widget-container\">\n\t\t\t\t\t<h4 class=\"elementor-heading-title elementor-size-default\">AVGS i\u00e7in ba\u015fvurun ve kullan\u0131n - nas\u0131l \u00e7al\u0131\u015f\u0131r  <\/h4>\t\t\t\t<\/div>\n\t\t\t\t<\/div>\n\t\t\t\t<div class=\"elementor-element elementor-element-114972e elementor-widget elementor-widget-text-editor\" data-id=\"114972e\" data-element_type=\"widget\" data-e-type=\"widget\" data-widget_type=\"text-editor.default\">\n\t\t\t\t<div class=\"elementor-widget-container\">\n\t\t\t\t\t\t\t\t\t<p><span class=\"TextRun SCXW239263356 BCX8\" lang=\"DE-DE\" data-contrast=\"auto\"><span class=\"NormalTextRun SCXW239263356 BCX8\">ile <\/span><\/span><span class=\"TextRun SCXW239263356 BCX8\" lang=\"DE-DE\" data-contrast=\"auto\"><span class=\"NormalTextRun SCXW239263356 BCX8\">Aktivasyon ve Yerle\u015ftirme Makbuzu (AVGS)<\/span><\/span><span class=\"TextRun SCXW239263356 BCX8\" lang=\"DE-DE\" xml:lang=\"DE-DE\" data-contrast=\"auto\"><span class=\"NormalTextRun SCXW239263356 BCX8\">  \u0130\u015f merkezi veya i\u015f bulma kurumu taraf\u0131ndan finanse edilen ko\u00e7luk veya ileri e\u011fitimi tamamen \u00fccretsiz olarak tamamlayabilirsiniz. Bu kadar basit: <\/span><\/span><span class=\"EOP SCXW239263356 BCX8\" data-ccp-props=\"{}\"> <\/span><\/p>\t\t\t\t\t\t\t\t<\/div>\n\t\t\t\t<\/div>\n\t\t\t\t<div class=\"elementor-element elementor-element-d463c86 elementor-widget elementor-widget-text-editor\" data-id=\"d463c86\" data-element_type=\"widget\" data-e-type=\"widget\" data-widget_type=\"text-editor.default\">\n\t\t\t\t<div class=\"elementor-widget-container\">\n\t\t\t\t\t\t\t\t\t<ol><li><b><span data-contrast=\"auto\">  \u00d6l\u00e7\u00fc se\u00e7in<\/span><\/b><\/li><\/ol><p> <i><span data-contrast=\"auto\">Stilize edilmi\u015f bir b\u00fcy\u00fcte\u00e7 g\u00f6r\u00fcnt\u00fcs\u00fc<\/span><\/i><span data-ccp-props=\"{}\"> <\/span><\/p><p><span data-contrast=\"auto\">Do\u011fru AVGS ko\u00e7luk veya AVGS ileri e\u011fitim program\u0131n\u0131 buradan se\u00e7ebilirsiniz. Size ki\u015fisel olarak tavsiyelerde bulunmaktan ve mesleki durumunuz i\u00e7in do\u011fru program\u0131 bulman\u0131za yard\u0131mc\u0131 olmaktan mutluluk duyaca\u011f\u0131z. <\/span> <br><span data-contrast=\"auto\">\ud83d\udc49<\/span><span data-contrast=\"auto\"> \u015eimdi bir \u00f6l\u00e7\u00fc bulun<\/span><span data-ccp-props=\"{}\"> <\/span><\/p><p><span data-ccp-props=\"{}\"> <\/span><\/p><p><b><span data-contrast=\"auto\">  2. AVGS i\u00e7in ba\u015fvuruda bulunun<\/span><\/b><span data-ccp-props=\"{}\"> <\/span><\/p><p> <i><span data-contrast=\"auto\">Bir par\u00e7a ka\u011f\u0131t ve kalemin stilize g\u00f6r\u00fcnt\u00fcs\u00fc<\/span><\/i><span data-ccp-props=\"{}\"> <\/span><\/p><p><span data-contrast=\"auto\">Kupon i\u00e7in online olarak veya i\u015f bulma merkezine \u015fahsen kolayca ba\u015fvurabilirsiniz. Sadece elinizde   <\/span><b><span data-contrast=\"auto\">m\u00fc\u015fteri numaras\u0131<\/span><\/b><span data-contrast=\"auto\"> ve <\/span><b><span data-contrast=\"auto\">i\u015fsiz kald\u0131\u011f\u0131n\u0131z tarih<\/span><\/b><span data-contrast=\"auto\"> Haz\u0131r.<\/span> <br><span data-contrast=\"auto\">\ud83d\udc49<\/span><span data-contrast=\"auto\"> AVGS i\u00e7in \u015fimdi ba\u015fvurun <\/span> <\/p><p><span data-ccp-props=\"{}\"> <\/span><\/p><p><b><span data-contrast=\"auto\">3. AVGS&#8217;yi kullan\u0131n ve kursa ba\u015flay\u0131n<\/span><\/b><span data-ccp-props=\"{}\"> <\/span><\/p><p><span data-contrast=\"auto\">\ud83d\udcf7<\/span> <i><span data-contrast=\"auto\">Kara tahta \u00f6n\u00fcnde bir \u00f6\u011fretmenin stilize g\u00f6r\u00fcnt\u00fcs\u00fc<\/span><\/i><span data-ccp-props=\"{}\"> <\/span><\/p><p><span data-contrast=\"auto\">Kuponunuzu al\u0131r almaz bizimle birlikte kullanabilirsiniz. Kurslar\u0131m\u0131z ve ko\u00e7luk seanslar\u0131m\u0131z daha sonra   <\/span><b><span data-contrast=\"auto\">sizin i\u00e7in \u00fccretsiz<\/span><\/b><span data-contrast=\"auto\"> &#8211; masraflar i\u015f bulma merkezi taraf\u0131ndan kar\u015f\u0131lan\u0131r.<\/span> <br><span data-contrast=\"auto\">\ud83d\udc49<\/span><span data-contrast=\"auto\"> Kursa ba\u015flay\u0131n<\/span><span data-ccp-props=\"{}\"> <\/span><\/p><p><span data-ccp-props=\"{}\"> <\/span><\/p><p><b><span data-contrast=\"auto\">  Hala sorular\u0131n\u0131z m\u0131 var? Size tavsiyede bulunmaktan mutluluk duyar\u0131z! <\/span><\/b><span data-ccp-props=\"{}\"> <\/span><\/p><p><span data-contrast=\"auto\">Ekibimiz, se\u00e7imden geri \u00f6demeye kadar her ad\u0131mda size yard\u0131mc\u0131 olacakt\u0131r.<\/span> <br><span data-contrast=\"auto\">\ud83d\udc49<\/span><span data-contrast=\"auto\"> Bir dan\u0131\u015fma randevusu ayarlay\u0131n<\/span><\/p>\t\t\t\t\t\t\t\t<\/div>\n\t\t\t\t<\/div>\n\t\t\t\t\t<\/div>\n\t\t\t\t<\/div>\n\t\t<div class=\"elementor-element elementor-element-1811af4 e-flex e-con-boxed e-con e-parent\" data-id=\"1811af4\" data-element_type=\"container\" data-e-type=\"container\">\n\t\t\t\t\t<div class=\"e-con-inner\">\n\t\t\t\t<div class=\"elementor-element elementor-element-3426478 elementor-widget elementor-widget-heading\" data-id=\"3426478\" data-element_type=\"widget\" data-e-type=\"widget\" data-widget_type=\"heading.default\">\n\t\t\t\t<div class=\"elementor-widget-container\">\n\t\t\t\t\t<h4 class=\"elementor-heading-title elementor-size-default\">Aktivasyon ve yerle\u015ftirme kuponlu (AVGS) t\u00fcm kurslar.  <\/h4>\t\t\t\t<\/div>\n\t\t\t\t<\/div>\n\t\t\t\t<div class=\"elementor-element elementor-element-ee93287 elementor-align-center elementor-widget elementor-widget-button\" data-id=\"ee93287\" data-element_type=\"widget\" data-e-type=\"widget\" data-widget_type=\"button.default\">\n\t\t\t\t<div class=\"elementor-widget-container\">\n\t\t\t\t\t\t\t\t\t<div class=\"elementor-button-wrapper\">\n\t\t\t\t\t<a class=\"elementor-button elementor-button-link elementor-size-sm\" href=\"https:\/\/internationaleducationcenters.de\/tr\/ileri-egitim\/\" target=\"_blank\">\n\t\t\t\t\t\t<span class=\"elementor-button-content-wrapper\">\n\t\t\t\t\t\t\t\t\t<span class=\"elementor-button-text\">Buradan bir kurs bulun!<\/span>\n\t\t\t\t\t<\/span>\n\t\t\t\t\t<\/a>\n\t\t\t\t<\/div>\n\t\t\t\t\t\t\t\t<\/div>\n\t\t\t\t<\/div>\n\t\t\t\t\t<\/div>\n\t\t\t\t<\/div>\n\t\t\t\t<\/div>\n\t\t","protected":false},"excerpt":{"rendered":"<p>Aktivasyon ve yerle\u015ftirme kuponu (AVGS) Yeni bir i\u015fe giden yolunuz \u00dccretsiz ileri e\u011fitim veya ko\u00e7luk &#8211; yan\u0131n\u0131zda IEC ile Aktivasyon ve Yerle\u015ftirme Makbuzu (AVGS), a\u015fa\u011f\u0131daki h\u00fck\u00fcmler uyar\u0131nca bir devlet destek tedbiridir45 SGB III, size hi\u00e7bir \u00fccret \u00f6demeden yeni kariyer olanaklar\u0131n\u0131n kap\u0131lar\u0131n\u0131 a\u00e7ar. E\u011fer i\u015f arayan biriyseniz ya da i\u015fsizseniz, genel olarak AVGS alma hakk\u0131n\u0131z vard\u0131r. [&hellip;]<\/p>\n","protected":false},"author":77,"featured_media":0,"parent":0,"menu_order":0,"comment_status":"closed","ping_status":"closed","template":"","meta":{"_acf_changed":false,"footnotes":""},"class_list":["post-18715","page","type-page","status-publish","hentry"],"acf":[],"yoast_head":"<!-- This site is optimized with the Yoast SEO Premium plugin v25.9 (Yoast SEO v26.9) - https:\/\/yoast.com\/product\/yoast-seo-premium-wordpress\/ -->\n<title>Aktivasyon ve yerle\u015ftirme \u00e7eki (AVGS) - International Education Centers<\/title>\n<meta name=\"description\" content=\"Wuppertal&#039;deki aktivasyon ve yerle\u015ftirme kuponunuzu (AVGS) IEC&#039;de bireysel ko\u00e7luk ve i\u015f ba\u015fvurusu e\u011fitimi i\u00e7in kullan\u0131n\" \/>\n<meta name=\"robots\" content=\"index, follow, max-snippet:-1, max-image-preview:large, max-video-preview:-1\" \/>\n<link rel=\"canonical\" href=\"https:\/\/internationaleducationcenters.de\/tr\/aktivasyon-ve-yerlestirme-ceki-avgs\/\" \/>\n<meta property=\"og:locale\" content=\"tr_TR\" \/>\n<meta property=\"og:type\" content=\"article\" \/>\n<meta property=\"og:title\" content=\"Aktivasyon ve yerle\u015ftirme \u00e7eki (AVGS)\" \/>\n<meta property=\"og:description\" content=\"Wuppertal&#039;deki aktivasyon ve yerle\u015ftirme kuponunuzu (AVGS) IEC&#039;de bireysel ko\u00e7luk ve i\u015f ba\u015fvurusu e\u011fitimi i\u00e7in kullan\u0131n\" \/>\n<meta property=\"og:url\" content=\"https:\/\/internationaleducationcenters.de\/tr\/aktivasyon-ve-yerlestirme-ceki-avgs\/\" \/>\n<meta property=\"og:site_name\" content=\"International Education Centers\" \/>\n<meta property=\"article:publisher\" content=\"https:\/\/www.facebook.com\/InternationalEducationCenters\/\" \/>\n<meta property=\"article:modified_time\" content=\"2025-11-03T12:24:26+00:00\" \/>\n<meta name=\"twitter:card\" content=\"summary_large_image\" \/>\n<meta name=\"twitter:label1\" content=\"Tahmini okuma s\u00fcresi\" \/>\n\t<meta name=\"twitter:data1\" content=\"2 dakika\" \/>\n<script type=\"application\/ld+json\" class=\"yoast-schema-graph\">{\"@context\":\"https:\/\/schema.org\",\"@graph\":[{\"@type\":\"WebPage\",\"@id\":\"https:\/\/internationaleducationcenters.de\/tr\/aktivasyon-ve-yerlestirme-ceki-avgs\/\",\"url\":\"https:\/\/internationaleducationcenters.de\/tr\/aktivasyon-ve-yerlestirme-ceki-avgs\/\",\"name\":\"Aktivasyon ve yerle\u015ftirme \u00e7eki (AVGS) - International Education Centers\",\"isPartOf\":{\"@id\":\"https:\/\/internationaleducationcenters.de\/tr\/#website\"},\"datePublished\":\"2025-10-09T08:39:53+00:00\",\"dateModified\":\"2025-11-03T12:24:26+00:00\",\"description\":\"Wuppertal'deki aktivasyon ve yerle\u015ftirme kuponunuzu (AVGS) IEC'de bireysel ko\u00e7luk ve i\u015f ba\u015fvurusu e\u011fitimi i\u00e7in kullan\u0131n\",\"breadcrumb\":{\"@id\":\"https:\/\/internationaleducationcenters.de\/tr\/aktivasyon-ve-yerlestirme-ceki-avgs\/#breadcrumb\"},\"inLanguage\":\"tr\",\"potentialAction\":[{\"@type\":\"ReadAction\",\"target\":[\"https:\/\/internationaleducationcenters.de\/tr\/aktivasyon-ve-yerlestirme-ceki-avgs\/\"]}]},{\"@type\":\"BreadcrumbList\",\"@id\":\"https:\/\/internationaleducationcenters.de\/tr\/aktivasyon-ve-yerlestirme-ceki-avgs\/#breadcrumb\",\"itemListElement\":[{\"@type\":\"ListItem\",\"position\":1,\"name\":\"Home\",\"item\":\"https:\/\/internationaleducationcenters.de\/tr\/\"},{\"@type\":\"ListItem\",\"position\":2,\"name\":\"Aktivasyon ve yerle\u015ftirme \u00e7eki (AVGS)\"}]},{\"@type\":\"WebSite\",\"@id\":\"https:\/\/internationaleducationcenters.de\/tr\/#website\",\"url\":\"https:\/\/internationaleducationcenters.de\/tr\/\",\"name\":\"International Education Centers\",\"description\":\"\",\"publisher\":{\"@id\":\"https:\/\/internationaleducationcenters.de\/tr\/#organization\"},\"potentialAction\":[{\"@type\":\"SearchAction\",\"target\":{\"@type\":\"EntryPoint\",\"urlTemplate\":\"https:\/\/internationaleducationcenters.de\/tr\/?s={search_term_string}\"},\"query-input\":{\"@type\":\"PropertyValueSpecification\",\"valueRequired\":true,\"valueName\":\"search_term_string\"}}],\"inLanguage\":\"tr\"},{\"@type\":\"Organization\",\"@id\":\"https:\/\/internationaleducationcenters.de\/tr\/#organization\",\"name\":\"International Education Centers\",\"alternateName\":\"IEC\",\"url\":\"https:\/\/internationaleducationcenters.de\/tr\/\",\"logo\":{\"@type\":\"ImageObject\",\"inLanguage\":\"tr\",\"@id\":\"https:\/\/internationaleducationcenters.de\/tr\/#\/schema\/logo\/image\/\",\"url\":\"https:\/\/internationaleducationcenters.de\/wp-content\/uploads\/2025\/08\/IEC_favicon-1.png\",\"contentUrl\":\"https:\/\/internationaleducationcenters.de\/wp-content\/uploads\/2025\/08\/IEC_favicon-1.png\",\"width\":512,\"height\":512,\"caption\":\"International Education Centers\"},\"image\":{\"@id\":\"https:\/\/internationaleducationcenters.de\/tr\/#\/schema\/logo\/image\/\"},\"sameAs\":[\"https:\/\/www.facebook.com\/InternationalEducationCenters\/\"]}]}<\/script>\n<!-- \/ Yoast SEO Premium plugin. -->","yoast_head_json":{"title":"Aktivasyon ve yerle\u015ftirme \u00e7eki (AVGS) - International Education Centers","description":"Wuppertal'deki aktivasyon ve yerle\u015ftirme kuponunuzu (AVGS) IEC'de bireysel ko\u00e7luk ve i\u015f ba\u015fvurusu e\u011fitimi i\u00e7in kullan\u0131n","robots":{"index":"index","follow":"follow","max-snippet":"max-snippet:-1","max-image-preview":"max-image-preview:large","max-video-preview":"max-video-preview:-1"},"canonical":"https:\/\/internationaleducationcenters.de\/tr\/aktivasyon-ve-yerlestirme-ceki-avgs\/","og_locale":"tr_TR","og_type":"article","og_title":"Aktivasyon ve yerle\u015ftirme \u00e7eki (AVGS)","og_description":"Wuppertal'deki aktivasyon ve yerle\u015ftirme kuponunuzu (AVGS) IEC'de bireysel ko\u00e7luk ve i\u015f ba\u015fvurusu e\u011fitimi i\u00e7in kullan\u0131n","og_url":"https:\/\/internationaleducationcenters.de\/tr\/aktivasyon-ve-yerlestirme-ceki-avgs\/","og_site_name":"International Education Centers","article_publisher":"https:\/\/www.facebook.com\/InternationalEducationCenters\/","article_modified_time":"2025-11-03T12:24:26+00:00","twitter_card":"summary_large_image","twitter_misc":{"Tahmini okuma s\u00fcresi":"2 dakika"},"schema":{"@context":"https:\/\/schema.org","@graph":[{"@type":"WebPage","@id":"https:\/\/internationaleducationcenters.de\/tr\/aktivasyon-ve-yerlestirme-ceki-avgs\/","url":"https:\/\/internationaleducationcenters.de\/tr\/aktivasyon-ve-yerlestirme-ceki-avgs\/","name":"Aktivasyon ve yerle\u015ftirme \u00e7eki (AVGS) - International Education Centers","isPartOf":{"@id":"https:\/\/internationaleducationcenters.de\/tr\/#website"},"datePublished":"2025-10-09T08:39:53+00:00","dateModified":"2025-11-03T12:24:26+00:00","description":"Wuppertal'deki aktivasyon ve yerle\u015ftirme kuponunuzu (AVGS) IEC'de bireysel ko\u00e7luk ve i\u015f ba\u015fvurusu e\u011fitimi i\u00e7in kullan\u0131n","breadcrumb":{"@id":"https:\/\/internationaleducationcenters.de\/tr\/aktivasyon-ve-yerlestirme-ceki-avgs\/#breadcrumb"},"inLanguage":"tr","potentialAction":[{"@type":"ReadAction","target":["https:\/\/internationaleducationcenters.de\/tr\/aktivasyon-ve-yerlestirme-ceki-avgs\/"]}]},{"@type":"BreadcrumbList","@id":"https:\/\/internationaleducationcenters.de\/tr\/aktivasyon-ve-yerlestirme-ceki-avgs\/#breadcrumb","itemListElement":[{"@type":"ListItem","position":1,"name":"Home","item":"https:\/\/internationaleducationcenters.de\/tr\/"},{"@type":"ListItem","position":2,"name":"Aktivasyon ve yerle\u015ftirme \u00e7eki (AVGS)"}]},{"@type":"WebSite","@id":"https:\/\/internationaleducationcenters.de\/tr\/#website","url":"https:\/\/internationaleducationcenters.de\/tr\/","name":"International Education Centers","description":"","publisher":{"@id":"https:\/\/internationaleducationcenters.de\/tr\/#organization"},"potentialAction":[{"@type":"SearchAction","target":{"@type":"EntryPoint","urlTemplate":"https:\/\/internationaleducationcenters.de\/tr\/?s={search_term_string}"},"query-input":{"@type":"PropertyValueSpecification","valueRequired":true,"valueName":"search_term_string"}}],"inLanguage":"tr"},{"@type":"Organization","@id":"https:\/\/internationaleducationcenters.de\/tr\/#organization","name":"International Education Centers","alternateName":"IEC","url":"https:\/\/internationaleducationcenters.de\/tr\/","logo":{"@type":"ImageObject","inLanguage":"tr","@id":"https:\/\/internationaleducationcenters.de\/tr\/#\/schema\/logo\/image\/","url":"https:\/\/internationaleducationcenters.de\/wp-content\/uploads\/2025\/08\/IEC_favicon-1.png","contentUrl":"https:\/\/internationaleducationcenters.de\/wp-content\/uploads\/2025\/08\/IEC_favicon-1.png","width":512,"height":512,"caption":"International Education Centers"},"image":{"@id":"https:\/\/internationaleducationcenters.de\/tr\/#\/schema\/logo\/image\/"},"sameAs":["https:\/\/www.facebook.com\/InternationalEducationCenters\/"]}]}},"_links":{"self":[{"href":"https:\/\/internationaleducationcenters.de\/tr\/wp-json\/wp\/v2\/pages\/18715","targetHints":{"allow":["GET"]}}],"collection":[{"href":"https:\/\/internationaleducationcenters.de\/tr\/wp-json\/wp\/v2\/pages"}],"about":[{"href":"https:\/\/internationaleducationcenters.de\/tr\/wp-json\/wp\/v2\/types\/page"}],"author":[{"embeddable":true,"href":"https:\/\/internationaleducationcenters.de\/tr\/wp-json\/wp\/v2\/users\/77"}],"replies":[{"embeddable":true,"href":"https:\/\/internationaleducationcenters.de\/tr\/wp-json\/wp\/v2\/comments?post=18715"}],"version-history":[{"count":1,"href":"https:\/\/internationaleducationcenters.de\/tr\/wp-json\/wp\/v2\/pages\/18715\/revisions"}],"predecessor-version":[{"id":18717,"href":"https:\/\/internationaleducationcenters.de\/tr\/wp-json\/wp\/v2\/pages\/18715\/revisions\/18717"}],"wp:attachment":[{"href":"https:\/\/internationaleducationcenters.de\/tr\/wp-json\/wp\/v2\/media?parent=18715"}],"curies":[{"name":"wp","href":"https:\/\/api.w.org\/{rel}","templated":true}]}}