{"id":18852,"date":"2025-10-09T12:09:44","date_gmt":"2025-10-09T10:09:44","guid":{"rendered":"https:\/\/internationaleducationcenters.de\/ilerleme-bafoeg\/"},"modified":"2025-11-03T13:36:46","modified_gmt":"2025-11-03T12:36:46","slug":"ilerleme-bafoeg","status":"publish","type":"page","link":"https:\/\/internationaleducationcenters.de\/tr\/ilerleme-bafoeg\/","title":{"rendered":"\u0130lerleme BAf\u00f6G"},"content":{"rendered":"\t\t<div data-elementor-type=\"wp-page\" data-elementor-id=\"18852\" class=\"elementor elementor-18852 elementor-15378\" data-elementor-post-type=\"page\">\n\t\t\t\t<div class=\"elementor-element elementor-element-96d9f72 e-flex e-con-boxed e-con e-parent\" data-id=\"96d9f72\" data-element_type=\"container\" data-e-type=\"container\" data-settings=\"{&quot;background_background&quot;:&quot;classic&quot;}\">\n\t\t\t\t\t<div class=\"e-con-inner\">\n\t\t\t\t\t<\/div>\n\t\t\t\t<\/div>\n\t\t<div class=\"elementor-element elementor-element-ba87d80 e-flex e-con-boxed e-con e-parent\" data-id=\"ba87d80\" data-element_type=\"container\" data-e-type=\"container\">\n\t\t\t\t\t<div class=\"e-con-inner\">\n\t\t\t\t<div class=\"elementor-element elementor-element-30eb311 elementor-widget elementor-widget-spacer\" data-id=\"30eb311\" data-element_type=\"widget\" data-e-type=\"widget\" data-widget_type=\"spacer.default\">\n\t\t\t\t<div class=\"elementor-widget-container\">\n\t\t\t\t\t\t\t<div class=\"elementor-spacer\">\n\t\t\t<div class=\"elementor-spacer-inner\"><\/div>\n\t\t<\/div>\n\t\t\t\t\t\t<\/div>\n\t\t\t\t<\/div>\n\t\t\t\t<div class=\"elementor-element elementor-element-432e3ed elementor-widget elementor-widget-heading\" data-id=\"432e3ed\" data-element_type=\"widget\" data-e-type=\"widget\" data-widget_type=\"heading.default\">\n\t\t\t\t<div class=\"elementor-widget-container\">\n\t\t\t\t\t<h2 class=\"elementor-heading-title elementor-size-default\">Aufstiegs-BAf\u00f6G - Devlet taraf\u0131ndan s\u00fcbvanse edilen kariyeriniz<\/h2>\t\t\t\t<\/div>\n\t\t\t\t<\/div>\n\t\t\t\t<div class=\"elementor-element elementor-element-3838acc elementor-widget elementor-widget-heading\" data-id=\"3838acc\" data-element_type=\"widget\" data-e-type=\"widget\" data-widget_type=\"heading.default\">\n\t\t\t\t<div class=\"elementor-widget-container\">\n\t\t\t\t\t<h4 class=\"elementor-heading-title elementor-size-default\">Devletten ve IEC'den ald\u0131\u011f\u0131n\u0131z finansal destekle kariyerinizde \u015fimdi ilerleyin  <\/h4>\t\t\t\t<\/div>\n\t\t\t\t<\/div>\n\t\t\t\t<div class=\"elementor-element elementor-element-e8a31e7 elementor-widget elementor-widget-text-editor\" data-id=\"e8a31e7\" data-element_type=\"widget\" data-e-type=\"widget\" data-widget_type=\"text-editor.default\">\n\t\t\t\t<div class=\"elementor-widget-container\">\n\t\t\t\t\t\t\t\t\t<p>Aufstiegs-BAf\u00f6G (eski ad\u0131yla: Meister-BAf\u00f6G) vas\u0131fl\u0131 i\u015f\u00e7iler i\u00e7in bir devlet s\u00fcbvansiyonudur,  <strong data-start=\"1229\" data-end=\"1333\">Kariyerlerini aktif olarak \u015fekillendirmek istedikleri i\u00e7in profesyonel olarak geli\u015fmek isteyen ki\u015filer. Buna ek olarak <\/strong>  Program, serbest mesle\u011fe giden yolu destekler <strong data-start=\"1392\" data-end=\"1406\">ve<\/strong> ileri e\u011fitim s\u0131ras\u0131nda mali yard\u0131m <strong data-start=\"1392\" data-end=\"1406\">sunar<\/strong>.<br>\u0130ster tam zamanl\u0131 ister yar\u0131 zamanl\u0131 olsun &#8211; <strong data-start=\"1693\" data-end=\"1725\">IEC ile yaln\u0131zca<\/strong> do\u011fru ileri e\u011fitim kursunu bulmakla kalmayacak, ayn\u0131 zamanda her ad\u0131mda destek <strong data-start=\"1752\" data-end=\"1777\">alacaks\u0131n\u0131z<\/strong>.<\/p>\t\t\t\t\t\t\t\t<\/div>\n\t\t\t\t<\/div>\n\t\t\t\t\t<\/div>\n\t\t\t\t<\/div>\n\t\t<div class=\"elementor-element elementor-element-d0ad608 e-flex e-con-boxed e-con e-parent\" data-id=\"d0ad608\" data-element_type=\"container\" data-e-type=\"container\">\n\t\t\t\t\t<div class=\"e-con-inner\">\n\t\t\t\t<div class=\"elementor-element elementor-element-c8232b3 elementor-widget elementor-widget-heading\" data-id=\"c8232b3\" data-element_type=\"widget\" data-e-type=\"widget\" data-widget_type=\"heading.default\">\n\t\t\t\t<div class=\"elementor-widget-container\">\n\t\t\t\t\t<h4 class=\"elementor-heading-title elementor-size-default\">Neden IEC? \u00c7\u00fcnk\u00fc biz daha fazlas\u0131n\u0131 sunuyoruz. <\/h4>\t\t\t\t<\/div>\n\t\t\t\t<\/div>\n\t\t\t\t<div class=\"elementor-element elementor-element-01d607b elementor-icon-list--layout-traditional elementor-list-item-link-full_width elementor-widget elementor-widget-icon-list\" data-id=\"01d607b\" data-element_type=\"widget\" data-e-type=\"widget\" data-widget_type=\"icon-list.default\">\n\t\t\t\t<div class=\"elementor-widget-container\">\n\t\t\t\t\t\t\t<ul class=\"elementor-icon-list-items\">\n\t\t\t\t\t\t\t<li class=\"elementor-icon-list-item\">\n\t\t\t\t\t\t\t\t\t\t\t<span class=\"elementor-icon-list-icon\">\n\t\t\t\t\t\t\t<svg aria-hidden=\"true\" class=\"e-font-icon-svg e-fas-check\" viewBox=\"0 0 512 512\" xmlns=\"http:\/\/www.w3.org\/2000\/svg\"><path d=\"M173.898 439.404l-166.4-166.4c-9.997-9.997-9.997-26.206 0-36.204l36.203-36.204c9.997-9.998 26.207-9.998 36.204 0L192 312.69 432.095 72.596c9.997-9.997 26.207-9.997 36.204 0l36.203 36.204c9.997 9.997 9.997 26.206 0 36.204l-294.4 294.401c-9.998 9.997-26.207 9.997-36.204-.001z\"><\/path><\/svg>\t\t\t\t\t\t<\/span>\n\t\t\t\t\t\t\t\t\t\t<span class=\"elementor-icon-list-text\">Y\u00fckseltme BAf\u00f6G hakk\u0131nda \u00fccretsiz dan\u0131\u015fmanl\u0131k<\/span>\n\t\t\t\t\t\t\t\t\t<\/li>\n\t\t\t\t\t\t\t\t<li class=\"elementor-icon-list-item\">\n\t\t\t\t\t\t\t\t\t\t\t<span class=\"elementor-icon-list-icon\">\n\t\t\t\t\t\t\t<svg aria-hidden=\"true\" class=\"e-font-icon-svg e-fas-check\" viewBox=\"0 0 512 512\" xmlns=\"http:\/\/www.w3.org\/2000\/svg\"><path d=\"M173.898 439.404l-166.4-166.4c-9.997-9.997-9.997-26.206 0-36.204l36.203-36.204c9.997-9.998 26.207-9.998 36.204 0L192 312.69 432.095 72.596c9.997-9.997 26.207-9.997 36.204 0l36.203 36.204c9.997 9.997 9.997 26.206 0 36.204l-294.4 294.401c-9.998 9.997-26.207 9.997-36.204-.001z\"><\/path><\/svg>\t\t\t\t\t\t<\/span>\n\t\t\t\t\t\t\t\t\t\t<span class=\"elementor-icon-list-text\">  Sertifikal\u0131 e\u011fitim kurslar\u0131 - finansman i\u00e7in uygun ve uygulama odakl\u0131<\/span>\n\t\t\t\t\t\t\t\t\t<\/li>\n\t\t\t\t\t\t\t\t<li class=\"elementor-icon-list-item\">\n\t\t\t\t\t\t\t\t\t\t\t<span class=\"elementor-icon-list-icon\">\n\t\t\t\t\t\t\t<svg aria-hidden=\"true\" class=\"e-font-icon-svg e-fas-check\" viewBox=\"0 0 512 512\" xmlns=\"http:\/\/www.w3.org\/2000\/svg\"><path d=\"M173.898 439.404l-166.4-166.4c-9.997-9.997-9.997-26.206 0-36.204l36.203-36.204c9.997-9.998 26.207-9.998 36.204 0L192 312.69 432.095 72.596c9.997-9.997 26.207-9.997 36.204 0l36.203 36.204c9.997 9.997 9.997 26.206 0 36.204l-294.4 294.401c-9.998 9.997-26.207 9.997-36.204-.001z\"><\/path><\/svg>\t\t\t\t\t\t<\/span>\n\t\t\t\t\t\t\t\t\t\t<span class=\"elementor-icon-list-text\">Ba\u015fvuru konusunda destek - evrak i\u015flerinde size yard\u0131mc\u0131 olaca\u011f\u0131z<\/span>\n\t\t\t\t\t\t\t\t\t<\/li>\n\t\t\t\t\t\t\t\t<li class=\"elementor-icon-list-item\">\n\t\t\t\t\t\t\t\t\t\t\t<span class=\"elementor-icon-list-icon\">\n\t\t\t\t\t\t\t<svg aria-hidden=\"true\" class=\"e-font-icon-svg e-fas-check\" viewBox=\"0 0 512 512\" xmlns=\"http:\/\/www.w3.org\/2000\/svg\"><path d=\"M173.898 439.404l-166.4-166.4c-9.997-9.997-9.997-26.206 0-36.204l36.203-36.204c9.997-9.998 26.207-9.998 36.204 0L192 312.69 432.095 72.596c9.997-9.997 26.207-9.997 36.204 0l36.203 36.204c9.997 9.997 9.997 26.206 0 36.204l-294.4 294.401c-9.998 9.997-26.207 9.997-36.204-.001z\"><\/path><\/svg>\t\t\t\t\t\t<\/span>\n\t\t\t\t\t\t\t\t\t\t<span class=\"elementor-icon-list-text\">Esnek kurs modelleri - \u00e7evrimi\u00e7i, hibrit veya yerinde<\/span>\n\t\t\t\t\t\t\t\t\t<\/li>\n\t\t\t\t\t\t\t\t<li class=\"elementor-icon-list-item\">\n\t\t\t\t\t\t\t\t\t\t\t<span class=\"elementor-icon-list-icon\">\n\t\t\t\t\t\t\t<svg aria-hidden=\"true\" class=\"e-font-icon-svg e-fas-check\" viewBox=\"0 0 512 512\" xmlns=\"http:\/\/www.w3.org\/2000\/svg\"><path d=\"M173.898 439.404l-166.4-166.4c-9.997-9.997-9.997-26.206 0-36.204l36.203-36.204c9.997-9.998 26.207-9.998 36.204 0L192 312.69 432.095 72.596c9.997-9.997 26.207-9.997 36.204 0l36.203 36.204c9.997 9.997 9.997 26.206 0 36.204l-294.4 294.401c-9.998 9.997-26.207 9.997-36.204-.001z\"><\/path><\/svg>\t\t\t\t\t\t<\/span>\n\t\t\t\t\t\t\t\t\t\t<span class=\"elementor-icon-list-text\">Motive ekip - sonuna kadar yan\u0131n\u0131zday\u0131z<\/span>\n\t\t\t\t\t\t\t\t\t<\/li>\n\t\t\t\t\t\t<\/ul>\n\t\t\t\t\t\t<\/div>\n\t\t\t\t<\/div>\n\t\t\t\t\t<\/div>\n\t\t\t\t<\/div>\n\t\t<div class=\"elementor-element elementor-element-1c44c86 e-flex e-con-boxed e-con e-parent\" data-id=\"1c44c86\" data-element_type=\"container\" data-e-type=\"container\">\n\t\t\t\t\t<div class=\"e-con-inner\">\n\t\t\t\t<div class=\"elementor-element elementor-element-a072e42 elementor-widget elementor-widget-heading\" data-id=\"a072e42\" data-element_type=\"widget\" data-e-type=\"widget\" data-widget_type=\"heading.default\">\n\t\t\t\t<div class=\"elementor-widget-container\">\n\t\t\t\t\t<h4 class=\"elementor-heading-title elementor-size-default\">BAf\u00f6G terfisine giden 5 ad\u0131m<\/h4>\t\t\t\t<\/div>\n\t\t\t\t<\/div>\n\t\t\t\t<div class=\"elementor-element elementor-element-cc46957 elementor-widget elementor-widget-text-editor\" data-id=\"cc46957\" data-element_type=\"widget\" data-e-type=\"widget\" data-widget_type=\"text-editor.default\">\n\t\t\t\t<div class=\"elementor-widget-container\">\n\t\t\t\t\t\t\t\t\t<p><b><span data-contrast=\"auto\">1. Online ba\u015fvuru yap\u0131n<\/span><\/b><\/p><p> <i><span data-contrast=\"auto\">Stilize edilmi\u015f bir not defteri g\u00f6r\u00fcnt\u00fcs\u00fc<\/span><\/i> <br><span data-contrast=\"auto\">Federal E\u011fitim ve Ara\u015ft\u0131rma Bakanl\u0131\u011f\u0131&#8217;n\u0131n web sitesini ziyaret edin ve ba\u015fvurunuzu ba\u015flat\u0131n.<\/span><span data-ccp-props=\"{}\"> <\/span><\/p><p><span data-contrast=\"auto\">\ud83d\udc49<\/span><a href=\"https:\/\/www.aufstiegs-bafoeg.de\/aufstiegsbafoeg\/de\/ihr-weg-zur-foerderung\/antrag-stellen\/antrag-stellen.html\"><span data-contrast=\"auto\"> BMBF web sitesine <\/span><\/a> <\/p><p><span data-ccp-props=\"{}\"> <\/span><\/p><p><b><span data-contrast=\"auto\">  2. federal eyaleti se\u00e7in ve talimatlar\u0131 okuyun<\/span><\/b><span data-ccp-props=\"{}\"> <\/span><\/p><p> <i><span data-contrast=\"auto\">Bir par\u00e7a ka\u011f\u0131t ve kalemin stilize g\u00f6r\u00fcnt\u00fcs\u00fc<\/span><\/i> <br><span data-contrast=\"auto\">Federal eyaletinize t\u0131klay\u0131n ve b\u00f6lgesel uzmanl\u0131klar ve gereklilikler hakk\u0131nda bilgi edinin.<\/span><span data-ccp-props=\"{}\"> <\/span><\/p><p><span data-ccp-props=\"{}\"> <\/span><\/p><p><b><span data-contrast=\"auto\">3. a\u00e7\u0131k ba\u015fvuru formlar\u0131<\/span><\/b><span data-ccp-props=\"{}\"> <\/span><\/p><p> <i><span data-contrast=\"auto\">Stilize edilmi\u015f bir b\u00fcy\u00fcte\u00e7 g\u00f6r\u00fcnt\u00fcs\u00fc<\/span><\/i> <br><span data-contrast=\"auto\">AFBG terfi program\u0131 i\u00e7in uygun formlar\u0131 se\u00e7in.<\/span> <br><span data-contrast=\"auto\">\ud83d\udc49<\/span><span data-contrast=\"auto\"><a href=\"https:\/\/www.aufstiegs-bafoeg.de\/aufstiegsbafoeg\/de\/ihr-weg-zur-foerderung\/antragsformulare\/antragsformulare-fuer-die-aufstiegsfoerderung-gemaess-afbg.html\"> Formlara<\/a> <\/span> <\/p><p><span data-ccp-props=\"{}\"> <\/span><\/p><p><b><span data-contrast=\"auto\">  4. sorumlu makam\u0131n bulunmas\u0131<\/span><\/b><span data-ccp-props=\"{}\"> <\/span><\/p><p><i><span data-contrast=\"auto\">Stilize edilmi\u015f bir b\u00fcy\u00fcte\u00e7 g\u00f6r\u00fcnt\u00fcs\u00fc<\/span><\/i> <br><span data-contrast=\"auto\">Yerel e\u011fitim finansman ofisinizi bulmak i\u00e7in posta kodu aramas\u0131n\u0131 kullan\u0131n.<\/span><span data-ccp-props=\"{}\"> <\/span><\/p><p><span data-ccp-props=\"{}\"> <\/span><\/p><p><b><span data-contrast=\"auto\">  5. formlar\u0131 doldurun ve g\u00f6nderin<\/span><\/b><span data-ccp-props=\"{}\"> <\/span><\/p><p> <i><span data-contrast=\"auto\">\u0130mzal\u0131 bir belgenin stilize edilmi\u015f g\u00f6r\u00fcnt\u00fcs\u00fc<\/span><\/i> <br><span data-contrast=\"auto\">Formlar\u0131 doldurun &#8211; baz\u0131 federal eyaletlerde bu i\u015flem \u00e7evrimi\u00e7i olarak da yap\u0131labilir. Formu doldurmak i\u00e7in gerekli talimatlar\u0131 do\u011frudan formun i\u00e7inde bulabilirsiniz. <\/span><span data-ccp-props=\"{}\"> <\/span><\/p><p> <b><span data-contrast=\"auto\">\u0130pucu:<\/span><\/b><span data-contrast=\"auto\"> Bilgi formumuzu indirin &#8211; kompakt, anla\u015f\u0131lmas\u0131 kolay ve do\u011frudan e\u011fitim program\u0131n\u0131za uyarlanm\u0131\u015f.<\/span> <br><span data-contrast=\"auto\">\ud83d\udc49<\/span><span data-contrast=\"auto\"> Bilgi sayfas\u0131n\u0131 indirin<\/span><span data-ccp-props=\"{}\"> <\/span><\/p><p> <\/p><p><b><span data-contrast=\"auto\">  IEC&#8217;de pop\u00fcler ileri e\u011fitim programlar\u0131<\/span><\/b><span data-ccp-props=\"{}\"> <\/span><\/p><p><span data-contrast=\"auto\">\u0130\u015fletme y\u00f6neticili\u011finden ustal\u0131\u011fa ve BT e\u011fitimine kadar &#8211; size beklentileri olan pratik kurslar sunuyoruz.<\/span> <br><span data-contrast=\"auto\">\ud83d\udc49<\/span><span data-contrast=\"auto\"> T\u00fcm e\u011fitim kurslar\u0131n\u0131 g\u00f6r\u00fcnt\u00fcle<\/span><span data-ccp-props=\"{}\"> <\/span><\/p>\t\t\t\t\t\t\t\t<\/div>\n\t\t\t\t<\/div>\n\t\t\t\t\t<\/div>\n\t\t\t\t<\/div>\n\t\t<div class=\"elementor-element elementor-element-93ad64f e-flex e-con-boxed e-con e-parent\" data-id=\"93ad64f\" data-element_type=\"container\" data-e-type=\"container\">\n\t\t\t\t\t<div class=\"e-con-inner\">\n\t\t\t\t<div class=\"elementor-element elementor-element-1c93035 elementor-widget elementor-widget-heading\" data-id=\"1c93035\" data-element_type=\"widget\" data-e-type=\"widget\" data-widget_type=\"heading.default\">\n\t\t\t\t<div class=\"elementor-widget-container\">\n\t\t\t\t\t<h4 class=\"elementor-heading-title elementor-size-default\">Herhangi bir sorunuz var m\u0131? Sizin i\u00e7in buraday\u0131z. <\/h4>\t\t\t\t<\/div>\n\t\t\t\t<\/div>\n\t\t\t\t<div class=\"elementor-element elementor-element-770a6e2 elementor-widget elementor-widget-text-editor\" data-id=\"770a6e2\" data-element_type=\"widget\" data-e-type=\"widget\" data-widget_type=\"text-editor.default\">\n\t\t\t\t<div class=\"elementor-widget-container\">\n\t\t\t\t\t\t\t\t\t<p><span class=\"NormalTextRun SCXW75550755 BCX8\">Bizim <\/span><span class=\"NormalTextRun SpellingErrorV2Themed SCXW75550755 BCX8\">uzmanlar<\/span><span class=\"NormalTextRun SCXW75550755 BCX8\"> size \u00fccretsiz dan\u0131\u015fmanl\u0131k hizmeti verecek ve t\u00fcm ba\u015fvuru s\u00fcreci boyunca size rehberlik edecektir.<\/span><\/p>\t\t\t\t\t\t\t\t<\/div>\n\t\t\t\t<\/div>\n\t\t\t\t<div class=\"elementor-element elementor-element-736ad4b elementor-align-center elementor-widget elementor-widget-button\" data-id=\"736ad4b\" data-element_type=\"widget\" data-e-type=\"widget\" data-widget_type=\"button.default\">\n\t\t\t\t<div class=\"elementor-widget-container\">\n\t\t\t\t\t\t\t\t\t<div class=\"elementor-button-wrapper\">\n\t\t\t\t\t<a class=\"elementor-button elementor-button-link elementor-size-sm\" href=\"#elementor-action%3Aaction%3Dpopup%3Aopen%26settings%3DeyJpZCI6MTk3NDUsInRvZ2dsZSI6ZmFsc2V9\">\n\t\t\t\t\t\t<span class=\"elementor-button-content-wrapper\">\n\t\t\t\t\t\t\t\t\t<span class=\"elementor-button-text\">Hemen tavsiye al\u0131n!<\/span>\n\t\t\t\t\t<\/span>\n\t\t\t\t\t<\/a>\n\t\t\t\t<\/div>\n\t\t\t\t\t\t\t\t<\/div>\n\t\t\t\t<\/div>\n\t\t\t\t\t<\/div>\n\t\t\t\t<\/div>\n\t\t\t\t<\/div>\n\t\t","protected":false},"excerpt":{"rendered":"<p>Aufstiegs-BAf\u00f6G &#8211; Devlet taraf\u0131ndan s\u00fcbvanse edilen kariyeriniz Devletten ve IEC&#8217;den ald\u0131\u011f\u0131n\u0131z finansal destekle kariyerinizde \u015fimdi ilerleyin Aufstiegs-BAf\u00f6G (eski ad\u0131yla: Meister-BAf\u00f6G) vas\u0131fl\u0131 i\u015f\u00e7iler i\u00e7in bir devlet s\u00fcbvansiyonudur, Kariyerlerini aktif olarak \u015fekillendirmek istedikleri i\u00e7in profesyonel olarak geli\u015fmek isteyen ki\u015filer. Buna ek olarak Program, serbest mesle\u011fe giden yolu destekler ve ileri e\u011fitim s\u0131ras\u0131nda mali yard\u0131m sunar.\u0130ster tam zamanl\u0131 [&hellip;]<\/p>\n","protected":false},"author":77,"featured_media":0,"parent":0,"menu_order":0,"comment_status":"closed","ping_status":"closed","template":"","meta":{"_acf_changed":false,"footnotes":""},"class_list":["post-18852","page","type-page","status-publish","hentry"],"acf":[],"yoast_head":"<!-- This site is optimized with the Yoast SEO Premium plugin v25.9 (Yoast SEO v26.9) - https:\/\/yoast.com\/product\/yoast-seo-premium-wordpress\/ -->\n<title>\u0130lerleme BAf\u00f6G - International Education Centers<\/title>\n<meta name=\"description\" content=\"Wuppertal&#039;daki IEC&#039;de Upgrading BAf\u00f6G program\u0131 ile mesleki geli\u015fiminiz i\u00e7in finansal destek al\u0131n.\" \/>\n<meta name=\"robots\" content=\"index, follow, max-snippet:-1, max-image-preview:large, max-video-preview:-1\" \/>\n<link rel=\"canonical\" href=\"https:\/\/internationaleducationcenters.de\/tr\/ilerleme-bafoeg\/\" \/>\n<meta property=\"og:locale\" content=\"tr_TR\" \/>\n<meta property=\"og:type\" content=\"article\" \/>\n<meta property=\"og:title\" content=\"\u0130lerleme BAf\u00f6G\" \/>\n<meta property=\"og:description\" content=\"Wuppertal&#039;daki IEC&#039;de Upgrading BAf\u00f6G program\u0131 ile mesleki geli\u015fiminiz i\u00e7in finansal destek al\u0131n.\" \/>\n<meta property=\"og:url\" content=\"https:\/\/internationaleducationcenters.de\/tr\/ilerleme-bafoeg\/\" \/>\n<meta property=\"og:site_name\" content=\"International Education Centers\" \/>\n<meta property=\"article:publisher\" content=\"https:\/\/www.facebook.com\/InternationalEducationCenters\/\" \/>\n<meta property=\"article:modified_time\" content=\"2025-11-03T12:36:46+00:00\" \/>\n<meta name=\"twitter:card\" content=\"summary_large_image\" \/>\n<meta name=\"twitter:label1\" content=\"Tahmini okuma s\u00fcresi\" \/>\n\t<meta name=\"twitter:data1\" content=\"2 dakika\" \/>\n<script type=\"application\/ld+json\" class=\"yoast-schema-graph\">{\"@context\":\"https:\/\/schema.org\",\"@graph\":[{\"@type\":\"WebPage\",\"@id\":\"https:\/\/internationaleducationcenters.de\/tr\/ilerleme-bafoeg\/\",\"url\":\"https:\/\/internationaleducationcenters.de\/tr\/ilerleme-bafoeg\/\",\"name\":\"\u0130lerleme BAf\u00f6G - International Education Centers\",\"isPartOf\":{\"@id\":\"https:\/\/internationaleducationcenters.de\/tr\/#website\"},\"datePublished\":\"2025-10-09T10:09:44+00:00\",\"dateModified\":\"2025-11-03T12:36:46+00:00\",\"description\":\"Wuppertal'daki IEC'de Upgrading BAf\u00f6G program\u0131 ile mesleki geli\u015fiminiz i\u00e7in finansal destek al\u0131n.\",\"breadcrumb\":{\"@id\":\"https:\/\/internationaleducationcenters.de\/tr\/ilerleme-bafoeg\/#breadcrumb\"},\"inLanguage\":\"tr\",\"potentialAction\":[{\"@type\":\"ReadAction\",\"target\":[\"https:\/\/internationaleducationcenters.de\/tr\/ilerleme-bafoeg\/\"]}]},{\"@type\":\"BreadcrumbList\",\"@id\":\"https:\/\/internationaleducationcenters.de\/tr\/ilerleme-bafoeg\/#breadcrumb\",\"itemListElement\":[{\"@type\":\"ListItem\",\"position\":1,\"name\":\"Home\",\"item\":\"https:\/\/internationaleducationcenters.de\/tr\/\"},{\"@type\":\"ListItem\",\"position\":2,\"name\":\"\u0130lerleme BAf\u00f6G\"}]},{\"@type\":\"WebSite\",\"@id\":\"https:\/\/internationaleducationcenters.de\/tr\/#website\",\"url\":\"https:\/\/internationaleducationcenters.de\/tr\/\",\"name\":\"International Education Centers\",\"description\":\"\",\"publisher\":{\"@id\":\"https:\/\/internationaleducationcenters.de\/tr\/#organization\"},\"potentialAction\":[{\"@type\":\"SearchAction\",\"target\":{\"@type\":\"EntryPoint\",\"urlTemplate\":\"https:\/\/internationaleducationcenters.de\/tr\/?s={search_term_string}\"},\"query-input\":{\"@type\":\"PropertyValueSpecification\",\"valueRequired\":true,\"valueName\":\"search_term_string\"}}],\"inLanguage\":\"tr\"},{\"@type\":\"Organization\",\"@id\":\"https:\/\/internationaleducationcenters.de\/tr\/#organization\",\"name\":\"International Education Centers\",\"alternateName\":\"IEC\",\"url\":\"https:\/\/internationaleducationcenters.de\/tr\/\",\"logo\":{\"@type\":\"ImageObject\",\"inLanguage\":\"tr\",\"@id\":\"https:\/\/internationaleducationcenters.de\/tr\/#\/schema\/logo\/image\/\",\"url\":\"https:\/\/internationaleducationcenters.de\/wp-content\/uploads\/2025\/08\/IEC_favicon-1.png\",\"contentUrl\":\"https:\/\/internationaleducationcenters.de\/wp-content\/uploads\/2025\/08\/IEC_favicon-1.png\",\"width\":512,\"height\":512,\"caption\":\"International Education Centers\"},\"image\":{\"@id\":\"https:\/\/internationaleducationcenters.de\/tr\/#\/schema\/logo\/image\/\"},\"sameAs\":[\"https:\/\/www.facebook.com\/InternationalEducationCenters\/\"]}]}<\/script>\n<!-- \/ Yoast SEO Premium plugin. -->","yoast_head_json":{"title":"\u0130lerleme BAf\u00f6G - International Education Centers","description":"Wuppertal'daki IEC'de Upgrading BAf\u00f6G program\u0131 ile mesleki geli\u015fiminiz i\u00e7in finansal destek al\u0131n.","robots":{"index":"index","follow":"follow","max-snippet":"max-snippet:-1","max-image-preview":"max-image-preview:large","max-video-preview":"max-video-preview:-1"},"canonical":"https:\/\/internationaleducationcenters.de\/tr\/ilerleme-bafoeg\/","og_locale":"tr_TR","og_type":"article","og_title":"\u0130lerleme BAf\u00f6G","og_description":"Wuppertal'daki IEC'de Upgrading BAf\u00f6G program\u0131 ile mesleki geli\u015fiminiz i\u00e7in finansal destek al\u0131n.","og_url":"https:\/\/internationaleducationcenters.de\/tr\/ilerleme-bafoeg\/","og_site_name":"International Education Centers","article_publisher":"https:\/\/www.facebook.com\/InternationalEducationCenters\/","article_modified_time":"2025-11-03T12:36:46+00:00","twitter_card":"summary_large_image","twitter_misc":{"Tahmini okuma s\u00fcresi":"2 dakika"},"schema":{"@context":"https:\/\/schema.org","@graph":[{"@type":"WebPage","@id":"https:\/\/internationaleducationcenters.de\/tr\/ilerleme-bafoeg\/","url":"https:\/\/internationaleducationcenters.de\/tr\/ilerleme-bafoeg\/","name":"\u0130lerleme BAf\u00f6G - International Education Centers","isPartOf":{"@id":"https:\/\/internationaleducationcenters.de\/tr\/#website"},"datePublished":"2025-10-09T10:09:44+00:00","dateModified":"2025-11-03T12:36:46+00:00","description":"Wuppertal'daki IEC'de Upgrading BAf\u00f6G program\u0131 ile mesleki geli\u015fiminiz i\u00e7in finansal destek al\u0131n.","breadcrumb":{"@id":"https:\/\/internationaleducationcenters.de\/tr\/ilerleme-bafoeg\/#breadcrumb"},"inLanguage":"tr","potentialAction":[{"@type":"ReadAction","target":["https:\/\/internationaleducationcenters.de\/tr\/ilerleme-bafoeg\/"]}]},{"@type":"BreadcrumbList","@id":"https:\/\/internationaleducationcenters.de\/tr\/ilerleme-bafoeg\/#breadcrumb","itemListElement":[{"@type":"ListItem","position":1,"name":"Home","item":"https:\/\/internationaleducationcenters.de\/tr\/"},{"@type":"ListItem","position":2,"name":"\u0130lerleme BAf\u00f6G"}]},{"@type":"WebSite","@id":"https:\/\/internationaleducationcenters.de\/tr\/#website","url":"https:\/\/internationaleducationcenters.de\/tr\/","name":"International Education Centers","description":"","publisher":{"@id":"https:\/\/internationaleducationcenters.de\/tr\/#organization"},"potentialAction":[{"@type":"SearchAction","target":{"@type":"EntryPoint","urlTemplate":"https:\/\/internationaleducationcenters.de\/tr\/?s={search_term_string}"},"query-input":{"@type":"PropertyValueSpecification","valueRequired":true,"valueName":"search_term_string"}}],"inLanguage":"tr"},{"@type":"Organization","@id":"https:\/\/internationaleducationcenters.de\/tr\/#organization","name":"International Education Centers","alternateName":"IEC","url":"https:\/\/internationaleducationcenters.de\/tr\/","logo":{"@type":"ImageObject","inLanguage":"tr","@id":"https:\/\/internationaleducationcenters.de\/tr\/#\/schema\/logo\/image\/","url":"https:\/\/internationaleducationcenters.de\/wp-content\/uploads\/2025\/08\/IEC_favicon-1.png","contentUrl":"https:\/\/internationaleducationcenters.de\/wp-content\/uploads\/2025\/08\/IEC_favicon-1.png","width":512,"height":512,"caption":"International Education Centers"},"image":{"@id":"https:\/\/internationaleducationcenters.de\/tr\/#\/schema\/logo\/image\/"},"sameAs":["https:\/\/www.facebook.com\/InternationalEducationCenters\/"]}]}},"_links":{"self":[{"href":"https:\/\/internationaleducationcenters.de\/tr\/wp-json\/wp\/v2\/pages\/18852","targetHints":{"allow":["GET"]}}],"collection":[{"href":"https:\/\/internationaleducationcenters.de\/tr\/wp-json\/wp\/v2\/pages"}],"about":[{"href":"https:\/\/internationaleducationcenters.de\/tr\/wp-json\/wp\/v2\/types\/page"}],"author":[{"embeddable":true,"href":"https:\/\/internationaleducationcenters.de\/tr\/wp-json\/wp\/v2\/users\/77"}],"replies":[{"embeddable":true,"href":"https:\/\/internationaleducationcenters.de\/tr\/wp-json\/wp\/v2\/comments?post=18852"}],"version-history":[{"count":1,"href":"https:\/\/internationaleducationcenters.de\/tr\/wp-json\/wp\/v2\/pages\/18852\/revisions"}],"predecessor-version":[{"id":18854,"href":"https:\/\/internationaleducationcenters.de\/tr\/wp-json\/wp\/v2\/pages\/18852\/revisions\/18854"}],"wp:attachment":[{"href":"https:\/\/internationaleducationcenters.de\/tr\/wp-json\/wp\/v2\/media?parent=18852"}],"curies":[{"name":"wp","href":"https:\/\/api.w.org\/{rel}","templated":true}]}}