{"id":4712,"date":"2024-04-04T15:09:00","date_gmt":"2024-04-04T13:09:00","guid":{"rendered":"https:\/\/internationaleducationcenters.de\/oedeme-yoentemleri\/"},"modified":"2025-11-03T13:48:03","modified_gmt":"2025-11-03T12:48:03","slug":"oedeme-yoentemleri","status":"publish","type":"page","link":"https:\/\/internationaleducationcenters.de\/tr\/oedeme-yoentemleri\/","title":{"rendered":"\u00d6deme y\u00f6ntemleri"},"content":{"rendered":"<div class=\"woocommerce woocommerce-gzd\">\n\t<ul class=\"payment_methods methods\">\n\t\t\t\t\t<li class=\"payment_method_mollie_wc_gateway_applepay\">\n\t\t\t\t<label>Apple Pay<img src='https:\/\/internationaleducationcenters.de\/wp-content\/plugins\/mollie-payments-for-woocommerce\/public\/images\/applepay.svg' alt='applepay icon' class='mollie-gateway-icon' \/><\/label>\n\t\t\t\t\t\t\t<\/li>\n\t\t\t\t\t<li class=\"payment_method_mollie_wc_gateway_ideal\">\n\t\t\t\t<label>iDEAL | Wero<img src='https:\/\/internationaleducationcenters.de\/wp-content\/plugins\/mollie-payments-for-woocommerce\/public\/images\/ideal.svg' alt='ideal icon' class='mollie-gateway-icon' \/><\/label>\n\t\t\t\t\t\t\t\t\t<div class=\"payment_box payment_method_mollie_wc_gateway_ideal\">\n\t\t\t\t\t\t<p><\/p>\n\t\t\t\t\t<\/div>\n\t\t\t\t\t\t\t<\/li>\n\t\t\t\t\t<li class=\"payment_method_mollie_wc_gateway_creditcard\">\n\t\t\t\t<label>Card<img src='https:\/\/internationaleducationcenters.de\/wp-content\/plugins\/mollie-payments-for-woocommerce\/public\/images\/creditcards.svg' alt='creditcard icon' class='mollie-gateway-icon' \/><\/label>\n\t\t\t\t\t\t\t\t\t<div class=\"payment_box payment_method_mollie_wc_gateway_creditcard\">\n\t\t\t\t\t\t<p><\/p>\n\t\t\t\t\t<\/div>\n\t\t\t\t\t\t\t<\/li>\n\t\t\t\t\t<li class=\"payment_method_mollie_wc_gateway_klarna\">\n\t\t\t\t<label>Pay with Klarna<img src='https:\/\/internationaleducationcenters.de\/wp-content\/plugins\/mollie-payments-for-woocommerce\/public\/images\/klarna.svg' alt='klarna icon' class='mollie-gateway-icon' \/><\/label>\n\t\t\t\t\t\t\t<\/li>\n\t\t\t\t\t<li class=\"payment_method_mollie_wc_gateway_klarnapaylater\">\n\t\t\t\t<label>Pay later.<img src='https:\/\/internationaleducationcenters.de\/wp-content\/plugins\/mollie-payments-for-woocommerce\/public\/images\/klarnapaylater.svg' alt='klarnapaylater icon' class='mollie-gateway-icon' \/><\/label>\n\t\t\t\t\t\t\t<\/li>\n\t\t\t\t\t<li class=\"payment_method_mollie_wc_gateway_klarnapaynow\">\n\t\t\t\t<label>Pay now.<img src='https:\/\/internationaleducationcenters.de\/wp-content\/plugins\/mollie-payments-for-woocommerce\/public\/images\/klarnapaynow.svg' alt='klarnapaynow icon' class='mollie-gateway-icon' \/><\/label>\n\t\t\t\t\t\t\t<\/li>\n\t\t\t\t\t<li class=\"payment_method_mollie_wc_gateway_klarnasliceit\">\n\t\t\t\t<label>Slice it.<img src='https:\/\/internationaleducationcenters.de\/wp-content\/plugins\/mollie-payments-for-woocommerce\/public\/images\/klarnasliceit.svg' alt='klarnasliceit icon' class='mollie-gateway-icon' \/><\/label>\n\t\t\t\t\t\t\t<\/li>\n\t\t\t\t\t<li class=\"payment_method_mollie_wc_gateway_in3\">\n\t\t\t\t<label>in3 - Pay in 3 installments, 0% interest<img src='https:\/\/internationaleducationcenters.de\/wp-content\/plugins\/mollie-payments-for-woocommerce\/public\/images\/in3.svg' alt='in3 icon' class='mollie-gateway-icon' \/><\/label>\n\t\t\t\t\t\t\t\t\t<div class=\"payment_box payment_method_mollie_wc_gateway_in3\">\n\t\t\t\t\t\t<p>Pay in 3 instalments, 0% interest<\/p>\n\t\t\t\t\t<\/div>\n\t\t\t\t\t\t\t<\/li>\n\t\t\t\t\t<li class=\"payment_method_mollie_wc_gateway_riverty\">\n\t\t\t\t<label>Buy now, pay later with Riverty<img src='https:\/\/internationaleducationcenters.de\/wp-content\/plugins\/mollie-payments-for-woocommerce\/public\/images\/riverty.svg' alt='riverty icon' class='mollie-gateway-icon' \/><\/label>\n\t\t\t\t\t\t\t\t\t<div class=\"payment_box payment_method_mollie_wc_gateway_riverty\">\n\t\t\t\t\t\t<p><\/p>\n\t\t\t\t\t<\/div>\n\t\t\t\t\t\t\t<\/li>\n\t\t\t\t\t<li class=\"payment_method_mollie_wc_gateway_giftcard\">\n\t\t\t\t<label>Gift cards<img src='https:\/\/internationaleducationcenters.de\/wp-content\/plugins\/mollie-payments-for-woocommerce\/public\/images\/giftcard.svg' alt='giftcard icon' class='mollie-gateway-icon' \/><\/label>\n\t\t\t\t\t\t\t\t\t<div class=\"payment_box payment_method_mollie_wc_gateway_giftcard\">\n\t\t\t\t\t\t<p>Select your gift card<\/p>\n\t\t\t\t\t<\/div>\n\t\t\t\t\t\t\t<\/li>\n\t\t\t\t\t<li class=\"payment_method_mollie_wc_gateway_paypal\">\n\t\t\t\t<label>PayPal<img src='https:\/\/internationaleducationcenters.de\/wp-content\/plugins\/mollie-payments-for-woocommerce\/public\/images\/paypal.svg' alt='paypal icon' class='mollie-gateway-icon' \/><\/label>\n\t\t\t\t\t\t\t<\/li>\n\t\t\t\t\t<li class=\"payment_method_mollie_wc_gateway_paybybank\">\n\t\t\t\t<label>Pay By Bank<img src='https:\/\/internationaleducationcenters.de\/wp-content\/plugins\/mollie-payments-for-woocommerce\/public\/images\/paybybank.svg' alt='paybybank icon' class='mollie-gateway-icon' \/><\/label>\n\t\t\t\t\t\t\t<\/li>\n\t\t\t\t\t<li class=\"payment_method_mollie_wc_gateway_bancontact\">\n\t\t\t\t<label>Bancontact<img src='https:\/\/internationaleducationcenters.de\/wp-content\/plugins\/mollie-payments-for-woocommerce\/public\/images\/bancontact.svg' alt='bancontact icon' class='mollie-gateway-icon' \/><\/label>\n\t\t\t\t\t\t\t<\/li>\n\t\t\t\t\t<li class=\"payment_method_mollie_wc_gateway_eps\">\n\t\t\t\t<label>eps<img src='https:\/\/internationaleducationcenters.de\/wp-content\/plugins\/mollie-payments-for-woocommerce\/public\/images\/eps.svg' alt='eps icon' class='mollie-gateway-icon' \/><\/label>\n\t\t\t\t\t\t\t<\/li>\n\t\t\t\t\t<li class=\"payment_method_mollie_wc_gateway_przelewy24\">\n\t\t\t\t<label>Przelewy24<img src='https:\/\/internationaleducationcenters.de\/wp-content\/plugins\/mollie-payments-for-woocommerce\/public\/images\/przelewy24.svg' alt='przelewy24 icon' class='mollie-gateway-icon' \/><\/label>\n\t\t\t\t\t\t\t<\/li>\n\t\t\t\t\t<li class=\"payment_method_mollie_wc_gateway_kbc\">\n\t\t\t\t<label>KBC\/CBC Payment Button<img src='https:\/\/internationaleducationcenters.de\/wp-content\/plugins\/mollie-payments-for-woocommerce\/public\/images\/kbc.svg' alt='kbc icon' class='mollie-gateway-icon' \/><\/label>\n\t\t\t\t\t\t\t\t\t<div class=\"payment_box payment_method_mollie_wc_gateway_kbc\">\n\t\t\t\t\t\t<p>Select your bank<\/p>\n\t\t\t\t\t<\/div>\n\t\t\t\t\t\t\t<\/li>\n\t\t\t\t\t<li class=\"payment_method_mollie_wc_gateway_belfius\">\n\t\t\t\t<label>Belfius Pay Button<img src='https:\/\/internationaleducationcenters.de\/wp-content\/plugins\/mollie-payments-for-woocommerce\/public\/images\/belfius.svg' alt='belfius icon' class='mollie-gateway-icon' \/><\/label>\n\t\t\t\t\t\t\t<\/li>\n\t\t\t\t\t<li class=\"payment_method_mollie_wc_gateway_billie\">\n\t\t\t\t<label>Pay by Invoice for Businesses - Billie<img src='https:\/\/internationaleducationcenters.de\/wp-content\/plugins\/mollie-payments-for-woocommerce\/public\/images\/billie.svg' alt='billie icon' class='mollie-gateway-icon' \/><\/label>\n\t\t\t\t\t\t\t\t\t<div class=\"payment_box payment_method_mollie_wc_gateway_billie\">\n\t\t\t\t\t\t<p><\/p>\n\t\t\t\t\t<\/div>\n\t\t\t\t\t\t\t<\/li>\n\t\t\t\t\t<li class=\"payment_method_mollie_wc_gateway_blik\">\n\t\t\t\t<label>Blik<img src='https:\/\/internationaleducationcenters.de\/wp-content\/plugins\/mollie-payments-for-woocommerce\/public\/images\/blik.svg' alt='blik icon' class='mollie-gateway-icon' \/><\/label>\n\t\t\t\t\t\t\t<\/li>\n\t\t\t\t\t<li class=\"payment_method_mollie_wc_gateway_bancomatpay\">\n\t\t\t\t<label>Bancomat Pay<img src='https:\/\/internationaleducationcenters.de\/wp-content\/plugins\/mollie-payments-for-woocommerce\/public\/images\/bancomatpay.svg' alt='bancomatpay icon' class='mollie-gateway-icon' \/><\/label>\n\t\t\t\t\t\t\t<\/li>\n\t\t\t\t\t<li class=\"payment_method_mollie_wc_gateway_alma\">\n\t\t\t\t<label>Pay in 3 or 4 installments free of charge<img src='https:\/\/internationaleducationcenters.de\/wp-content\/plugins\/mollie-payments-for-woocommerce\/public\/images\/alma.svg' alt='alma icon' class='mollie-gateway-icon' \/><\/label>\n\t\t\t\t\t\t\t<\/li>\n\t\t\t\t\t<li class=\"payment_method_mollie_wc_gateway_satispay\">\n\t\t\t\t<label>Satispay<img src='https:\/\/internationaleducationcenters.de\/wp-content\/plugins\/mollie-payments-for-woocommerce\/public\/images\/satispay.svg' alt='satispay icon' class='mollie-gateway-icon' \/><\/label>\n\t\t\t\t\t\t\t<\/li>\n\t\t\t\t\t<li class=\"payment_method_mollie_wc_gateway_mbway\">\n\t\t\t\t<label>MB Way<img src='https:\/\/internationaleducationcenters.de\/wp-content\/plugins\/mollie-payments-for-woocommerce\/public\/images\/mbway.svg' alt='mbway icon' class='mollie-gateway-icon' \/><\/label>\n\t\t\t\t\t\t\t<\/li>\n\t\t\t\t\t<li class=\"payment_method_mollie_wc_gateway_multibanco\">\n\t\t\t\t<label>Multibanco<img src='https:\/\/internationaleducationcenters.de\/wp-content\/plugins\/mollie-payments-for-woocommerce\/public\/images\/multibanco.svg' alt='multibanco icon' class='mollie-gateway-icon' \/><\/label>\n\t\t\t\t\t\t\t<\/li>\n\t\t\t<\/ul>\n<\/div>\n","protected":false},"excerpt":{"rendered":"","protected":false},"author":6,"featured_media":0,"parent":0,"menu_order":0,"comment_status":"closed","ping_status":"closed","template":"","meta":{"_acf_changed":false,"footnotes":""},"class_list":["post-4712","page","type-page","status-publish","hentry"],"acf":[],"yoast_head":"<!-- This site is optimized with the Yoast SEO Premium plugin v25.9 (Yoast SEO v26.9) - https:\/\/yoast.com\/product\/yoast-seo-premium-wordpress\/ -->\n<title>\u00d6deme y\u00f6ntemleri - International Education Centers<\/title>\n<meta name=\"description\" content=\"Her bir e\u011fitim program\u0131 i\u00e7in \u00e7e\u015fitli \u00f6deme y\u00f6ntemleri kullanarak \u00f6deme yapabilirsiniz. E\u011fitiminiz i\u00e7in ister taksitle ister do\u011frudan banka havalesi veya kredi kart\u0131, \u00f6n \u00f6deme, otomatik \u00f6deme veya fatura ile \u00f6deme yapmay\u0131 se\u00e7in: tercih etti\u011finiz \u00f6deme y\u00f6ntemini se\u00e7in ve e\u011fitim kursunuzu ay\u0131rt\u0131n! E\u011fitim hizmetleri rezervasyonu i\u00e7in esnek \u00f6deme y\u00f6ntemlerini kullan\u0131n\" \/>\n<meta name=\"robots\" content=\"index, follow, max-snippet:-1, max-image-preview:large, max-video-preview:-1\" \/>\n<link rel=\"canonical\" href=\"https:\/\/internationaleducationcenters.de\/tr\/oedeme-yoentemleri\/\" \/>\n<meta property=\"og:locale\" content=\"tr_TR\" \/>\n<meta property=\"og:type\" content=\"article\" \/>\n<meta property=\"og:title\" content=\"\u00d6deme y\u00f6ntemleri\" \/>\n<meta property=\"og:description\" content=\"Her bir e\u011fitim program\u0131 i\u00e7in \u00e7e\u015fitli \u00f6deme y\u00f6ntemleri kullanarak \u00f6deme yapabilirsiniz. E\u011fitiminiz i\u00e7in ister taksitle ister do\u011frudan banka havalesi veya kredi kart\u0131, \u00f6n \u00f6deme, otomatik \u00f6deme veya fatura ile \u00f6deme yapmay\u0131 se\u00e7in: tercih etti\u011finiz \u00f6deme y\u00f6ntemini se\u00e7in ve e\u011fitim kursunuzu ay\u0131rt\u0131n! E\u011fitim hizmetleri rezervasyonu i\u00e7in esnek \u00f6deme y\u00f6ntemlerini kullan\u0131n\" \/>\n<meta property=\"og:url\" content=\"https:\/\/internationaleducationcenters.de\/tr\/oedeme-yoentemleri\/\" \/>\n<meta property=\"og:site_name\" content=\"International Education Centers\" \/>\n<meta property=\"article:publisher\" content=\"https:\/\/www.facebook.com\/InternationalEducationCenters\/\" \/>\n<meta property=\"article:modified_time\" content=\"2025-11-03T12:48:03+00:00\" \/>\n<meta name=\"twitter:card\" content=\"summary_large_image\" \/>\n<script type=\"application\/ld+json\" class=\"yoast-schema-graph\">{\"@context\":\"https:\/\/schema.org\",\"@graph\":[{\"@type\":\"WebPage\",\"@id\":\"https:\/\/internationaleducationcenters.de\/tr\/oedeme-yoentemleri\/\",\"url\":\"https:\/\/internationaleducationcenters.de\/tr\/oedeme-yoentemleri\/\",\"name\":\"\u00d6deme y\u00f6ntemleri - International Education Centers\",\"isPartOf\":{\"@id\":\"https:\/\/internationaleducationcenters.de\/tr\/#website\"},\"datePublished\":\"2024-04-04T13:09:00+00:00\",\"dateModified\":\"2025-11-03T12:48:03+00:00\",\"description\":\"Her bir e\u011fitim program\u0131 i\u00e7in \u00e7e\u015fitli \u00f6deme y\u00f6ntemleri kullanarak \u00f6deme yapabilirsiniz. E\u011fitiminiz i\u00e7in ister taksitle ister do\u011frudan banka havalesi veya kredi kart\u0131, \u00f6n \u00f6deme, otomatik \u00f6deme veya fatura ile \u00f6deme yapmay\u0131 se\u00e7in: tercih etti\u011finiz \u00f6deme y\u00f6ntemini se\u00e7in ve e\u011fitim kursunuzu ay\u0131rt\u0131n! E\u011fitim hizmetleri rezervasyonu i\u00e7in esnek \u00f6deme y\u00f6ntemlerini kullan\u0131n\",\"breadcrumb\":{\"@id\":\"https:\/\/internationaleducationcenters.de\/tr\/oedeme-yoentemleri\/#breadcrumb\"},\"inLanguage\":\"tr\",\"potentialAction\":[{\"@type\":\"ReadAction\",\"target\":[\"https:\/\/internationaleducationcenters.de\/tr\/oedeme-yoentemleri\/\"]}]},{\"@type\":\"BreadcrumbList\",\"@id\":\"https:\/\/internationaleducationcenters.de\/tr\/oedeme-yoentemleri\/#breadcrumb\",\"itemListElement\":[{\"@type\":\"ListItem\",\"position\":1,\"name\":\"Home\",\"item\":\"https:\/\/internationaleducationcenters.de\/tr\/\"},{\"@type\":\"ListItem\",\"position\":2,\"name\":\"\u00d6deme y\u00f6ntemleri\"}]},{\"@type\":\"WebSite\",\"@id\":\"https:\/\/internationaleducationcenters.de\/tr\/#website\",\"url\":\"https:\/\/internationaleducationcenters.de\/tr\/\",\"name\":\"International Education Centers\",\"description\":\"\",\"publisher\":{\"@id\":\"https:\/\/internationaleducationcenters.de\/tr\/#organization\"},\"potentialAction\":[{\"@type\":\"SearchAction\",\"target\":{\"@type\":\"EntryPoint\",\"urlTemplate\":\"https:\/\/internationaleducationcenters.de\/tr\/?s={search_term_string}\"},\"query-input\":{\"@type\":\"PropertyValueSpecification\",\"valueRequired\":true,\"valueName\":\"search_term_string\"}}],\"inLanguage\":\"tr\"},{\"@type\":\"Organization\",\"@id\":\"https:\/\/internationaleducationcenters.de\/tr\/#organization\",\"name\":\"International Education Centers\",\"alternateName\":\"IEC\",\"url\":\"https:\/\/internationaleducationcenters.de\/tr\/\",\"logo\":{\"@type\":\"ImageObject\",\"inLanguage\":\"tr\",\"@id\":\"https:\/\/internationaleducationcenters.de\/tr\/#\/schema\/logo\/image\/\",\"url\":\"https:\/\/internationaleducationcenters.de\/wp-content\/uploads\/2025\/08\/IEC_favicon-1.png\",\"contentUrl\":\"https:\/\/internationaleducationcenters.de\/wp-content\/uploads\/2025\/08\/IEC_favicon-1.png\",\"width\":512,\"height\":512,\"caption\":\"International Education Centers\"},\"image\":{\"@id\":\"https:\/\/internationaleducationcenters.de\/tr\/#\/schema\/logo\/image\/\"},\"sameAs\":[\"https:\/\/www.facebook.com\/InternationalEducationCenters\/\"]}]}<\/script>\n<!-- \/ Yoast SEO Premium plugin. -->","yoast_head_json":{"title":"\u00d6deme y\u00f6ntemleri - International Education Centers","description":"Her bir e\u011fitim program\u0131 i\u00e7in \u00e7e\u015fitli \u00f6deme y\u00f6ntemleri kullanarak \u00f6deme yapabilirsiniz. E\u011fitiminiz i\u00e7in ister taksitle ister do\u011frudan banka havalesi veya kredi kart\u0131, \u00f6n \u00f6deme, otomatik \u00f6deme veya fatura ile \u00f6deme yapmay\u0131 se\u00e7in: tercih etti\u011finiz \u00f6deme y\u00f6ntemini se\u00e7in ve e\u011fitim kursunuzu ay\u0131rt\u0131n! E\u011fitim hizmetleri rezervasyonu i\u00e7in esnek \u00f6deme y\u00f6ntemlerini kullan\u0131n","robots":{"index":"index","follow":"follow","max-snippet":"max-snippet:-1","max-image-preview":"max-image-preview:large","max-video-preview":"max-video-preview:-1"},"canonical":"https:\/\/internationaleducationcenters.de\/tr\/oedeme-yoentemleri\/","og_locale":"tr_TR","og_type":"article","og_title":"\u00d6deme y\u00f6ntemleri","og_description":"Her bir e\u011fitim program\u0131 i\u00e7in \u00e7e\u015fitli \u00f6deme y\u00f6ntemleri kullanarak \u00f6deme yapabilirsiniz. E\u011fitiminiz i\u00e7in ister taksitle ister do\u011frudan banka havalesi veya kredi kart\u0131, \u00f6n \u00f6deme, otomatik \u00f6deme veya fatura ile \u00f6deme yapmay\u0131 se\u00e7in: tercih etti\u011finiz \u00f6deme y\u00f6ntemini se\u00e7in ve e\u011fitim kursunuzu ay\u0131rt\u0131n! E\u011fitim hizmetleri rezervasyonu i\u00e7in esnek \u00f6deme y\u00f6ntemlerini kullan\u0131n","og_url":"https:\/\/internationaleducationcenters.de\/tr\/oedeme-yoentemleri\/","og_site_name":"International Education Centers","article_publisher":"https:\/\/www.facebook.com\/InternationalEducationCenters\/","article_modified_time":"2025-11-03T12:48:03+00:00","twitter_card":"summary_large_image","schema":{"@context":"https:\/\/schema.org","@graph":[{"@type":"WebPage","@id":"https:\/\/internationaleducationcenters.de\/tr\/oedeme-yoentemleri\/","url":"https:\/\/internationaleducationcenters.de\/tr\/oedeme-yoentemleri\/","name":"\u00d6deme y\u00f6ntemleri - International Education Centers","isPartOf":{"@id":"https:\/\/internationaleducationcenters.de\/tr\/#website"},"datePublished":"2024-04-04T13:09:00+00:00","dateModified":"2025-11-03T12:48:03+00:00","description":"Her bir e\u011fitim program\u0131 i\u00e7in \u00e7e\u015fitli \u00f6deme y\u00f6ntemleri kullanarak \u00f6deme yapabilirsiniz. E\u011fitiminiz i\u00e7in ister taksitle ister do\u011frudan banka havalesi veya kredi kart\u0131, \u00f6n \u00f6deme, otomatik \u00f6deme veya fatura ile \u00f6deme yapmay\u0131 se\u00e7in: tercih etti\u011finiz \u00f6deme y\u00f6ntemini se\u00e7in ve e\u011fitim kursunuzu ay\u0131rt\u0131n! E\u011fitim hizmetleri rezervasyonu i\u00e7in esnek \u00f6deme y\u00f6ntemlerini kullan\u0131n","breadcrumb":{"@id":"https:\/\/internationaleducationcenters.de\/tr\/oedeme-yoentemleri\/#breadcrumb"},"inLanguage":"tr","potentialAction":[{"@type":"ReadAction","target":["https:\/\/internationaleducationcenters.de\/tr\/oedeme-yoentemleri\/"]}]},{"@type":"BreadcrumbList","@id":"https:\/\/internationaleducationcenters.de\/tr\/oedeme-yoentemleri\/#breadcrumb","itemListElement":[{"@type":"ListItem","position":1,"name":"Home","item":"https:\/\/internationaleducationcenters.de\/tr\/"},{"@type":"ListItem","position":2,"name":"\u00d6deme y\u00f6ntemleri"}]},{"@type":"WebSite","@id":"https:\/\/internationaleducationcenters.de\/tr\/#website","url":"https:\/\/internationaleducationcenters.de\/tr\/","name":"International Education Centers","description":"","publisher":{"@id":"https:\/\/internationaleducationcenters.de\/tr\/#organization"},"potentialAction":[{"@type":"SearchAction","target":{"@type":"EntryPoint","urlTemplate":"https:\/\/internationaleducationcenters.de\/tr\/?s={search_term_string}"},"query-input":{"@type":"PropertyValueSpecification","valueRequired":true,"valueName":"search_term_string"}}],"inLanguage":"tr"},{"@type":"Organization","@id":"https:\/\/internationaleducationcenters.de\/tr\/#organization","name":"International Education Centers","alternateName":"IEC","url":"https:\/\/internationaleducationcenters.de\/tr\/","logo":{"@type":"ImageObject","inLanguage":"tr","@id":"https:\/\/internationaleducationcenters.de\/tr\/#\/schema\/logo\/image\/","url":"https:\/\/internationaleducationcenters.de\/wp-content\/uploads\/2025\/08\/IEC_favicon-1.png","contentUrl":"https:\/\/internationaleducationcenters.de\/wp-content\/uploads\/2025\/08\/IEC_favicon-1.png","width":512,"height":512,"caption":"International Education Centers"},"image":{"@id":"https:\/\/internationaleducationcenters.de\/tr\/#\/schema\/logo\/image\/"},"sameAs":["https:\/\/www.facebook.com\/InternationalEducationCenters\/"]}]}},"_links":{"self":[{"href":"https:\/\/internationaleducationcenters.de\/tr\/wp-json\/wp\/v2\/pages\/4712","targetHints":{"allow":["GET"]}}],"collection":[{"href":"https:\/\/internationaleducationcenters.de\/tr\/wp-json\/wp\/v2\/pages"}],"about":[{"href":"https:\/\/internationaleducationcenters.de\/tr\/wp-json\/wp\/v2\/types\/page"}],"author":[{"embeddable":true,"href":"https:\/\/internationaleducationcenters.de\/tr\/wp-json\/wp\/v2\/users\/6"}],"replies":[{"embeddable":true,"href":"https:\/\/internationaleducationcenters.de\/tr\/wp-json\/wp\/v2\/comments?post=4712"}],"version-history":[{"count":1,"href":"https:\/\/internationaleducationcenters.de\/tr\/wp-json\/wp\/v2\/pages\/4712\/revisions"}],"predecessor-version":[{"id":19064,"href":"https:\/\/internationaleducationcenters.de\/tr\/wp-json\/wp\/v2\/pages\/4712\/revisions\/19064"}],"wp:attachment":[{"href":"https:\/\/internationaleducationcenters.de\/tr\/wp-json\/wp\/v2\/media?parent=4712"}],"curies":[{"name":"wp","href":"https:\/\/api.w.org\/{rel}","templated":true}]}}