{"id":4719,"date":"2024-04-04T15:09:00","date_gmt":"2024-04-04T13:09:00","guid":{"rendered":"https:\/\/internationaleducationcenters.de\/kuenye\/"},"modified":"2025-11-03T11:22:45","modified_gmt":"2025-11-03T10:22:45","slug":"kuenye","status":"publish","type":"page","link":"https:\/\/internationaleducationcenters.de\/tr\/kuenye\/","title":{"rendered":"K\u00fcnye"},"content":{"rendered":"\t\t<div data-elementor-type=\"wp-page\" data-elementor-id=\"4719\" class=\"elementor elementor-4719 elementor-2333\" data-elementor-post-type=\"page\">\n\t\t\t\t<div class=\"elementor-element elementor-element-35332699 e-flex e-con-boxed e-con e-parent\" data-id=\"35332699\" data-element_type=\"container\" data-e-type=\"container\" data-settings=\"{&quot;background_background&quot;:&quot;gradient&quot;}\">\n\t\t\t\t\t<div class=\"e-con-inner\">\n\t\t\t\t\t<\/div>\n\t\t\t\t<\/div>\n\t\t<div class=\"elementor-element elementor-element-4273399a e-con-full e-flex e-con e-parent\" data-id=\"4273399a\" data-element_type=\"container\" data-e-type=\"container\">\n\t\t\t\t<div class=\"elementor-element elementor-element-6caf01ff elementor-widget elementor-widget-heading\" data-id=\"6caf01ff\" data-element_type=\"widget\" data-e-type=\"widget\" data-widget_type=\"heading.default\">\n\t\t\t\t<div class=\"elementor-widget-container\">\n\t\t\t\t\t<h2 class=\"elementor-heading-title elementor-size-default\">Bask\u0131n\u0131z  <\/h2>\t\t\t\t<\/div>\n\t\t\t\t<\/div>\n\t\t\t\t<div class=\"elementor-element elementor-element-7a535744 elementor-widget elementor-widget-text-editor\" data-id=\"7a535744\" data-element_type=\"widget\" data-e-type=\"widget\" data-widget_type=\"text-editor.default\">\n\t\t\t\t<div class=\"elementor-widget-container\">\n\t\t\t\t\t\t\t\t\t<p><span class=\"TextRun SCXW33094049 BCX8\" lang=\"DE-DE\" xml:lang=\"DE-DE\" data-contrast=\"auto\"><span class=\"NormalTextRun SCXW33094049 BCX8\" data-ccp-parastyle=\"Body Text\">A\u015fa\u011f\u0131da, bu web sitesinin sa\u011flay\u0131c\u0131s\u0131 hakk\u0131nda yasal olarak gerekli bilgileri bulacaks\u0131n\u0131z.<\/span><\/span><span class=\"EOP SCXW33094049 BCX8\" data-ccp-props=\"{\"201341983\":0,\"335559737\":439,\"335559738\":283,\"335559740\":249}\"> <\/span><\/p><p><span data-contrast=\"auto\">IEC &#8211; International Education Centres GmbH Lise-Meitner Str.<\/span><span data-ccp-props=\"{\"201341983\":0,\"335559685\":400,\"335559737\":6066,\"335559738\":284,\"335559740\":249}\"> <\/span><\/p><p><span data-contrast=\"auto\">5-9<\/span><span data-ccp-props=\"{\"201341983\":1,\"335559685\":400,\"335559740\":239}\"> <\/span><\/p><p><span data-contrast=\"auto\">42119 Wuppertal<\/span><span data-ccp-props=\"{\"335559685\":400,\"335559738\":8}\"> <\/span><\/p><p><span data-ccp-props=\"{\"335559738\":17}\"> <\/span><\/p><p><span data-contrast=\"auto\">Ticaret sicili: HRB 26351<\/span><span data-ccp-props=\"{\"201341983\":0,\"335559685\":400,\"335559737\":5529,\"335559738\":1,\"335559740\":249}\"> <\/span><\/p><p><span data-contrast=\"auto\">Kay\u0131t mahkemesi: Wuppertal Yerel Mahkemesi<\/span><span data-ccp-props=\"{\"201341983\":0,\"335559685\":400,\"335559737\":5529,\"335559738\":1,\"335559740\":249}\"> <\/span><\/p><p><span data-ccp-props=\"{\"335559738\":6}\"> <\/span><\/p><p><b><span data-contrast=\"auto\">Temsilci:<\/span><\/b><span data-ccp-props=\"{\"335559685\":400}\"> <\/span><\/p><p><span data-contrast=\"auto\">Dipl. \u0130\u015f matemati\u011fi uzman\u0131 Yasemin \u015eahin<\/span><span data-ccp-props=\"{\"201341983\":0,\"335559685\":400,\"335559737\":6436,\"335559738\":9,\"335559740\":249}\"> <\/span><\/p><p><span data-ccp-props=\"{\"335559738\":7}\"> <\/span><\/p><p aria-level=\"2\"><b><span data-contrast=\"auto\">Bize ula\u015f\u0131n<\/span><\/b><span data-ccp-props=\"{\"335559685\":400}\"> <\/span><\/p><p><span data-contrast=\"auto\">Telefon: +49 (202) 261 58 77 0<\/span><span data-ccp-props=\"{\"335559685\":400,\"335559738\":263}\"> <\/span><\/p><p><span data-contrast=\"auto\">e-posta: <\/span><a href=\"mailto:info@internationaleducationcenters.de\"><span data-contrast=\"auto\">info@internationaleducationcenters.de<\/span><\/a><span data-ccp-props=\"{\"335559685\":400,\"335559738\":8}\"> <\/span><\/p><p><span data-ccp-props=\"{\"335559738\":19}\"> <\/span><\/p><p aria-level=\"2\"><b><span data-contrast=\"auto\">\u0130\u015fletme kimlik numaras\u0131<\/span><\/b><span data-ccp-props=\"{\"335559685\":400}\"> <\/span><\/p><p><span data-contrast=\"auto\">DE431184793<\/span><span data-ccp-props=\"{\"335559685\":400,\"335559738\":262}\"> <\/span><\/p><p><span data-ccp-props=\"{\"335559738\":19}\"> <\/span><\/p><p aria-level=\"2\"><b><span data-contrast=\"auto\">T\u00fcketici uyu\u015fmazl\u0131klar\u0131n\u0131n \u00e7\u00f6z\u00fcm\u00fc\/ evrensel tahkim merkezi<\/span><\/b><span data-ccp-props=\"{\"335559685\":400}\"> <\/span><\/p><p><span data-contrast=\"auto\">T\u00fcketici hakem heyeti nezdinde bir uyu\u015fmazl\u0131k \u00e7\u00f6z\u00fcm prosed\u00fcr\u00fcne kat\u0131l\u0131yoruz. Zentrum f\u00fcr Schlichtung e.V.&#8217;nin evrensel tahkim kurulu, Stra\u00dfburger Stra\u00dfe 8, 77694 Kehl am Rhein ( <\/span><span data-ccp-props=\"{\"201341983\":0,\"335559685\":400,\"335559737\":439,\"335559738\":262,\"335559740\":249}\"> <\/span><\/p><p><a href=\"https:\/\/www.verbraucher-schlichter.de\/\"><span data-contrast=\"none\">https:\/\/www.verbraucher-schlichter.de<\/span><\/a><span data-contrast=\"auto\">).<\/span><span data-ccp-props=\"{\"201341983\":1,\"335559685\":400,\"335559740\":238}\"> <\/span><\/p><p><span data-ccp-props=\"{\"335559738\":19}\"> <\/span><\/p><p aria-level=\"2\"><b><span data-contrast=\"auto\">Dijital Hizmetler Yasas\u0131 &#8211; DSA (Y\u00f6netmelik (AB) 2022\/265) kapsam\u0131nda merkezi irtibat noktas\u0131<\/span><\/b><span data-ccp-props=\"{\"201341983\":0,\"335559685\":400,\"335559740\":249}\"> <\/span><\/p><p><span data-contrast=\"auto\">DSA Madde 11, 12 uyar\u0131nca kullan\u0131c\u0131lar ve yetkililer i\u00e7in merkezi ileti\u015fim noktam\u0131za a\u015fa\u011f\u0131daki \u015fekilde ula\u015fabilirsiniz: E-posta: <\/span><a href=\"mailto:dataprivacy@internationaleducationcenters.de\"><span data-contrast=\"auto\">dataprivacy@internationaleducationcenters.de<\/span><\/a><span data-ccp-props=\"{\"201341983\":1,\"335559685\":400,\"335559737\":1229,\"335559738\":45,\"335559740\":500}\"> <\/span><\/p><p><span data-contrast=\"auto\">Telefon: +49 (202)261 58 770<\/span><span data-ccp-props=\"{\"201341983\":1,\"335559685\":400,\"335559740\":191}\"> <\/span><\/p><p><span data-contrast=\"auto\">5-9  <\/span><span data-ccp-props=\"{}\"> <\/span><\/p><p><span data-contrast=\"auto\">42119 Wuppertal  <\/span><span data-ccp-props=\"{}\"> <\/span><\/p><p><span data-contrast=\"auto\"> <\/span><span data-ccp-props=\"{}\"> <\/span><\/p><p><span data-contrast=\"auto\">Ticaret sicili: HRB 26351  <\/span><span data-ccp-props=\"{}\"> <\/span><\/p><p><span data-contrast=\"auto\">Kay\u0131t mahkemesi: Wuppertal Yerel Mahkemesi  <\/span><span data-ccp-props=\"{}\"> <\/span><\/p><p><span data-contrast=\"auto\"> <\/span><span data-ccp-props=\"{}\"> <\/span><\/p><p><span data-contrast=\"auto\">Temsilci:  <\/span><span data-ccp-props=\"{}\"> <\/span><\/p><p><span data-contrast=\"auto\">Dipl. \u0130\u015f matemati\u011fi uzman\u0131 Yasemin \u015eahin  <\/span><span data-ccp-props=\"{}\"> <\/span><\/p><p><span data-contrast=\"auto\"> <\/span><span data-ccp-props=\"{}\"> <\/span><\/p><p><span data-contrast=\"auto\">Bize ula\u015f\u0131n  <\/span><span data-ccp-props=\"{}\"> <\/span><\/p><p><span data-contrast=\"auto\">Telefon: +49 (202) 261 58 77 0  <\/span><span data-ccp-props=\"{}\"> <\/span><\/p><p><span data-contrast=\"auto\">E-posta: info@internationaleducationcenters.de  <\/span><span data-ccp-props=\"{}\"> <\/span><\/p><p><span data-contrast=\"auto\"> <\/span><span data-ccp-props=\"{}\"> <\/span><\/p><p><span data-contrast=\"auto\">\u0130\u015fletme kimlik numaras\u0131  <\/span><span data-ccp-props=\"{}\"> <\/span><\/p><p><span data-contrast=\"auto\">DE431184793  <\/span><span data-ccp-props=\"{}\"> <\/span><\/p><p><span data-contrast=\"auto\"> <\/span><span data-ccp-props=\"{}\"> <\/span><\/p><p><span data-contrast=\"auto\">T\u00fcketici uyu\u015fmazl\u0131klar\u0131n\u0131n \u00e7\u00f6z\u00fcm\u00fc\/ evrensel tahkim merkezi  <\/span><span data-ccp-props=\"{}\"> <\/span><\/p><p><span data-contrast=\"auto\">T\u00fcketici hakem heyeti nezdinde bir uyu\u015fmazl\u0131k \u00e7\u00f6z\u00fcm prosed\u00fcr\u00fcne kat\u0131l\u0131yoruz. Zentrum f\u00fcr Schlichtung e.V.&#8217;nin evrensel tahkim kurulu, Stra\u00dfburger Stra\u00dfe 8, 77694 Kehl am Rhein (   <\/span><span data-ccp-props=\"{}\"> <\/span><\/p><p><span data-contrast=\"auto\">https:\/\/www.verbraucher-schlichter.de).\n <\/span><span data-ccp-props=\"{}\"> <\/span><\/p><p><span data-contrast=\"auto\"> <\/span><span data-ccp-props=\"{}\"> <\/span><\/p><p><span data-contrast=\"auto\">Dijital Hizmetler Yasas\u0131 &#8211; DSA (2022\/265 say\u0131l\u0131 T\u00fcz\u00fck (AB)) kapsam\u0131ndaki merkezi irtibat noktas\u0131  <\/span><span data-ccp-props=\"{}\"> <\/span><\/p><p><span data-contrast=\"auto\">DSA Madde 11, 12 uyar\u0131nca kullan\u0131c\u0131lar ve yetkililer i\u00e7in merkezi ileti\u015fim noktam\u0131za a\u015fa\u011f\u0131daki adresten ula\u015fabilirsiniz:<br>EMail:dataprivacy@internationaleducationcenters.de  <\/span><span data-ccp-props=\"{}\"> <\/span><\/p><p><span data-contrast=\"auto\">Telefon: +49 (202)261 58 770  <\/span><span data-ccp-props=\"{}\"> <\/span><\/p><p><span data-contrast=\"auto\"> <\/span><span data-ccp-props=\"{}\"> <\/span><\/p><p><span data-ccp-props=\"{\"201341983\":1,\"335559685\":400,\"335559740\":191}\"> <\/span><\/p>\t\t\t\t\t\t\t\t<\/div>\n\t\t\t\t<\/div>\n\t\t\t\t<\/div>\n\t\t\t\t<\/div>\n\t\t","protected":false},"excerpt":{"rendered":"<p>Bask\u0131n\u0131z A\u015fa\u011f\u0131da, bu web sitesinin sa\u011flay\u0131c\u0131s\u0131 hakk\u0131nda yasal olarak gerekli bilgileri bulacaks\u0131n\u0131z. IEC &#8211; International Education Centres GmbH Lise-Meitner Str. 5-9 42119 Wuppertal Ticaret sicili: HRB 26351 Kay\u0131t mahkemesi: Wuppertal Yerel Mahkemesi Temsilci: Dipl. \u0130\u015f matemati\u011fi uzman\u0131 Yasemin \u015eahin Bize ula\u015f\u0131n Telefon: +49 (202) 261 58 77 0 e-posta: info@internationaleducationcenters.de \u0130\u015fletme kimlik numaras\u0131 DE431184793 T\u00fcketici [&hellip;]<\/p>\n","protected":false},"author":6,"featured_media":0,"parent":0,"menu_order":0,"comment_status":"closed","ping_status":"closed","template":"","meta":{"_acf_changed":false,"footnotes":""},"class_list":["post-4719","page","type-page","status-publish","hentry"],"acf":[],"yoast_head":"<!-- This site is optimized with the Yoast SEO Premium plugin v25.9 (Yoast SEO v26.9) - https:\/\/yoast.com\/product\/yoast-seo-premium-wordpress\/ -->\n<title>K\u00fcnye - International Education Centers<\/title>\n<meta name=\"description\" content=\"TMG \u00a7 5 uyar\u0131nca IEC-International Education Centres GmbH&#039;nin k\u00fcnyesi hakk\u0131ndaki t\u00fcm \u00f6nemli bilgileri \u00f6\u011frenin.\" \/>\n<meta name=\"robots\" content=\"index, follow, max-snippet:-1, max-image-preview:large, max-video-preview:-1\" \/>\n<link rel=\"canonical\" href=\"https:\/\/internationaleducationcenters.de\/tr\/kuenye\/\" \/>\n<meta property=\"og:locale\" content=\"tr_TR\" \/>\n<meta property=\"og:type\" content=\"article\" \/>\n<meta property=\"og:title\" content=\"K\u00fcnye\" \/>\n<meta property=\"og:description\" content=\"TMG \u00a7 5 uyar\u0131nca IEC-International Education Centres GmbH&#039;nin k\u00fcnyesi hakk\u0131ndaki t\u00fcm \u00f6nemli bilgileri \u00f6\u011frenin.\" \/>\n<meta property=\"og:url\" content=\"https:\/\/internationaleducationcenters.de\/tr\/kuenye\/\" \/>\n<meta property=\"og:site_name\" content=\"International Education Centers\" \/>\n<meta property=\"article:publisher\" content=\"https:\/\/www.facebook.com\/InternationalEducationCenters\/\" \/>\n<meta property=\"article:modified_time\" content=\"2025-11-03T10:22:45+00:00\" \/>\n<meta name=\"twitter:card\" content=\"summary_large_image\" \/>\n<meta name=\"twitter:label1\" content=\"Tahmini okuma s\u00fcresi\" \/>\n\t<meta name=\"twitter:data1\" content=\"1 dakika\" \/>\n<script type=\"application\/ld+json\" class=\"yoast-schema-graph\">{\"@context\":\"https:\/\/schema.org\",\"@graph\":[{\"@type\":\"WebPage\",\"@id\":\"https:\/\/internationaleducationcenters.de\/tr\/kuenye\/\",\"url\":\"https:\/\/internationaleducationcenters.de\/tr\/kuenye\/\",\"name\":\"K\u00fcnye - International Education Centers\",\"isPartOf\":{\"@id\":\"https:\/\/internationaleducationcenters.de\/tr\/#website\"},\"datePublished\":\"2024-04-04T13:09:00+00:00\",\"dateModified\":\"2025-11-03T10:22:45+00:00\",\"description\":\"TMG \u00a7 5 uyar\u0131nca IEC-International Education Centres GmbH'nin k\u00fcnyesi hakk\u0131ndaki t\u00fcm \u00f6nemli bilgileri \u00f6\u011frenin.\",\"breadcrumb\":{\"@id\":\"https:\/\/internationaleducationcenters.de\/tr\/kuenye\/#breadcrumb\"},\"inLanguage\":\"tr\",\"potentialAction\":[{\"@type\":\"ReadAction\",\"target\":[\"https:\/\/internationaleducationcenters.de\/tr\/kuenye\/\"]}]},{\"@type\":\"BreadcrumbList\",\"@id\":\"https:\/\/internationaleducationcenters.de\/tr\/kuenye\/#breadcrumb\",\"itemListElement\":[{\"@type\":\"ListItem\",\"position\":1,\"name\":\"Home\",\"item\":\"https:\/\/internationaleducationcenters.de\/tr\/\"},{\"@type\":\"ListItem\",\"position\":2,\"name\":\"K\u00fcnye\"}]},{\"@type\":\"WebSite\",\"@id\":\"https:\/\/internationaleducationcenters.de\/tr\/#website\",\"url\":\"https:\/\/internationaleducationcenters.de\/tr\/\",\"name\":\"International Education Centers\",\"description\":\"\",\"publisher\":{\"@id\":\"https:\/\/internationaleducationcenters.de\/tr\/#organization\"},\"potentialAction\":[{\"@type\":\"SearchAction\",\"target\":{\"@type\":\"EntryPoint\",\"urlTemplate\":\"https:\/\/internationaleducationcenters.de\/tr\/?s={search_term_string}\"},\"query-input\":{\"@type\":\"PropertyValueSpecification\",\"valueRequired\":true,\"valueName\":\"search_term_string\"}}],\"inLanguage\":\"tr\"},{\"@type\":\"Organization\",\"@id\":\"https:\/\/internationaleducationcenters.de\/tr\/#organization\",\"name\":\"International Education Centers\",\"alternateName\":\"IEC\",\"url\":\"https:\/\/internationaleducationcenters.de\/tr\/\",\"logo\":{\"@type\":\"ImageObject\",\"inLanguage\":\"tr\",\"@id\":\"https:\/\/internationaleducationcenters.de\/tr\/#\/schema\/logo\/image\/\",\"url\":\"https:\/\/internationaleducationcenters.de\/wp-content\/uploads\/2025\/08\/IEC_favicon-1.png\",\"contentUrl\":\"https:\/\/internationaleducationcenters.de\/wp-content\/uploads\/2025\/08\/IEC_favicon-1.png\",\"width\":512,\"height\":512,\"caption\":\"International Education Centers\"},\"image\":{\"@id\":\"https:\/\/internationaleducationcenters.de\/tr\/#\/schema\/logo\/image\/\"},\"sameAs\":[\"https:\/\/www.facebook.com\/InternationalEducationCenters\/\"]}]}<\/script>\n<!-- \/ Yoast SEO Premium plugin. -->","yoast_head_json":{"title":"K\u00fcnye - International Education Centers","description":"TMG \u00a7 5 uyar\u0131nca IEC-International Education Centres GmbH'nin k\u00fcnyesi hakk\u0131ndaki t\u00fcm \u00f6nemli bilgileri \u00f6\u011frenin.","robots":{"index":"index","follow":"follow","max-snippet":"max-snippet:-1","max-image-preview":"max-image-preview:large","max-video-preview":"max-video-preview:-1"},"canonical":"https:\/\/internationaleducationcenters.de\/tr\/kuenye\/","og_locale":"tr_TR","og_type":"article","og_title":"K\u00fcnye","og_description":"TMG \u00a7 5 uyar\u0131nca IEC-International Education Centres GmbH'nin k\u00fcnyesi hakk\u0131ndaki t\u00fcm \u00f6nemli bilgileri \u00f6\u011frenin.","og_url":"https:\/\/internationaleducationcenters.de\/tr\/kuenye\/","og_site_name":"International Education Centers","article_publisher":"https:\/\/www.facebook.com\/InternationalEducationCenters\/","article_modified_time":"2025-11-03T10:22:45+00:00","twitter_card":"summary_large_image","twitter_misc":{"Tahmini okuma s\u00fcresi":"1 dakika"},"schema":{"@context":"https:\/\/schema.org","@graph":[{"@type":"WebPage","@id":"https:\/\/internationaleducationcenters.de\/tr\/kuenye\/","url":"https:\/\/internationaleducationcenters.de\/tr\/kuenye\/","name":"K\u00fcnye - International Education Centers","isPartOf":{"@id":"https:\/\/internationaleducationcenters.de\/tr\/#website"},"datePublished":"2024-04-04T13:09:00+00:00","dateModified":"2025-11-03T10:22:45+00:00","description":"TMG \u00a7 5 uyar\u0131nca IEC-International Education Centres GmbH'nin k\u00fcnyesi hakk\u0131ndaki t\u00fcm \u00f6nemli bilgileri \u00f6\u011frenin.","breadcrumb":{"@id":"https:\/\/internationaleducationcenters.de\/tr\/kuenye\/#breadcrumb"},"inLanguage":"tr","potentialAction":[{"@type":"ReadAction","target":["https:\/\/internationaleducationcenters.de\/tr\/kuenye\/"]}]},{"@type":"BreadcrumbList","@id":"https:\/\/internationaleducationcenters.de\/tr\/kuenye\/#breadcrumb","itemListElement":[{"@type":"ListItem","position":1,"name":"Home","item":"https:\/\/internationaleducationcenters.de\/tr\/"},{"@type":"ListItem","position":2,"name":"K\u00fcnye"}]},{"@type":"WebSite","@id":"https:\/\/internationaleducationcenters.de\/tr\/#website","url":"https:\/\/internationaleducationcenters.de\/tr\/","name":"International Education Centers","description":"","publisher":{"@id":"https:\/\/internationaleducationcenters.de\/tr\/#organization"},"potentialAction":[{"@type":"SearchAction","target":{"@type":"EntryPoint","urlTemplate":"https:\/\/internationaleducationcenters.de\/tr\/?s={search_term_string}"},"query-input":{"@type":"PropertyValueSpecification","valueRequired":true,"valueName":"search_term_string"}}],"inLanguage":"tr"},{"@type":"Organization","@id":"https:\/\/internationaleducationcenters.de\/tr\/#organization","name":"International Education Centers","alternateName":"IEC","url":"https:\/\/internationaleducationcenters.de\/tr\/","logo":{"@type":"ImageObject","inLanguage":"tr","@id":"https:\/\/internationaleducationcenters.de\/tr\/#\/schema\/logo\/image\/","url":"https:\/\/internationaleducationcenters.de\/wp-content\/uploads\/2025\/08\/IEC_favicon-1.png","contentUrl":"https:\/\/internationaleducationcenters.de\/wp-content\/uploads\/2025\/08\/IEC_favicon-1.png","width":512,"height":512,"caption":"International Education Centers"},"image":{"@id":"https:\/\/internationaleducationcenters.de\/tr\/#\/schema\/logo\/image\/"},"sameAs":["https:\/\/www.facebook.com\/InternationalEducationCenters\/"]}]}},"_links":{"self":[{"href":"https:\/\/internationaleducationcenters.de\/tr\/wp-json\/wp\/v2\/pages\/4719","targetHints":{"allow":["GET"]}}],"collection":[{"href":"https:\/\/internationaleducationcenters.de\/tr\/wp-json\/wp\/v2\/pages"}],"about":[{"href":"https:\/\/internationaleducationcenters.de\/tr\/wp-json\/wp\/v2\/types\/page"}],"author":[{"embeddable":true,"href":"https:\/\/internationaleducationcenters.de\/tr\/wp-json\/wp\/v2\/users\/6"}],"replies":[{"embeddable":true,"href":"https:\/\/internationaleducationcenters.de\/tr\/wp-json\/wp\/v2\/comments?post=4719"}],"version-history":[{"count":2,"href":"https:\/\/internationaleducationcenters.de\/tr\/wp-json\/wp\/v2\/pages\/4719\/revisions"}],"predecessor-version":[{"id":18395,"href":"https:\/\/internationaleducationcenters.de\/tr\/wp-json\/wp\/v2\/pages\/4719\/revisions\/18395"}],"wp:attachment":[{"href":"https:\/\/internationaleducationcenters.de\/tr\/wp-json\/wp\/v2\/media?parent=4719"}],"curies":[{"name":"wp","href":"https:\/\/api.w.org\/{rel}","templated":true}]}}