{"id":4909,"date":"2024-01-12T12:08:17","date_gmt":"2024-01-12T11:08:17","guid":{"rendered":"https:\/\/internationaleducationcenters.de\/degerlemeler\/"},"modified":"2025-11-03T11:23:59","modified_gmt":"2025-11-03T10:23:59","slug":"degerlemeler","status":"publish","type":"page","link":"https:\/\/internationaleducationcenters.de\/tr\/degerlemeler\/","title":{"rendered":"De\u011ferlemeler"},"content":{"rendered":"\t\t<div data-elementor-type=\"wp-page\" data-elementor-id=\"4909\" class=\"elementor elementor-4909 elementor-940\" data-elementor-post-type=\"page\">\n\t\t\t\t<div class=\"elementor-element elementor-element-5b1f13de e-flex e-con-boxed e-con e-parent\" data-id=\"5b1f13de\" data-element_type=\"container\" data-e-type=\"container\" data-settings=\"{&quot;background_background&quot;:&quot;classic&quot;}\">\n\t\t\t\t\t<div class=\"e-con-inner\">\n\t\t<div class=\"elementor-element elementor-element-33ab3bcb e-flex e-con-boxed e-con e-child\" data-id=\"33ab3bcb\" data-element_type=\"container\" data-e-type=\"container\" data-settings=\"{&quot;background_background&quot;:&quot;classic&quot;}\">\n\t\t\t\t\t<div class=\"e-con-inner\">\n\t\t<div class=\"elementor-element elementor-element-6ee1f912 e-flex e-con-boxed e-con e-child\" data-id=\"6ee1f912\" data-element_type=\"container\" data-e-type=\"container\">\n\t\t\t\t\t<div class=\"e-con-inner\">\n\t\t\t\t\t<\/div>\n\t\t\t\t<\/div>\n\t\t<div class=\"elementor-element elementor-element-20b0cc02 e-flex e-con-boxed e-con e-child\" data-id=\"20b0cc02\" data-element_type=\"container\" data-e-type=\"container\">\n\t\t\t\t\t<div class=\"e-con-inner\">\n\t\t\t\t<div class=\"elementor-element elementor-element-64866b0a elementor-widget elementor-widget-heading\" data-id=\"64866b0a\" data-element_type=\"widget\" data-e-type=\"widget\" data-widget_type=\"heading.default\">\n\t\t\t\t<div class=\"elementor-widget-container\">\n\t\t\t\t\t<h1 class=\"elementor-heading-title elementor-size-default\">Referanslar  <\/h1>\t\t\t\t<\/div>\n\t\t\t\t<\/div>\n\t\t\t\t<div class=\"elementor-element elementor-element-27f78c9 elementor-widget elementor-widget-text-editor\" data-id=\"27f78c9\" data-element_type=\"widget\" data-e-type=\"widget\" data-widget_type=\"text-editor.default\">\n\t\t\t\t<div class=\"elementor-widget-container\">\n\t\t\t\t\t\t\t\t\t<p>M\u00fc\u015fterilerimiz bizim en iyi reklam\u0131m\u0131zd\u0131r! Google&#8217;da ald\u0131\u011f\u0131m\u0131z etkileyici yorumlar\u0131 sunmaktan gurur duyuyoruz. <\/p><p> <\/p><p>M\u00fc\u015fterilerimiz ola\u011fan\u00fcst\u00fc e\u011fitim programlar\u0131m\u0131za ve \u00f6zel hizmetimize de\u011fer vermektedir.<\/p><p>M\u00fc\u015fterilerimizin neden bu kadar hevesli oldu\u011funu kendiniz okuyun ve bizi en iyi e\u011fitim merkezlerinden biri yapan \u015feyin ne oldu\u011funu \u00f6\u011frenin!<\/p>\t\t\t\t\t\t\t\t<\/div>\n\t\t\t\t<\/div>\n\t\t\t\t<div class=\"elementor-element elementor-element-7d4b42e8 elementor-widget elementor-widget-button\" data-id=\"7d4b42e8\" data-element_type=\"widget\" data-e-type=\"widget\" data-widget_type=\"button.default\">\n\t\t\t\t<div class=\"elementor-widget-container\">\n\t\t\t\t\t\t\t\t\t<div class=\"elementor-button-wrapper\">\n\t\t\t\t\t<a class=\"elementor-button elementor-button-link elementor-size-sm\" href=\"#bewertungen\">\n\t\t\t\t\t\t<span class=\"elementor-button-content-wrapper\">\n\t\t\t\t\t\t\t\t\t<span class=\"elementor-button-text\">Reytinglere<\/span>\n\t\t\t\t\t<\/span>\n\t\t\t\t\t<\/a>\n\t\t\t\t<\/div>\n\t\t\t\t\t\t\t\t<\/div>\n\t\t\t\t<\/div>\n\t\t\t\t\t<\/div>\n\t\t\t\t<\/div>\n\t\t\t\t\t<\/div>\n\t\t\t\t<\/div>\n\t\t\t\t\t<\/div>\n\t\t\t\t<\/div>\n\t\t<div class=\"elementor-element elementor-element-fddb918 e-flex e-con-boxed e-con e-child\" data-id=\"fddb918\" data-element_type=\"container\" data-e-type=\"container\" id=\"bewertungen\">\n\t\t\t\t\t<div class=\"e-con-inner\">\n\t\t\t\t<div class=\"elementor-element elementor-element-822b8e6 elementor-widget elementor-widget-woocommerce-breadcrumb\" data-id=\"822b8e6\" data-element_type=\"widget\" data-e-type=\"widget\" data-widget_type=\"woocommerce-breadcrumb.default\">\n\t\t\t\t<div class=\"elementor-widget-container\">\n\t\t\t\t\t<nav class=\"woocommerce-breadcrumb\" aria-label=\"Breadcrumb\">Ana Sayfa<\/nav>\t\t\t\t<\/div>\n\t\t\t\t<\/div>\n\t\t\t\t<div class=\"elementor-element elementor-element-294dcde elementor-widget elementor-widget-text-editor\" data-id=\"294dcde\" data-element_type=\"widget\" data-e-type=\"widget\" data-widget_type=\"text-editor.default\">\n\t\t\t\t<div class=\"elementor-widget-container\">\n\t\t\t\t\t\t\t\t\t<script src=\"https:\/\/static.elfsight.com\/platform\/platform.js\" data-use-service-core=\"\" defer><\/script>\n<div class=\"elfsight-app-2e08ac62-47c8-42d4-a342-32b307e6e6be\" data-elfsight-app-lazy=\"\"><\/div>\t\t\t\t\t\t\t\t<\/div>\n\t\t\t\t<\/div>\n\t\t\t\t\t<\/div>\n\t\t\t\t<\/div>\n\t\t\t\t<\/div>\n\t\t","protected":false},"excerpt":{"rendered":"<p>Referanslar M\u00fc\u015fterilerimiz bizim en iyi reklam\u0131m\u0131zd\u0131r! Google&#8217;da ald\u0131\u011f\u0131m\u0131z etkileyici yorumlar\u0131 sunmaktan gurur duyuyoruz. M\u00fc\u015fterilerimiz ola\u011fan\u00fcst\u00fc e\u011fitim programlar\u0131m\u0131za ve \u00f6zel hizmetimize de\u011fer vermektedir. M\u00fc\u015fterilerimizin neden bu kadar hevesli oldu\u011funu kendiniz okuyun ve bizi en iyi e\u011fitim merkezlerinden biri yapan \u015feyin ne oldu\u011funu \u00f6\u011frenin! Reytinglere<\/p>\n","protected":false},"author":6,"featured_media":0,"parent":0,"menu_order":0,"comment_status":"closed","ping_status":"closed","template":"","meta":{"_acf_changed":false,"footnotes":""},"class_list":["post-4909","page","type-page","status-publish","hentry"],"acf":[],"yoast_head":"<!-- This site is optimized with the Yoast SEO Premium plugin v25.9 (Yoast SEO v26.9) - https:\/\/yoast.com\/product\/yoast-seo-premium-wordpress\/ -->\n<title>De\u011ferlemeler - International Education Centers<\/title>\n<meta name=\"description\" content=\"E\u011fitim programlar\u0131m\u0131z ve hizmetlerimiz hakk\u0131ndaki etkileyici yorumlar\u0131 ke\u015ffedin. M\u00fc\u015fterilerimizin neden bu kadar hevesli oldu\u011funu \u00f6\u011frenin!\" \/>\n<meta name=\"robots\" content=\"index, follow, max-snippet:-1, max-image-preview:large, max-video-preview:-1\" \/>\n<link rel=\"canonical\" href=\"https:\/\/internationaleducationcenters.de\/tr\/degerlemeler\/\" \/>\n<meta property=\"og:locale\" content=\"tr_TR\" \/>\n<meta property=\"og:type\" content=\"article\" \/>\n<meta property=\"og:title\" content=\"De\u011ferlemeler\" \/>\n<meta property=\"og:description\" content=\"E\u011fitim programlar\u0131m\u0131z ve hizmetlerimiz hakk\u0131ndaki etkileyici yorumlar\u0131 ke\u015ffedin. M\u00fc\u015fterilerimizin neden bu kadar hevesli oldu\u011funu \u00f6\u011frenin!\" \/>\n<meta property=\"og:url\" content=\"https:\/\/internationaleducationcenters.de\/tr\/degerlemeler\/\" \/>\n<meta property=\"og:site_name\" content=\"International Education Centers\" \/>\n<meta property=\"article:publisher\" content=\"https:\/\/www.facebook.com\/InternationalEducationCenters\/\" \/>\n<meta property=\"article:modified_time\" content=\"2025-11-03T10:23:59+00:00\" \/>\n<meta name=\"twitter:card\" content=\"summary_large_image\" \/>\n<script type=\"application\/ld+json\" class=\"yoast-schema-graph\">{\"@context\":\"https:\/\/schema.org\",\"@graph\":[{\"@type\":\"WebPage\",\"@id\":\"https:\/\/internationaleducationcenters.de\/tr\/degerlemeler\/\",\"url\":\"https:\/\/internationaleducationcenters.de\/tr\/degerlemeler\/\",\"name\":\"De\u011ferlemeler - International Education Centers\",\"isPartOf\":{\"@id\":\"https:\/\/internationaleducationcenters.de\/tr\/#website\"},\"datePublished\":\"2024-01-12T11:08:17+00:00\",\"dateModified\":\"2025-11-03T10:23:59+00:00\",\"description\":\"E\u011fitim programlar\u0131m\u0131z ve hizmetlerimiz hakk\u0131ndaki etkileyici yorumlar\u0131 ke\u015ffedin. M\u00fc\u015fterilerimizin neden bu kadar hevesli oldu\u011funu \u00f6\u011frenin!\",\"breadcrumb\":{\"@id\":\"https:\/\/internationaleducationcenters.de\/tr\/degerlemeler\/#breadcrumb\"},\"inLanguage\":\"tr\",\"potentialAction\":[{\"@type\":\"ReadAction\",\"target\":[\"https:\/\/internationaleducationcenters.de\/tr\/degerlemeler\/\"]}]},{\"@type\":\"BreadcrumbList\",\"@id\":\"https:\/\/internationaleducationcenters.de\/tr\/degerlemeler\/#breadcrumb\",\"itemListElement\":[{\"@type\":\"ListItem\",\"position\":1,\"name\":\"Home\",\"item\":\"https:\/\/internationaleducationcenters.de\/tr\/\"},{\"@type\":\"ListItem\",\"position\":2,\"name\":\"De\u011ferlemeler\"}]},{\"@type\":\"WebSite\",\"@id\":\"https:\/\/internationaleducationcenters.de\/tr\/#website\",\"url\":\"https:\/\/internationaleducationcenters.de\/tr\/\",\"name\":\"International Education Centers\",\"description\":\"\",\"publisher\":{\"@id\":\"https:\/\/internationaleducationcenters.de\/tr\/#organization\"},\"potentialAction\":[{\"@type\":\"SearchAction\",\"target\":{\"@type\":\"EntryPoint\",\"urlTemplate\":\"https:\/\/internationaleducationcenters.de\/tr\/?s={search_term_string}\"},\"query-input\":{\"@type\":\"PropertyValueSpecification\",\"valueRequired\":true,\"valueName\":\"search_term_string\"}}],\"inLanguage\":\"tr\"},{\"@type\":\"Organization\",\"@id\":\"https:\/\/internationaleducationcenters.de\/tr\/#organization\",\"name\":\"International Education Centers\",\"alternateName\":\"IEC\",\"url\":\"https:\/\/internationaleducationcenters.de\/tr\/\",\"logo\":{\"@type\":\"ImageObject\",\"inLanguage\":\"tr\",\"@id\":\"https:\/\/internationaleducationcenters.de\/tr\/#\/schema\/logo\/image\/\",\"url\":\"https:\/\/internationaleducationcenters.de\/wp-content\/uploads\/2025\/08\/IEC_favicon-1.png\",\"contentUrl\":\"https:\/\/internationaleducationcenters.de\/wp-content\/uploads\/2025\/08\/IEC_favicon-1.png\",\"width\":512,\"height\":512,\"caption\":\"International Education Centers\"},\"image\":{\"@id\":\"https:\/\/internationaleducationcenters.de\/tr\/#\/schema\/logo\/image\/\"},\"sameAs\":[\"https:\/\/www.facebook.com\/InternationalEducationCenters\/\"]}]}<\/script>\n<!-- \/ Yoast SEO Premium plugin. -->","yoast_head_json":{"title":"De\u011ferlemeler - International Education Centers","description":"E\u011fitim programlar\u0131m\u0131z ve hizmetlerimiz hakk\u0131ndaki etkileyici yorumlar\u0131 ke\u015ffedin. M\u00fc\u015fterilerimizin neden bu kadar hevesli oldu\u011funu \u00f6\u011frenin!","robots":{"index":"index","follow":"follow","max-snippet":"max-snippet:-1","max-image-preview":"max-image-preview:large","max-video-preview":"max-video-preview:-1"},"canonical":"https:\/\/internationaleducationcenters.de\/tr\/degerlemeler\/","og_locale":"tr_TR","og_type":"article","og_title":"De\u011ferlemeler","og_description":"E\u011fitim programlar\u0131m\u0131z ve hizmetlerimiz hakk\u0131ndaki etkileyici yorumlar\u0131 ke\u015ffedin. M\u00fc\u015fterilerimizin neden bu kadar hevesli oldu\u011funu \u00f6\u011frenin!","og_url":"https:\/\/internationaleducationcenters.de\/tr\/degerlemeler\/","og_site_name":"International Education Centers","article_publisher":"https:\/\/www.facebook.com\/InternationalEducationCenters\/","article_modified_time":"2025-11-03T10:23:59+00:00","twitter_card":"summary_large_image","schema":{"@context":"https:\/\/schema.org","@graph":[{"@type":"WebPage","@id":"https:\/\/internationaleducationcenters.de\/tr\/degerlemeler\/","url":"https:\/\/internationaleducationcenters.de\/tr\/degerlemeler\/","name":"De\u011ferlemeler - International Education Centers","isPartOf":{"@id":"https:\/\/internationaleducationcenters.de\/tr\/#website"},"datePublished":"2024-01-12T11:08:17+00:00","dateModified":"2025-11-03T10:23:59+00:00","description":"E\u011fitim programlar\u0131m\u0131z ve hizmetlerimiz hakk\u0131ndaki etkileyici yorumlar\u0131 ke\u015ffedin. M\u00fc\u015fterilerimizin neden bu kadar hevesli oldu\u011funu \u00f6\u011frenin!","breadcrumb":{"@id":"https:\/\/internationaleducationcenters.de\/tr\/degerlemeler\/#breadcrumb"},"inLanguage":"tr","potentialAction":[{"@type":"ReadAction","target":["https:\/\/internationaleducationcenters.de\/tr\/degerlemeler\/"]}]},{"@type":"BreadcrumbList","@id":"https:\/\/internationaleducationcenters.de\/tr\/degerlemeler\/#breadcrumb","itemListElement":[{"@type":"ListItem","position":1,"name":"Home","item":"https:\/\/internationaleducationcenters.de\/tr\/"},{"@type":"ListItem","position":2,"name":"De\u011ferlemeler"}]},{"@type":"WebSite","@id":"https:\/\/internationaleducationcenters.de\/tr\/#website","url":"https:\/\/internationaleducationcenters.de\/tr\/","name":"International Education Centers","description":"","publisher":{"@id":"https:\/\/internationaleducationcenters.de\/tr\/#organization"},"potentialAction":[{"@type":"SearchAction","target":{"@type":"EntryPoint","urlTemplate":"https:\/\/internationaleducationcenters.de\/tr\/?s={search_term_string}"},"query-input":{"@type":"PropertyValueSpecification","valueRequired":true,"valueName":"search_term_string"}}],"inLanguage":"tr"},{"@type":"Organization","@id":"https:\/\/internationaleducationcenters.de\/tr\/#organization","name":"International Education Centers","alternateName":"IEC","url":"https:\/\/internationaleducationcenters.de\/tr\/","logo":{"@type":"ImageObject","inLanguage":"tr","@id":"https:\/\/internationaleducationcenters.de\/tr\/#\/schema\/logo\/image\/","url":"https:\/\/internationaleducationcenters.de\/wp-content\/uploads\/2025\/08\/IEC_favicon-1.png","contentUrl":"https:\/\/internationaleducationcenters.de\/wp-content\/uploads\/2025\/08\/IEC_favicon-1.png","width":512,"height":512,"caption":"International Education Centers"},"image":{"@id":"https:\/\/internationaleducationcenters.de\/tr\/#\/schema\/logo\/image\/"},"sameAs":["https:\/\/www.facebook.com\/InternationalEducationCenters\/"]}]}},"_links":{"self":[{"href":"https:\/\/internationaleducationcenters.de\/tr\/wp-json\/wp\/v2\/pages\/4909","targetHints":{"allow":["GET"]}}],"collection":[{"href":"https:\/\/internationaleducationcenters.de\/tr\/wp-json\/wp\/v2\/pages"}],"about":[{"href":"https:\/\/internationaleducationcenters.de\/tr\/wp-json\/wp\/v2\/types\/page"}],"author":[{"embeddable":true,"href":"https:\/\/internationaleducationcenters.de\/tr\/wp-json\/wp\/v2\/users\/6"}],"replies":[{"embeddable":true,"href":"https:\/\/internationaleducationcenters.de\/tr\/wp-json\/wp\/v2\/comments?post=4909"}],"version-history":[{"count":2,"href":"https:\/\/internationaleducationcenters.de\/tr\/wp-json\/wp\/v2\/pages\/4909\/revisions"}],"predecessor-version":[{"id":18542,"href":"https:\/\/internationaleducationcenters.de\/tr\/wp-json\/wp\/v2\/pages\/4909\/revisions\/18542"}],"wp:attachment":[{"href":"https:\/\/internationaleducationcenters.de\/tr\/wp-json\/wp\/v2\/media?parent=4909"}],"curies":[{"name":"wp","href":"https:\/\/api.w.org\/{rel}","templated":true}]}}