{"id":17678,"date":"2025-09-30T10:46:06","date_gmt":"2025-09-30T08:46:06","guid":{"rendered":"https:\/\/internationaleducationcenters.de\/kurs\/duesuek-okuryazarlik-becerisine-sahip-kisiler-icin-entegrasyon-kursu\/"},"modified":"2025-11-19T13:43:18","modified_gmt":"2025-11-19T12:43:18","slug":"duesuek-okuryazarlik-becerisine-sahip-kisiler-icin-entegrasyon-kursu","status":"publish","type":"product","link":"https:\/\/internationaleducationcenters.de\/tr\/urun\/duesuek-okuryazarlik-becerisine-sahip-kisiler-icin-entegrasyon-kursu\/","title":{"rendered":"D\u00fc\u015f\u00fck okuryazarl\u0131k becerisine sahip ki\u015filer i\u00e7in entegrasyon kursu"},"content":{"rendered":"\t\t<div data-elementor-type=\"product-post\" data-elementor-id=\"17678\" class=\"elementor elementor-17678 elementor-14127\" data-elementor-post-type=\"product\">\n\t\t\t\t<div class=\"elementor-element elementor-element-b01ac38 e-flex e-con-boxed e-con e-parent\" data-id=\"b01ac38\" data-element_type=\"container\" data-e-type=\"container\">\n\t\t\t\t\t<div class=\"e-con-inner\">\n\t\t\t\t<div class=\"elementor-element elementor-element-e16d397 elementor-widget elementor-widget-heading\" data-id=\"e16d397\" data-element_type=\"widget\" data-e-type=\"widget\" data-widget_type=\"heading.default\">\n\t\t\t\t<div class=\"elementor-widget-container\">\n\t\t\t\t\t<h3 class=\"elementor-heading-title elementor-size-default\">D\u00fc\u015f\u00fck okuryazarl\u0131k becerisine sahip ki\u015filer i\u00e7in entegrasyon kursu <br> Bizimle ad\u0131m ad\u0131m dile ve kat\u0131l\u0131ma  <\/h3>\t\t\t\t<\/div>\n\t\t\t\t<\/div>\n\t\t\t\t<div class=\"elementor-element elementor-element-b95c300 elementor-widget elementor-widget-text-editor\" data-id=\"b95c300\" data-element_type=\"widget\" data-e-type=\"widget\" data-widget_type=\"text-editor.default\">\n\t\t\t\t<div class=\"elementor-widget-container\">\n\t\t\t\t\t\t\t\t\t<h5>Okuryazarl\u0131\u011f\u0131 d\u00fc\u015f\u00fck \u00f6\u011frenciler i\u00e7in entegrasyon kursu nedir?  <\/h5><p>Bu kurs, okuma ve yazma becerileri \u00e7ok zay\u0131f olan &#8211; i\u015flevsel okuma yazma bilmeyenler veya d\u00fc\u015f\u00fck okuryazarl\u0131k seviyesine sahip ki\u015filer olarak adland\u0131r\u0131lan &#8211; ki\u015filere y\u00f6neliktir. Bir\u00e7ok kat\u0131l\u0131mc\u0131n\u0131n kendi ana dillerinde neredeyse hi\u00e7 yaz\u0131l\u0131 dil becerisi yoktur veya yazmaya ve \u00f6\u011frenmeye al\u0131\u015fk\u0131n de\u011fildir. Kurs, okuryazarl\u0131k ile Almanca \u00f6\u011frenmeyi birle\u015ftirir ve bu hedef grubun ihtiya\u00e7lar\u0131na g\u00f6re \u00f6zel olarak tasarlanm\u0131\u015ft\u0131r.    <\/p><p>BAMF bunun i\u00e7in yava\u015f bir ilerleme, pratik i\u00e7erik ve kat\u0131l\u0131mc\u0131 odakl\u0131 y\u00f6ntemler sa\u011flayan kendi kurs konseptini geli\u015ftirmi\u015ftir.  <\/p><p>Ama\u00e7, sosyal hayata kat\u0131l\u0131m\u0131 ve i\u015fg\u00fcc\u00fc piyasas\u0131na eri\u015fimi sa\u011flamak i\u00e7in okuryazarl\u0131k ve Almanca \u00f6\u011frenmeyi birle\u015ftirmektir.  <\/p><h5>Neden Uluslararas\u0131 E\u011fitim Merkezi&#8217;nde (IEC)?  <\/h5><p>Biz sertifikal\u0131 bir BAMF kurulu\u015fuyuz ve \u015funlar\u0131 sunuyoruz  <\/p><ul><li>2016&#8217;dan beri sertifikal\u0131 BAMF kurulu\u015fu  <\/li><li>Uluslararas\u0131 ekip &#8211; bir\u00e7ok dil konu\u015fuyoruz ve \u00e7ok dilli dan\u0131\u015fmanl\u0131k sa\u011fl\u0131yoruz  <\/li><li>Kurs s\u00fcresince \u00fccretsiz \u00e7ocuk bak\u0131m\u0131  <\/li><li>Okuryazarl\u0131k e\u011fitiminde uzmanla\u015fm\u0131\u015f deneyimli \u00f6\u011fretmenler  <\/li><li>Yo\u011fun destek i\u00e7in k\u00fc\u00e7\u00fck gruplar  <\/li><li>Destek i\u00e7in dijital \u00f6\u011frenme medyas\u0131  <\/li><li>Almanya&#8217;daki g\u00fcnl\u00fck ya\u015fam\u0131 yans\u0131tan pratik i\u00e7erik  <\/li><li>Destek ve kay\u0131t konusunda bireysel dan\u0131\u015fmanl\u0131k  <\/li><\/ul><h5>Kurs yap\u0131s\u0131 ve i\u00e7eri\u011fi  <\/h5><p>Kurs birka\u00e7 mod\u00fclden olu\u015fmaktad\u0131r:  <\/p><ul><li>Okuryazarl\u0131k mod\u00fclleri (okuma, yazma, temel e\u011fitim)  <\/li><li>  Almanca dil deste\u011fi (A1-B1 seviyesi)  <\/li><li>Oryantasyon kursu (100 birim): Almanya&#8217;da ya\u015famak  <\/li><li>Final s\u0131nav\u0131: DTZ (G\u00f6\u00e7menler i\u00e7in Almanca testi)  <\/li><li>Almanya&#8217;da Ya\u015fam Testi (LiD)  <\/li><\/ul><h5>  Mod\u00fcl plan\u0131  <\/h5><p>Mod\u00fcl 1-2: Alfabetikle\u015ftirme ve A1 i\u00e7in haz\u0131rl\u0131k  <\/p><ul><li>Mod\u00fcl 3-5: A1&#8217;e kadar dil deste\u011fi  <\/li><li>Mod\u00fcl 6-12: A2\/B1&#8217;e kadar Almanca (CEFR)  <\/li><li>Oryantasyon kursu: Siyaset, toplum ve k\u00fclt\u00fcr \u00fczerine 100 birim  <\/li><\/ul><p>Toplam s\u00fcre: 1300 ders \u00fcnitesine (TU) kadar <br>\u00d6\u011frenim hedefi: ilerlemeye ba\u011fl\u0131 olarak A2 veya B1 dil seviyesi <br>Yeterlilikler:  <\/p><ul><li>G\u00f6\u00e7menler i\u00e7in Almanca testi (DTZ)  <\/li><li>Almanya&#8217;da Ya\u015fam&#8221; testi (LiD)  <\/li><\/ul><h5>  Kurs s\u00fcresi ve saatleri  <\/h5><ul><li>S\u00fcre: yakla\u015f\u0131k 12-15 ay  <\/li><li>Dersler: Sabah veya \u00f6\u011fleden sonra olmak \u00fczere g\u00fcnde 4-5 ders  <\/li><li>Format: y\u00fcz y\u00fcze e\u011fitim, gerekirse dijital bile\u015fenlerle birlikte  <\/li><\/ul><h5>  \u00c7ocuk bak\u0131m\u0131 &#8211; \u00fccretsiz ve sevgi dolu  <\/h5><p>Siz Almanca \u00f6\u011frenirken biz de \u00e7ocuklar\u0131n\u0131za g\u00fcvenle ve sevgiyle bak\u0131yoruz:  <\/p><ul><li>Wuppertal Gen\u00e7lik Dairesi taraf\u0131ndan izin verilen 76 yer  <\/li><li>T\u00fcm kurs kat\u0131l\u0131mc\u0131lar\u0131 i\u00e7in \u00fccretsiz  <\/li><li>Basit kay\u0131t: \u00e7ocu\u011fun kimli\u011fi ve sizin kimlik kart\u0131n\u0131z ile  <\/li><li>Do\u011frudan kurs yerinde destek &#8211; uzun yolculuklar yok  <\/li><\/ul><p>\ud83d\udc49 \u00c7ocuk bak\u0131m\u0131 hakk\u0131nda daha fazla bilgi edinin  <\/p><p>Maliyetler ve finansman  <\/p><ul><li>BAMF arac\u0131l\u0131\u011f\u0131yla % 100 finansman m\u00fcmk\u00fcn  <\/li><li>Belirli ko\u015fullar alt\u0131nda %50 kendi katk\u0131s\u0131  <\/li><li>Kat\u0131l\u0131m \u00fccreti: \u00f6rne\u011fin taksitli \u00f6deme i\u00e7in 229 \u20ac  <\/li><li>Dan\u0131\u015fmanl\u0131k ve ba\u015fvuru: do\u011frudan bizimle &#8211; karma\u015f\u0131k olmayan ve ki\u015fisel  <\/li><\/ul><p>  Hedef grup  <\/p><ul><li>D\u00fc\u015f\u00fck e\u011fitim seviyesine sahip ki\u015filer  <\/li><li>Okuma ve yazma g\u00fc\u00e7l\u00fc\u011f\u00fc \u00e7eken ki\u015filer  <\/li><li>M\u00fclteci deneyimi olan g\u00f6\u00e7menler  <\/li><li>Kalma ihtimali y\u00fcksek olan s\u0131\u011f\u0131nmac\u0131lar  <\/li><li>\u00dclkelerine ge\u00e7 d\u00f6nen ki\u015filer<i>ve AB vatanda\u015flar\u0131<\/i> <\/li><\/ul><p>  Konumlar &amp; Kay\u0131t  <\/p><p>Okuryazar olmayan \u00f6\u011frencilere y\u00f6nelik kurslar\u0131m\u0131z Wuppertal ve \u00e7evresindeki modern odalarda veya \u00e7evrimi\u00e7i olarak ger\u00e7ekle\u015ftirilmektedir.  <\/p><p> <\/p>\t\t\t\t\t\t\t\t<\/div>\n\t\t\t\t<\/div>\n\t\t\t\t\t<\/div>\n\t\t\t\t<\/div>\n\t\t<div class=\"elementor-element elementor-element-a68adba e-flex e-con-boxed e-con e-parent\" data-id=\"a68adba\" data-element_type=\"container\" data-e-type=\"container\">\n\t\t\t\t\t<div class=\"e-con-inner\">\n\t\t\t\t<div class=\"elementor-element elementor-element-1c3b07b elementor-widget elementor-widget-heading\" data-id=\"1c3b07b\" data-element_type=\"widget\" data-e-type=\"widget\" data-widget_type=\"heading.default\">\n\t\t\t\t<div class=\"elementor-widget-container\">\n\t\t\t\t\t<h5 class=\"elementor-heading-title elementor-size-default\">\u015eimdi kaydolun!  <br>  Kimli\u011finizle u\u011fray\u0131n veya bizimle \u00e7evrimi\u00e7i ileti\u015fime ge\u00e7in!  \n<\/h5>\t\t\t\t<\/div>\n\t\t\t\t<\/div>\n\t\t\t\t<div class=\"elementor-element elementor-element-1920e26 elementor-align-center elementor-widget elementor-widget-button\" data-id=\"1920e26\" data-element_type=\"widget\" data-e-type=\"widget\" data-widget_type=\"button.default\">\n\t\t\t\t<div class=\"elementor-widget-container\">\n\t\t\t\t\t\t\t\t\t<div class=\"elementor-button-wrapper\">\n\t\t\t\t\t<a class=\"elementor-button elementor-button-link elementor-size-sm\" href=\"#elementor-action%3Aaction%3Dpopup%3Aopen%26settings%3DeyJpZCI6MTk3NDUsInRvZ2dsZSI6ZmFsc2V9\">\n\t\t\t\t\t\t<span class=\"elementor-button-content-wrapper\">\n\t\t\t\t\t\t\t\t\t<span class=\"elementor-button-text\">&gt;\u0130leti\u015fim formunu a\u00e7<\/span>\n\t\t\t\t\t<\/span>\n\t\t\t\t\t<\/a>\n\t\t\t\t<\/div>\n\t\t\t\t\t\t\t\t<\/div>\n\t\t\t\t<\/div>\n\t\t\t\t\t<\/div>\n\t\t\t\t<\/div>\n\t\t<div class=\"elementor-element elementor-element-90f1972 e-flex e-con-boxed e-con e-parent\" data-id=\"90f1972\" data-element_type=\"container\" data-e-type=\"container\">\n\t\t\t\t\t<div class=\"e-con-inner\">\n\t\t\t\t<div class=\"elementor-element elementor-element-dc5abeb elementor-widget elementor-widget-heading\" data-id=\"dc5abeb\" data-element_type=\"widget\" data-e-type=\"widget\" data-widget_type=\"heading.default\">\n\t\t\t\t<div class=\"elementor-widget-container\">\n\t\t\t\t\t<h5 class=\"elementor-heading-title elementor-size-default\">Yolculu\u011funuz burada ba\u015fl\u0131yor! Yeni bir ya\u015fam i\u00e7in e\u011fitim <\/h5>\t\t\t\t<\/div>\n\t\t\t\t<\/div>\n\t\t\t\t<div class=\"elementor-element elementor-element-42f510a elementor-widget elementor-widget-text-editor\" data-id=\"42f510a\" data-element_type=\"widget\" data-e-type=\"widget\" data-widget_type=\"text-editor.default\">\n\t\t\t\t<div class=\"elementor-widget-container\">\n\t\t\t\t\t\t\t\t\t<p><span class=\"TextRun SCXW3889808 BCX8\" lang=\"DE-DE\" xml:lang=\"DE-DE\" data-contrast=\"auto\"><span class=\"NormalTextRun SCXW3889808 BCX8\">D\u00fc\u015f\u00fck seviyeli entegrasyon kursu <\/span><span class=\"NormalTextRun SpellingErrorV2Themed SCXW3889808 BCX8\">literalize edilmi\u015f<\/span><span class=\"NormalTextRun SCXW3889808 BCX8\">  bir dil kursundan \u00e7ok daha fazlas\u0131d\u0131r &#8211; ba\u011f\u0131ms\u0131zl\u0131\u011fa, kat\u0131l\u0131ma ve yeni f\u0131rsatlara giden bir yoldur. Size e\u015flik etmemize izin verin! <\/span><\/span><span class=\"EOP SCXW3889808 BCX8\" data-ccp-props=\"{}\"> <\/span><\/p>\t\t\t\t\t\t\t\t<\/div>\n\t\t\t\t<\/div>\n\t\t\t\t\t<\/div>\n\t\t\t\t<\/div>\n\t\t\t\t<\/div>\n\t\t","protected":false},"excerpt":{"rendered":"<p><span class=\"TextRun BCX8 SCXP155097315\" lang=\"DE-DE\" data-scheme-color=\"@FF0000,,\" data-usefontface=\"true\" data-contrast=\"none\"><span class=\"NormalTextRun BCX8 SCXP155097315\">Okuryazarl\u0131k kursu, d\u00fc\u015f\u00fck gelirli bireyler i\u00e7in entegrasyon kursundan olu\u015fan farkl\u0131la\u015ft\u0131r\u0131lm\u0131\u015f bir kurs program\u0131 <\/span><\/span><span class=\"TextRun SpellingErrorZoomed BCX8 SCXP155097315\" lang=\"DE-DE\" data-scheme-color=\"@FF0000,,\" data-usefontface=\"true\" data-contrast=\"none\"><span class=\"BCX8 SCXP155097315\">okuryazar<\/span><\/span><span class=\"TextRun BCX8 SCXP155097315\" lang=\"DE-DE\" data-scheme-color=\"@FF0000,,\" data-usefontface=\"true\" data-contrast=\"none\"><span class=\"NormalTextRun BCX8 SCXP155097315\"> ve <\/span><\/span><span class=\"TextRun SpellingErrorZoomed BCX8 SCXP155097315\" lang=\"DE-DE\" data-scheme-color=\"@FF0000,,\" data-usefontface=\"true\" data-contrast=\"none\"><span class=\"BCX8 SCXP155097315\">i\u0307ki\u0307nci\u0307 di\u0307l \u00f6\u011frenen kursu<\/span><\/span><span class=\"TextRun BCX8 SCXP155097315\" lang=\"DE-DE\" data-scheme-color=\"@FF0000,,\" data-usefontface=\"true\" data-contrast=\"none\"><span class=\"NormalTextRun BCX8 SCXP155097315\">.<\/span><\/span><\/p>\n","protected":false},"featured_media":7502,"comment_status":"open","ping_status":"closed","template":"","meta":{"_acf_changed":false},"product_brand":[],"product_cat":[184],"product_tag":[185,452],"class_list":{"0":"post-17678","1":"product","2":"type-product","3":"status-publish","4":"has-post-thumbnail","6":"product_cat-bamf-destekli-almanca-kurslari","7":"product_tag-bamf-destekli-almanca-kurslari","8":"product_tag-literalize-taslak","10":"first","11":"instock","12":"taxable","13":"shipping-taxable","14":"product-type-simple"},"acf":[],"yoast_head":"<!-- This site is optimized with the Yoast SEO Premium plugin v25.9 (Yoast SEO v26.9) - https:\/\/yoast.com\/product\/yoast-seo-premium-wordpress\/ -->\n<title>D\u00fc\u015f\u00fck okuryazarl\u0131k becerisine sahip ki\u015filer i\u00e7in entegrasyon kursu - International Education Centers<\/title>\n<meta name=\"description\" content=\"Wuppertal&#039;de okuma-yazma d\u00fczeyi d\u00fc\u015f\u00fck \u00f6\u011frencilere y\u00f6nelik entegrasyon kursu, Almanca dil becerilerinin yan\u0131 s\u0131ra okuma ve yazman\u0131n temellerini \u00f6\u011fretir. IEC entegrasyon yolunda sizi destekler.\" \/>\n<meta name=\"robots\" content=\"index, follow, max-snippet:-1, max-image-preview:large, max-video-preview:-1\" \/>\n<link rel=\"canonical\" href=\"https:\/\/internationaleducationcenters.de\/tr\/urun\/duesuek-okuryazarlik-becerisine-sahip-kisiler-icin-entegrasyon-kursu\/\" \/>\n<meta property=\"og:locale\" content=\"tr_TR\" \/>\n<meta property=\"og:type\" content=\"article\" \/>\n<meta property=\"og:title\" content=\"D\u00fc\u015f\u00fck okuryazarl\u0131k becerisine sahip ki\u015filer i\u00e7in entegrasyon kursu\" \/>\n<meta property=\"og:description\" content=\"Wuppertal&#039;de okuma-yazma d\u00fczeyi d\u00fc\u015f\u00fck \u00f6\u011frencilere y\u00f6nelik entegrasyon kursu, Almanca dil becerilerinin yan\u0131 s\u0131ra okuma ve yazman\u0131n temellerini \u00f6\u011fretir. IEC entegrasyon yolunda sizi destekler.\" \/>\n<meta property=\"og:url\" content=\"https:\/\/internationaleducationcenters.de\/tr\/urun\/duesuek-okuryazarlik-becerisine-sahip-kisiler-icin-entegrasyon-kursu\/\" \/>\n<meta property=\"og:site_name\" content=\"International Education Centers\" \/>\n<meta property=\"article:publisher\" content=\"https:\/\/www.facebook.com\/InternationalEducationCenters\/\" \/>\n<meta property=\"article:modified_time\" content=\"2025-11-19T12:43:18+00:00\" \/>\n<meta property=\"og:image\" content=\"https:\/\/internationaleducationcenters.de\/wp-content\/uploads\/2024\/01\/telc-Deutsch-C1-Hochschule.jpg\" \/>\n\t<meta property=\"og:image:width\" content=\"300\" \/>\n\t<meta property=\"og:image:height\" content=\"200\" \/>\n\t<meta property=\"og:image:type\" content=\"image\/jpeg\" \/>\n<meta name=\"twitter:card\" content=\"summary_large_image\" \/>\n<meta name=\"twitter:label1\" content=\"Fiyat\" \/>\n\t<meta name=\"twitter:data1\" content=\"\" \/>\n\t<meta name=\"twitter:label2\" content=\"Durumu\" \/>\n\t<meta name=\"twitter:data2\" content=\"Stokta var\" \/>\n<script type=\"application\/ld+json\" class=\"yoast-schema-graph\">{\"@context\":\"https:\/\/schema.org\",\"@graph\":[{\"@type\":\"WebPage\",\"@id\":\"https:\/\/internationaleducationcenters.de\/tr\/urun\/duesuek-okuryazarlik-becerisine-sahip-kisiler-icin-entegrasyon-kursu\/\",\"url\":\"https:\/\/internationaleducationcenters.de\/tr\/urun\/duesuek-okuryazarlik-becerisine-sahip-kisiler-icin-entegrasyon-kursu\/\",\"name\":\"D\u00fc\u015f\u00fck okuryazarl\u0131k becerisine sahip ki\u015filer i\u00e7in entegrasyon kursu - International Education Centers\",\"isPartOf\":{\"@id\":\"https:\/\/internationaleducationcenters.de\/tr\/#website\"},\"primaryImageOfPage\":{\"@id\":\"https:\/\/internationaleducationcenters.de\/tr\/urun\/duesuek-okuryazarlik-becerisine-sahip-kisiler-icin-entegrasyon-kursu\/#primaryimage\"},\"image\":{\"@id\":\"https:\/\/internationaleducationcenters.de\/tr\/urun\/duesuek-okuryazarlik-becerisine-sahip-kisiler-icin-entegrasyon-kursu\/#primaryimage\"},\"thumbnailUrl\":\"https:\/\/internationaleducationcenters.de\/wp-content\/uploads\/2024\/01\/telc-Deutsch-C1-Hochschule.jpg\",\"datePublished\":\"2025-09-30T08:46:06+00:00\",\"dateModified\":\"2025-11-19T12:43:18+00:00\",\"description\":\"Wuppertal'de okuma-yazma d\u00fczeyi d\u00fc\u015f\u00fck \u00f6\u011frencilere y\u00f6nelik entegrasyon kursu, Almanca dil becerilerinin yan\u0131 s\u0131ra okuma ve yazman\u0131n temellerini \u00f6\u011fretir. IEC entegrasyon yolunda sizi destekler.\",\"breadcrumb\":{\"@id\":\"https:\/\/internationaleducationcenters.de\/tr\/urun\/duesuek-okuryazarlik-becerisine-sahip-kisiler-icin-entegrasyon-kursu\/#breadcrumb\"},\"inLanguage\":\"tr\",\"potentialAction\":[{\"@type\":\"ReadAction\",\"target\":[\"https:\/\/internationaleducationcenters.de\/tr\/urun\/duesuek-okuryazarlik-becerisine-sahip-kisiler-icin-entegrasyon-kursu\/\"]}]},{\"@type\":\"ImageObject\",\"inLanguage\":\"tr\",\"@id\":\"https:\/\/internationaleducationcenters.de\/tr\/urun\/duesuek-okuryazarlik-becerisine-sahip-kisiler-icin-entegrasyon-kursu\/#primaryimage\",\"url\":\"https:\/\/internationaleducationcenters.de\/wp-content\/uploads\/2024\/01\/telc-Deutsch-C1-Hochschule.jpg\",\"contentUrl\":\"https:\/\/internationaleducationcenters.de\/wp-content\/uploads\/2024\/01\/telc-Deutsch-C1-Hochschule.jpg\",\"width\":300,\"height\":200,\"caption\":\"telc Pr\u00fcfung C1 mit IEC in Wuppertal\"},{\"@type\":\"BreadcrumbList\",\"@id\":\"https:\/\/internationaleducationcenters.de\/tr\/urun\/duesuek-okuryazarlik-becerisine-sahip-kisiler-icin-entegrasyon-kursu\/#breadcrumb\",\"itemListElement\":[{\"@type\":\"ListItem\",\"position\":1,\"name\":\"Home\",\"item\":\"https:\/\/internationaleducationcenters.de\/tr\/\"},{\"@type\":\"ListItem\",\"position\":2,\"name\":\"Ma\u011faza\",\"item\":\"https:\/\/internationaleducationcenters.de\/tr\/shop\/\"},{\"@type\":\"ListItem\",\"position\":3,\"name\":\"D\u00fc\u015f\u00fck okuryazarl\u0131k becerisine sahip ki\u015filer i\u00e7in entegrasyon kursu\"}]},{\"@type\":\"WebSite\",\"@id\":\"https:\/\/internationaleducationcenters.de\/tr\/#website\",\"url\":\"https:\/\/internationaleducationcenters.de\/tr\/\",\"name\":\"International Education Centers\",\"description\":\"\",\"publisher\":{\"@id\":\"https:\/\/internationaleducationcenters.de\/tr\/#organization\"},\"potentialAction\":[{\"@type\":\"SearchAction\",\"target\":{\"@type\":\"EntryPoint\",\"urlTemplate\":\"https:\/\/internationaleducationcenters.de\/tr\/?s={search_term_string}\"},\"query-input\":{\"@type\":\"PropertyValueSpecification\",\"valueRequired\":true,\"valueName\":\"search_term_string\"}}],\"inLanguage\":\"tr\"},{\"@type\":\"Organization\",\"@id\":\"https:\/\/internationaleducationcenters.de\/tr\/#organization\",\"name\":\"International Education Centers\",\"alternateName\":\"IEC\",\"url\":\"https:\/\/internationaleducationcenters.de\/tr\/\",\"logo\":{\"@type\":\"ImageObject\",\"inLanguage\":\"tr\",\"@id\":\"https:\/\/internationaleducationcenters.de\/tr\/#\/schema\/logo\/image\/\",\"url\":\"https:\/\/internationaleducationcenters.de\/wp-content\/uploads\/2025\/08\/IEC_favicon-1.png\",\"contentUrl\":\"https:\/\/internationaleducationcenters.de\/wp-content\/uploads\/2025\/08\/IEC_favicon-1.png\",\"width\":512,\"height\":512,\"caption\":\"International Education Centers\"},\"image\":{\"@id\":\"https:\/\/internationaleducationcenters.de\/tr\/#\/schema\/logo\/image\/\"},\"sameAs\":[\"https:\/\/www.facebook.com\/InternationalEducationCenters\/\"]}]}<\/script>\n<meta property=\"product:price:currency\" content=\"EUR\" \/>\n<meta property=\"og:availability\" content=\"instock\" \/>\n<meta property=\"product:availability\" content=\"instock\" \/>\n<meta property=\"product:condition\" content=\"new\" \/>\n<!-- \/ Yoast SEO Premium plugin. -->","yoast_head_json":{"title":"D\u00fc\u015f\u00fck okuryazarl\u0131k becerisine sahip ki\u015filer i\u00e7in entegrasyon kursu - International Education Centers","description":"Wuppertal'de okuma-yazma d\u00fczeyi d\u00fc\u015f\u00fck \u00f6\u011frencilere y\u00f6nelik entegrasyon kursu, Almanca dil becerilerinin yan\u0131 s\u0131ra okuma ve yazman\u0131n temellerini \u00f6\u011fretir. IEC entegrasyon yolunda sizi destekler.","robots":{"index":"index","follow":"follow","max-snippet":"max-snippet:-1","max-image-preview":"max-image-preview:large","max-video-preview":"max-video-preview:-1"},"canonical":"https:\/\/internationaleducationcenters.de\/tr\/urun\/duesuek-okuryazarlik-becerisine-sahip-kisiler-icin-entegrasyon-kursu\/","og_locale":"tr_TR","og_type":"article","og_title":"D\u00fc\u015f\u00fck okuryazarl\u0131k becerisine sahip ki\u015filer i\u00e7in entegrasyon kursu","og_description":"Wuppertal'de okuma-yazma d\u00fczeyi d\u00fc\u015f\u00fck \u00f6\u011frencilere y\u00f6nelik entegrasyon kursu, Almanca dil becerilerinin yan\u0131 s\u0131ra okuma ve yazman\u0131n temellerini \u00f6\u011fretir. IEC entegrasyon yolunda sizi destekler.","og_url":"https:\/\/internationaleducationcenters.de\/tr\/urun\/duesuek-okuryazarlik-becerisine-sahip-kisiler-icin-entegrasyon-kursu\/","og_site_name":"International Education Centers","article_publisher":"https:\/\/www.facebook.com\/InternationalEducationCenters\/","article_modified_time":"2025-11-19T12:43:18+00:00","og_image":[{"width":300,"height":200,"url":"https:\/\/internationaleducationcenters.de\/wp-content\/uploads\/2024\/01\/telc-Deutsch-C1-Hochschule.jpg","type":"image\/jpeg"}],"twitter_card":"summary_large_image","twitter_misc":{"Fiyat":"","Durumu":"Stokta var"},"schema":{"@context":"https:\/\/schema.org","@graph":[{"@type":"WebPage","@id":"https:\/\/internationaleducationcenters.de\/tr\/urun\/duesuek-okuryazarlik-becerisine-sahip-kisiler-icin-entegrasyon-kursu\/","url":"https:\/\/internationaleducationcenters.de\/tr\/urun\/duesuek-okuryazarlik-becerisine-sahip-kisiler-icin-entegrasyon-kursu\/","name":"D\u00fc\u015f\u00fck okuryazarl\u0131k becerisine sahip ki\u015filer i\u00e7in entegrasyon kursu - International Education Centers","isPartOf":{"@id":"https:\/\/internationaleducationcenters.de\/tr\/#website"},"primaryImageOfPage":{"@id":"https:\/\/internationaleducationcenters.de\/tr\/urun\/duesuek-okuryazarlik-becerisine-sahip-kisiler-icin-entegrasyon-kursu\/#primaryimage"},"image":{"@id":"https:\/\/internationaleducationcenters.de\/tr\/urun\/duesuek-okuryazarlik-becerisine-sahip-kisiler-icin-entegrasyon-kursu\/#primaryimage"},"thumbnailUrl":"https:\/\/internationaleducationcenters.de\/wp-content\/uploads\/2024\/01\/telc-Deutsch-C1-Hochschule.jpg","datePublished":"2025-09-30T08:46:06+00:00","dateModified":"2025-11-19T12:43:18+00:00","description":"Wuppertal'de okuma-yazma d\u00fczeyi d\u00fc\u015f\u00fck \u00f6\u011frencilere y\u00f6nelik entegrasyon kursu, Almanca dil becerilerinin yan\u0131 s\u0131ra okuma ve yazman\u0131n temellerini \u00f6\u011fretir. IEC entegrasyon yolunda sizi destekler.","breadcrumb":{"@id":"https:\/\/internationaleducationcenters.de\/tr\/urun\/duesuek-okuryazarlik-becerisine-sahip-kisiler-icin-entegrasyon-kursu\/#breadcrumb"},"inLanguage":"tr","potentialAction":[{"@type":"ReadAction","target":["https:\/\/internationaleducationcenters.de\/tr\/urun\/duesuek-okuryazarlik-becerisine-sahip-kisiler-icin-entegrasyon-kursu\/"]}]},{"@type":"ImageObject","inLanguage":"tr","@id":"https:\/\/internationaleducationcenters.de\/tr\/urun\/duesuek-okuryazarlik-becerisine-sahip-kisiler-icin-entegrasyon-kursu\/#primaryimage","url":"https:\/\/internationaleducationcenters.de\/wp-content\/uploads\/2024\/01\/telc-Deutsch-C1-Hochschule.jpg","contentUrl":"https:\/\/internationaleducationcenters.de\/wp-content\/uploads\/2024\/01\/telc-Deutsch-C1-Hochschule.jpg","width":300,"height":200,"caption":"telc Pr\u00fcfung C1 mit IEC in Wuppertal"},{"@type":"BreadcrumbList","@id":"https:\/\/internationaleducationcenters.de\/tr\/urun\/duesuek-okuryazarlik-becerisine-sahip-kisiler-icin-entegrasyon-kursu\/#breadcrumb","itemListElement":[{"@type":"ListItem","position":1,"name":"Home","item":"https:\/\/internationaleducationcenters.de\/tr\/"},{"@type":"ListItem","position":2,"name":"Ma\u011faza","item":"https:\/\/internationaleducationcenters.de\/tr\/shop\/"},{"@type":"ListItem","position":3,"name":"D\u00fc\u015f\u00fck okuryazarl\u0131k becerisine sahip ki\u015filer i\u00e7in entegrasyon kursu"}]},{"@type":"WebSite","@id":"https:\/\/internationaleducationcenters.de\/tr\/#website","url":"https:\/\/internationaleducationcenters.de\/tr\/","name":"International Education Centers","description":"","publisher":{"@id":"https:\/\/internationaleducationcenters.de\/tr\/#organization"},"potentialAction":[{"@type":"SearchAction","target":{"@type":"EntryPoint","urlTemplate":"https:\/\/internationaleducationcenters.de\/tr\/?s={search_term_string}"},"query-input":{"@type":"PropertyValueSpecification","valueRequired":true,"valueName":"search_term_string"}}],"inLanguage":"tr"},{"@type":"Organization","@id":"https:\/\/internationaleducationcenters.de\/tr\/#organization","name":"International Education Centers","alternateName":"IEC","url":"https:\/\/internationaleducationcenters.de\/tr\/","logo":{"@type":"ImageObject","inLanguage":"tr","@id":"https:\/\/internationaleducationcenters.de\/tr\/#\/schema\/logo\/image\/","url":"https:\/\/internationaleducationcenters.de\/wp-content\/uploads\/2025\/08\/IEC_favicon-1.png","contentUrl":"https:\/\/internationaleducationcenters.de\/wp-content\/uploads\/2025\/08\/IEC_favicon-1.png","width":512,"height":512,"caption":"International Education Centers"},"image":{"@id":"https:\/\/internationaleducationcenters.de\/tr\/#\/schema\/logo\/image\/"},"sameAs":["https:\/\/www.facebook.com\/InternationalEducationCenters\/"]}]},"product_price_currency":"EUR","og_availability":"instock","product_availability":"instock","product_condition":"new"},"_links":{"self":[{"href":"https:\/\/internationaleducationcenters.de\/tr\/wp-json\/wp\/v2\/product\/17678","targetHints":{"allow":["GET"]}}],"collection":[{"href":"https:\/\/internationaleducationcenters.de\/tr\/wp-json\/wp\/v2\/product"}],"about":[{"href":"https:\/\/internationaleducationcenters.de\/tr\/wp-json\/wp\/v2\/types\/product"}],"replies":[{"embeddable":true,"href":"https:\/\/internationaleducationcenters.de\/tr\/wp-json\/wp\/v2\/comments?post=17678"}],"version-history":[{"count":5,"href":"https:\/\/internationaleducationcenters.de\/tr\/wp-json\/wp\/v2\/product\/17678\/revisions"}],"predecessor-version":[{"id":20862,"href":"https:\/\/internationaleducationcenters.de\/tr\/wp-json\/wp\/v2\/product\/17678\/revisions\/20862"}],"wp:featuredmedia":[{"embeddable":true,"href":"https:\/\/internationaleducationcenters.de\/tr\/wp-json\/wp\/v2\/media\/7502"}],"wp:attachment":[{"href":"https:\/\/internationaleducationcenters.de\/tr\/wp-json\/wp\/v2\/media?parent=17678"}],"wp:term":[{"taxonomy":"product_brand","embeddable":true,"href":"https:\/\/internationaleducationcenters.de\/tr\/wp-json\/wp\/v2\/product_brand?post=17678"},{"taxonomy":"product_cat","embeddable":true,"href":"https:\/\/internationaleducationcenters.de\/tr\/wp-json\/wp\/v2\/product_cat?post=17678"},{"taxonomy":"product_tag","embeddable":true,"href":"https:\/\/internationaleducationcenters.de\/tr\/wp-json\/wp\/v2\/product_tag?post=17678"}],"curies":[{"name":"wp","href":"https:\/\/api.w.org\/{rel}","templated":true}]}}