{"id":17708,"date":"2025-09-26T10:05:24","date_gmt":"2025-09-26T08:05:24","guid":{"rendered":"https:\/\/internationaleducationcenters.de\/kurs\/is-ve-kariyer-icin-isle-ilgili-almanca-ticari-sektoerde-ileri-duezey-kurs-i\/"},"modified":"2025-11-19T13:49:46","modified_gmt":"2025-11-19T12:49:46","slug":"is-ve-kariyer-icin-isle-ilgili-almanca-ticari-sektoerde-ileri-duezey-kurs-i","status":"publish","type":"product","link":"https:\/\/internationaleducationcenters.de\/tr\/urun\/is-ve-kariyer-icin-isle-ilgili-almanca-ticari-sektoerde-ileri-duezey-kurs-i\/","title":{"rendered":"Mesleki Almanca &#8211; Ticari alanda ileri d\u00fczey kurs l"},"content":{"rendered":"\t\t<div data-elementor-type=\"product-post\" data-elementor-id=\"17708\" class=\"elementor elementor-17708 elementor-13876\" data-elementor-post-type=\"product\">\n\t\t\t\t<div class=\"elementor-element elementor-element-d0c792b e-flex e-con-boxed e-con e-parent\" data-id=\"d0c792b\" data-element_type=\"container\" data-e-type=\"container\">\n\t\t\t\t\t<div class=\"e-con-inner\">\n\t\t\t\t<div class=\"elementor-element elementor-element-30c8bf9 elementor-widget elementor-widget-text-editor\" data-id=\"30c8bf9\" data-element_type=\"widget\" data-e-type=\"widget\" data-widget_type=\"text-editor.default\">\n\t\t\t\t<div class=\"elementor-widget-container\">\n\t\t\t\t\t\t\t\t\t<p><strong>K\u0131sa bir genel bak\u0131\u015f<br><\/strong><br> Bu kurs ileri d\u00fczeyde Almanca \u00f6\u011fretmekte ve<br>gibi konular\u0131 derinlemesine incelemektedir: Zaman ve bo\u015f zaman, kendini ve ba\u015fkalar\u0131n\u0131 tan\u0131tma, i\u015f ve meslek,<br>meslekler, i\u015fyeri, randevular, g\u00f6rg\u00fc kurallar\u0131, telefon etme,<br>toplant\u0131lar, mektuplar ve e-postalar,<br>Almanya&#8217;daki okul ve e\u011fitim sistemi, ula\u015f\u0131m ve hareketlilik, rezervasyonlar ve rezervasyonlar,<br>\u00fclkeler ve sakinleri, Almanya&#8217;n\u0131n k\u00fclt\u00fcrel y\u00f6nleri, konut ve ya\u015fam,<br>duygular ve \u00f6zellikler, yiyecek ve i\u00e7ecek, sa\u011fl\u0131k,<br>ba\u015fvuru belgeleri ve ilgili dilbilgisi dahil m\u00fclakatlar. <\/p><p><strong>Kurs i\u00e7eri\u011fi<\/strong><\/p><p>\u0130leri d\u00fczeyde bilgi aktar\u0131m\u0131<\/p><ul><li>Almanca dilbilgisi<\/li><li>Kelime da\u011farc\u0131\u011f\u0131 olu\u015fturma<\/li><li><br>profesyonel dil kullan\u0131m\u0131nda s\u00f6zl\u00fc ve yaz\u0131l\u0131 al\u0131\u015ft\u0131rmalar\u0131n peki\u015ftirilmesi<\/li><li>Tart\u0131\u015fman\u0131n a\u00e7\u0131kl\u0131\u011fa kavu\u015fturulmas\u0131<\/li><li>Uygulama al\u0131\u015ft\u0131rmalar\u0131<\/li><li>Dinleme ve okudu\u011funu anlama becerilerinin geli\u015ftirilmesi<\/li><\/ul><p><strong>\u0130leri e\u011fitimden sonra kariyer beklentileriniz<\/strong><\/p><p>Frans\u0131zca&#8217;dan sonra Almanca<br>Avrupa Birli\u011fi&#8217;nde en s\u0131k \u00f6\u011frenilen ikinci dildir. Bu k\u0131smen Almanca&#8217;n\u0131n<br>t\u0131p biyoloji kimya<br>eczac\u0131l\u0131k<br>elektrik m\u00fchendisli\u011fi ve elektronik makine m\u00fchendisli\u011fi ara\u00e7 yap\u0131m\u0131 diplomasi finans spor turizm ve e\u011fitim alanlar\u0131nda en \u00f6nde gelen dillerden biri olmas\u0131ndan kaynaklanmaktad\u0131r. <\/p><p><strong>Kat\u0131l\u0131m ko\u015fullar\u0131<br><\/strong><br> Kat\u0131l\u0131m ko\u015fullar\u0131, CEFR&#8217;ye g\u00f6re B1<br>dil seviyesinin tamamlanmas\u0131 veya ba\u015fka bir \u015fekilde<br>Almanca dilinin kan\u0131tlanm\u0131\u015f temel bilgisi ve ideal olarak mesleki e\u011fitim \/ \u00e7al\u0131\u015fmalar<br>veya ticari sekt\u00f6rde i\u015f deneyimidir. Ayr\u0131nt\u0131l\u0131 d\u00fczenlemeler<br>i\u015f bulma merkezi \/ i\u015f bulma kurumu veya<br>tercih eden belediye ile isti\u015fare edilerek yap\u0131l\u0131r. <\/p><p>Bireysel kat\u0131l\u0131m gereksinimlerini netle\u015ftirmek i\u00e7in<br>adresinde ki\u015fisel bir g\u00f6r\u00fc\u015fme i\u00e7in t\u00fcm ilgili taraflara a\u00e7\u0131\u011f\u0131z.<\/p><p><strong>Hedef kitle<\/strong><br>Mod\u00fcl, temel<br>dil becerilerine sahip g\u00f6\u00e7men ve m\u00fcltecilerin yan\u0131 s\u0131ra i\u015f hayat\u0131na ilgi duyanlar i\u00e7in de uygundur. <br> Job Turbo bu potansiyeli kullanmay\u0131 ve insanlar\u0131<br>h\u0131zl\u0131 bir \u015fekilde i\u015fe yerle\u015ftirmeyi ama\u00e7lamaktad\u0131r. <\/p><p><strong>Yeterlili\u011finiz<br><\/strong><br> Dahili sertifika veya kat\u0131l\u0131m sertifikas\u0131<\/p><p><strong>E\u011fitim kuponu ile finansman<br><\/strong><br> AZAV uyar\u0131nca yetkili bir sa\u011flay\u0131c\u0131 olarak, kurslar\u0131m\u0131z\u0131n \u00e7o\u011fu<br>s\u0131k\u0131 kalite gerekliliklerine uygun olarak onaylanm\u0131\u015ft\u0131r. \u0130\u015f bulma kurumunun veya i\u015f merkezinin bir<br>m\u00fc\u015fterisi olarak sizin i\u00e7in bu,<br>kat\u0131l\u0131m\u0131n\u0131z\u0131n bir e\u011fitim kuponu ile finanse edilmeye %100 uygun oldu\u011fu ve bu nedenle sizin i\u00e7in \u00fccretsiz oldu\u011fu anlam\u0131na gelir<br>. <\/p>\t\t\t\t\t\t\t\t<\/div>\n\t\t\t\t<\/div>\n\t\t\t\t\t<\/div>\n\t\t\t\t<\/div>\n\t\t\t\t<\/div>\n\t\t","protected":false},"excerpt":{"rendered":"<p>G\u00fcnl\u00fck i\u015f hayat\u0131ndan ger\u00e7ek\u00e7i al\u0131\u015ft\u0131rmalarla ticari meslekler i\u00e7in profesyonel Almancan\u0131z\u0131 geli\u015ftirin. Kariyer f\u0131rsatlar\u0131 ve mesleki ilerleme i\u00e7in ideal.<\/p>\n","protected":false},"featured_media":352,"comment_status":"open","ping_status":"closed","template":"","meta":{"_acf_changed":false},"product_brand":[],"product_cat":[395],"product_tag":[470],"class_list":{"0":"post-17708","1":"product","2":"type-product","3":"status-publish","4":"has-post-thumbnail","6":"product_cat-profesyonel-dil-kurslari","7":"product_tag-profesyonel-tasarim","9":"first","10":"instock","11":"taxable","12":"shipping-taxable","13":"product-type-simple"},"acf":[],"yoast_head":"<!-- This site is optimized with the Yoast SEO Premium plugin v25.9 (Yoast SEO v26.9) - https:\/\/yoast.com\/product\/yoast-seo-premium-wordpress\/ -->\n<title>Mesleki Almanca - Ticari alanda ileri d\u00fczey kurs l - International Education Centers<\/title>\n<meta name=\"description\" content=\"Ticari alanda ileri d\u00fczey kurs l-Kariyer f\u0131rsatlar\u0131 i\u00e7in profesyonel Almanca \u00f6\u011frenin. Wuppertal&#039;daki IEC ile ger\u00e7ek\u00e7i al\u0131\u015ft\u0131rmalar ve pratik alaka d\u00fczeyi ile ticari sekt\u00f6rde ileri d\u00fczey kurs.\" \/>\n<meta name=\"robots\" content=\"index, follow, max-snippet:-1, max-image-preview:large, max-video-preview:-1\" \/>\n<link rel=\"canonical\" href=\"https:\/\/internationaleducationcenters.de\/tr\/urun\/is-ve-kariyer-icin-isle-ilgili-almanca-ticari-sektoerde-ileri-duezey-kurs-i\/\" \/>\n<meta property=\"og:locale\" content=\"tr_TR\" \/>\n<meta property=\"og:type\" content=\"article\" \/>\n<meta property=\"og:title\" content=\"Mesleki Almanca - Ticari alanda ileri d\u00fczey kurs l\" \/>\n<meta property=\"og:description\" content=\"Ticari alanda ileri d\u00fczey kurs l-Kariyer f\u0131rsatlar\u0131 i\u00e7in profesyonel Almanca \u00f6\u011frenin. Wuppertal&#039;daki IEC ile ger\u00e7ek\u00e7i al\u0131\u015ft\u0131rmalar ve pratik alaka d\u00fczeyi ile ticari sekt\u00f6rde ileri d\u00fczey kurs.\" \/>\n<meta property=\"og:url\" content=\"https:\/\/internationaleducationcenters.de\/tr\/urun\/is-ve-kariyer-icin-isle-ilgili-almanca-ticari-sektoerde-ileri-duezey-kurs-i\/\" \/>\n<meta property=\"og:site_name\" content=\"International Education Centers\" \/>\n<meta property=\"article:publisher\" content=\"https:\/\/www.facebook.com\/InternationalEducationCenters\/\" \/>\n<meta property=\"article:modified_time\" content=\"2025-11-19T12:49:46+00:00\" \/>\n<meta property=\"og:image\" content=\"https:\/\/internationaleducationcenters.de\/wp-content\/uploads\/2025\/09\/Aufbaukurs-I-im-kaufmaennischen-Bereich.jpg\" \/>\n\t<meta property=\"og:image:width\" content=\"491\" \/>\n\t<meta property=\"og:image:height\" content=\"308\" \/>\n\t<meta property=\"og:image:type\" content=\"image\/jpeg\" \/>\n<meta name=\"twitter:card\" content=\"summary_large_image\" \/>\n<meta name=\"twitter:label1\" content=\"Fiyat\" \/>\n\t<meta name=\"twitter:data1\" content=\"\" \/>\n\t<meta name=\"twitter:label2\" content=\"Durumu\" \/>\n\t<meta name=\"twitter:data2\" content=\"Stokta var\" \/>\n<script type=\"application\/ld+json\" class=\"yoast-schema-graph\">{\"@context\":\"https:\/\/schema.org\",\"@graph\":[{\"@type\":\"WebPage\",\"@id\":\"https:\/\/internationaleducationcenters.de\/tr\/urun\/is-ve-kariyer-icin-isle-ilgili-almanca-ticari-sektoerde-ileri-duezey-kurs-i\/\",\"url\":\"https:\/\/internationaleducationcenters.de\/tr\/urun\/is-ve-kariyer-icin-isle-ilgili-almanca-ticari-sektoerde-ileri-duezey-kurs-i\/\",\"name\":\"Mesleki Almanca - Ticari alanda ileri d\u00fczey kurs l - International Education Centers\",\"isPartOf\":{\"@id\":\"https:\/\/internationaleducationcenters.de\/tr\/#website\"},\"primaryImageOfPage\":{\"@id\":\"https:\/\/internationaleducationcenters.de\/tr\/urun\/is-ve-kariyer-icin-isle-ilgili-almanca-ticari-sektoerde-ileri-duezey-kurs-i\/#primaryimage\"},\"image\":{\"@id\":\"https:\/\/internationaleducationcenters.de\/tr\/urun\/is-ve-kariyer-icin-isle-ilgili-almanca-ticari-sektoerde-ileri-duezey-kurs-i\/#primaryimage\"},\"thumbnailUrl\":\"https:\/\/internationaleducationcenters.de\/wp-content\/uploads\/2024\/01\/appointment-employees-scaled.jpg\",\"datePublished\":\"2025-09-26T08:05:24+00:00\",\"dateModified\":\"2025-11-19T12:49:46+00:00\",\"description\":\"Ticari alanda ileri d\u00fczey kurs l-Kariyer f\u0131rsatlar\u0131 i\u00e7in profesyonel Almanca \u00f6\u011frenin. Wuppertal'daki IEC ile ger\u00e7ek\u00e7i al\u0131\u015ft\u0131rmalar ve pratik alaka d\u00fczeyi ile ticari sekt\u00f6rde ileri d\u00fczey kurs.\",\"breadcrumb\":{\"@id\":\"https:\/\/internationaleducationcenters.de\/tr\/urun\/is-ve-kariyer-icin-isle-ilgili-almanca-ticari-sektoerde-ileri-duezey-kurs-i\/#breadcrumb\"},\"inLanguage\":\"tr\",\"potentialAction\":[{\"@type\":\"ReadAction\",\"target\":[\"https:\/\/internationaleducationcenters.de\/tr\/urun\/is-ve-kariyer-icin-isle-ilgili-almanca-ticari-sektoerde-ileri-duezey-kurs-i\/\"]}]},{\"@type\":\"ImageObject\",\"inLanguage\":\"tr\",\"@id\":\"https:\/\/internationaleducationcenters.de\/tr\/urun\/is-ve-kariyer-icin-isle-ilgili-almanca-ticari-sektoerde-ileri-duezey-kurs-i\/#primaryimage\",\"url\":\"https:\/\/internationaleducationcenters.de\/wp-content\/uploads\/2024\/01\/appointment-employees-scaled.jpg\",\"contentUrl\":\"https:\/\/internationaleducationcenters.de\/wp-content\/uploads\/2024\/01\/appointment-employees-scaled.jpg\",\"width\":2560,\"height\":1707,\"caption\":\"Young woman explaining her ideas at start-up meeting\"},{\"@type\":\"BreadcrumbList\",\"@id\":\"https:\/\/internationaleducationcenters.de\/tr\/urun\/is-ve-kariyer-icin-isle-ilgili-almanca-ticari-sektoerde-ileri-duezey-kurs-i\/#breadcrumb\",\"itemListElement\":[{\"@type\":\"ListItem\",\"position\":1,\"name\":\"Home\",\"item\":\"https:\/\/internationaleducationcenters.de\/tr\/\"},{\"@type\":\"ListItem\",\"position\":2,\"name\":\"Ma\u011faza\",\"item\":\"https:\/\/internationaleducationcenters.de\/tr\/shop\/\"},{\"@type\":\"ListItem\",\"position\":3,\"name\":\"Mesleki Almanca &#8211; Ticari alanda ileri d\u00fczey kurs l\"}]},{\"@type\":\"WebSite\",\"@id\":\"https:\/\/internationaleducationcenters.de\/tr\/#website\",\"url\":\"https:\/\/internationaleducationcenters.de\/tr\/\",\"name\":\"International Education Centers\",\"description\":\"\",\"publisher\":{\"@id\":\"https:\/\/internationaleducationcenters.de\/tr\/#organization\"},\"potentialAction\":[{\"@type\":\"SearchAction\",\"target\":{\"@type\":\"EntryPoint\",\"urlTemplate\":\"https:\/\/internationaleducationcenters.de\/tr\/?s={search_term_string}\"},\"query-input\":{\"@type\":\"PropertyValueSpecification\",\"valueRequired\":true,\"valueName\":\"search_term_string\"}}],\"inLanguage\":\"tr\"},{\"@type\":\"Organization\",\"@id\":\"https:\/\/internationaleducationcenters.de\/tr\/#organization\",\"name\":\"International Education Centers\",\"alternateName\":\"IEC\",\"url\":\"https:\/\/internationaleducationcenters.de\/tr\/\",\"logo\":{\"@type\":\"ImageObject\",\"inLanguage\":\"tr\",\"@id\":\"https:\/\/internationaleducationcenters.de\/tr\/#\/schema\/logo\/image\/\",\"url\":\"https:\/\/internationaleducationcenters.de\/wp-content\/uploads\/2025\/08\/IEC_favicon-1.png\",\"contentUrl\":\"https:\/\/internationaleducationcenters.de\/wp-content\/uploads\/2025\/08\/IEC_favicon-1.png\",\"width\":512,\"height\":512,\"caption\":\"International Education Centers\"},\"image\":{\"@id\":\"https:\/\/internationaleducationcenters.de\/tr\/#\/schema\/logo\/image\/\"},\"sameAs\":[\"https:\/\/www.facebook.com\/InternationalEducationCenters\/\"]}]}<\/script>\n<meta property=\"product:price:currency\" content=\"EUR\" \/>\n<meta property=\"og:availability\" content=\"instock\" \/>\n<meta property=\"product:availability\" content=\"instock\" \/>\n<meta property=\"product:condition\" content=\"new\" \/>\n<!-- \/ Yoast SEO Premium plugin. -->","yoast_head_json":{"title":"Mesleki Almanca - Ticari alanda ileri d\u00fczey kurs l - International Education Centers","description":"Ticari alanda ileri d\u00fczey kurs l-Kariyer f\u0131rsatlar\u0131 i\u00e7in profesyonel Almanca \u00f6\u011frenin. Wuppertal'daki IEC ile ger\u00e7ek\u00e7i al\u0131\u015ft\u0131rmalar ve pratik alaka d\u00fczeyi ile ticari sekt\u00f6rde ileri d\u00fczey kurs.","robots":{"index":"index","follow":"follow","max-snippet":"max-snippet:-1","max-image-preview":"max-image-preview:large","max-video-preview":"max-video-preview:-1"},"canonical":"https:\/\/internationaleducationcenters.de\/tr\/urun\/is-ve-kariyer-icin-isle-ilgili-almanca-ticari-sektoerde-ileri-duezey-kurs-i\/","og_locale":"tr_TR","og_type":"article","og_title":"Mesleki Almanca - Ticari alanda ileri d\u00fczey kurs l","og_description":"Ticari alanda ileri d\u00fczey kurs l-Kariyer f\u0131rsatlar\u0131 i\u00e7in profesyonel Almanca \u00f6\u011frenin. Wuppertal'daki IEC ile ger\u00e7ek\u00e7i al\u0131\u015ft\u0131rmalar ve pratik alaka d\u00fczeyi ile ticari sekt\u00f6rde ileri d\u00fczey kurs.","og_url":"https:\/\/internationaleducationcenters.de\/tr\/urun\/is-ve-kariyer-icin-isle-ilgili-almanca-ticari-sektoerde-ileri-duezey-kurs-i\/","og_site_name":"International Education Centers","article_publisher":"https:\/\/www.facebook.com\/InternationalEducationCenters\/","article_modified_time":"2025-11-19T12:49:46+00:00","og_image":[{"width":491,"height":308,"url":"https:\/\/internationaleducationcenters.de\/wp-content\/uploads\/2025\/09\/Aufbaukurs-I-im-kaufmaennischen-Bereich.jpg","type":"image\/jpeg"}],"twitter_card":"summary_large_image","twitter_misc":{"Fiyat":"","Durumu":"Stokta var"},"schema":{"@context":"https:\/\/schema.org","@graph":[{"@type":"WebPage","@id":"https:\/\/internationaleducationcenters.de\/tr\/urun\/is-ve-kariyer-icin-isle-ilgili-almanca-ticari-sektoerde-ileri-duezey-kurs-i\/","url":"https:\/\/internationaleducationcenters.de\/tr\/urun\/is-ve-kariyer-icin-isle-ilgili-almanca-ticari-sektoerde-ileri-duezey-kurs-i\/","name":"Mesleki Almanca - Ticari alanda ileri d\u00fczey kurs l - International Education Centers","isPartOf":{"@id":"https:\/\/internationaleducationcenters.de\/tr\/#website"},"primaryImageOfPage":{"@id":"https:\/\/internationaleducationcenters.de\/tr\/urun\/is-ve-kariyer-icin-isle-ilgili-almanca-ticari-sektoerde-ileri-duezey-kurs-i\/#primaryimage"},"image":{"@id":"https:\/\/internationaleducationcenters.de\/tr\/urun\/is-ve-kariyer-icin-isle-ilgili-almanca-ticari-sektoerde-ileri-duezey-kurs-i\/#primaryimage"},"thumbnailUrl":"https:\/\/internationaleducationcenters.de\/wp-content\/uploads\/2024\/01\/appointment-employees-scaled.jpg","datePublished":"2025-09-26T08:05:24+00:00","dateModified":"2025-11-19T12:49:46+00:00","description":"Ticari alanda ileri d\u00fczey kurs l-Kariyer f\u0131rsatlar\u0131 i\u00e7in profesyonel Almanca \u00f6\u011frenin. Wuppertal'daki IEC ile ger\u00e7ek\u00e7i al\u0131\u015ft\u0131rmalar ve pratik alaka d\u00fczeyi ile ticari sekt\u00f6rde ileri d\u00fczey kurs.","breadcrumb":{"@id":"https:\/\/internationaleducationcenters.de\/tr\/urun\/is-ve-kariyer-icin-isle-ilgili-almanca-ticari-sektoerde-ileri-duezey-kurs-i\/#breadcrumb"},"inLanguage":"tr","potentialAction":[{"@type":"ReadAction","target":["https:\/\/internationaleducationcenters.de\/tr\/urun\/is-ve-kariyer-icin-isle-ilgili-almanca-ticari-sektoerde-ileri-duezey-kurs-i\/"]}]},{"@type":"ImageObject","inLanguage":"tr","@id":"https:\/\/internationaleducationcenters.de\/tr\/urun\/is-ve-kariyer-icin-isle-ilgili-almanca-ticari-sektoerde-ileri-duezey-kurs-i\/#primaryimage","url":"https:\/\/internationaleducationcenters.de\/wp-content\/uploads\/2024\/01\/appointment-employees-scaled.jpg","contentUrl":"https:\/\/internationaleducationcenters.de\/wp-content\/uploads\/2024\/01\/appointment-employees-scaled.jpg","width":2560,"height":1707,"caption":"Young woman explaining her ideas at start-up meeting"},{"@type":"BreadcrumbList","@id":"https:\/\/internationaleducationcenters.de\/tr\/urun\/is-ve-kariyer-icin-isle-ilgili-almanca-ticari-sektoerde-ileri-duezey-kurs-i\/#breadcrumb","itemListElement":[{"@type":"ListItem","position":1,"name":"Home","item":"https:\/\/internationaleducationcenters.de\/tr\/"},{"@type":"ListItem","position":2,"name":"Ma\u011faza","item":"https:\/\/internationaleducationcenters.de\/tr\/shop\/"},{"@type":"ListItem","position":3,"name":"Mesleki Almanca &#8211; Ticari alanda ileri d\u00fczey kurs l"}]},{"@type":"WebSite","@id":"https:\/\/internationaleducationcenters.de\/tr\/#website","url":"https:\/\/internationaleducationcenters.de\/tr\/","name":"International Education Centers","description":"","publisher":{"@id":"https:\/\/internationaleducationcenters.de\/tr\/#organization"},"potentialAction":[{"@type":"SearchAction","target":{"@type":"EntryPoint","urlTemplate":"https:\/\/internationaleducationcenters.de\/tr\/?s={search_term_string}"},"query-input":{"@type":"PropertyValueSpecification","valueRequired":true,"valueName":"search_term_string"}}],"inLanguage":"tr"},{"@type":"Organization","@id":"https:\/\/internationaleducationcenters.de\/tr\/#organization","name":"International Education Centers","alternateName":"IEC","url":"https:\/\/internationaleducationcenters.de\/tr\/","logo":{"@type":"ImageObject","inLanguage":"tr","@id":"https:\/\/internationaleducationcenters.de\/tr\/#\/schema\/logo\/image\/","url":"https:\/\/internationaleducationcenters.de\/wp-content\/uploads\/2025\/08\/IEC_favicon-1.png","contentUrl":"https:\/\/internationaleducationcenters.de\/wp-content\/uploads\/2025\/08\/IEC_favicon-1.png","width":512,"height":512,"caption":"International Education Centers"},"image":{"@id":"https:\/\/internationaleducationcenters.de\/tr\/#\/schema\/logo\/image\/"},"sameAs":["https:\/\/www.facebook.com\/InternationalEducationCenters\/"]}]},"product_price_currency":"EUR","og_availability":"instock","product_availability":"instock","product_condition":"new"},"_links":{"self":[{"href":"https:\/\/internationaleducationcenters.de\/tr\/wp-json\/wp\/v2\/product\/17708","targetHints":{"allow":["GET"]}}],"collection":[{"href":"https:\/\/internationaleducationcenters.de\/tr\/wp-json\/wp\/v2\/product"}],"about":[{"href":"https:\/\/internationaleducationcenters.de\/tr\/wp-json\/wp\/v2\/types\/product"}],"replies":[{"embeddable":true,"href":"https:\/\/internationaleducationcenters.de\/tr\/wp-json\/wp\/v2\/comments?post=17708"}],"version-history":[{"count":5,"href":"https:\/\/internationaleducationcenters.de\/tr\/wp-json\/wp\/v2\/product\/17708\/revisions"}],"predecessor-version":[{"id":20867,"href":"https:\/\/internationaleducationcenters.de\/tr\/wp-json\/wp\/v2\/product\/17708\/revisions\/20867"}],"wp:featuredmedia":[{"embeddable":true,"href":"https:\/\/internationaleducationcenters.de\/tr\/wp-json\/wp\/v2\/media\/352"}],"wp:attachment":[{"href":"https:\/\/internationaleducationcenters.de\/tr\/wp-json\/wp\/v2\/media?parent=17708"}],"wp:term":[{"taxonomy":"product_brand","embeddable":true,"href":"https:\/\/internationaleducationcenters.de\/tr\/wp-json\/wp\/v2\/product_brand?post=17708"},{"taxonomy":"product_cat","embeddable":true,"href":"https:\/\/internationaleducationcenters.de\/tr\/wp-json\/wp\/v2\/product_cat?post=17708"},{"taxonomy":"product_tag","embeddable":true,"href":"https:\/\/internationaleducationcenters.de\/tr\/wp-json\/wp\/v2\/product_tag?post=17708"}],"curies":[{"name":"wp","href":"https:\/\/api.w.org\/{rel}","templated":true}]}}