{"id":17710,"date":"2025-09-26T10:07:01","date_gmt":"2025-09-26T08:07:01","guid":{"rendered":"https:\/\/internationaleducationcenters.de\/kurs\/mesleki-almanca-ticari-sektoerde-orta-seviye-i\/"},"modified":"2025-11-19T13:44:44","modified_gmt":"2025-11-19T12:44:44","slug":"mesleki-almanca-ticari-sektoerde-orta-seviye-i","status":"publish","type":"product","link":"https:\/\/internationaleducationcenters.de\/tr\/urun\/mesleki-almanca-ticari-sektoerde-orta-seviye-i\/","title":{"rendered":"Mesleki Almanca &#8211; Ticari orta seviye I"},"content":{"rendered":"\t\t<div data-elementor-type=\"product-post\" data-elementor-id=\"17710\" class=\"elementor elementor-17710 elementor-13839\" data-elementor-post-type=\"product\">\n\t\t\t\t<div class=\"elementor-element elementor-element-7778a34 e-flex e-con-boxed e-con e-parent\" data-id=\"7778a34\" data-element_type=\"container\" data-e-type=\"container\">\n\t\t\t\t\t<div class=\"e-con-inner\">\n\t\t\t\t<div class=\"elementor-element elementor-element-01213c8 elementor-widget elementor-widget-text-editor\" data-id=\"01213c8\" data-element_type=\"widget\" data-e-type=\"widget\" data-widget_type=\"text-editor.default\">\n\t\t\t\t<div class=\"elementor-widget-container\">\n\t\t\t\t\t\t\t\t\t<p><strong>K\u0131sa bir genel bak\u0131\u015f<br><\/strong><br> Bu Almanca kursu bilgilerinizi orta d\u00fczeye \u00e7\u0131karacakt\u0131r. Meslekler, i\u015fyeri,<br>ba\u015fvurular, \u015firket formlar\u0131, medya, teklifler vb. ile ilgili<br>\u00f6nemli kelime ve ifadeleri ve uygun<br>dilbilgisini \u00f6\u011freneceksiniz. Kendinizi ve ba\u015fkalar\u0131n\u0131 tan\u0131tacak, m\u00fc\u015fterilerle konu\u015facak ve<br>\u015fikayetlere yan\u0131t vereceksiniz.  <br><br><strong>Ders i\u00e7eri\u011fi<br><\/strong><br> Orta d\u00fczey bilginin \u00f6\u011fretilmesi.<\/p><ul><li>Almanca dilbilgisi<\/li><li>Kelime da\u011farc\u0131\u011f\u0131 olu\u015fturma<\/li><li>Ticari<br>profesyonel dil kullan\u0131m\u0131nda s\u00f6zl\u00fc ve yaz\u0131l\u0131 al\u0131\u015ft\u0131rmalar\u0131n peki\u015ftirilmesi<\/li><li>Tart\u0131\u015fman\u0131n a\u00e7\u0131kl\u0131\u011fa kavu\u015fturulmas\u0131<\/li><li>Uygulama al\u0131\u015ft\u0131rmalar\u0131<\/li><li>Dinleme ve okudu\u011funu anlama becerilerinin geli\u015ftirilmesi<\/li><\/ul><p><strong>\u0130leri e\u011fitim sonras\u0131 kariyer beklentileriniz<br><\/strong><br> Almanca, Frans\u0131zcadan sonra<br>Avrupa Birli\u011fi&#8217;nde en s\u0131k \u00f6\u011frenilen ikinci dildir. Bu k\u0131smen Almanca&#8217;n\u0131n<br>t\u0131p, biyoloji, kimya, eczac\u0131l\u0131k, elektrik m\u00fchendisli\u011fi ve elektronik,<br>makine m\u00fchendisli\u011fi, ara\u00e7 yap\u0131m\u0131, diplomasi, finans, spor, turizm ve<br>e\u011fitim alanlar\u0131nda en \u00f6nde gelen dillerden biri olmas\u0131ndan kaynaklanmaktad\u0131r.<br>Almanya 2013 y\u0131l\u0131nda uluslararas\u0131 ticarette yeni rekorlar k\u0131rd\u0131\u011f\u0131 i\u00e7in di\u011fer dillerden gelen insanlar da<br>Alman ve Avrupa i\u015f piyasas\u0131nda \u015fanslar\u0131n\u0131 art\u0131rmaktad\u0131r<br>. Bu da<br>Almanca&#8217;y\u0131 sadece Almanya&#8217;da de\u011fil<br>kendi \u00fclkenizde de profesyonel olarak yararlanabilece\u011finiz bir dil haline getirmektedir.  <br><br><strong>Kat\u0131l\u0131m ko\u015fullar\u0131<br><\/strong><br> Kat\u0131l\u0131m ko\u015fullar\u0131, CEFR&#8217;ye g\u00f6re A2<br>dil seviyesinin tamamlanmas\u0131 veya ba\u015fka bir \u015fekilde Almanca dilinin<br>temel bilgisinin kan\u0131tlanmas\u0131 ve ideal olarak mesleki e\u011fitim \/ \u00e7al\u0131\u015fmalar<br>veya ticari sekt\u00f6rde i\u015f deneyimidir. Ayr\u0131nt\u0131l\u0131 d\u00fczenlemeler<br>i\u015f merkezi \/ i\u015f bulma kurumu veya<br>tercih eden belediye ile isti\u015fare edilerek yap\u0131l\u0131r.<br>Bireysel kat\u0131l\u0131m gereksinimlerini netle\u015ftirmek i\u00e7in<br>adresinde ki\u015fisel bir toplant\u0131 i\u00e7in t\u00fcm ilgili taraflara hizmet vermekteyiz. <br><br><strong>Hedef grup<br><\/strong><br> Mod\u00fcl, ticari<br>mesleklerde \u00e7al\u0131\u015fan veya \u00e7al\u0131\u015fmak isteyen temel<br>dil becerilerine (A2 CEFR seviyesi) sahip g\u00f6\u00e7menler ve m\u00fclteciler i\u00e7in de uygundur. Job Turbo&#8217;nun amac\u0131<br>bu potansiyeli kullanmak ve insanlar\u0131 h\u0131zl\u0131 bir \u015fekilde i\u015fe yerle\u015ftirmektir. <br><br><strong>Yeterlili\u011finiz<br><\/strong><br> Dahili sertifika veya kat\u0131l\u0131m sertifikas\u0131<br><br><strong>E\u011fitim kuponu ile finansman<br><\/strong><br> AZAV uyar\u0131nca yetkili bir sa\u011flay\u0131c\u0131 olarak, kurslar\u0131m\u0131z\u0131n \u00e7o\u011fu<br>s\u0131k\u0131 kalite gerekliliklerine uygun olarak onaylanm\u0131\u015ft\u0131r. \u0130\u015f bulma kurumunun veya i\u015f merkezinin bir<br>m\u00fc\u015fterisi olarak sizin i\u00e7in bu,<br>kat\u0131l\u0131m\u0131n\u0131z\u0131n bir e\u011fitim kuponu ile finanse edilmeye %100 uygun oldu\u011fu ve bu nedenle sizin i\u00e7in \u00fccretsiz oldu\u011fu anlam\u0131na gelir<br>.   <\/p>\t\t\t\t\t\t\t\t<\/div>\n\t\t\t\t<\/div>\n\t\t\t\t\t<\/div>\n\t\t\t\t<\/div>\n\t\t\t\t<\/div>\n\t\t","protected":false},"excerpt":{"rendered":"<p>Ticari sekt\u00f6rde i\u015fle ilgili Almancan\u0131z\u0131 geli\u015ftirin &#8211; pratik, etkili ve g\u00fcnl\u00fck \u00e7al\u0131\u015fma hayat\u0131ndan ger\u00e7ek al\u0131\u015ft\u0131rmalarla. Orta seviye I i\u00e7in idealdir.<\/p>\n","protected":false},"featured_media":16266,"comment_status":"open","ping_status":"closed","template":"","meta":{"_acf_changed":false},"product_brand":[],"product_cat":[395],"product_tag":[470],"class_list":{"0":"post-17710","1":"product","2":"type-product","3":"status-publish","4":"has-post-thumbnail","6":"product_cat-profesyonel-dil-kurslari","7":"product_tag-profesyonel-tasarim","9":"first","10":"instock","11":"taxable","12":"shipping-taxable","13":"product-type-simple"},"acf":[],"yoast_head":"<!-- This site is optimized with the Yoast SEO Premium plugin v25.9 (Yoast SEO v26.9) - https:\/\/yoast.com\/product\/yoast-seo-premium-wordpress\/ -->\n<title>Mesleki Almanca - Ticari orta seviye I - International Education Centers<\/title>\n<meta name=\"description\" content=\"Mesleki Almanca Ticari \u0130\u015fle ilgili Almancan\u0131z\u0131 orta seviyede geli\u015ftirin. Ticari meslekler i\u00e7in ideal - g\u00fcnl\u00fck i\u015f hayat\u0131ndan al\u0131\u015ft\u0131rmalarla.\" \/>\n<meta name=\"robots\" content=\"index, follow, max-snippet:-1, max-image-preview:large, max-video-preview:-1\" \/>\n<link rel=\"canonical\" href=\"https:\/\/internationaleducationcenters.de\/tr\/urun\/mesleki-almanca-ticari-sektoerde-orta-seviye-i\/\" \/>\n<meta property=\"og:locale\" content=\"tr_TR\" \/>\n<meta property=\"og:type\" content=\"article\" \/>\n<meta property=\"og:title\" content=\"Mesleki Almanca - Ticari orta seviye I\" \/>\n<meta property=\"og:description\" content=\"Mesleki Almanca Ticari \u0130\u015fle ilgili Almancan\u0131z\u0131 orta seviyede geli\u015ftirin. Ticari meslekler i\u00e7in ideal - g\u00fcnl\u00fck i\u015f hayat\u0131ndan al\u0131\u015ft\u0131rmalarla.\" \/>\n<meta property=\"og:url\" content=\"https:\/\/internationaleducationcenters.de\/tr\/urun\/mesleki-almanca-ticari-sektoerde-orta-seviye-i\/\" \/>\n<meta property=\"og:site_name\" content=\"International Education Centers\" \/>\n<meta property=\"article:publisher\" content=\"https:\/\/www.facebook.com\/InternationalEducationCenters\/\" \/>\n<meta property=\"article:modified_time\" content=\"2025-11-19T12:44:44+00:00\" \/>\n<meta property=\"og:image\" content=\"https:\/\/internationaleducationcenters.de\/wp-content\/uploads\/2025\/09\/Mittelstufe-I-im-kaufmaennischen-Bereich.jpg\" \/>\n\t<meta property=\"og:image:width\" content=\"413\" \/>\n\t<meta property=\"og:image:height\" content=\"258\" \/>\n\t<meta property=\"og:image:type\" content=\"image\/jpeg\" \/>\n<meta name=\"twitter:card\" content=\"summary_large_image\" \/>\n<meta name=\"twitter:label1\" content=\"Fiyat\" \/>\n\t<meta name=\"twitter:data1\" content=\"\" \/>\n\t<meta name=\"twitter:label2\" content=\"Durumu\" \/>\n\t<meta name=\"twitter:data2\" content=\"Stokta var\" \/>\n<script type=\"application\/ld+json\" class=\"yoast-schema-graph\">{\"@context\":\"https:\/\/schema.org\",\"@graph\":[{\"@type\":\"WebPage\",\"@id\":\"https:\/\/internationaleducationcenters.de\/tr\/urun\/mesleki-almanca-ticari-sektoerde-orta-seviye-i\/\",\"url\":\"https:\/\/internationaleducationcenters.de\/tr\/urun\/mesleki-almanca-ticari-sektoerde-orta-seviye-i\/\",\"name\":\"Mesleki Almanca - Ticari orta seviye I - International Education Centers\",\"isPartOf\":{\"@id\":\"https:\/\/internationaleducationcenters.de\/tr\/#website\"},\"primaryImageOfPage\":{\"@id\":\"https:\/\/internationaleducationcenters.de\/tr\/urun\/mesleki-almanca-ticari-sektoerde-orta-seviye-i\/#primaryimage\"},\"image\":{\"@id\":\"https:\/\/internationaleducationcenters.de\/tr\/urun\/mesleki-almanca-ticari-sektoerde-orta-seviye-i\/#primaryimage\"},\"thumbnailUrl\":\"https:\/\/internationaleducationcenters.de\/wp-content\/uploads\/2025\/10\/pexels-a-darmel-7641842-scaled.jpg\",\"datePublished\":\"2025-09-26T08:07:01+00:00\",\"dateModified\":\"2025-11-19T12:44:44+00:00\",\"description\":\"Mesleki Almanca Ticari \u0130\u015fle ilgili Almancan\u0131z\u0131 orta seviyede geli\u015ftirin. Ticari meslekler i\u00e7in ideal - g\u00fcnl\u00fck i\u015f hayat\u0131ndan al\u0131\u015ft\u0131rmalarla.\",\"breadcrumb\":{\"@id\":\"https:\/\/internationaleducationcenters.de\/tr\/urun\/mesleki-almanca-ticari-sektoerde-orta-seviye-i\/#breadcrumb\"},\"inLanguage\":\"tr\",\"potentialAction\":[{\"@type\":\"ReadAction\",\"target\":[\"https:\/\/internationaleducationcenters.de\/tr\/urun\/mesleki-almanca-ticari-sektoerde-orta-seviye-i\/\"]}]},{\"@type\":\"ImageObject\",\"inLanguage\":\"tr\",\"@id\":\"https:\/\/internationaleducationcenters.de\/tr\/urun\/mesleki-almanca-ticari-sektoerde-orta-seviye-i\/#primaryimage\",\"url\":\"https:\/\/internationaleducationcenters.de\/wp-content\/uploads\/2025\/10\/pexels-a-darmel-7641842-scaled.jpg\",\"contentUrl\":\"https:\/\/internationaleducationcenters.de\/wp-content\/uploads\/2025\/10\/pexels-a-darmel-7641842-scaled.jpg\",\"width\":2560,\"height\":1707,\"caption\":\"F\u00f6rderung bei IEC in Wuppertal\"},{\"@type\":\"BreadcrumbList\",\"@id\":\"https:\/\/internationaleducationcenters.de\/tr\/urun\/mesleki-almanca-ticari-sektoerde-orta-seviye-i\/#breadcrumb\",\"itemListElement\":[{\"@type\":\"ListItem\",\"position\":1,\"name\":\"Home\",\"item\":\"https:\/\/internationaleducationcenters.de\/tr\/\"},{\"@type\":\"ListItem\",\"position\":2,\"name\":\"Ma\u011faza\",\"item\":\"https:\/\/internationaleducationcenters.de\/tr\/shop\/\"},{\"@type\":\"ListItem\",\"position\":3,\"name\":\"Mesleki Almanca &#8211; Ticari orta seviye I\"}]},{\"@type\":\"WebSite\",\"@id\":\"https:\/\/internationaleducationcenters.de\/tr\/#website\",\"url\":\"https:\/\/internationaleducationcenters.de\/tr\/\",\"name\":\"International Education Centers\",\"description\":\"\",\"publisher\":{\"@id\":\"https:\/\/internationaleducationcenters.de\/tr\/#organization\"},\"potentialAction\":[{\"@type\":\"SearchAction\",\"target\":{\"@type\":\"EntryPoint\",\"urlTemplate\":\"https:\/\/internationaleducationcenters.de\/tr\/?s={search_term_string}\"},\"query-input\":{\"@type\":\"PropertyValueSpecification\",\"valueRequired\":true,\"valueName\":\"search_term_string\"}}],\"inLanguage\":\"tr\"},{\"@type\":\"Organization\",\"@id\":\"https:\/\/internationaleducationcenters.de\/tr\/#organization\",\"name\":\"International Education Centers\",\"alternateName\":\"IEC\",\"url\":\"https:\/\/internationaleducationcenters.de\/tr\/\",\"logo\":{\"@type\":\"ImageObject\",\"inLanguage\":\"tr\",\"@id\":\"https:\/\/internationaleducationcenters.de\/tr\/#\/schema\/logo\/image\/\",\"url\":\"https:\/\/internationaleducationcenters.de\/wp-content\/uploads\/2025\/08\/IEC_favicon-1.png\",\"contentUrl\":\"https:\/\/internationaleducationcenters.de\/wp-content\/uploads\/2025\/08\/IEC_favicon-1.png\",\"width\":512,\"height\":512,\"caption\":\"International Education Centers\"},\"image\":{\"@id\":\"https:\/\/internationaleducationcenters.de\/tr\/#\/schema\/logo\/image\/\"},\"sameAs\":[\"https:\/\/www.facebook.com\/InternationalEducationCenters\/\"]}]}<\/script>\n<meta property=\"product:price:currency\" content=\"EUR\" \/>\n<meta property=\"og:availability\" content=\"instock\" \/>\n<meta property=\"product:availability\" content=\"instock\" \/>\n<meta property=\"product:condition\" content=\"new\" \/>\n<!-- \/ Yoast SEO Premium plugin. -->","yoast_head_json":{"title":"Mesleki Almanca - Ticari orta seviye I - International Education Centers","description":"Mesleki Almanca Ticari \u0130\u015fle ilgili Almancan\u0131z\u0131 orta seviyede geli\u015ftirin. Ticari meslekler i\u00e7in ideal - g\u00fcnl\u00fck i\u015f hayat\u0131ndan al\u0131\u015ft\u0131rmalarla.","robots":{"index":"index","follow":"follow","max-snippet":"max-snippet:-1","max-image-preview":"max-image-preview:large","max-video-preview":"max-video-preview:-1"},"canonical":"https:\/\/internationaleducationcenters.de\/tr\/urun\/mesleki-almanca-ticari-sektoerde-orta-seviye-i\/","og_locale":"tr_TR","og_type":"article","og_title":"Mesleki Almanca - Ticari orta seviye I","og_description":"Mesleki Almanca Ticari \u0130\u015fle ilgili Almancan\u0131z\u0131 orta seviyede geli\u015ftirin. Ticari meslekler i\u00e7in ideal - g\u00fcnl\u00fck i\u015f hayat\u0131ndan al\u0131\u015ft\u0131rmalarla.","og_url":"https:\/\/internationaleducationcenters.de\/tr\/urun\/mesleki-almanca-ticari-sektoerde-orta-seviye-i\/","og_site_name":"International Education Centers","article_publisher":"https:\/\/www.facebook.com\/InternationalEducationCenters\/","article_modified_time":"2025-11-19T12:44:44+00:00","og_image":[{"width":413,"height":258,"url":"https:\/\/internationaleducationcenters.de\/wp-content\/uploads\/2025\/09\/Mittelstufe-I-im-kaufmaennischen-Bereich.jpg","type":"image\/jpeg"}],"twitter_card":"summary_large_image","twitter_misc":{"Fiyat":"","Durumu":"Stokta var"},"schema":{"@context":"https:\/\/schema.org","@graph":[{"@type":"WebPage","@id":"https:\/\/internationaleducationcenters.de\/tr\/urun\/mesleki-almanca-ticari-sektoerde-orta-seviye-i\/","url":"https:\/\/internationaleducationcenters.de\/tr\/urun\/mesleki-almanca-ticari-sektoerde-orta-seviye-i\/","name":"Mesleki Almanca - Ticari orta seviye I - International Education Centers","isPartOf":{"@id":"https:\/\/internationaleducationcenters.de\/tr\/#website"},"primaryImageOfPage":{"@id":"https:\/\/internationaleducationcenters.de\/tr\/urun\/mesleki-almanca-ticari-sektoerde-orta-seviye-i\/#primaryimage"},"image":{"@id":"https:\/\/internationaleducationcenters.de\/tr\/urun\/mesleki-almanca-ticari-sektoerde-orta-seviye-i\/#primaryimage"},"thumbnailUrl":"https:\/\/internationaleducationcenters.de\/wp-content\/uploads\/2025\/10\/pexels-a-darmel-7641842-scaled.jpg","datePublished":"2025-09-26T08:07:01+00:00","dateModified":"2025-11-19T12:44:44+00:00","description":"Mesleki Almanca Ticari \u0130\u015fle ilgili Almancan\u0131z\u0131 orta seviyede geli\u015ftirin. Ticari meslekler i\u00e7in ideal - g\u00fcnl\u00fck i\u015f hayat\u0131ndan al\u0131\u015ft\u0131rmalarla.","breadcrumb":{"@id":"https:\/\/internationaleducationcenters.de\/tr\/urun\/mesleki-almanca-ticari-sektoerde-orta-seviye-i\/#breadcrumb"},"inLanguage":"tr","potentialAction":[{"@type":"ReadAction","target":["https:\/\/internationaleducationcenters.de\/tr\/urun\/mesleki-almanca-ticari-sektoerde-orta-seviye-i\/"]}]},{"@type":"ImageObject","inLanguage":"tr","@id":"https:\/\/internationaleducationcenters.de\/tr\/urun\/mesleki-almanca-ticari-sektoerde-orta-seviye-i\/#primaryimage","url":"https:\/\/internationaleducationcenters.de\/wp-content\/uploads\/2025\/10\/pexels-a-darmel-7641842-scaled.jpg","contentUrl":"https:\/\/internationaleducationcenters.de\/wp-content\/uploads\/2025\/10\/pexels-a-darmel-7641842-scaled.jpg","width":2560,"height":1707,"caption":"F\u00f6rderung bei IEC in Wuppertal"},{"@type":"BreadcrumbList","@id":"https:\/\/internationaleducationcenters.de\/tr\/urun\/mesleki-almanca-ticari-sektoerde-orta-seviye-i\/#breadcrumb","itemListElement":[{"@type":"ListItem","position":1,"name":"Home","item":"https:\/\/internationaleducationcenters.de\/tr\/"},{"@type":"ListItem","position":2,"name":"Ma\u011faza","item":"https:\/\/internationaleducationcenters.de\/tr\/shop\/"},{"@type":"ListItem","position":3,"name":"Mesleki Almanca &#8211; Ticari orta seviye I"}]},{"@type":"WebSite","@id":"https:\/\/internationaleducationcenters.de\/tr\/#website","url":"https:\/\/internationaleducationcenters.de\/tr\/","name":"International Education Centers","description":"","publisher":{"@id":"https:\/\/internationaleducationcenters.de\/tr\/#organization"},"potentialAction":[{"@type":"SearchAction","target":{"@type":"EntryPoint","urlTemplate":"https:\/\/internationaleducationcenters.de\/tr\/?s={search_term_string}"},"query-input":{"@type":"PropertyValueSpecification","valueRequired":true,"valueName":"search_term_string"}}],"inLanguage":"tr"},{"@type":"Organization","@id":"https:\/\/internationaleducationcenters.de\/tr\/#organization","name":"International Education Centers","alternateName":"IEC","url":"https:\/\/internationaleducationcenters.de\/tr\/","logo":{"@type":"ImageObject","inLanguage":"tr","@id":"https:\/\/internationaleducationcenters.de\/tr\/#\/schema\/logo\/image\/","url":"https:\/\/internationaleducationcenters.de\/wp-content\/uploads\/2025\/08\/IEC_favicon-1.png","contentUrl":"https:\/\/internationaleducationcenters.de\/wp-content\/uploads\/2025\/08\/IEC_favicon-1.png","width":512,"height":512,"caption":"International Education Centers"},"image":{"@id":"https:\/\/internationaleducationcenters.de\/tr\/#\/schema\/logo\/image\/"},"sameAs":["https:\/\/www.facebook.com\/InternationalEducationCenters\/"]}]},"product_price_currency":"EUR","og_availability":"instock","product_availability":"instock","product_condition":"new"},"_links":{"self":[{"href":"https:\/\/internationaleducationcenters.de\/tr\/wp-json\/wp\/v2\/product\/17710","targetHints":{"allow":["GET"]}}],"collection":[{"href":"https:\/\/internationaleducationcenters.de\/tr\/wp-json\/wp\/v2\/product"}],"about":[{"href":"https:\/\/internationaleducationcenters.de\/tr\/wp-json\/wp\/v2\/types\/product"}],"replies":[{"embeddable":true,"href":"https:\/\/internationaleducationcenters.de\/tr\/wp-json\/wp\/v2\/comments?post=17710"}],"version-history":[{"count":4,"href":"https:\/\/internationaleducationcenters.de\/tr\/wp-json\/wp\/v2\/product\/17710\/revisions"}],"predecessor-version":[{"id":20863,"href":"https:\/\/internationaleducationcenters.de\/tr\/wp-json\/wp\/v2\/product\/17710\/revisions\/20863"}],"wp:featuredmedia":[{"embeddable":true,"href":"https:\/\/internationaleducationcenters.de\/tr\/wp-json\/wp\/v2\/media\/16266"}],"wp:attachment":[{"href":"https:\/\/internationaleducationcenters.de\/tr\/wp-json\/wp\/v2\/media?parent=17710"}],"wp:term":[{"taxonomy":"product_brand","embeddable":true,"href":"https:\/\/internationaleducationcenters.de\/tr\/wp-json\/wp\/v2\/product_brand?post=17710"},{"taxonomy":"product_cat","embeddable":true,"href":"https:\/\/internationaleducationcenters.de\/tr\/wp-json\/wp\/v2\/product_cat?post=17710"},{"taxonomy":"product_tag","embeddable":true,"href":"https:\/\/internationaleducationcenters.de\/tr\/wp-json\/wp\/v2\/product_tag?post=17710"}],"curies":[{"name":"wp","href":"https:\/\/api.w.org\/{rel}","templated":true}]}}