{"id":17721,"date":"2025-09-26T10:03:32","date_gmt":"2025-09-26T08:03:32","guid":{"rendered":"https:\/\/internationaleducationcenters.de\/kurs\/hemsirelik-meslegi-icin-almanca-sektoere-oezgue-orta-seviye-i-b1-1\/"},"modified":"2025-11-19T13:57:24","modified_gmt":"2025-11-19T12:57:24","slug":"hemsirelik-meslegi-icin-almanca-sektoere-oezgue-orta-seviye-i-b1-1","status":"publish","type":"product","link":"https:\/\/internationaleducationcenters.de\/tr\/urun\/hemsirelik-meslegi-icin-almanca-sektoere-oezgue-orta-seviye-i-b1-1\/","title":{"rendered":"Hem\u015firelik mesle\u011fi i\u00e7in Almanca &#8211; sekt\u00f6re \u00f6zg\u00fc &#8211; orta seviye I (B1.1)"},"content":{"rendered":"\t\t<div data-elementor-type=\"product-post\" data-elementor-id=\"17721\" class=\"elementor elementor-17721 elementor-13898\" data-elementor-post-type=\"product\">\n\t\t\t\t<div class=\"elementor-element elementor-element-50fb45d e-flex e-con-boxed e-con e-parent\" data-id=\"50fb45d\" data-element_type=\"container\" data-e-type=\"container\">\n\t\t\t\t\t<div class=\"e-con-inner\">\n\t\t\t\t<div class=\"elementor-element elementor-element-020cc82 elementor-widget elementor-widget-text-editor\" data-id=\"020cc82\" data-element_type=\"widget\" data-e-type=\"widget\" data-widget_type=\"text-editor.default\">\n\t\t\t\t<div class=\"elementor-widget-container\">\n\t\t\t\t\t\t\t\t\t<p><strong>K\u0131sa bir genel bak\u0131\u015f<br><\/strong><br> \u015eu anda Almanya genelinde bak\u0131c\u0131lar ve yard\u0131mc\u0131lar aran\u0131yor. Yurtd\u0131\u015f\u0131ndan ba\u015fvuran<br>adaylar i\u00e7in bazen eksik olan tek \u015fey uygun<br>dil becerileridir. G\u00f6\u00e7men k\u00f6kenli ki\u015filer<br>B1.1 seviyesinde sa\u011flam Almanca dil becerilerine sahip olduklar\u0131n\u0131 kan\u0131tlad\u0131klar\u0131nda<br>i\u015f bulma \u015fanslar\u0131 da art\u0131yor. Kurs, kat\u0131l\u0131mc\u0131lara<br>bak\u0131m sekt\u00f6r\u00fcndeki<br>mesleki ihtiya\u00e7lar\u0131na g\u00f6re uyarlanm\u0131\u015f B1.1 seviyesinde \u00f6zel i\u00e7erik sunmaktad\u0131r.<br>Kurs, temel bir<br>kelime da\u011farc\u0131\u011f\u0131 olu\u015fturmaya ve g\u00fcnl\u00fck bak\u0131m i\u015flerinde<br>gerekli olan dil becerilerini geli\u015ftirmeye odaklanmaktad\u0131r. Bu, hastalarla etkile\u015fim kurmay\u0131,<br>anlamay\u0131 ve talimatlar\u0131 form\u00fcle etmeyi, semptomlar\u0131 tan\u0131mlamay\u0131 ve<br>tedavi planlar\u0131n\u0131 a\u00e7\u0131klamay\u0131 i\u00e7erir.<br>\u00d6nemli bir odak noktas\u0131 da hastalarla etkili bir \u015fekilde etkile\u015fim kurmak i\u00e7in ileti\u015fimsel<br>beceriler geli\u015ftirmektir. Bu,<br>basit konu\u015fmalar yapmay\u0131, ihtiya\u00e7lar\u0131 ve<br>istekleri belirlemeyi, \u015fikayetleri anlamay\u0131 ve<br>g\u00fcvene dayal\u0131 bir ili\u015fki kurmay\u0131 i\u00e7erir.<br>Kurs ayr\u0131ca temel t\u0131bbi terminolojiyi ve bak\u0131m sekt\u00f6r\u00fcyle ilgili<br>terminolojiyi \u00f6\u011fretir.<br>\u00d6rne\u011fin v\u00fccut b\u00f6l\u00fcmlerinin, hastal\u0131klar\u0131n,<br>ila\u00e7lar\u0131n ve t\u0131bbi cihazlar\u0131n adland\u0131r\u0131lmas\u0131 gibi.<br>Bak\u0131m sekt\u00f6r\u00fcnde tedavilerin ve<br>bak\u0131m \u00f6nlemlerinin do\u011fru \u015fekilde belgelendirilmesi b\u00fcy\u00fck \u00f6nem ta\u015f\u0131maktad\u0131r. Bu kurs<br>raporlar\u0131n protokollerin ve bak\u0131m planlar\u0131n\u0131n yaz\u0131lmas\u0131 da dahil olmak \u00fczere<br>do\u011fru yaz\u0131l\u0131 dok\u00fcmantasyon hakk\u0131nda bilgi sa\u011flar.<br>Hem\u015firelik alan\u0131 genellikle \u00e7ok k\u00fclt\u00fcrl\u00fc oldu\u011fu i\u00e7in k\u00fclt\u00fcrleraras\u0131<br>ileti\u015fim stratejileri kursun \u00f6nemli bir par\u00e7as\u0131 olabilir. Bu<br>k\u00fclt\u00fcrel farkl\u0131l\u0131klarla ba\u015fa \u00e7\u0131kmay\u0131,<br>farkl\u0131 ihtiya\u00e7lara kar\u015f\u0131 duyarl\u0131l\u0131\u011f\u0131 ve \u00e7e\u015fitlilikle sayg\u0131l\u0131 bir \u015fekilde ilgilenmeyi i\u00e7erir.<br>\u00d6\u011frenilenleri ger\u00e7ek\u00e7i durumlarda uygulamak i\u00e7in<br>rol oyunlar\u0131 ve pratik al\u0131\u015ft\u0131rmalar derslere entegre edilebilir.<br>Bu, kat\u0131l\u0131mc\u0131lar\u0131n dil becerilerini pratik olarak uygulamalar\u0131n\u0131<br>ve ger\u00e7ek hayattaki bak\u0131m durumlar\u0131na haz\u0131rlanmalar\u0131n\u0131 sa\u011flar.        <\/p><p><strong>Kurs i\u00e7eri\u011fi<br><\/strong><\/p><ul><li>Bak\u0131m hizmetlerinde g\u00fcnl\u00fck dil<\/li><li>Hastalarla ileti\u015fim<\/li><li>T\u0131bbi kelime bilgisi<\/li><li>Dok\u00fcmantasyon ve raporlama<\/li><li>K\u00fclt\u00fcrleraras\u0131 ileti\u015fim<\/li><li>Rol oyunlar\u0131 ve pratik al\u0131\u015ft\u0131rmalar<\/li><\/ul><p><strong>Meslek e\u011fitiminden sonra kariyer olanaklar\u0131n\u0131z<br><\/strong><br> B1.1 seviyesinde bak\u0131m i\u00e7in Almanca kursu size \u00e7ok \u00e7e\u015fitli kariyer olanaklar\u0131 sunar<br>. Temel Almanca bilgisiyle<br>bak\u0131m sekt\u00f6r\u00fcnde veya ilgili sekt\u00f6rlerde \u00e7al\u0131\u015fabilirsiniz. Bir<br>hem\u015firelik asistan\u0131 veya bak\u0131m asistan\u0131 olarak<br>hastalar\u0131n bak\u0131m\u0131nda hem\u015firelik personelini destekleyeceksiniz. Edindi\u011finiz dil becerileri sayesinde<br>temel konu\u015fmalar\u0131 yapabilecek ve talimatlar\u0131 anlayabileceksiniz.<br>Ayr\u0131ca Almanca kursu<br>sa\u011fl\u0131k sekt\u00f6r\u00fcnde Almanca dil becerilerinin gerekli oldu\u011fu di\u011fer alanlarda da kap\u0131lar\u0131 a\u00e7maktad\u0131r. Bunlar aras\u0131nda<br>hastanelerde, t\u0131bbi tesislerde veya<br>ayakta tedavi hizmetlerinde \u00e7al\u0131\u015fmak say\u0131labilir. Edinilen dil becerileri<br>meslekta\u015flar, \u00fcstler ve<br>hastalarla etkili ileti\u015fim kurulmas\u0131n\u0131 sa\u011flar.     <br><br><strong>Kat\u0131l\u0131m ko\u015fullar\u0131<br><\/strong><br> Bu kurs, CEF&#8217;e g\u00f6re A2.2 seviyesine sahip olan veya<br>temel bilgilerini ba\u015fka bir \u015fekilde kan\u0131tlam\u0131\u015f olan kat\u0131l\u0131mc\u0131lara y\u00f6neliktir.<br><br>Kat\u0131l\u0131m i\u00e7in bir di\u011fer \u015fart da mesleki e\u011fitim\/\u00e7al\u0131\u015fma<br>veya bak\u0131m sekt\u00f6r\u00fcnde ya da ticari<br>sekt\u00f6rde i\u015f deneyimidir.<br>Bireysel kat\u0131l\u0131m gereksinimlerini netle\u015ftirmek i\u00e7in<br>adresinde ki\u015fisel bir g\u00f6r\u00fc\u015fme i\u00e7in t\u00fcm ilgili taraflara a\u00e7\u0131\u011f\u0131z.<br><br><strong>Hedef grup<br><\/strong><br> Mod\u00fcl ayn\u0131 zamanda bak\u0131m sekt\u00f6r\u00fcnde \u00e7al\u0131\u015fan veya gelecekte bu<br>sekt\u00f6rde \u00e7al\u0131\u015fmak isteyen ve B1.1 seviyesinde Almanca dil becerisine ihtiya\u00e7 duyan temel<br>dil becerilerine sahip g\u00f6\u00e7menler ve m\u00fclteciler i\u00e7indir<br>. Job Turbo&#8217;nun amac\u0131 bu potansiyeli kullanmak ve<br>ki\u015fileri h\u0131zl\u0131 bir \u015fekilde i\u015fe yerle\u015ftirmektir.<br><br><strong>Yeterlili\u011finiz<br><\/strong><br> Dahili sertifika veya kat\u0131l\u0131m sertifikas\u0131<br><br><strong>E\u011fitim kuponu ile finansman<br><\/strong><br> AZAV uyar\u0131nca yetkili bir sa\u011flay\u0131c\u0131 olarak, kurslar\u0131m\u0131z\u0131n \u00e7o\u011fu<br>s\u0131k\u0131 kalite gerekliliklerine uygun olarak onaylanm\u0131\u015ft\u0131r. \u0130\u015f bulma kurumunun veya i\u015f merkezinin bir<br>m\u00fc\u015fterisi olarak sizin i\u00e7in bu,<br>kat\u0131l\u0131m\u0131n\u0131z\u0131n bir e\u011fitim kuponu ile finanse edilmeye %100 uygun oldu\u011fu ve bu nedenle sizin i\u00e7in \u00fccretsiz oldu\u011fu anlam\u0131na gelir<br>. <\/p>\t\t\t\t\t\t\t\t<\/div>\n\t\t\t\t<\/div>\n\t\t\t\t\t<\/div>\n\t\t\t\t<\/div>\n\t\t\t\t<\/div>\n\t\t","protected":false},"excerpt":{"rendered":"<p>Hem\u015firelik mesle\u011fi i\u00e7in Almancan\u0131z\u0131 orta seviyede (B1.1) geli\u015ftirin. Kurs, sa\u011fl\u0131k sekt\u00f6r\u00fcndeki g\u00fcnl\u00fck \u00e7al\u0131\u015fma hayat\u0131 i\u00e7in sekt\u00f6re \u00f6zg\u00fc kelimeleri ve pratik ileti\u015fimi \u00f6\u011fretir.<\/p>\n","protected":false},"featured_media":7532,"comment_status":"open","ping_status":"closed","template":"","meta":{"_acf_changed":false},"product_brand":[],"product_cat":[17],"product_tag":[470],"class_list":{"0":"post-17721","1":"product","2":"type-product","3":"status-publish","4":"has-post-thumbnail","6":"product_cat-uncategorized","7":"product_tag-profesyonel-tasarim","9":"first","10":"instock","11":"taxable","12":"shipping-taxable","13":"product-type-simple"},"acf":[],"yoast_head":"<!-- This site is optimized with the Yoast SEO Premium plugin v25.9 (Yoast SEO v26.9) - https:\/\/yoast.com\/product\/yoast-seo-premium-wordpress\/ -->\n<title>Hem\u015firelik mesle\u011fi i\u00e7in Almanca - sekt\u00f6re \u00f6zg\u00fc - orta seviye I (B1.1) - International Education Centers<\/title>\n<meta name=\"description\" content=\"Hem\u015firelik mesle\u011fi i\u00e7in Almanca: Wuppertal&#039;daki IEC&#039;de pratik al\u0131\u015ft\u0131rmalarla orta seviyede (B1.1) sekt\u00f6re \u00f6zg\u00fc Almanca \u00f6\u011frenin\" \/>\n<meta name=\"robots\" content=\"index, follow, max-snippet:-1, max-image-preview:large, max-video-preview:-1\" \/>\n<link rel=\"canonical\" href=\"https:\/\/internationaleducationcenters.de\/tr\/urun\/hemsirelik-meslegi-icin-almanca-sektoere-oezgue-orta-seviye-i-b1-1\/\" \/>\n<meta property=\"og:locale\" content=\"tr_TR\" \/>\n<meta property=\"og:type\" content=\"article\" \/>\n<meta property=\"og:title\" content=\"Hem\u015firelik mesle\u011fi i\u00e7in Almanca - sekt\u00f6re \u00f6zg\u00fc - orta seviye I (B1.1)\" \/>\n<meta property=\"og:description\" content=\"Hem\u015firelik mesle\u011fi i\u00e7in Almanca: Wuppertal&#039;daki IEC&#039;de pratik al\u0131\u015ft\u0131rmalarla orta seviyede (B1.1) sekt\u00f6re \u00f6zg\u00fc Almanca \u00f6\u011frenin\" \/>\n<meta property=\"og:url\" content=\"https:\/\/internationaleducationcenters.de\/tr\/urun\/hemsirelik-meslegi-icin-almanca-sektoere-oezgue-orta-seviye-i-b1-1\/\" \/>\n<meta property=\"og:site_name\" content=\"International Education Centers\" \/>\n<meta property=\"article:publisher\" content=\"https:\/\/www.facebook.com\/InternationalEducationCenters\/\" \/>\n<meta property=\"article:modified_time\" content=\"2025-11-19T12:57:24+00:00\" \/>\n<meta property=\"og:image\" content=\"https:\/\/internationaleducationcenters.de\/wp-content\/uploads\/2024\/01\/Deutsch-B2-C1-Medizin.jpg\" \/>\n\t<meta property=\"og:image:width\" content=\"300\" \/>\n\t<meta property=\"og:image:height\" content=\"200\" \/>\n\t<meta property=\"og:image:type\" content=\"image\/jpeg\" \/>\n<meta name=\"twitter:card\" content=\"summary_large_image\" \/>\n<meta name=\"twitter:label1\" content=\"Fiyat\" \/>\n\t<meta name=\"twitter:data1\" content=\"\" \/>\n\t<meta name=\"twitter:label2\" content=\"Durumu\" \/>\n\t<meta name=\"twitter:data2\" content=\"Stokta var\" \/>\n<script type=\"application\/ld+json\" class=\"yoast-schema-graph\">{\"@context\":\"https:\/\/schema.org\",\"@graph\":[{\"@type\":\"WebPage\",\"@id\":\"https:\/\/internationaleducationcenters.de\/tr\/urun\/hemsirelik-meslegi-icin-almanca-sektoere-oezgue-orta-seviye-i-b1-1\/\",\"url\":\"https:\/\/internationaleducationcenters.de\/tr\/urun\/hemsirelik-meslegi-icin-almanca-sektoere-oezgue-orta-seviye-i-b1-1\/\",\"name\":\"Hem\u015firelik mesle\u011fi i\u00e7in Almanca - sekt\u00f6re \u00f6zg\u00fc - orta seviye I (B1.1) - International Education Centers\",\"isPartOf\":{\"@id\":\"https:\/\/internationaleducationcenters.de\/tr\/#website\"},\"primaryImageOfPage\":{\"@id\":\"https:\/\/internationaleducationcenters.de\/tr\/urun\/hemsirelik-meslegi-icin-almanca-sektoere-oezgue-orta-seviye-i-b1-1\/#primaryimage\"},\"image\":{\"@id\":\"https:\/\/internationaleducationcenters.de\/tr\/urun\/hemsirelik-meslegi-icin-almanca-sektoere-oezgue-orta-seviye-i-b1-1\/#primaryimage\"},\"thumbnailUrl\":\"https:\/\/internationaleducationcenters.de\/wp-content\/uploads\/2024\/01\/Deutsch-B2-C1-Medizin.jpg\",\"datePublished\":\"2025-09-26T08:03:32+00:00\",\"dateModified\":\"2025-11-19T12:57:24+00:00\",\"description\":\"Hem\u015firelik mesle\u011fi i\u00e7in Almanca: Wuppertal'daki IEC'de pratik al\u0131\u015ft\u0131rmalarla orta seviyede (B1.1) sekt\u00f6re \u00f6zg\u00fc Almanca \u00f6\u011frenin\",\"breadcrumb\":{\"@id\":\"https:\/\/internationaleducationcenters.de\/tr\/urun\/hemsirelik-meslegi-icin-almanca-sektoere-oezgue-orta-seviye-i-b1-1\/#breadcrumb\"},\"inLanguage\":\"tr\",\"potentialAction\":[{\"@type\":\"ReadAction\",\"target\":[\"https:\/\/internationaleducationcenters.de\/tr\/urun\/hemsirelik-meslegi-icin-almanca-sektoere-oezgue-orta-seviye-i-b1-1\/\"]}]},{\"@type\":\"ImageObject\",\"inLanguage\":\"tr\",\"@id\":\"https:\/\/internationaleducationcenters.de\/tr\/urun\/hemsirelik-meslegi-icin-almanca-sektoere-oezgue-orta-seviye-i-b1-1\/#primaryimage\",\"url\":\"https:\/\/internationaleducationcenters.de\/wp-content\/uploads\/2024\/01\/Deutsch-B2-C1-Medizin.jpg\",\"contentUrl\":\"https:\/\/internationaleducationcenters.de\/wp-content\/uploads\/2024\/01\/Deutsch-B2-C1-Medizin.jpg\",\"width\":300,\"height\":200,\"caption\":\"Vorbereitungskurs f\u00fcr medizinisches Deutsch B2-C1 \u2013 telc Pr\u00fcfung mit IEC\"},{\"@type\":\"BreadcrumbList\",\"@id\":\"https:\/\/internationaleducationcenters.de\/tr\/urun\/hemsirelik-meslegi-icin-almanca-sektoere-oezgue-orta-seviye-i-b1-1\/#breadcrumb\",\"itemListElement\":[{\"@type\":\"ListItem\",\"position\":1,\"name\":\"Home\",\"item\":\"https:\/\/internationaleducationcenters.de\/tr\/\"},{\"@type\":\"ListItem\",\"position\":2,\"name\":\"Ma\u011faza\",\"item\":\"https:\/\/internationaleducationcenters.de\/tr\/shop\/\"},{\"@type\":\"ListItem\",\"position\":3,\"name\":\"Hem\u015firelik mesle\u011fi i\u00e7in Almanca &#8211; sekt\u00f6re \u00f6zg\u00fc &#8211; orta seviye I (B1.1)\"}]},{\"@type\":\"WebSite\",\"@id\":\"https:\/\/internationaleducationcenters.de\/tr\/#website\",\"url\":\"https:\/\/internationaleducationcenters.de\/tr\/\",\"name\":\"International Education Centers\",\"description\":\"\",\"publisher\":{\"@id\":\"https:\/\/internationaleducationcenters.de\/tr\/#organization\"},\"potentialAction\":[{\"@type\":\"SearchAction\",\"target\":{\"@type\":\"EntryPoint\",\"urlTemplate\":\"https:\/\/internationaleducationcenters.de\/tr\/?s={search_term_string}\"},\"query-input\":{\"@type\":\"PropertyValueSpecification\",\"valueRequired\":true,\"valueName\":\"search_term_string\"}}],\"inLanguage\":\"tr\"},{\"@type\":\"Organization\",\"@id\":\"https:\/\/internationaleducationcenters.de\/tr\/#organization\",\"name\":\"International Education Centers\",\"alternateName\":\"IEC\",\"url\":\"https:\/\/internationaleducationcenters.de\/tr\/\",\"logo\":{\"@type\":\"ImageObject\",\"inLanguage\":\"tr\",\"@id\":\"https:\/\/internationaleducationcenters.de\/tr\/#\/schema\/logo\/image\/\",\"url\":\"https:\/\/internationaleducationcenters.de\/wp-content\/uploads\/2025\/08\/IEC_favicon-1.png\",\"contentUrl\":\"https:\/\/internationaleducationcenters.de\/wp-content\/uploads\/2025\/08\/IEC_favicon-1.png\",\"width\":512,\"height\":512,\"caption\":\"International Education Centers\"},\"image\":{\"@id\":\"https:\/\/internationaleducationcenters.de\/tr\/#\/schema\/logo\/image\/\"},\"sameAs\":[\"https:\/\/www.facebook.com\/InternationalEducationCenters\/\"]}]}<\/script>\n<meta property=\"product:price:currency\" content=\"EUR\" \/>\n<meta property=\"og:availability\" content=\"instock\" \/>\n<meta property=\"product:availability\" content=\"instock\" \/>\n<meta property=\"product:condition\" content=\"new\" \/>\n<!-- \/ Yoast SEO Premium plugin. -->","yoast_head_json":{"title":"Hem\u015firelik mesle\u011fi i\u00e7in Almanca - sekt\u00f6re \u00f6zg\u00fc - orta seviye I (B1.1) - International Education Centers","description":"Hem\u015firelik mesle\u011fi i\u00e7in Almanca: Wuppertal'daki IEC'de pratik al\u0131\u015ft\u0131rmalarla orta seviyede (B1.1) sekt\u00f6re \u00f6zg\u00fc Almanca \u00f6\u011frenin","robots":{"index":"index","follow":"follow","max-snippet":"max-snippet:-1","max-image-preview":"max-image-preview:large","max-video-preview":"max-video-preview:-1"},"canonical":"https:\/\/internationaleducationcenters.de\/tr\/urun\/hemsirelik-meslegi-icin-almanca-sektoere-oezgue-orta-seviye-i-b1-1\/","og_locale":"tr_TR","og_type":"article","og_title":"Hem\u015firelik mesle\u011fi i\u00e7in Almanca - sekt\u00f6re \u00f6zg\u00fc - orta seviye I (B1.1)","og_description":"Hem\u015firelik mesle\u011fi i\u00e7in Almanca: Wuppertal'daki IEC'de pratik al\u0131\u015ft\u0131rmalarla orta seviyede (B1.1) sekt\u00f6re \u00f6zg\u00fc Almanca \u00f6\u011frenin","og_url":"https:\/\/internationaleducationcenters.de\/tr\/urun\/hemsirelik-meslegi-icin-almanca-sektoere-oezgue-orta-seviye-i-b1-1\/","og_site_name":"International Education Centers","article_publisher":"https:\/\/www.facebook.com\/InternationalEducationCenters\/","article_modified_time":"2025-11-19T12:57:24+00:00","og_image":[{"width":300,"height":200,"url":"https:\/\/internationaleducationcenters.de\/wp-content\/uploads\/2024\/01\/Deutsch-B2-C1-Medizin.jpg","type":"image\/jpeg"}],"twitter_card":"summary_large_image","twitter_misc":{"Fiyat":"","Durumu":"Stokta var"},"schema":{"@context":"https:\/\/schema.org","@graph":[{"@type":"WebPage","@id":"https:\/\/internationaleducationcenters.de\/tr\/urun\/hemsirelik-meslegi-icin-almanca-sektoere-oezgue-orta-seviye-i-b1-1\/","url":"https:\/\/internationaleducationcenters.de\/tr\/urun\/hemsirelik-meslegi-icin-almanca-sektoere-oezgue-orta-seviye-i-b1-1\/","name":"Hem\u015firelik mesle\u011fi i\u00e7in Almanca - sekt\u00f6re \u00f6zg\u00fc - orta seviye I (B1.1) - International Education Centers","isPartOf":{"@id":"https:\/\/internationaleducationcenters.de\/tr\/#website"},"primaryImageOfPage":{"@id":"https:\/\/internationaleducationcenters.de\/tr\/urun\/hemsirelik-meslegi-icin-almanca-sektoere-oezgue-orta-seviye-i-b1-1\/#primaryimage"},"image":{"@id":"https:\/\/internationaleducationcenters.de\/tr\/urun\/hemsirelik-meslegi-icin-almanca-sektoere-oezgue-orta-seviye-i-b1-1\/#primaryimage"},"thumbnailUrl":"https:\/\/internationaleducationcenters.de\/wp-content\/uploads\/2024\/01\/Deutsch-B2-C1-Medizin.jpg","datePublished":"2025-09-26T08:03:32+00:00","dateModified":"2025-11-19T12:57:24+00:00","description":"Hem\u015firelik mesle\u011fi i\u00e7in Almanca: Wuppertal'daki IEC'de pratik al\u0131\u015ft\u0131rmalarla orta seviyede (B1.1) sekt\u00f6re \u00f6zg\u00fc Almanca \u00f6\u011frenin","breadcrumb":{"@id":"https:\/\/internationaleducationcenters.de\/tr\/urun\/hemsirelik-meslegi-icin-almanca-sektoere-oezgue-orta-seviye-i-b1-1\/#breadcrumb"},"inLanguage":"tr","potentialAction":[{"@type":"ReadAction","target":["https:\/\/internationaleducationcenters.de\/tr\/urun\/hemsirelik-meslegi-icin-almanca-sektoere-oezgue-orta-seviye-i-b1-1\/"]}]},{"@type":"ImageObject","inLanguage":"tr","@id":"https:\/\/internationaleducationcenters.de\/tr\/urun\/hemsirelik-meslegi-icin-almanca-sektoere-oezgue-orta-seviye-i-b1-1\/#primaryimage","url":"https:\/\/internationaleducationcenters.de\/wp-content\/uploads\/2024\/01\/Deutsch-B2-C1-Medizin.jpg","contentUrl":"https:\/\/internationaleducationcenters.de\/wp-content\/uploads\/2024\/01\/Deutsch-B2-C1-Medizin.jpg","width":300,"height":200,"caption":"Vorbereitungskurs f\u00fcr medizinisches Deutsch B2-C1 \u2013 telc Pr\u00fcfung mit IEC"},{"@type":"BreadcrumbList","@id":"https:\/\/internationaleducationcenters.de\/tr\/urun\/hemsirelik-meslegi-icin-almanca-sektoere-oezgue-orta-seviye-i-b1-1\/#breadcrumb","itemListElement":[{"@type":"ListItem","position":1,"name":"Home","item":"https:\/\/internationaleducationcenters.de\/tr\/"},{"@type":"ListItem","position":2,"name":"Ma\u011faza","item":"https:\/\/internationaleducationcenters.de\/tr\/shop\/"},{"@type":"ListItem","position":3,"name":"Hem\u015firelik mesle\u011fi i\u00e7in Almanca &#8211; sekt\u00f6re \u00f6zg\u00fc &#8211; orta seviye I (B1.1)"}]},{"@type":"WebSite","@id":"https:\/\/internationaleducationcenters.de\/tr\/#website","url":"https:\/\/internationaleducationcenters.de\/tr\/","name":"International Education Centers","description":"","publisher":{"@id":"https:\/\/internationaleducationcenters.de\/tr\/#organization"},"potentialAction":[{"@type":"SearchAction","target":{"@type":"EntryPoint","urlTemplate":"https:\/\/internationaleducationcenters.de\/tr\/?s={search_term_string}"},"query-input":{"@type":"PropertyValueSpecification","valueRequired":true,"valueName":"search_term_string"}}],"inLanguage":"tr"},{"@type":"Organization","@id":"https:\/\/internationaleducationcenters.de\/tr\/#organization","name":"International Education Centers","alternateName":"IEC","url":"https:\/\/internationaleducationcenters.de\/tr\/","logo":{"@type":"ImageObject","inLanguage":"tr","@id":"https:\/\/internationaleducationcenters.de\/tr\/#\/schema\/logo\/image\/","url":"https:\/\/internationaleducationcenters.de\/wp-content\/uploads\/2025\/08\/IEC_favicon-1.png","contentUrl":"https:\/\/internationaleducationcenters.de\/wp-content\/uploads\/2025\/08\/IEC_favicon-1.png","width":512,"height":512,"caption":"International Education Centers"},"image":{"@id":"https:\/\/internationaleducationcenters.de\/tr\/#\/schema\/logo\/image\/"},"sameAs":["https:\/\/www.facebook.com\/InternationalEducationCenters\/"]}]},"product_price_currency":"EUR","og_availability":"instock","product_availability":"instock","product_condition":"new"},"_links":{"self":[{"href":"https:\/\/internationaleducationcenters.de\/tr\/wp-json\/wp\/v2\/product\/17721","targetHints":{"allow":["GET"]}}],"collection":[{"href":"https:\/\/internationaleducationcenters.de\/tr\/wp-json\/wp\/v2\/product"}],"about":[{"href":"https:\/\/internationaleducationcenters.de\/tr\/wp-json\/wp\/v2\/types\/product"}],"replies":[{"embeddable":true,"href":"https:\/\/internationaleducationcenters.de\/tr\/wp-json\/wp\/v2\/comments?post=17721"}],"version-history":[{"count":4,"href":"https:\/\/internationaleducationcenters.de\/tr\/wp-json\/wp\/v2\/product\/17721\/revisions"}],"predecessor-version":[{"id":20871,"href":"https:\/\/internationaleducationcenters.de\/tr\/wp-json\/wp\/v2\/product\/17721\/revisions\/20871"}],"wp:featuredmedia":[{"embeddable":true,"href":"https:\/\/internationaleducationcenters.de\/tr\/wp-json\/wp\/v2\/media\/7532"}],"wp:attachment":[{"href":"https:\/\/internationaleducationcenters.de\/tr\/wp-json\/wp\/v2\/media?parent=17721"}],"wp:term":[{"taxonomy":"product_brand","embeddable":true,"href":"https:\/\/internationaleducationcenters.de\/tr\/wp-json\/wp\/v2\/product_brand?post=17721"},{"taxonomy":"product_cat","embeddable":true,"href":"https:\/\/internationaleducationcenters.de\/tr\/wp-json\/wp\/v2\/product_cat?post=17721"},{"taxonomy":"product_tag","embeddable":true,"href":"https:\/\/internationaleducationcenters.de\/tr\/wp-json\/wp\/v2\/product_tag?post=17721"}],"curies":[{"name":"wp","href":"https:\/\/api.w.org\/{rel}","templated":true}]}}