{"id":17724,"date":"2025-09-26T10:02:54","date_gmt":"2025-09-26T08:02:54","guid":{"rendered":"https:\/\/internationaleducationcenters.de\/kurs\/hemsirelik-meslegi-icin-almanca-sektoere-oezgue-orta-seviye-ii-b1-2\/"},"modified":"2025-11-19T14:02:15","modified_gmt":"2025-11-19T13:02:15","slug":"hemsirelik-meslegi-icin-almanca-sektoere-oezgue-orta-seviye-ii-b1-2","status":"publish","type":"product","link":"https:\/\/internationaleducationcenters.de\/tr\/urun\/hemsirelik-meslegi-icin-almanca-sektoere-oezgue-orta-seviye-ii-b1-2\/","title":{"rendered":"Hem\u015firelik mesle\u011fi i\u00e7in Almanca &#8211; sekt\u00f6re \u00f6zg\u00fc &#8211; orta seviye II (B1.2)"},"content":{"rendered":"\t\t<div data-elementor-type=\"product-post\" data-elementor-id=\"17724\" class=\"elementor elementor-17724 elementor-13909\" data-elementor-post-type=\"product\">\n\t\t\t\t<div class=\"elementor-element elementor-element-96562e2 e-flex e-con-boxed e-con e-parent\" data-id=\"96562e2\" data-element_type=\"container\" data-e-type=\"container\">\n\t\t\t\t\t<div class=\"e-con-inner\">\n\t\t\t\t<div class=\"elementor-element elementor-element-03b15cb elementor-widget elementor-widget-text-editor\" data-id=\"03b15cb\" data-element_type=\"widget\" data-e-type=\"widget\" data-widget_type=\"text-editor.default\">\n\t\t\t\t<div class=\"elementor-widget-container\">\n\t\t\t\t\t\t\t\t\t<p><strong>K\u0131sa bir genel bak\u0131\u015f<br><\/strong><br> \u015eu anda Almanya genelinde bak\u0131c\u0131lar ve yard\u0131mc\u0131lar aran\u0131yor. Yurtd\u0131\u015f\u0131ndan ba\u015fvuran<br>adaylar\u0131 i\u00e7in bazen eksik olan tek \u015fey uygun<br>dil becerileridir. <br> B1.2 seviyesinde sa\u011flam Almanca dil becerilerinin kan\u0131tlanmas\u0131yla, g\u00f6\u00e7menlik ge\u00e7mi\u015fi olan ki\u015filer de<br>m\u00fckemmel yerle\u015ftirme f\u0131rsatlar\u0131na sahiptir. Avrupa Komisyonu&#8217;nun<br>yabanc\u0131 dil edinimine y\u00f6nelik tavsiyelerine uygun olarak<br>\u0130BB&#8217;deki mesleki dil \u00f6\u011fretimi temelde<br>dil becerilerinin<br>ilgili mesleki i\u00e7erik temelinde \u00f6\u011fretildi\u011fi ve derinle\u015ftirildi\u011fi i\u00e7erik ve dil entegre \u00f6\u011frenme yakla\u015f\u0131m\u0131n\u0131 takip etmektedir. Burada odak noktas\u0131<br>hem\u015fireli\u011fin mesleki dilidir.    <\/p><p><strong>Kurs i\u00e7eri\u011fi<\/strong><\/p><ul><li>T\u0131bbi kelime bilgisi<\/li><li>Spesifik hem\u015firelik kelimeleri (\u00f6rn. hem\u015firelik raporlar\u0131nda)<\/li><li>Hasta ve hasta yak\u0131nlar\u0131 ile ileti\u015fimde g\u00fcnl\u00fck kelime da\u011farc\u0131\u011f\u0131<\/li><\/ul><p><br><strong>Meslek e\u011fitiminden sonra kariyer olanaklar\u0131n\u0131z<br><\/strong><br> B1.2 seviyesinde bak\u0131m i\u00e7in Almanca kursu size \u00e7ok \u00e7e\u015fitli kariyer olanaklar\u0131 sunar<br>. Uygun Almanca dil becerileriyle<br>bak\u0131m sekt\u00f6r\u00fcnde veya ilgili sekt\u00f6rlerde \u00e7al\u0131\u015fabilirsiniz. Bir<br>bak\u0131m asistan\u0131 veya bak\u0131m asistan\u0131 olarak<br>hastalar\u0131n bak\u0131m\u0131nda bak\u0131m personelini destekleyebilirsiniz. Ayr\u0131ca Almanca kursu<br>Almanca dil becerilerinin gerekli oldu\u011fu sa\u011fl\u0131k sekt\u00f6r\u00fcn\u00fcn di\u011fer alanlar\u0131nda da<br>kap\u0131lar a\u00e7ar. Bunlar aras\u0131nda hastanelerde,<br>t\u0131bbi tesislerde veya ayakta bak\u0131m hizmetlerinde \u00e7al\u0131\u015fmak say\u0131labilir. Edinilen<br>dil becerileri<br>i\u015f arkada\u015flar\u0131 \u00fcstler ve hastalarla etkili ileti\u015fim kurulmas\u0131n\u0131 sa\u011flar.     <br><br><strong>Kat\u0131l\u0131m ko\u015fullar\u0131<br><\/strong><br> Bu kurs, CEF&#8217;e g\u00f6re B1 seviyesine sahip veya<br>temel bilgilerini ba\u015fka bir \u015fekilde kan\u0131tlam\u0131\u015f kat\u0131l\u0131mc\u0131lara y\u00f6neliktir.<br>Kat\u0131l\u0131m i\u00e7in bir di\u011fer ko\u015ful, mesleki e\u011fitim \/ diploma<br>veya bak\u0131m sekt\u00f6r\u00fcnde veya ticari<br>sekt\u00f6rde i\u015f deneyimidir.<br>Bireysel kat\u0131l\u0131m gereksinimlerini netle\u015ftirmek i\u00e7in t\u00fcm ilgili taraflara<br>adresinde ki\u015fisel bir g\u00f6r\u00fc\u015fme i\u00e7in haz\u0131r\u0131z.<br><br><strong>Hedef grup<br><\/strong><br> Mod\u00fcl ayn\u0131 zamanda bak\u0131m sekt\u00f6r\u00fcnde \u00e7al\u0131\u015fan veya gelecekte bu<br>sekt\u00f6rde \u00e7al\u0131\u015fmak isteyen ve B1.2<br>seviyesinde Almanca dil becerilerine ihtiya\u00e7 duyan temel<br>dil becerilerine sahip g\u00f6\u00e7menler ve m\u00fclteciler i\u00e7indir. Job Turbo&#8217;nun amac\u0131 bu potansiyeli kullanmak ve<br>ki\u015fileri h\u0131zl\u0131 bir \u015fekilde i\u015fe yerle\u015ftirmektir. <br><br><strong>Yeterlili\u011finiz<br><\/strong><br> Dahili sertifika veya kat\u0131l\u0131m sertifikas\u0131<br><br><strong>E\u011fitim kuponu ile finansman<br><\/strong><br> AZAV uyar\u0131nca yetkili bir sa\u011flay\u0131c\u0131 olarak, kurslar\u0131m\u0131z\u0131n \u00e7o\u011fu<br>s\u0131k\u0131 kalite gerekliliklerine uygun olarak onaylanm\u0131\u015ft\u0131r. \u0130\u015f bulma kurumunun veya i\u015f merkezinin bir<br>m\u00fc\u015fterisi olarak sizin i\u00e7in bu,<br>kat\u0131l\u0131m\u0131n\u0131z\u0131n bir e\u011fitim kuponu ile finanse edilmeye %100 uygun oldu\u011fu ve bu nedenle sizin i\u00e7in \u00fccretsiz oldu\u011fu anlam\u0131na gelir<br>.   <br><br><\/p>\t\t\t\t\t\t\t\t<\/div>\n\t\t\t\t<\/div>\n\t\t\t\t\t<\/div>\n\t\t\t\t<\/div>\n\t\t\t\t<\/div>\n\t\t","protected":false},"excerpt":{"rendered":"<p>Hem\u015firelik mesle\u011fi i\u00e7in Almancan\u0131z\u0131 orta seviyede (B1.2) geli\u015ftirin. Kurs, sa\u011fl\u0131k sekt\u00f6r\u00fcndeki g\u00fcnl\u00fck \u00e7al\u0131\u015fma hayat\u0131 i\u00e7in sekt\u00f6re \u00f6zg\u00fc kelimeleri ve pratik ileti\u015fimi \u00f6\u011fretir.<\/p>\n","protected":false},"featured_media":1728,"comment_status":"open","ping_status":"closed","template":"","meta":{"_acf_changed":false},"product_brand":[],"product_cat":[17],"product_tag":[470],"class_list":{"0":"post-17724","1":"product","2":"type-product","3":"status-publish","4":"has-post-thumbnail","6":"product_cat-uncategorized","7":"product_tag-profesyonel-tasarim","9":"first","10":"instock","11":"taxable","12":"shipping-taxable","13":"product-type-simple"},"acf":[],"yoast_head":"<!-- This site is optimized with the Yoast SEO Premium plugin v25.9 (Yoast SEO v26.9) - https:\/\/yoast.com\/product\/yoast-seo-premium-wordpress\/ -->\n<title>Hem\u015firelik mesle\u011fi i\u00e7in Almanca - sekt\u00f6re \u00f6zg\u00fc - orta seviye II (B1.2) - International Education Centers<\/title>\n<meta name=\"description\" content=\"Hem\u015firelik mesle\u011fi i\u00e7in Almanca: Wuppertal&#039;daki IEC&#039;de pratik al\u0131\u015ft\u0131rmalarla orta seviyede (B1.2) sekt\u00f6re \u00f6zg\u00fc Almanca \u00f6\u011frenin\" \/>\n<meta name=\"robots\" content=\"index, follow, max-snippet:-1, max-image-preview:large, max-video-preview:-1\" \/>\n<link rel=\"canonical\" href=\"https:\/\/internationaleducationcenters.de\/tr\/urun\/hemsirelik-meslegi-icin-almanca-sektoere-oezgue-orta-seviye-ii-b1-2\/\" \/>\n<meta property=\"og:locale\" content=\"tr_TR\" \/>\n<meta property=\"og:type\" content=\"article\" \/>\n<meta property=\"og:title\" content=\"Hem\u015firelik mesle\u011fi i\u00e7in Almanca - sekt\u00f6re \u00f6zg\u00fc - orta seviye II (B1.2)\" \/>\n<meta property=\"og:description\" content=\"Hem\u015firelik mesle\u011fi i\u00e7in Almanca: Wuppertal&#039;daki IEC&#039;de pratik al\u0131\u015ft\u0131rmalarla orta seviyede (B1.2) sekt\u00f6re \u00f6zg\u00fc Almanca \u00f6\u011frenin\" \/>\n<meta property=\"og:url\" content=\"https:\/\/internationaleducationcenters.de\/tr\/urun\/hemsirelik-meslegi-icin-almanca-sektoere-oezgue-orta-seviye-ii-b1-2\/\" \/>\n<meta property=\"og:site_name\" content=\"International Education Centers\" \/>\n<meta property=\"article:publisher\" content=\"https:\/\/www.facebook.com\/InternationalEducationCenters\/\" \/>\n<meta property=\"article:modified_time\" content=\"2025-11-19T13:02:15+00:00\" \/>\n<meta property=\"og:image\" content=\"https:\/\/internationaleducationcenters.de\/wp-content\/uploads\/2024\/01\/muslim-doctor-outside-near-the-hospital-2023-11-27-05-03-21-utc-scaled.jpg\" \/>\n\t<meta property=\"og:image:width\" content=\"2560\" \/>\n\t<meta property=\"og:image:height\" content=\"1707\" \/>\n\t<meta property=\"og:image:type\" content=\"image\/jpeg\" \/>\n<meta name=\"twitter:card\" content=\"summary_large_image\" \/>\n<meta name=\"twitter:label1\" content=\"Fiyat\" \/>\n\t<meta name=\"twitter:data1\" content=\"\" \/>\n\t<meta name=\"twitter:label2\" content=\"Durumu\" \/>\n\t<meta name=\"twitter:data2\" content=\"Stokta var\" \/>\n<script type=\"application\/ld+json\" class=\"yoast-schema-graph\">{\"@context\":\"https:\/\/schema.org\",\"@graph\":[{\"@type\":\"WebPage\",\"@id\":\"https:\/\/internationaleducationcenters.de\/tr\/urun\/hemsirelik-meslegi-icin-almanca-sektoere-oezgue-orta-seviye-ii-b1-2\/\",\"url\":\"https:\/\/internationaleducationcenters.de\/tr\/urun\/hemsirelik-meslegi-icin-almanca-sektoere-oezgue-orta-seviye-ii-b1-2\/\",\"name\":\"Hem\u015firelik mesle\u011fi i\u00e7in Almanca - sekt\u00f6re \u00f6zg\u00fc - orta seviye II (B1.2) - International Education Centers\",\"isPartOf\":{\"@id\":\"https:\/\/internationaleducationcenters.de\/tr\/#website\"},\"primaryImageOfPage\":{\"@id\":\"https:\/\/internationaleducationcenters.de\/tr\/urun\/hemsirelik-meslegi-icin-almanca-sektoere-oezgue-orta-seviye-ii-b1-2\/#primaryimage\"},\"image\":{\"@id\":\"https:\/\/internationaleducationcenters.de\/tr\/urun\/hemsirelik-meslegi-icin-almanca-sektoere-oezgue-orta-seviye-ii-b1-2\/#primaryimage\"},\"thumbnailUrl\":\"https:\/\/internationaleducationcenters.de\/wp-content\/uploads\/2024\/01\/muslim-doctor-outside-near-the-hospital-2023-11-27-05-03-21-utc-scaled.jpg\",\"datePublished\":\"2025-09-26T08:02:54+00:00\",\"dateModified\":\"2025-11-19T13:02:15+00:00\",\"description\":\"Hem\u015firelik mesle\u011fi i\u00e7in Almanca: Wuppertal'daki IEC'de pratik al\u0131\u015ft\u0131rmalarla orta seviyede (B1.2) sekt\u00f6re \u00f6zg\u00fc Almanca \u00f6\u011frenin\",\"breadcrumb\":{\"@id\":\"https:\/\/internationaleducationcenters.de\/tr\/urun\/hemsirelik-meslegi-icin-almanca-sektoere-oezgue-orta-seviye-ii-b1-2\/#breadcrumb\"},\"inLanguage\":\"tr\",\"potentialAction\":[{\"@type\":\"ReadAction\",\"target\":[\"https:\/\/internationaleducationcenters.de\/tr\/urun\/hemsirelik-meslegi-icin-almanca-sektoere-oezgue-orta-seviye-ii-b1-2\/\"]}]},{\"@type\":\"ImageObject\",\"inLanguage\":\"tr\",\"@id\":\"https:\/\/internationaleducationcenters.de\/tr\/urun\/hemsirelik-meslegi-icin-almanca-sektoere-oezgue-orta-seviye-ii-b1-2\/#primaryimage\",\"url\":\"https:\/\/internationaleducationcenters.de\/wp-content\/uploads\/2024\/01\/muslim-doctor-outside-near-the-hospital-2023-11-27-05-03-21-utc-scaled.jpg\",\"contentUrl\":\"https:\/\/internationaleducationcenters.de\/wp-content\/uploads\/2024\/01\/muslim-doctor-outside-near-the-hospital-2023-11-27-05-03-21-utc-scaled.jpg\",\"width\":2560,\"height\":1707,\"caption\":\"A young Muslim woman doctor in a hijab and uniform with a stethoscope standing with a tablet on the street near the hospital building. Medicine and health care.\"},{\"@type\":\"BreadcrumbList\",\"@id\":\"https:\/\/internationaleducationcenters.de\/tr\/urun\/hemsirelik-meslegi-icin-almanca-sektoere-oezgue-orta-seviye-ii-b1-2\/#breadcrumb\",\"itemListElement\":[{\"@type\":\"ListItem\",\"position\":1,\"name\":\"Home\",\"item\":\"https:\/\/internationaleducationcenters.de\/tr\/\"},{\"@type\":\"ListItem\",\"position\":2,\"name\":\"Ma\u011faza\",\"item\":\"https:\/\/internationaleducationcenters.de\/tr\/shop\/\"},{\"@type\":\"ListItem\",\"position\":3,\"name\":\"Hem\u015firelik mesle\u011fi i\u00e7in Almanca &#8211; sekt\u00f6re \u00f6zg\u00fc &#8211; orta seviye II (B1.2)\"}]},{\"@type\":\"WebSite\",\"@id\":\"https:\/\/internationaleducationcenters.de\/tr\/#website\",\"url\":\"https:\/\/internationaleducationcenters.de\/tr\/\",\"name\":\"International Education Centers\",\"description\":\"\",\"publisher\":{\"@id\":\"https:\/\/internationaleducationcenters.de\/tr\/#organization\"},\"potentialAction\":[{\"@type\":\"SearchAction\",\"target\":{\"@type\":\"EntryPoint\",\"urlTemplate\":\"https:\/\/internationaleducationcenters.de\/tr\/?s={search_term_string}\"},\"query-input\":{\"@type\":\"PropertyValueSpecification\",\"valueRequired\":true,\"valueName\":\"search_term_string\"}}],\"inLanguage\":\"tr\"},{\"@type\":\"Organization\",\"@id\":\"https:\/\/internationaleducationcenters.de\/tr\/#organization\",\"name\":\"International Education Centers\",\"alternateName\":\"IEC\",\"url\":\"https:\/\/internationaleducationcenters.de\/tr\/\",\"logo\":{\"@type\":\"ImageObject\",\"inLanguage\":\"tr\",\"@id\":\"https:\/\/internationaleducationcenters.de\/tr\/#\/schema\/logo\/image\/\",\"url\":\"https:\/\/internationaleducationcenters.de\/wp-content\/uploads\/2025\/08\/IEC_favicon-1.png\",\"contentUrl\":\"https:\/\/internationaleducationcenters.de\/wp-content\/uploads\/2025\/08\/IEC_favicon-1.png\",\"width\":512,\"height\":512,\"caption\":\"International Education Centers\"},\"image\":{\"@id\":\"https:\/\/internationaleducationcenters.de\/tr\/#\/schema\/logo\/image\/\"},\"sameAs\":[\"https:\/\/www.facebook.com\/InternationalEducationCenters\/\"]}]}<\/script>\n<meta property=\"product:price:currency\" content=\"EUR\" \/>\n<meta property=\"og:availability\" content=\"instock\" \/>\n<meta property=\"product:availability\" content=\"instock\" \/>\n<meta property=\"product:condition\" content=\"new\" \/>\n<!-- \/ Yoast SEO Premium plugin. -->","yoast_head_json":{"title":"Hem\u015firelik mesle\u011fi i\u00e7in Almanca - sekt\u00f6re \u00f6zg\u00fc - orta seviye II (B1.2) - International Education Centers","description":"Hem\u015firelik mesle\u011fi i\u00e7in Almanca: Wuppertal'daki IEC'de pratik al\u0131\u015ft\u0131rmalarla orta seviyede (B1.2) sekt\u00f6re \u00f6zg\u00fc Almanca \u00f6\u011frenin","robots":{"index":"index","follow":"follow","max-snippet":"max-snippet:-1","max-image-preview":"max-image-preview:large","max-video-preview":"max-video-preview:-1"},"canonical":"https:\/\/internationaleducationcenters.de\/tr\/urun\/hemsirelik-meslegi-icin-almanca-sektoere-oezgue-orta-seviye-ii-b1-2\/","og_locale":"tr_TR","og_type":"article","og_title":"Hem\u015firelik mesle\u011fi i\u00e7in Almanca - sekt\u00f6re \u00f6zg\u00fc - orta seviye II (B1.2)","og_description":"Hem\u015firelik mesle\u011fi i\u00e7in Almanca: Wuppertal'daki IEC'de pratik al\u0131\u015ft\u0131rmalarla orta seviyede (B1.2) sekt\u00f6re \u00f6zg\u00fc Almanca \u00f6\u011frenin","og_url":"https:\/\/internationaleducationcenters.de\/tr\/urun\/hemsirelik-meslegi-icin-almanca-sektoere-oezgue-orta-seviye-ii-b1-2\/","og_site_name":"International Education Centers","article_publisher":"https:\/\/www.facebook.com\/InternationalEducationCenters\/","article_modified_time":"2025-11-19T13:02:15+00:00","og_image":[{"width":2560,"height":1707,"url":"https:\/\/internationaleducationcenters.de\/wp-content\/uploads\/2024\/01\/muslim-doctor-outside-near-the-hospital-2023-11-27-05-03-21-utc-scaled.jpg","type":"image\/jpeg"}],"twitter_card":"summary_large_image","twitter_misc":{"Fiyat":"","Durumu":"Stokta var"},"schema":{"@context":"https:\/\/schema.org","@graph":[{"@type":"WebPage","@id":"https:\/\/internationaleducationcenters.de\/tr\/urun\/hemsirelik-meslegi-icin-almanca-sektoere-oezgue-orta-seviye-ii-b1-2\/","url":"https:\/\/internationaleducationcenters.de\/tr\/urun\/hemsirelik-meslegi-icin-almanca-sektoere-oezgue-orta-seviye-ii-b1-2\/","name":"Hem\u015firelik mesle\u011fi i\u00e7in Almanca - sekt\u00f6re \u00f6zg\u00fc - orta seviye II (B1.2) - International Education Centers","isPartOf":{"@id":"https:\/\/internationaleducationcenters.de\/tr\/#website"},"primaryImageOfPage":{"@id":"https:\/\/internationaleducationcenters.de\/tr\/urun\/hemsirelik-meslegi-icin-almanca-sektoere-oezgue-orta-seviye-ii-b1-2\/#primaryimage"},"image":{"@id":"https:\/\/internationaleducationcenters.de\/tr\/urun\/hemsirelik-meslegi-icin-almanca-sektoere-oezgue-orta-seviye-ii-b1-2\/#primaryimage"},"thumbnailUrl":"https:\/\/internationaleducationcenters.de\/wp-content\/uploads\/2024\/01\/muslim-doctor-outside-near-the-hospital-2023-11-27-05-03-21-utc-scaled.jpg","datePublished":"2025-09-26T08:02:54+00:00","dateModified":"2025-11-19T13:02:15+00:00","description":"Hem\u015firelik mesle\u011fi i\u00e7in Almanca: Wuppertal'daki IEC'de pratik al\u0131\u015ft\u0131rmalarla orta seviyede (B1.2) sekt\u00f6re \u00f6zg\u00fc Almanca \u00f6\u011frenin","breadcrumb":{"@id":"https:\/\/internationaleducationcenters.de\/tr\/urun\/hemsirelik-meslegi-icin-almanca-sektoere-oezgue-orta-seviye-ii-b1-2\/#breadcrumb"},"inLanguage":"tr","potentialAction":[{"@type":"ReadAction","target":["https:\/\/internationaleducationcenters.de\/tr\/urun\/hemsirelik-meslegi-icin-almanca-sektoere-oezgue-orta-seviye-ii-b1-2\/"]}]},{"@type":"ImageObject","inLanguage":"tr","@id":"https:\/\/internationaleducationcenters.de\/tr\/urun\/hemsirelik-meslegi-icin-almanca-sektoere-oezgue-orta-seviye-ii-b1-2\/#primaryimage","url":"https:\/\/internationaleducationcenters.de\/wp-content\/uploads\/2024\/01\/muslim-doctor-outside-near-the-hospital-2023-11-27-05-03-21-utc-scaled.jpg","contentUrl":"https:\/\/internationaleducationcenters.de\/wp-content\/uploads\/2024\/01\/muslim-doctor-outside-near-the-hospital-2023-11-27-05-03-21-utc-scaled.jpg","width":2560,"height":1707,"caption":"A young Muslim woman doctor in a hijab and uniform with a stethoscope standing with a tablet on the street near the hospital building. Medicine and health care."},{"@type":"BreadcrumbList","@id":"https:\/\/internationaleducationcenters.de\/tr\/urun\/hemsirelik-meslegi-icin-almanca-sektoere-oezgue-orta-seviye-ii-b1-2\/#breadcrumb","itemListElement":[{"@type":"ListItem","position":1,"name":"Home","item":"https:\/\/internationaleducationcenters.de\/tr\/"},{"@type":"ListItem","position":2,"name":"Ma\u011faza","item":"https:\/\/internationaleducationcenters.de\/tr\/shop\/"},{"@type":"ListItem","position":3,"name":"Hem\u015firelik mesle\u011fi i\u00e7in Almanca &#8211; sekt\u00f6re \u00f6zg\u00fc &#8211; orta seviye II (B1.2)"}]},{"@type":"WebSite","@id":"https:\/\/internationaleducationcenters.de\/tr\/#website","url":"https:\/\/internationaleducationcenters.de\/tr\/","name":"International Education Centers","description":"","publisher":{"@id":"https:\/\/internationaleducationcenters.de\/tr\/#organization"},"potentialAction":[{"@type":"SearchAction","target":{"@type":"EntryPoint","urlTemplate":"https:\/\/internationaleducationcenters.de\/tr\/?s={search_term_string}"},"query-input":{"@type":"PropertyValueSpecification","valueRequired":true,"valueName":"search_term_string"}}],"inLanguage":"tr"},{"@type":"Organization","@id":"https:\/\/internationaleducationcenters.de\/tr\/#organization","name":"International Education Centers","alternateName":"IEC","url":"https:\/\/internationaleducationcenters.de\/tr\/","logo":{"@type":"ImageObject","inLanguage":"tr","@id":"https:\/\/internationaleducationcenters.de\/tr\/#\/schema\/logo\/image\/","url":"https:\/\/internationaleducationcenters.de\/wp-content\/uploads\/2025\/08\/IEC_favicon-1.png","contentUrl":"https:\/\/internationaleducationcenters.de\/wp-content\/uploads\/2025\/08\/IEC_favicon-1.png","width":512,"height":512,"caption":"International Education Centers"},"image":{"@id":"https:\/\/internationaleducationcenters.de\/tr\/#\/schema\/logo\/image\/"},"sameAs":["https:\/\/www.facebook.com\/InternationalEducationCenters\/"]}]},"product_price_currency":"EUR","og_availability":"instock","product_availability":"instock","product_condition":"new"},"_links":{"self":[{"href":"https:\/\/internationaleducationcenters.de\/tr\/wp-json\/wp\/v2\/product\/17724","targetHints":{"allow":["GET"]}}],"collection":[{"href":"https:\/\/internationaleducationcenters.de\/tr\/wp-json\/wp\/v2\/product"}],"about":[{"href":"https:\/\/internationaleducationcenters.de\/tr\/wp-json\/wp\/v2\/types\/product"}],"replies":[{"embeddable":true,"href":"https:\/\/internationaleducationcenters.de\/tr\/wp-json\/wp\/v2\/comments?post=17724"}],"version-history":[{"count":4,"href":"https:\/\/internationaleducationcenters.de\/tr\/wp-json\/wp\/v2\/product\/17724\/revisions"}],"predecessor-version":[{"id":20872,"href":"https:\/\/internationaleducationcenters.de\/tr\/wp-json\/wp\/v2\/product\/17724\/revisions\/20872"}],"wp:featuredmedia":[{"embeddable":true,"href":"https:\/\/internationaleducationcenters.de\/tr\/wp-json\/wp\/v2\/media\/1728"}],"wp:attachment":[{"href":"https:\/\/internationaleducationcenters.de\/tr\/wp-json\/wp\/v2\/media?parent=17724"}],"wp:term":[{"taxonomy":"product_brand","embeddable":true,"href":"https:\/\/internationaleducationcenters.de\/tr\/wp-json\/wp\/v2\/product_brand?post=17724"},{"taxonomy":"product_cat","embeddable":true,"href":"https:\/\/internationaleducationcenters.de\/tr\/wp-json\/wp\/v2\/product_cat?post=17724"},{"taxonomy":"product_tag","embeddable":true,"href":"https:\/\/internationaleducationcenters.de\/tr\/wp-json\/wp\/v2\/product_tag?post=17724"}],"curies":[{"name":"wp","href":"https:\/\/api.w.org\/{rel}","templated":true}]}}