{"id":17744,"date":"2025-09-26T09:00:27","date_gmt":"2025-09-26T07:00:27","guid":{"rendered":"https:\/\/internationaleducationcenters.de\/kurs\/ileri-duezey-mesleki-almanca-ticari-sektoer-icin-ileri-duezey-kurs\/"},"modified":"2025-11-19T14:06:33","modified_gmt":"2025-11-19T13:06:33","slug":"ileri-duezey-mesleki-almanca-ticari-sektoer-icin-ileri-duezey-kurs","status":"publish","type":"product","link":"https:\/\/internationaleducationcenters.de\/tr\/urun\/ileri-duezey-mesleki-almanca-ticari-sektoer-icin-ileri-duezey-kurs\/","title":{"rendered":"\u0130leri d\u00fczey mesleki Almanca &#8211; ticari sekt\u00f6rde ileri d\u00fczey kurs"},"content":{"rendered":"\t\t<div data-elementor-type=\"product-post\" data-elementor-id=\"17744\" class=\"elementor elementor-17744 elementor-13931\" data-elementor-post-type=\"product\">\n\t\t\t\t<div class=\"elementor-element elementor-element-c9495ef e-flex e-con-boxed e-con e-parent\" data-id=\"c9495ef\" data-element_type=\"container\" data-e-type=\"container\">\n\t\t\t\t\t<div class=\"e-con-inner\">\n\t\t\t\t<div class=\"elementor-element elementor-element-4212b43 elementor-widget elementor-widget-text-editor\" data-id=\"4212b43\" data-element_type=\"widget\" data-e-type=\"widget\" data-widget_type=\"text-editor.default\">\n\t\t\t\t<div class=\"elementor-widget-container\">\n\t\t\t\t\t\t\t\t\t<p><strong>K\u0131sa bir genel bak\u0131\u015f<br><\/strong><br> Ticari sekt\u00f6rde \u00e7al\u0131\u015fmak istiyorsan\u0131z, y\u00fcksek d\u00fczeyde<br>dil yeterlili\u011fine ihtiyac\u0131n\u0131z vard\u0131r. Bu kurs size C1 uzmanl\u0131k seviyesinde ticari<br>faaliyetler i\u00e7in profesyonel<br>dilbilgisi ve kelime bilgisi \u00f6\u011fretir. A\u015fa\u011f\u0131daki<br>konular\u0131 derinlemesine \u00e7al\u0131\u015facaks\u0131n\u0131z: \u0130\u015f Almancas\u0131, i\u015f ve kariyer, i\u015f ba\u015fvurular\u0131, i\u015fyeri,<br>randevular, g\u00f6rg\u00fc kurallar\u0131, telefon etme, toplant\u0131lar, mektuplar ve e-postalar,<br>okul ve Almanya&#8217;daki e\u011fitim sistemi, ula\u015f\u0131m ve hareketlilik,<br>rezervasyonlar ve rezervasyonlar, \u00fclkeler ve sakinleri,<br>Almanya&#8217;n\u0131n k\u00fclt\u00fcrel y\u00f6nleri, ya\u015fam ve ya\u015fam, duygular ve \u00f6zellikler, yeme ve<br>i\u00e7me, sa\u011fl\u0131k, i\u015f ba\u015fvuru belgeleri ve m\u00fclakatlar,<br>ilgili dilbilgisi ve y\u00fcksek d\u00fczeyde \u00f6zel kelime bilgisi.  <\/p><p><strong>Kurs i\u00e7eri\u011fi<br><\/strong><br> Ofiste g\u00fcnl\u00fck dil kullan\u0131m\u0131 i\u00e7in<br>ticari alanda ileri d\u00fczeyde bilgi \u00f6\u011fretimi:<\/p><ul><li>Almanca dilbilgisi<\/li><li>Kelime da\u011farc\u0131\u011f\u0131 olu\u015fturma<\/li><li><br>profesyonel dil kullan\u0131m\u0131nda s\u00f6zl\u00fc ve yaz\u0131l\u0131 al\u0131\u015ft\u0131rmalar\u0131n peki\u015ftirilmesi<\/li><li>Tart\u0131\u015fman\u0131n a\u00e7\u0131kl\u0131\u011fa kavu\u015fturulmas\u0131<\/li><li>Uygulama al\u0131\u015ft\u0131rmalar\u0131<\/li><li>Dinleme ve okudu\u011funu anlama becerilerinin geli\u015ftirilmesi<\/li><\/ul><p><strong>E\u011fitiminize<br><\/strong><br> adresinde <strong>devam ettikten sonra kariyer beklentileriniz<\/strong> Almanca, Frans\u0131zcadan sonra<br>Avrupa Birli\u011fi&#8217;nde en s\u0131k \u00f6\u011frenilen ikinci dildir. Bu k\u0131smen Almanca&#8217;n\u0131n t\u0131p, biyoloji, kimya, eczac\u0131l\u0131k, elektrik m\u00fchendisli\u011fi ve elektronik,<br>makine m\u00fchendisli\u011fi, ara\u00e7 yap\u0131m\u0131, diplomasi, finans, spor, turizm ve<br>e\u011fitim alanlar\u0131nda en \u00f6nde gelen dillerden biri olmas\u0131ndan kaynaklanmaktad\u0131r.<br>Almanya 2013 y\u0131l\u0131nda uluslararas\u0131 ticarette yeni rekorlar k\u0131rd\u0131\u011f\u0131 i\u00e7in di\u011fer dillerden gelen insanlar da<br>Alman ve Avrupa i\u015f piyasas\u0131nda \u015fanslar\u0131n\u0131 art\u0131rmaktad\u0131r<br>. Bu da<br>Almanca&#8217;y\u0131 sadece Almanya&#8217;da de\u011fil<br>kendi \u00fclkenizde de size mesleki a\u00e7\u0131dan fayda sa\u011flayacak bir dil haline getiriyor. Ticaret sekt\u00f6r\u00fc<br>geni\u015f bir yelpazede uzun vadeli istihdam olanaklar\u0131 sunmaktad\u0131r. Bu nedenle<br>uzmanl\u0131k d\u00fczeyindeki bu ileri e\u011fitim program\u0131n\u0131 tamamlad\u0131ktan sonra<br>Almanya&#8217;da h\u0131zl\u0131 bir \u015fekilde i\u015f bulma \u015fans\u0131na sahip olacaks\u0131n\u0131z.    <br><br><\/p><p><strong>Kat\u0131l\u0131m ko\u015fullar\u0131<br><\/strong><br> Kat\u0131l\u0131m ko\u015fullar\u0131, CEFR&#8217;ye g\u00f6re C1 dil seviyesi veya<br>Almanca<br>dili hakk\u0131nda kan\u0131tlanm\u0131\u015f di\u011fer temel bilgiler ve ideal olarak mesleki e\u011fitim \/ bir diploma veya<br>ticari sekt\u00f6rde i\u015f deneyimidir. Kesin d\u00fczenlemeler<br>i\u015f merkezi \/ i\u015f bulma kurumu veya<br>tercih eden belediye ile isti\u015fare edilerek yap\u0131l\u0131r.<br>Bireysel kat\u0131l\u0131m gereksinimlerini netle\u015ftirmek i\u00e7in t\u00fcm ilgili taraflara<br>adresinde ki\u015fisel bir g\u00f6r\u00fc\u015fme i\u00e7in haz\u0131r\u0131z. <br><br><strong>Hedef grup<br><\/strong><br> Mod\u00fcl, halihaz\u0131rda y\u00fcksek d\u00fczeyde<br>Almanca dil becerisine sahip olan ve ticari mesleklerde \u00e7al\u0131\u015fan veya \u00e7al\u0131\u015fmak isteyen<br>g\u00f6\u00e7menler ve m\u00fclteciler i\u00e7indir. Job Turbo&#8217;nun amac\u0131<br>bu potansiyelden faydalanmak ve insanlar\u0131 h\u0131zl\u0131 bir \u015fekilde i\u015fe yerle\u015ftirmektir. <br><br><strong>Yeterlili\u011finiz<br><\/strong><br> Dahili sertifika veya kat\u0131l\u0131m sertifikas\u0131<br><br><strong>E\u011fitim kuponu ile finansman<br><\/strong><br> AZAV uyar\u0131nca yetkili bir sa\u011flay\u0131c\u0131 olarak, kurslar\u0131m\u0131z\u0131n \u00e7o\u011fu s\u0131k\u0131 kalite gerekliliklerine uygun olarak onaylanm\u0131\u015ft\u0131r. \u0130\u015f bulma kurumunun veya i\u015f merkezinin<br>m\u00fc\u015fterisi olarak sizin i\u00e7in bu,<br>kat\u0131l\u0131m\u0131n\u0131z\u0131n bir e\u011fitim kuponu ile finanse edilmeye %100 uygun oldu\u011fu ve bu nedenle sizin i\u00e7in \u00fccretsiz oldu\u011fu anlam\u0131na gelir<br>. <\/p>\t\t\t\t\t\t\t\t<\/div>\n\t\t\t\t<\/div>\n\t\t\t\t\t<\/div>\n\t\t\t\t<\/div>\n\t\t\t\t<\/div>\n\t\t","protected":false},"excerpt":{"rendered":"<p>Ticari meslekler i\u00e7in profesyonel Almancan\u0131z\u0131 geli\u015ftirin &#8211; ger\u00e7ek ofis durumlar\u0131, g\u00fcnl\u00fck i\u015f hayat\u0131ndan kelimeler ve interaktif al\u0131\u015ft\u0131rmalarla.<\/p>\n","protected":false},"featured_media":16547,"comment_status":"open","ping_status":"closed","template":"","meta":{"_acf_changed":false},"product_brand":[],"product_cat":[395],"product_tag":[470],"class_list":{"0":"post-17744","1":"product","2":"type-product","3":"status-publish","4":"has-post-thumbnail","6":"product_cat-profesyonel-dil-kurslari","7":"product_tag-profesyonel-tasarim","9":"first","10":"instock","11":"taxable","12":"shipping-taxable","13":"product-type-simple"},"acf":[],"yoast_head":"<!-- This site is optimized with the Yoast SEO Premium plugin v25.9 (Yoast SEO v26.9) - https:\/\/yoast.com\/product\/yoast-seo-premium-wordpress\/ -->\n<title>\u0130leri d\u00fczey mesleki Almanca - ticari sekt\u00f6rde ileri d\u00fczey kurs - International Education Centers<\/title>\n<meta name=\"description\" content=\"Ticari meslekler i\u00e7in profesyonel Almancan\u0131z\u0131 geli\u015ftirin. G\u00fcnl\u00fck i\u015f hayat\u0131ndan pratik al\u0131\u015ft\u0131rmalarla ileri d\u00fczey kurs. Wuppertal&#039;daki IEC&#039;de \u015fimdi ba\u015flay\u0131n.\" \/>\n<meta name=\"robots\" content=\"index, follow, max-snippet:-1, max-image-preview:large, max-video-preview:-1\" \/>\n<link rel=\"canonical\" href=\"https:\/\/internationaleducationcenters.de\/tr\/urun\/ileri-duezey-mesleki-almanca-ticari-sektoer-icin-ileri-duezey-kurs\/\" \/>\n<meta property=\"og:locale\" content=\"tr_TR\" \/>\n<meta property=\"og:type\" content=\"article\" \/>\n<meta property=\"og:title\" content=\"\u0130leri d\u00fczey mesleki Almanca - ticari sekt\u00f6rde ileri d\u00fczey kurs\" \/>\n<meta property=\"og:description\" content=\"Ticari meslekler i\u00e7in profesyonel Almancan\u0131z\u0131 geli\u015ftirin. G\u00fcnl\u00fck i\u015f hayat\u0131ndan pratik al\u0131\u015ft\u0131rmalarla ileri d\u00fczey kurs. Wuppertal&#039;daki IEC&#039;de \u015fimdi ba\u015flay\u0131n.\" \/>\n<meta property=\"og:url\" content=\"https:\/\/internationaleducationcenters.de\/tr\/urun\/ileri-duezey-mesleki-almanca-ticari-sektoer-icin-ileri-duezey-kurs\/\" \/>\n<meta property=\"og:site_name\" content=\"International Education Centers\" \/>\n<meta property=\"article:publisher\" content=\"https:\/\/www.facebook.com\/InternationalEducationCenters\/\" \/>\n<meta property=\"article:modified_time\" content=\"2025-11-19T13:06:33+00:00\" \/>\n<meta property=\"og:image\" content=\"https:\/\/internationaleducationcenters.de\/wp-content\/uploads\/2025\/09\/Deutsch-Aufbaukurs-fuer-den-kaufmaennischen-Bereich.jpg\" \/>\n\t<meta property=\"og:image:width\" content=\"547\" \/>\n\t<meta property=\"og:image:height\" content=\"372\" \/>\n\t<meta property=\"og:image:type\" content=\"image\/jpeg\" \/>\n<meta name=\"twitter:card\" content=\"summary_large_image\" \/>\n<meta name=\"twitter:label1\" content=\"Fiyat\" \/>\n\t<meta name=\"twitter:data1\" content=\"\" \/>\n\t<meta name=\"twitter:label2\" content=\"Durumu\" \/>\n\t<meta name=\"twitter:data2\" content=\"Stokta var\" \/>\n<script type=\"application\/ld+json\" class=\"yoast-schema-graph\">{\"@context\":\"https:\/\/schema.org\",\"@graph\":[{\"@type\":\"WebPage\",\"@id\":\"https:\/\/internationaleducationcenters.de\/tr\/urun\/ileri-duezey-mesleki-almanca-ticari-sektoer-icin-ileri-duezey-kurs\/\",\"url\":\"https:\/\/internationaleducationcenters.de\/tr\/urun\/ileri-duezey-mesleki-almanca-ticari-sektoer-icin-ileri-duezey-kurs\/\",\"name\":\"\u0130leri d\u00fczey mesleki Almanca - ticari sekt\u00f6rde ileri d\u00fczey kurs - International Education Centers\",\"isPartOf\":{\"@id\":\"https:\/\/internationaleducationcenters.de\/tr\/#website\"},\"primaryImageOfPage\":{\"@id\":\"https:\/\/internationaleducationcenters.de\/tr\/urun\/ileri-duezey-mesleki-almanca-ticari-sektoer-icin-ileri-duezey-kurs\/#primaryimage\"},\"image\":{\"@id\":\"https:\/\/internationaleducationcenters.de\/tr\/urun\/ileri-duezey-mesleki-almanca-ticari-sektoer-icin-ileri-duezey-kurs\/#primaryimage\"},\"thumbnailUrl\":\"https:\/\/internationaleducationcenters.de\/wp-content\/uploads\/2025\/10\/pexels-pavel-danilyuk-8761561-scaled.jpg\",\"datePublished\":\"2025-09-26T07:00:27+00:00\",\"dateModified\":\"2025-11-19T13:06:33+00:00\",\"description\":\"Ticari meslekler i\u00e7in profesyonel Almancan\u0131z\u0131 geli\u015ftirin. G\u00fcnl\u00fck i\u015f hayat\u0131ndan pratik al\u0131\u015ft\u0131rmalarla ileri d\u00fczey kurs. Wuppertal'daki IEC'de \u015fimdi ba\u015flay\u0131n.\",\"breadcrumb\":{\"@id\":\"https:\/\/internationaleducationcenters.de\/tr\/urun\/ileri-duezey-mesleki-almanca-ticari-sektoer-icin-ileri-duezey-kurs\/#breadcrumb\"},\"inLanguage\":\"tr\",\"potentialAction\":[{\"@type\":\"ReadAction\",\"target\":[\"https:\/\/internationaleducationcenters.de\/tr\/urun\/ileri-duezey-mesleki-almanca-ticari-sektoer-icin-ileri-duezey-kurs\/\"]}]},{\"@type\":\"ImageObject\",\"inLanguage\":\"tr\",\"@id\":\"https:\/\/internationaleducationcenters.de\/tr\/urun\/ileri-duezey-mesleki-almanca-ticari-sektoer-icin-ileri-duezey-kurs\/#primaryimage\",\"url\":\"https:\/\/internationaleducationcenters.de\/wp-content\/uploads\/2025\/10\/pexels-pavel-danilyuk-8761561-scaled.jpg\",\"contentUrl\":\"https:\/\/internationaleducationcenters.de\/wp-content\/uploads\/2025\/10\/pexels-pavel-danilyuk-8761561-scaled.jpg\",\"width\":2560,\"height\":1709,\"caption\":\"Qualifizierungschancengesetz (QCG) bei IEC in Wuppertal\"},{\"@type\":\"BreadcrumbList\",\"@id\":\"https:\/\/internationaleducationcenters.de\/tr\/urun\/ileri-duezey-mesleki-almanca-ticari-sektoer-icin-ileri-duezey-kurs\/#breadcrumb\",\"itemListElement\":[{\"@type\":\"ListItem\",\"position\":1,\"name\":\"Home\",\"item\":\"https:\/\/internationaleducationcenters.de\/tr\/\"},{\"@type\":\"ListItem\",\"position\":2,\"name\":\"Ma\u011faza\",\"item\":\"https:\/\/internationaleducationcenters.de\/tr\/shop\/\"},{\"@type\":\"ListItem\",\"position\":3,\"name\":\"\u0130leri d\u00fczey mesleki Almanca &#8211; ticari sekt\u00f6rde ileri d\u00fczey kurs\"}]},{\"@type\":\"WebSite\",\"@id\":\"https:\/\/internationaleducationcenters.de\/tr\/#website\",\"url\":\"https:\/\/internationaleducationcenters.de\/tr\/\",\"name\":\"International Education Centers\",\"description\":\"\",\"publisher\":{\"@id\":\"https:\/\/internationaleducationcenters.de\/tr\/#organization\"},\"potentialAction\":[{\"@type\":\"SearchAction\",\"target\":{\"@type\":\"EntryPoint\",\"urlTemplate\":\"https:\/\/internationaleducationcenters.de\/tr\/?s={search_term_string}\"},\"query-input\":{\"@type\":\"PropertyValueSpecification\",\"valueRequired\":true,\"valueName\":\"search_term_string\"}}],\"inLanguage\":\"tr\"},{\"@type\":\"Organization\",\"@id\":\"https:\/\/internationaleducationcenters.de\/tr\/#organization\",\"name\":\"International Education Centers\",\"alternateName\":\"IEC\",\"url\":\"https:\/\/internationaleducationcenters.de\/tr\/\",\"logo\":{\"@type\":\"ImageObject\",\"inLanguage\":\"tr\",\"@id\":\"https:\/\/internationaleducationcenters.de\/tr\/#\/schema\/logo\/image\/\",\"url\":\"https:\/\/internationaleducationcenters.de\/wp-content\/uploads\/2025\/08\/IEC_favicon-1.png\",\"contentUrl\":\"https:\/\/internationaleducationcenters.de\/wp-content\/uploads\/2025\/08\/IEC_favicon-1.png\",\"width\":512,\"height\":512,\"caption\":\"International Education Centers\"},\"image\":{\"@id\":\"https:\/\/internationaleducationcenters.de\/tr\/#\/schema\/logo\/image\/\"},\"sameAs\":[\"https:\/\/www.facebook.com\/InternationalEducationCenters\/\"]}]}<\/script>\n<meta property=\"product:price:currency\" content=\"EUR\" \/>\n<meta property=\"og:availability\" content=\"instock\" \/>\n<meta property=\"product:availability\" content=\"instock\" \/>\n<meta property=\"product:condition\" content=\"new\" \/>\n<!-- \/ Yoast SEO Premium plugin. -->","yoast_head_json":{"title":"\u0130leri d\u00fczey mesleki Almanca - ticari sekt\u00f6rde ileri d\u00fczey kurs - International Education Centers","description":"Ticari meslekler i\u00e7in profesyonel Almancan\u0131z\u0131 geli\u015ftirin. G\u00fcnl\u00fck i\u015f hayat\u0131ndan pratik al\u0131\u015ft\u0131rmalarla ileri d\u00fczey kurs. Wuppertal'daki IEC'de \u015fimdi ba\u015flay\u0131n.","robots":{"index":"index","follow":"follow","max-snippet":"max-snippet:-1","max-image-preview":"max-image-preview:large","max-video-preview":"max-video-preview:-1"},"canonical":"https:\/\/internationaleducationcenters.de\/tr\/urun\/ileri-duezey-mesleki-almanca-ticari-sektoer-icin-ileri-duezey-kurs\/","og_locale":"tr_TR","og_type":"article","og_title":"\u0130leri d\u00fczey mesleki Almanca - ticari sekt\u00f6rde ileri d\u00fczey kurs","og_description":"Ticari meslekler i\u00e7in profesyonel Almancan\u0131z\u0131 geli\u015ftirin. G\u00fcnl\u00fck i\u015f hayat\u0131ndan pratik al\u0131\u015ft\u0131rmalarla ileri d\u00fczey kurs. Wuppertal'daki IEC'de \u015fimdi ba\u015flay\u0131n.","og_url":"https:\/\/internationaleducationcenters.de\/tr\/urun\/ileri-duezey-mesleki-almanca-ticari-sektoer-icin-ileri-duezey-kurs\/","og_site_name":"International Education Centers","article_publisher":"https:\/\/www.facebook.com\/InternationalEducationCenters\/","article_modified_time":"2025-11-19T13:06:33+00:00","og_image":[{"width":547,"height":372,"url":"https:\/\/internationaleducationcenters.de\/wp-content\/uploads\/2025\/09\/Deutsch-Aufbaukurs-fuer-den-kaufmaennischen-Bereich.jpg","type":"image\/jpeg"}],"twitter_card":"summary_large_image","twitter_misc":{"Fiyat":"","Durumu":"Stokta var"},"schema":{"@context":"https:\/\/schema.org","@graph":[{"@type":"WebPage","@id":"https:\/\/internationaleducationcenters.de\/tr\/urun\/ileri-duezey-mesleki-almanca-ticari-sektoer-icin-ileri-duezey-kurs\/","url":"https:\/\/internationaleducationcenters.de\/tr\/urun\/ileri-duezey-mesleki-almanca-ticari-sektoer-icin-ileri-duezey-kurs\/","name":"\u0130leri d\u00fczey mesleki Almanca - ticari sekt\u00f6rde ileri d\u00fczey kurs - International Education Centers","isPartOf":{"@id":"https:\/\/internationaleducationcenters.de\/tr\/#website"},"primaryImageOfPage":{"@id":"https:\/\/internationaleducationcenters.de\/tr\/urun\/ileri-duezey-mesleki-almanca-ticari-sektoer-icin-ileri-duezey-kurs\/#primaryimage"},"image":{"@id":"https:\/\/internationaleducationcenters.de\/tr\/urun\/ileri-duezey-mesleki-almanca-ticari-sektoer-icin-ileri-duezey-kurs\/#primaryimage"},"thumbnailUrl":"https:\/\/internationaleducationcenters.de\/wp-content\/uploads\/2025\/10\/pexels-pavel-danilyuk-8761561-scaled.jpg","datePublished":"2025-09-26T07:00:27+00:00","dateModified":"2025-11-19T13:06:33+00:00","description":"Ticari meslekler i\u00e7in profesyonel Almancan\u0131z\u0131 geli\u015ftirin. G\u00fcnl\u00fck i\u015f hayat\u0131ndan pratik al\u0131\u015ft\u0131rmalarla ileri d\u00fczey kurs. Wuppertal'daki IEC'de \u015fimdi ba\u015flay\u0131n.","breadcrumb":{"@id":"https:\/\/internationaleducationcenters.de\/tr\/urun\/ileri-duezey-mesleki-almanca-ticari-sektoer-icin-ileri-duezey-kurs\/#breadcrumb"},"inLanguage":"tr","potentialAction":[{"@type":"ReadAction","target":["https:\/\/internationaleducationcenters.de\/tr\/urun\/ileri-duezey-mesleki-almanca-ticari-sektoer-icin-ileri-duezey-kurs\/"]}]},{"@type":"ImageObject","inLanguage":"tr","@id":"https:\/\/internationaleducationcenters.de\/tr\/urun\/ileri-duezey-mesleki-almanca-ticari-sektoer-icin-ileri-duezey-kurs\/#primaryimage","url":"https:\/\/internationaleducationcenters.de\/wp-content\/uploads\/2025\/10\/pexels-pavel-danilyuk-8761561-scaled.jpg","contentUrl":"https:\/\/internationaleducationcenters.de\/wp-content\/uploads\/2025\/10\/pexels-pavel-danilyuk-8761561-scaled.jpg","width":2560,"height":1709,"caption":"Qualifizierungschancengesetz (QCG) bei IEC in Wuppertal"},{"@type":"BreadcrumbList","@id":"https:\/\/internationaleducationcenters.de\/tr\/urun\/ileri-duezey-mesleki-almanca-ticari-sektoer-icin-ileri-duezey-kurs\/#breadcrumb","itemListElement":[{"@type":"ListItem","position":1,"name":"Home","item":"https:\/\/internationaleducationcenters.de\/tr\/"},{"@type":"ListItem","position":2,"name":"Ma\u011faza","item":"https:\/\/internationaleducationcenters.de\/tr\/shop\/"},{"@type":"ListItem","position":3,"name":"\u0130leri d\u00fczey mesleki Almanca &#8211; ticari sekt\u00f6rde ileri d\u00fczey kurs"}]},{"@type":"WebSite","@id":"https:\/\/internationaleducationcenters.de\/tr\/#website","url":"https:\/\/internationaleducationcenters.de\/tr\/","name":"International Education Centers","description":"","publisher":{"@id":"https:\/\/internationaleducationcenters.de\/tr\/#organization"},"potentialAction":[{"@type":"SearchAction","target":{"@type":"EntryPoint","urlTemplate":"https:\/\/internationaleducationcenters.de\/tr\/?s={search_term_string}"},"query-input":{"@type":"PropertyValueSpecification","valueRequired":true,"valueName":"search_term_string"}}],"inLanguage":"tr"},{"@type":"Organization","@id":"https:\/\/internationaleducationcenters.de\/tr\/#organization","name":"International Education Centers","alternateName":"IEC","url":"https:\/\/internationaleducationcenters.de\/tr\/","logo":{"@type":"ImageObject","inLanguage":"tr","@id":"https:\/\/internationaleducationcenters.de\/tr\/#\/schema\/logo\/image\/","url":"https:\/\/internationaleducationcenters.de\/wp-content\/uploads\/2025\/08\/IEC_favicon-1.png","contentUrl":"https:\/\/internationaleducationcenters.de\/wp-content\/uploads\/2025\/08\/IEC_favicon-1.png","width":512,"height":512,"caption":"International Education Centers"},"image":{"@id":"https:\/\/internationaleducationcenters.de\/tr\/#\/schema\/logo\/image\/"},"sameAs":["https:\/\/www.facebook.com\/InternationalEducationCenters\/"]}]},"product_price_currency":"EUR","og_availability":"instock","product_availability":"instock","product_condition":"new"},"_links":{"self":[{"href":"https:\/\/internationaleducationcenters.de\/tr\/wp-json\/wp\/v2\/product\/17744","targetHints":{"allow":["GET"]}}],"collection":[{"href":"https:\/\/internationaleducationcenters.de\/tr\/wp-json\/wp\/v2\/product"}],"about":[{"href":"https:\/\/internationaleducationcenters.de\/tr\/wp-json\/wp\/v2\/types\/product"}],"replies":[{"embeddable":true,"href":"https:\/\/internationaleducationcenters.de\/tr\/wp-json\/wp\/v2\/comments?post=17744"}],"version-history":[{"count":5,"href":"https:\/\/internationaleducationcenters.de\/tr\/wp-json\/wp\/v2\/product\/17744\/revisions"}],"predecessor-version":[{"id":20876,"href":"https:\/\/internationaleducationcenters.de\/tr\/wp-json\/wp\/v2\/product\/17744\/revisions\/20876"}],"wp:featuredmedia":[{"embeddable":true,"href":"https:\/\/internationaleducationcenters.de\/tr\/wp-json\/wp\/v2\/media\/16547"}],"wp:attachment":[{"href":"https:\/\/internationaleducationcenters.de\/tr\/wp-json\/wp\/v2\/media?parent=17744"}],"wp:term":[{"taxonomy":"product_brand","embeddable":true,"href":"https:\/\/internationaleducationcenters.de\/tr\/wp-json\/wp\/v2\/product_brand?post=17744"},{"taxonomy":"product_cat","embeddable":true,"href":"https:\/\/internationaleducationcenters.de\/tr\/wp-json\/wp\/v2\/product_cat?post=17744"},{"taxonomy":"product_tag","embeddable":true,"href":"https:\/\/internationaleducationcenters.de\/tr\/wp-json\/wp\/v2\/product_tag?post=17744"}],"curies":[{"name":"wp","href":"https:\/\/api.w.org\/{rel}","templated":true}]}}