{"id":3793,"date":"2024-06-06T10:14:58","date_gmt":"2024-06-06T08:14:58","guid":{"rendered":"https:\/\/internationaleducationcenters.de\/kurs\/sirket-kursu\/"},"modified":"2025-11-20T09:50:00","modified_gmt":"2025-11-20T08:50:00","slug":"sirket-kursu","status":"publish","type":"product","link":"https:\/\/internationaleducationcenters.de\/tr\/urun\/sirket-kursu\/","title":{"rendered":"\u015eirket kursu"},"content":{"rendered":"<p><strong>\u015eirket seminerlerimiz<\/strong>, \u015firketlerin ve \u00e7al\u0131\u015fanlar\u0131n\u0131n ihtiya\u00e7lar\u0131na \u00f6zel olarak uyarlanm\u0131\u015f kapsaml\u0131 bir dil kursu yelpazesi sunmaktad\u0131r.<\/p>\n<h2>Hem\u015firelik meslekleri i\u00e7in Almanca<\/h2>\n<p>&#8220;Hem\u015firelik Meslekleri i\u00e7in Almanca&#8221; kursu, profesyonel bir ortamda dil becerilerini geli\u015ftirmek isteyen hem\u015firelik personeline y\u00f6neliktir. Kursun i\u00e7eri\u011fi \u015funlar\u0131 i\u00e7erir:<\/p>\n<ul>\n<li><strong>Hastalar ve meslekta\u015flarla<\/strong> ileti\u015fim: g\u00fcnl\u00fck hem\u015firelik bak\u0131m\u0131nda etkili ileti\u015fim i\u00e7in e\u011fitim.<\/li>\n<li><strong>T\u0131bbi terminoloji<\/strong>: bak\u0131m sekt\u00f6r\u00fcnde s\u0131kl\u0131kla kullan\u0131lan terim ve ifadelerin \u00f6\u011frenilmesi.<\/li>\n<li><strong>Dok\u00fcmantasyon ve raporlama<\/strong>: hasta kay\u0131tlar\u0131n\u0131n ve raporlar\u0131n\u0131n do\u011fru \u015fekilde doldurulmas\u0131 konusunda e\u011fitim.<\/li>\n<\/ul>\n<p>Uygulama odakl\u0131 al\u0131\u015ft\u0131rmalar ve rol oyunlar\u0131, \u00f6\u011frenilenleri peki\u015ftirir ve kat\u0131l\u0131mc\u0131lar\u0131 g\u00fcnl\u00fck i\u015flerine en iyi \u015fekilde haz\u0131rlar.<\/p>\n<h2>Doktorlar i\u00e7in Almanca<\/h2>\n<p>&#8220;T\u0131p Uzmanlar\u0131 i\u00e7in Almanca&#8221; kursu, hastalar ve meslekta\u015flar\u0131yla daha iyi ileti\u015fim kurabilmek i\u00e7in Almanca dil becerilerini geli\u015ftirmek isteyen doktorlar, t\u0131p \u00f6\u011frencileri ve di\u011fer t\u0131p uzmanlar\u0131 i\u00e7in tasarlanm\u0131\u015ft\u0131r. Kurs i\u00e7eri\u011fi \u015funlar\u0131 i\u00e7erir:<\/p>\n<ul>\n<li><strong>\u00d6zel t\u0131bbi terminoloji<\/strong>: t\u0131bbi terminoloji ve spesifik ifadelerin derinlemesine incelenmesi.<\/li>\n<li><strong>Hasta ileti\u015fimi<\/strong>: anamnez g\u00f6r\u00fc\u015fmeleri, tan\u0131 a\u00e7\u0131klamalar\u0131 ve tedavi talimatlar\u0131n\u0131n uygulanmas\u0131.<\/li>\n<li><strong>S\u0131nav haz\u0131rl\u0131\u011f\u0131<\/strong>: S\u0131nav sim\u00fclasyonlar\u0131 ve s\u0131nav teknikleri de dahil olmak \u00fczere telc Deutsch B2\/C1 Medizin s\u0131nav\u0131na haz\u0131rl\u0131k.<\/li>\n<\/ul>\n<p>Kurs, t\u0131bbi ileti\u015fimde g\u00fcven ve hassasiyeti te\u015fvik etmekte ve Alman sa\u011fl\u0131k sekt\u00f6r\u00fcne entegrasyonu desteklemektedir.<\/p>\n<h2>Otob\u00fcs \u015fof\u00f6rleri i\u00e7in Almanca<\/h2>\n<p>&#8220;Otob\u00fcs \u015eof\u00f6rleri i\u00e7in Almanca&#8221; kursu, g\u00fcnl\u00fck i\u015flerinde kendilerine daha fazla g\u00fcvenebilmek i\u00e7in Almanca dil becerilerini geli\u015ftirmek isteyen otob\u00fcs \u015fof\u00f6rleri i\u00e7in \u00f6zel olarak tasarlanm\u0131\u015ft\u0131r. Kurs \u015funlar\u0131 i\u00e7erir:<\/p>\n<ul>\n<li><strong>Yolcularla ileti\u015fim<\/strong>: yayg\u0131n ifadeler ve konu\u015fma dili de dahil olmak \u00fczere yolculara kibar ve a\u00e7\u0131k bir \u015fekilde nas\u0131l hitap edilece\u011fi konusunda e\u011fitim.<\/li>\n<li><strong>G\u00fcvenlik talimatlar\u0131<\/strong>: G\u00fcvenlik \u00f6nlemlerinin uygulanmas\u0131 ve a\u00e7\u0131klanmas\u0131 i\u00e7in gerekli dilin iletilmesi.<\/li>\n<li><strong>\u0130\u015fle ilgili durumlar<\/strong>: Zaman \u00e7izelgelerini a\u00e7\u0131klamak veya \u015fikayetlerle ilgilenmek gibi g\u00fcnl\u00fck i\u015f rutininde meydana gelen senaryolar\u0131 uygulamak.<\/li>\n<\/ul>\n<p>Kursun amac\u0131, kat\u0131l\u0131mc\u0131lara i\u015flerini etkin ve g\u00fcvenli bir \u015fekilde y\u00fcr\u00fctebilmeleri i\u00e7in gerekli dil becerilerini kazand\u0131rmakt\u0131r.<\/p>\n<style>\n  .simple-table {<br \/>\n    border-collapse: collapse;<br \/>\n    width: 100%;<br \/>\n    border: 1px solid black;<br \/>\n  }<br \/>\n  .simple-table td, .simple-table th {<br \/>\n    border: 1px solid black;<br \/>\n    padding: 8px;<br \/>\n  }<br \/>\n<\/style>\n<table class=\"simple-table\" width=\"100\">\n<tbody>\n<tr>\n<td>Kat\u0131l\u0131mc\u0131 say\u0131s\u0131<\/td>\n<td>Ders ba\u015f\u0131na kat\u0131l\u0131mc\u0131 ba\u015f\u0131na maliyet<\/td>\n<\/tr>\n<tr>\n<td>1<\/td>\n<td>57,00 \u20ac<\/td>\n<\/tr>\n<tr>\n<td>2<\/td>\n<td>45,00 \u20ac<\/td>\n<\/tr>\n<tr>\n<td>3<\/td>\n<td>38,33 \u20ac<\/td>\n<\/tr>\n<tr>\n<td>4<\/td>\n<td>35,00 \u20ac<\/td>\n<\/tr>\n<tr>\n<td>5<\/td>\n<td>33,00 \u20ac<\/td>\n<\/tr>\n<tr>\n<td>6<\/td>\n<td>31,66 \u20ac<\/td>\n<\/tr>\n<tr>\n<td>7<\/td>\n<td>30,71 \u20ac<\/td>\n<\/tr>\n<tr>\n<td>8<\/td>\n<td>30,00 \u20ac<\/td>\n<\/tr>\n<tr>\n<td>9<\/td>\n<td>29,44 \u20ac<\/td>\n<\/tr>\n<tr>\n<td>10<\/td>\n<td>29,00 \u20ac<\/td>\n<\/tr>\n<\/tbody>\n<\/table>\n","protected":false},"excerpt":{"rendered":"<p>\u015eirket seminerlerimiz, \u015firketlerin ve \u00e7al\u0131\u015fanlar\u0131n\u0131n ihtiya\u00e7lar\u0131na \u00f6zel olarak uyarlanm\u0131\u015f kapsaml\u0131 bir dil kursu yelpazesi sunmaktad\u0131r. Hem\u015firelik meslekleri i\u00e7in Almanca &#8220;Hem\u015firelik Meslekleri i\u00e7in Almanca&#8221; kursu, profesyonel bir ortamda dil becerilerini geli\u015ftirmek isteyen hem\u015firelik personeline y\u00f6neliktir. Kursun i\u00e7eri\u011fi \u015funlar\u0131 i\u00e7erir: Hastalar ve meslekta\u015flarla ileti\u015fim: g\u00fcnl\u00fck hem\u015firelik bak\u0131m\u0131nda etkili ileti\u015fim i\u00e7in e\u011fitim. T\u0131bbi terminoloji: bak\u0131m sekt\u00f6r\u00fcnde s\u0131kl\u0131kla kullan\u0131lan [&hellip;]<\/p>\n","protected":false},"featured_media":4782,"comment_status":"closed","ping_status":"closed","template":"","meta":{"_acf_changed":false},"product_brand":[],"product_cat":[17],"product_tag":[190],"class_list":{"0":"post-3793","1":"product","2":"type-product","3":"status-publish","4":"has-post-thumbnail","6":"product_cat-uncategorized","7":"product_tag-buyoption-sirket-kursu","9":"first","10":"instock","11":"taxable","12":"shipping-taxable","13":"purchasable","14":"product-type-simple"},"acf":[],"yoast_head":"<!-- This site is optimized with the Yoast SEO Premium plugin v25.9 (Yoast SEO v26.9) - https:\/\/yoast.com\/product\/yoast-seo-premium-wordpress\/ -->\n<title>\u015eirket kursu - International Education Centers<\/title>\n<meta name=\"description\" content=\"\u015eirket kursu\" \/>\n<meta name=\"robots\" content=\"index, follow, max-snippet:-1, max-image-preview:large, max-video-preview:-1\" \/>\n<link rel=\"canonical\" href=\"https:\/\/internationaleducationcenters.de\/tr\/urun\/sirket-kursu\/\" \/>\n<meta property=\"og:locale\" content=\"tr_TR\" \/>\n<meta property=\"og:type\" content=\"article\" \/>\n<meta property=\"og:title\" content=\"\u015eirket kursu\" \/>\n<meta property=\"og:description\" content=\"\u015eirket kursu\" \/>\n<meta property=\"og:url\" content=\"https:\/\/internationaleducationcenters.de\/tr\/urun\/sirket-kursu\/\" \/>\n<meta property=\"og:site_name\" content=\"International Education Centers\" \/>\n<meta property=\"article:publisher\" content=\"https:\/\/www.facebook.com\/InternationalEducationCenters\/\" \/>\n<meta property=\"article:modified_time\" content=\"2025-11-20T08:50:00+00:00\" \/>\n<meta property=\"og:image\" content=\"https:\/\/internationaleducationcenters.de\/wp-content\/uploads\/2024\/04\/Fotolia_79164086_Subscription_XL6J7aBkK1ZKTRY_800x800@2x.jpg\" \/>\n\t<meta property=\"og:image:width\" content=\"1600\" \/>\n\t<meta property=\"og:image:height\" content=\"1023\" \/>\n\t<meta property=\"og:image:type\" content=\"image\/jpeg\" \/>\n<meta name=\"twitter:card\" content=\"summary_large_image\" \/>\n<meta name=\"twitter:label1\" content=\"Fiyat\" \/>\n\t<meta name=\"twitter:data1\" content=\"29,00&nbsp;&euro;\" \/>\n\t<meta name=\"twitter:label2\" content=\"Durumu\" \/>\n\t<meta name=\"twitter:data2\" content=\"Stokta var\" \/>\n<script type=\"application\/ld+json\" class=\"yoast-schema-graph\">{\"@context\":\"https:\/\/schema.org\",\"@graph\":[{\"@type\":\"WebPage\",\"@id\":\"https:\/\/internationaleducationcenters.de\/tr\/urun\/sirket-kursu\/\",\"url\":\"https:\/\/internationaleducationcenters.de\/tr\/urun\/sirket-kursu\/\",\"name\":\"\u015eirket kursu - International Education Centers\",\"isPartOf\":{\"@id\":\"https:\/\/internationaleducationcenters.de\/tr\/#website\"},\"primaryImageOfPage\":{\"@id\":\"https:\/\/internationaleducationcenters.de\/tr\/urun\/sirket-kursu\/#primaryimage\"},\"image\":{\"@id\":\"https:\/\/internationaleducationcenters.de\/tr\/urun\/sirket-kursu\/#primaryimage\"},\"thumbnailUrl\":\"https:\/\/internationaleducationcenters.de\/wp-content\/uploads\/2024\/04\/Fotolia_79164086_Subscription_XL6J7aBkK1ZKTRY_800x800@2x.jpg\",\"datePublished\":\"2024-06-06T08:14:58+00:00\",\"dateModified\":\"2025-11-20T08:50:00+00:00\",\"description\":\"\u015eirket kursu\",\"breadcrumb\":{\"@id\":\"https:\/\/internationaleducationcenters.de\/tr\/urun\/sirket-kursu\/#breadcrumb\"},\"inLanguage\":\"tr\",\"potentialAction\":[{\"@type\":\"ReadAction\",\"target\":[\"https:\/\/internationaleducationcenters.de\/tr\/urun\/sirket-kursu\/\"]}]},{\"@type\":\"ImageObject\",\"inLanguage\":\"tr\",\"@id\":\"https:\/\/internationaleducationcenters.de\/tr\/urun\/sirket-kursu\/#primaryimage\",\"url\":\"https:\/\/internationaleducationcenters.de\/wp-content\/uploads\/2024\/04\/Fotolia_79164086_Subscription_XL6J7aBkK1ZKTRY_800x800@2x.jpg\",\"contentUrl\":\"https:\/\/internationaleducationcenters.de\/wp-content\/uploads\/2024\/04\/Fotolia_79164086_Subscription_XL6J7aBkK1ZKTRY_800x800@2x.jpg\",\"width\":1600,\"height\":1023,\"caption\":\"Firmenkurs in Wupopertal mit IEC\"},{\"@type\":\"BreadcrumbList\",\"@id\":\"https:\/\/internationaleducationcenters.de\/tr\/urun\/sirket-kursu\/#breadcrumb\",\"itemListElement\":[{\"@type\":\"ListItem\",\"position\":1,\"name\":\"Home\",\"item\":\"https:\/\/internationaleducationcenters.de\/tr\/\"},{\"@type\":\"ListItem\",\"position\":2,\"name\":\"Ma\u011faza\",\"item\":\"https:\/\/internationaleducationcenters.de\/tr\/shop\/\"},{\"@type\":\"ListItem\",\"position\":3,\"name\":\"\u015eirket kursu\"}]},{\"@type\":\"WebSite\",\"@id\":\"https:\/\/internationaleducationcenters.de\/tr\/#website\",\"url\":\"https:\/\/internationaleducationcenters.de\/tr\/\",\"name\":\"International Education Centers\",\"description\":\"\",\"publisher\":{\"@id\":\"https:\/\/internationaleducationcenters.de\/tr\/#organization\"},\"potentialAction\":[{\"@type\":\"SearchAction\",\"target\":{\"@type\":\"EntryPoint\",\"urlTemplate\":\"https:\/\/internationaleducationcenters.de\/tr\/?s={search_term_string}\"},\"query-input\":{\"@type\":\"PropertyValueSpecification\",\"valueRequired\":true,\"valueName\":\"search_term_string\"}}],\"inLanguage\":\"tr\"},{\"@type\":\"Organization\",\"@id\":\"https:\/\/internationaleducationcenters.de\/tr\/#organization\",\"name\":\"International Education Centers\",\"alternateName\":\"IEC\",\"url\":\"https:\/\/internationaleducationcenters.de\/tr\/\",\"logo\":{\"@type\":\"ImageObject\",\"inLanguage\":\"tr\",\"@id\":\"https:\/\/internationaleducationcenters.de\/tr\/#\/schema\/logo\/image\/\",\"url\":\"https:\/\/internationaleducationcenters.de\/wp-content\/uploads\/2025\/08\/IEC_favicon-1.png\",\"contentUrl\":\"https:\/\/internationaleducationcenters.de\/wp-content\/uploads\/2025\/08\/IEC_favicon-1.png\",\"width\":512,\"height\":512,\"caption\":\"International Education Centers\"},\"image\":{\"@id\":\"https:\/\/internationaleducationcenters.de\/tr\/#\/schema\/logo\/image\/\"},\"sameAs\":[\"https:\/\/www.facebook.com\/InternationalEducationCenters\/\"]}]}<\/script>\n<meta property=\"product:price:amount\" content=\"29.00\" \/>\n<meta property=\"product:price:currency\" content=\"EUR\" \/>\n<meta property=\"og:availability\" content=\"instock\" \/>\n<meta property=\"product:availability\" content=\"instock\" \/>\n<meta property=\"product:condition\" content=\"new\" \/>\n<!-- \/ Yoast SEO Premium plugin. -->","yoast_head_json":{"title":"\u015eirket kursu - International Education Centers","description":"\u015eirket kursu","robots":{"index":"index","follow":"follow","max-snippet":"max-snippet:-1","max-image-preview":"max-image-preview:large","max-video-preview":"max-video-preview:-1"},"canonical":"https:\/\/internationaleducationcenters.de\/tr\/urun\/sirket-kursu\/","og_locale":"tr_TR","og_type":"article","og_title":"\u015eirket kursu","og_description":"\u015eirket kursu","og_url":"https:\/\/internationaleducationcenters.de\/tr\/urun\/sirket-kursu\/","og_site_name":"International Education Centers","article_publisher":"https:\/\/www.facebook.com\/InternationalEducationCenters\/","article_modified_time":"2025-11-20T08:50:00+00:00","og_image":[{"width":1600,"height":1023,"url":"https:\/\/internationaleducationcenters.de\/wp-content\/uploads\/2024\/04\/Fotolia_79164086_Subscription_XL6J7aBkK1ZKTRY_800x800@2x.jpg","type":"image\/jpeg"}],"twitter_card":"summary_large_image","twitter_misc":{"Fiyat":"29,00&nbsp;&euro;","Durumu":"Stokta var"},"schema":{"@context":"https:\/\/schema.org","@graph":[{"@type":"WebPage","@id":"https:\/\/internationaleducationcenters.de\/tr\/urun\/sirket-kursu\/","url":"https:\/\/internationaleducationcenters.de\/tr\/urun\/sirket-kursu\/","name":"\u015eirket kursu - International Education Centers","isPartOf":{"@id":"https:\/\/internationaleducationcenters.de\/tr\/#website"},"primaryImageOfPage":{"@id":"https:\/\/internationaleducationcenters.de\/tr\/urun\/sirket-kursu\/#primaryimage"},"image":{"@id":"https:\/\/internationaleducationcenters.de\/tr\/urun\/sirket-kursu\/#primaryimage"},"thumbnailUrl":"https:\/\/internationaleducationcenters.de\/wp-content\/uploads\/2024\/04\/Fotolia_79164086_Subscription_XL6J7aBkK1ZKTRY_800x800@2x.jpg","datePublished":"2024-06-06T08:14:58+00:00","dateModified":"2025-11-20T08:50:00+00:00","description":"\u015eirket kursu","breadcrumb":{"@id":"https:\/\/internationaleducationcenters.de\/tr\/urun\/sirket-kursu\/#breadcrumb"},"inLanguage":"tr","potentialAction":[{"@type":"ReadAction","target":["https:\/\/internationaleducationcenters.de\/tr\/urun\/sirket-kursu\/"]}]},{"@type":"ImageObject","inLanguage":"tr","@id":"https:\/\/internationaleducationcenters.de\/tr\/urun\/sirket-kursu\/#primaryimage","url":"https:\/\/internationaleducationcenters.de\/wp-content\/uploads\/2024\/04\/Fotolia_79164086_Subscription_XL6J7aBkK1ZKTRY_800x800@2x.jpg","contentUrl":"https:\/\/internationaleducationcenters.de\/wp-content\/uploads\/2024\/04\/Fotolia_79164086_Subscription_XL6J7aBkK1ZKTRY_800x800@2x.jpg","width":1600,"height":1023,"caption":"Firmenkurs in Wupopertal mit IEC"},{"@type":"BreadcrumbList","@id":"https:\/\/internationaleducationcenters.de\/tr\/urun\/sirket-kursu\/#breadcrumb","itemListElement":[{"@type":"ListItem","position":1,"name":"Home","item":"https:\/\/internationaleducationcenters.de\/tr\/"},{"@type":"ListItem","position":2,"name":"Ma\u011faza","item":"https:\/\/internationaleducationcenters.de\/tr\/shop\/"},{"@type":"ListItem","position":3,"name":"\u015eirket kursu"}]},{"@type":"WebSite","@id":"https:\/\/internationaleducationcenters.de\/tr\/#website","url":"https:\/\/internationaleducationcenters.de\/tr\/","name":"International Education Centers","description":"","publisher":{"@id":"https:\/\/internationaleducationcenters.de\/tr\/#organization"},"potentialAction":[{"@type":"SearchAction","target":{"@type":"EntryPoint","urlTemplate":"https:\/\/internationaleducationcenters.de\/tr\/?s={search_term_string}"},"query-input":{"@type":"PropertyValueSpecification","valueRequired":true,"valueName":"search_term_string"}}],"inLanguage":"tr"},{"@type":"Organization","@id":"https:\/\/internationaleducationcenters.de\/tr\/#organization","name":"International Education Centers","alternateName":"IEC","url":"https:\/\/internationaleducationcenters.de\/tr\/","logo":{"@type":"ImageObject","inLanguage":"tr","@id":"https:\/\/internationaleducationcenters.de\/tr\/#\/schema\/logo\/image\/","url":"https:\/\/internationaleducationcenters.de\/wp-content\/uploads\/2025\/08\/IEC_favicon-1.png","contentUrl":"https:\/\/internationaleducationcenters.de\/wp-content\/uploads\/2025\/08\/IEC_favicon-1.png","width":512,"height":512,"caption":"International Education Centers"},"image":{"@id":"https:\/\/internationaleducationcenters.de\/tr\/#\/schema\/logo\/image\/"},"sameAs":["https:\/\/www.facebook.com\/InternationalEducationCenters\/"]}]},"product_price_amount":"29.00","product_price_currency":"EUR","og_availability":"instock","product_availability":"instock","product_condition":"new"},"_links":{"self":[{"href":"https:\/\/internationaleducationcenters.de\/tr\/wp-json\/wp\/v2\/product\/3793","targetHints":{"allow":["GET"]}}],"collection":[{"href":"https:\/\/internationaleducationcenters.de\/tr\/wp-json\/wp\/v2\/product"}],"about":[{"href":"https:\/\/internationaleducationcenters.de\/tr\/wp-json\/wp\/v2\/types\/product"}],"replies":[{"embeddable":true,"href":"https:\/\/internationaleducationcenters.de\/tr\/wp-json\/wp\/v2\/comments?post=3793"}],"version-history":[{"count":1,"href":"https:\/\/internationaleducationcenters.de\/tr\/wp-json\/wp\/v2\/product\/3793\/revisions"}],"predecessor-version":[{"id":20910,"href":"https:\/\/internationaleducationcenters.de\/tr\/wp-json\/wp\/v2\/product\/3793\/revisions\/20910"}],"wp:featuredmedia":[{"embeddable":true,"href":"https:\/\/internationaleducationcenters.de\/tr\/wp-json\/wp\/v2\/media\/4782"}],"wp:attachment":[{"href":"https:\/\/internationaleducationcenters.de\/tr\/wp-json\/wp\/v2\/media?parent=3793"}],"wp:term":[{"taxonomy":"product_brand","embeddable":true,"href":"https:\/\/internationaleducationcenters.de\/tr\/wp-json\/wp\/v2\/product_brand?post=3793"},{"taxonomy":"product_cat","embeddable":true,"href":"https:\/\/internationaleducationcenters.de\/tr\/wp-json\/wp\/v2\/product_cat?post=3793"},{"taxonomy":"product_tag","embeddable":true,"href":"https:\/\/internationaleducationcenters.de\/tr\/wp-json\/wp\/v2\/product_tag?post=3793"}],"curies":[{"name":"wp","href":"https:\/\/api.w.org\/{rel}","templated":true}]}}