{"id":3876,"date":"2024-02-08T13:00:11","date_gmt":"2024-02-08T12:00:11","guid":{"rendered":"https:\/\/internationaleducationcenters.de\/kurs\/telc-cevrimici-seviye-tespit-sinavi-top-test\/"},"modified":"2025-12-03T11:20:19","modified_gmt":"2025-12-03T10:20:19","slug":"telc-cevrimici-seviye-tespit-sinavi-top-test","status":"publish","type":"product","link":"https:\/\/internationaleducationcenters.de\/tr\/urun\/telc-cevrimici-seviye-tespit-sinavi-top-test\/","title":{"rendered":"telc \u00c7evrimi\u00e7i Seviye Tespit S\u0131nav\u0131 (TOP Test)"},"content":{"rendered":"<h2>Telc Online Placement Test (TOP Test) &#8211; \u015eirketler i\u00e7in yerle\u015ftirme testleri<\/h2>\n<p>telc Online Placement Test (TOP Test) ile \u00e7al\u0131\u015fanlar\u0131n\u0131z\u0131n ve ba\u015fvuru sahiplerinizin dil seviyesini belirlemenin h\u0131zl\u0131 ve g\u00fcvenilir yolunu ke\u015ffedin. \u00d6zelle\u015ftirilebilir testimiz, kurumsal m\u00fc\u015fterilere dil kurslar\u0131nda veya \u00f6\u011frenciler i\u00e7in \u00f6\u011frenme gruplar\u0131n\u0131n en uygun \u015fekilde olu\u015fturulmas\u0131 i\u00e7in kesin bir temel sunar.<\/p>\n<p><strong>telc Online Seviye Tespit S\u0131nav\u0131 ne sunuyor?<\/strong><\/p>\n<ul>\n<li><strong>Profesyonel d\u00fczeyde de\u011ferlendirme<\/strong>: TOP testi ile bireylerin dil yeterliliklerini h\u0131zl\u0131 ve g\u00fcvenilir bir \u015fekilde belirlemek i\u00e7in profesyonel bir \u00e7\u00f6z\u00fcm sunuyoruz. \u0130ster bir dil kursuna haz\u0131rl\u0131k olarak, ister personel geli\u015fiminin bir par\u00e7as\u0131 olarak veya i\u015fe al\u0131m s\u00fcrecinin bir par\u00e7as\u0131 olarak, testimiz size anlaml\u0131 sonu\u00e7lar sa\u011flar.<\/li>\n<li><strong>Uygulamada esneklik<\/strong>: Test tek bir ki\u015fi i\u00e7in bireysel olarak bile ger\u00e7ekle\u015ftirilebilir. Test i\u00e7in rezervasyon ve \u00f6deme yapt\u0131ktan sonra, uygun bir tarih ayarlamak i\u00e7in sizinle hemen ileti\u015fime ge\u00e7ece\u011fiz.<\/li>\n<li>Konumdan <strong>ba\u011f\u0131ms\u0131z de\u011ferlendirme<\/strong>: Test tamamen \u00e7evrimi\u00e7i olarak ger\u00e7ekle\u015ftirilir, b\u00f6ylece kat\u0131l\u0131mc\u0131lar konumlar\u0131ndan <strong>ba\u011f\u0131ms\u0131z<\/strong> olarak test edilebilir. Sadece test edilecek dilin se\u00e7imi kat\u0131l\u0131mc\u0131lar taraf\u0131ndan yap\u0131lmal\u0131d\u0131r.<\/li>\n<li><strong>Gelece\u011fe y\u00f6nelik randevu<\/strong> planlama: Yak\u0131n gelecekte, rezervasyon s\u00fcrecini daha da basitle\u015ftirmek i\u00e7in bir MS Booking takvimi sunmay\u0131 planl\u0131yoruz. M\u00fc\u015fteriler, herkesin ihtiya\u00e7lar\u0131na uygun esnek g\u00fcn ve saatlerle do\u011frudan ki\u015fiselle\u015ftirilmi\u015f bir randevu alabilecekler.<\/li>\n<\/ul>\n<p><strong>Neden telc Online Seviye Tespit S\u0131nav\u0131n\u0131 se\u00e7melisiniz?<br \/>\n<\/strong>Testimiz, sa\u011flam ve etkili dil de\u011ferlendirmesine \u00f6nem veren \u015firketler i\u00e7in ideal se\u00e7imdir. TOP testi, dil seviyesini tam olarak belirleyerek \u00e7al\u0131\u015fanlar\u0131n\u0131z\u0131n dil becerilerinin hedeflenen \u015fekilde geli\u015ftirilmesini sa\u011flar ve etkili personel geli\u015fimini destekler. Ekiplerinizi en iyi \u015fekilde bir araya getirmek ve dil ba\u015far\u0131n\u0131z\u0131 en \u00fcst d\u00fczeye \u00e7\u0131karmak i\u00e7in testimizi kullan\u0131n.<\/p>\n","protected":false},"excerpt":{"rendered":"<p>telc Online Placement Test ile dil seviyenizi h\u0131zl\u0131 ve do\u011fru bir \u015fekilde belirleyin. \u015eimdi rezervasyon yap\u0131n!<\/p>\n","protected":false},"featured_media":7664,"comment_status":"closed","ping_status":"closed","template":"","meta":{"_acf_changed":false},"product_brand":[],"product_cat":[306],"product_tag":[313,310],"class_list":{"0":"post-3876","1":"product","2":"type-product","3":"status-publish","4":"has-post-thumbnail","6":"product_cat-telc-dil-testleri","7":"product_tag-buyoption-internal-redirect-tr","8":"product_tag-telc_language_tests-tr","10":"first","11":"instock","12":"purchasable","13":"product-type-simple"},"acf":[],"yoast_head":"<!-- This site is optimized with the Yoast SEO Premium plugin v25.9 (Yoast SEO v26.9) - https:\/\/yoast.com\/product\/yoast-seo-premium-wordpress\/ -->\n<title>telc \u00c7evrimi\u00e7i Seviye Tespit S\u0131nav\u0131 (TOP Test) - International Education Centers<\/title>\n<meta name=\"description\" content=\"Ki\u015fiselle\u015ftirilebilir telc Online Placement Test (TOP Test) ile dil seviyenizi belirleyin. Optimum \u00f6\u011frenme i\u00e7in kesin bir temel.\" \/>\n<meta name=\"robots\" content=\"index, follow, max-snippet:-1, max-image-preview:large, max-video-preview:-1\" \/>\n<link rel=\"canonical\" href=\"https:\/\/internationaleducationcenters.de\/tr\/urun\/telc-cevrimici-seviye-tespit-sinavi-top-test\/\" \/>\n<meta property=\"og:locale\" content=\"tr_TR\" \/>\n<meta property=\"og:type\" content=\"article\" \/>\n<meta property=\"og:title\" content=\"telc \u00c7evrimi\u00e7i Seviye Tespit S\u0131nav\u0131 (TOP Test)\" \/>\n<meta property=\"og:description\" content=\"Ki\u015fiselle\u015ftirilebilir telc Online Placement Test (TOP Test) ile dil seviyenizi belirleyin. Optimum \u00f6\u011frenme i\u00e7in kesin bir temel.\" \/>\n<meta property=\"og:url\" content=\"https:\/\/internationaleducationcenters.de\/tr\/urun\/telc-cevrimici-seviye-tespit-sinavi-top-test\/\" \/>\n<meta property=\"og:site_name\" content=\"International Education Centers\" \/>\n<meta property=\"article:publisher\" content=\"https:\/\/www.facebook.com\/InternationalEducationCenters\/\" \/>\n<meta property=\"article:modified_time\" content=\"2025-12-03T10:20:19+00:00\" \/>\n<meta property=\"og:image\" content=\"https:\/\/internationaleducationcenters.de\/wp-content\/uploads\/2024\/02\/TOP-Test.jpg\" \/>\n\t<meta property=\"og:image:width\" content=\"300\" \/>\n\t<meta property=\"og:image:height\" content=\"208\" \/>\n\t<meta property=\"og:image:type\" content=\"image\/jpeg\" \/>\n<meta name=\"twitter:card\" content=\"summary_large_image\" \/>\n<meta name=\"twitter:label1\" content=\"Fiyat\" \/>\n\t<meta name=\"twitter:data1\" content=\"75,00&nbsp;&euro;\" \/>\n\t<meta name=\"twitter:label2\" content=\"Durumu\" \/>\n\t<meta name=\"twitter:data2\" content=\"Stokta var\" \/>\n<script type=\"application\/ld+json\" class=\"yoast-schema-graph\">{\"@context\":\"https:\/\/schema.org\",\"@graph\":[{\"@type\":\"WebPage\",\"@id\":\"https:\/\/internationaleducationcenters.de\/tr\/urun\/telc-cevrimici-seviye-tespit-sinavi-top-test\/\",\"url\":\"https:\/\/internationaleducationcenters.de\/tr\/urun\/telc-cevrimici-seviye-tespit-sinavi-top-test\/\",\"name\":\"telc \u00c7evrimi\u00e7i Seviye Tespit S\u0131nav\u0131 (TOP Test) - International Education Centers\",\"isPartOf\":{\"@id\":\"https:\/\/internationaleducationcenters.de\/tr\/#website\"},\"primaryImageOfPage\":{\"@id\":\"https:\/\/internationaleducationcenters.de\/tr\/urun\/telc-cevrimici-seviye-tespit-sinavi-top-test\/#primaryimage\"},\"image\":{\"@id\":\"https:\/\/internationaleducationcenters.de\/tr\/urun\/telc-cevrimici-seviye-tespit-sinavi-top-test\/#primaryimage\"},\"thumbnailUrl\":\"https:\/\/internationaleducationcenters.de\/wp-content\/uploads\/2024\/02\/TOP-Test.jpg\",\"datePublished\":\"2024-02-08T12:00:11+00:00\",\"dateModified\":\"2025-12-03T10:20:19+00:00\",\"description\":\"Ki\u015fiselle\u015ftirilebilir telc Online Placement Test (TOP Test) ile dil seviyenizi belirleyin. Optimum \u00f6\u011frenme i\u00e7in kesin bir temel.\",\"breadcrumb\":{\"@id\":\"https:\/\/internationaleducationcenters.de\/tr\/urun\/telc-cevrimici-seviye-tespit-sinavi-top-test\/#breadcrumb\"},\"inLanguage\":\"tr\",\"potentialAction\":[{\"@type\":\"ReadAction\",\"target\":[\"https:\/\/internationaleducationcenters.de\/tr\/urun\/telc-cevrimici-seviye-tespit-sinavi-top-test\/\"]}]},{\"@type\":\"ImageObject\",\"inLanguage\":\"tr\",\"@id\":\"https:\/\/internationaleducationcenters.de\/tr\/urun\/telc-cevrimici-seviye-tespit-sinavi-top-test\/#primaryimage\",\"url\":\"https:\/\/internationaleducationcenters.de\/wp-content\/uploads\/2024\/02\/TOP-Test.jpg\",\"contentUrl\":\"https:\/\/internationaleducationcenters.de\/wp-content\/uploads\/2024\/02\/TOP-Test.jpg\",\"width\":300,\"height\":208,\"caption\":\"telc Online Placement Test (TOP Test)\"},{\"@type\":\"BreadcrumbList\",\"@id\":\"https:\/\/internationaleducationcenters.de\/tr\/urun\/telc-cevrimici-seviye-tespit-sinavi-top-test\/#breadcrumb\",\"itemListElement\":[{\"@type\":\"ListItem\",\"position\":1,\"name\":\"Home\",\"item\":\"https:\/\/internationaleducationcenters.de\/tr\/\"},{\"@type\":\"ListItem\",\"position\":2,\"name\":\"Ma\u011faza\",\"item\":\"https:\/\/internationaleducationcenters.de\/tr\/shop\/\"},{\"@type\":\"ListItem\",\"position\":3,\"name\":\"telc \u00c7evrimi\u00e7i Seviye Tespit S\u0131nav\u0131 (TOP Test)\"}]},{\"@type\":\"WebSite\",\"@id\":\"https:\/\/internationaleducationcenters.de\/tr\/#website\",\"url\":\"https:\/\/internationaleducationcenters.de\/tr\/\",\"name\":\"International Education Centers\",\"description\":\"\",\"publisher\":{\"@id\":\"https:\/\/internationaleducationcenters.de\/tr\/#organization\"},\"potentialAction\":[{\"@type\":\"SearchAction\",\"target\":{\"@type\":\"EntryPoint\",\"urlTemplate\":\"https:\/\/internationaleducationcenters.de\/tr\/?s={search_term_string}\"},\"query-input\":{\"@type\":\"PropertyValueSpecification\",\"valueRequired\":true,\"valueName\":\"search_term_string\"}}],\"inLanguage\":\"tr\"},{\"@type\":\"Organization\",\"@id\":\"https:\/\/internationaleducationcenters.de\/tr\/#organization\",\"name\":\"International Education Centers\",\"alternateName\":\"IEC\",\"url\":\"https:\/\/internationaleducationcenters.de\/tr\/\",\"logo\":{\"@type\":\"ImageObject\",\"inLanguage\":\"tr\",\"@id\":\"https:\/\/internationaleducationcenters.de\/tr\/#\/schema\/logo\/image\/\",\"url\":\"https:\/\/internationaleducationcenters.de\/wp-content\/uploads\/2025\/08\/IEC_favicon-1.png\",\"contentUrl\":\"https:\/\/internationaleducationcenters.de\/wp-content\/uploads\/2025\/08\/IEC_favicon-1.png\",\"width\":512,\"height\":512,\"caption\":\"International Education Centers\"},\"image\":{\"@id\":\"https:\/\/internationaleducationcenters.de\/tr\/#\/schema\/logo\/image\/\"},\"sameAs\":[\"https:\/\/www.facebook.com\/InternationalEducationCenters\/\"]}]}<\/script>\n<meta property=\"product:price:amount\" content=\"75.00\" \/>\n<meta property=\"product:price:currency\" content=\"EUR\" \/>\n<meta property=\"og:availability\" content=\"instock\" \/>\n<meta property=\"product:availability\" content=\"instock\" \/>\n<meta property=\"product:condition\" content=\"new\" \/>\n<!-- \/ Yoast SEO Premium plugin. -->","yoast_head_json":{"title":"telc \u00c7evrimi\u00e7i Seviye Tespit S\u0131nav\u0131 (TOP Test) - International Education Centers","description":"Ki\u015fiselle\u015ftirilebilir telc Online Placement Test (TOP Test) ile dil seviyenizi belirleyin. Optimum \u00f6\u011frenme i\u00e7in kesin bir temel.","robots":{"index":"index","follow":"follow","max-snippet":"max-snippet:-1","max-image-preview":"max-image-preview:large","max-video-preview":"max-video-preview:-1"},"canonical":"https:\/\/internationaleducationcenters.de\/tr\/urun\/telc-cevrimici-seviye-tespit-sinavi-top-test\/","og_locale":"tr_TR","og_type":"article","og_title":"telc \u00c7evrimi\u00e7i Seviye Tespit S\u0131nav\u0131 (TOP Test)","og_description":"Ki\u015fiselle\u015ftirilebilir telc Online Placement Test (TOP Test) ile dil seviyenizi belirleyin. Optimum \u00f6\u011frenme i\u00e7in kesin bir temel.","og_url":"https:\/\/internationaleducationcenters.de\/tr\/urun\/telc-cevrimici-seviye-tespit-sinavi-top-test\/","og_site_name":"International Education Centers","article_publisher":"https:\/\/www.facebook.com\/InternationalEducationCenters\/","article_modified_time":"2025-12-03T10:20:19+00:00","og_image":[{"width":300,"height":208,"url":"https:\/\/internationaleducationcenters.de\/wp-content\/uploads\/2024\/02\/TOP-Test.jpg","type":"image\/jpeg"}],"twitter_card":"summary_large_image","twitter_misc":{"Fiyat":"75,00&nbsp;&euro;","Durumu":"Stokta var"},"schema":{"@context":"https:\/\/schema.org","@graph":[{"@type":"WebPage","@id":"https:\/\/internationaleducationcenters.de\/tr\/urun\/telc-cevrimici-seviye-tespit-sinavi-top-test\/","url":"https:\/\/internationaleducationcenters.de\/tr\/urun\/telc-cevrimici-seviye-tespit-sinavi-top-test\/","name":"telc \u00c7evrimi\u00e7i Seviye Tespit S\u0131nav\u0131 (TOP Test) - International Education Centers","isPartOf":{"@id":"https:\/\/internationaleducationcenters.de\/tr\/#website"},"primaryImageOfPage":{"@id":"https:\/\/internationaleducationcenters.de\/tr\/urun\/telc-cevrimici-seviye-tespit-sinavi-top-test\/#primaryimage"},"image":{"@id":"https:\/\/internationaleducationcenters.de\/tr\/urun\/telc-cevrimici-seviye-tespit-sinavi-top-test\/#primaryimage"},"thumbnailUrl":"https:\/\/internationaleducationcenters.de\/wp-content\/uploads\/2024\/02\/TOP-Test.jpg","datePublished":"2024-02-08T12:00:11+00:00","dateModified":"2025-12-03T10:20:19+00:00","description":"Ki\u015fiselle\u015ftirilebilir telc Online Placement Test (TOP Test) ile dil seviyenizi belirleyin. Optimum \u00f6\u011frenme i\u00e7in kesin bir temel.","breadcrumb":{"@id":"https:\/\/internationaleducationcenters.de\/tr\/urun\/telc-cevrimici-seviye-tespit-sinavi-top-test\/#breadcrumb"},"inLanguage":"tr","potentialAction":[{"@type":"ReadAction","target":["https:\/\/internationaleducationcenters.de\/tr\/urun\/telc-cevrimici-seviye-tespit-sinavi-top-test\/"]}]},{"@type":"ImageObject","inLanguage":"tr","@id":"https:\/\/internationaleducationcenters.de\/tr\/urun\/telc-cevrimici-seviye-tespit-sinavi-top-test\/#primaryimage","url":"https:\/\/internationaleducationcenters.de\/wp-content\/uploads\/2024\/02\/TOP-Test.jpg","contentUrl":"https:\/\/internationaleducationcenters.de\/wp-content\/uploads\/2024\/02\/TOP-Test.jpg","width":300,"height":208,"caption":"telc Online Placement Test (TOP Test)"},{"@type":"BreadcrumbList","@id":"https:\/\/internationaleducationcenters.de\/tr\/urun\/telc-cevrimici-seviye-tespit-sinavi-top-test\/#breadcrumb","itemListElement":[{"@type":"ListItem","position":1,"name":"Home","item":"https:\/\/internationaleducationcenters.de\/tr\/"},{"@type":"ListItem","position":2,"name":"Ma\u011faza","item":"https:\/\/internationaleducationcenters.de\/tr\/shop\/"},{"@type":"ListItem","position":3,"name":"telc \u00c7evrimi\u00e7i Seviye Tespit S\u0131nav\u0131 (TOP Test)"}]},{"@type":"WebSite","@id":"https:\/\/internationaleducationcenters.de\/tr\/#website","url":"https:\/\/internationaleducationcenters.de\/tr\/","name":"International Education Centers","description":"","publisher":{"@id":"https:\/\/internationaleducationcenters.de\/tr\/#organization"},"potentialAction":[{"@type":"SearchAction","target":{"@type":"EntryPoint","urlTemplate":"https:\/\/internationaleducationcenters.de\/tr\/?s={search_term_string}"},"query-input":{"@type":"PropertyValueSpecification","valueRequired":true,"valueName":"search_term_string"}}],"inLanguage":"tr"},{"@type":"Organization","@id":"https:\/\/internationaleducationcenters.de\/tr\/#organization","name":"International Education Centers","alternateName":"IEC","url":"https:\/\/internationaleducationcenters.de\/tr\/","logo":{"@type":"ImageObject","inLanguage":"tr","@id":"https:\/\/internationaleducationcenters.de\/tr\/#\/schema\/logo\/image\/","url":"https:\/\/internationaleducationcenters.de\/wp-content\/uploads\/2025\/08\/IEC_favicon-1.png","contentUrl":"https:\/\/internationaleducationcenters.de\/wp-content\/uploads\/2025\/08\/IEC_favicon-1.png","width":512,"height":512,"caption":"International Education Centers"},"image":{"@id":"https:\/\/internationaleducationcenters.de\/tr\/#\/schema\/logo\/image\/"},"sameAs":["https:\/\/www.facebook.com\/InternationalEducationCenters\/"]}]},"product_price_amount":"75.00","product_price_currency":"EUR","og_availability":"instock","product_availability":"instock","product_condition":"new"},"_links":{"self":[{"href":"https:\/\/internationaleducationcenters.de\/tr\/wp-json\/wp\/v2\/product\/3876","targetHints":{"allow":["GET"]}}],"collection":[{"href":"https:\/\/internationaleducationcenters.de\/tr\/wp-json\/wp\/v2\/product"}],"about":[{"href":"https:\/\/internationaleducationcenters.de\/tr\/wp-json\/wp\/v2\/types\/product"}],"replies":[{"embeddable":true,"href":"https:\/\/internationaleducationcenters.de\/tr\/wp-json\/wp\/v2\/comments?post=3876"}],"version-history":[{"count":3,"href":"https:\/\/internationaleducationcenters.de\/tr\/wp-json\/wp\/v2\/product\/3876\/revisions"}],"predecessor-version":[{"id":21950,"href":"https:\/\/internationaleducationcenters.de\/tr\/wp-json\/wp\/v2\/product\/3876\/revisions\/21950"}],"wp:featuredmedia":[{"embeddable":true,"href":"https:\/\/internationaleducationcenters.de\/tr\/wp-json\/wp\/v2\/media\/7664"}],"wp:attachment":[{"href":"https:\/\/internationaleducationcenters.de\/tr\/wp-json\/wp\/v2\/media?parent=3876"}],"wp:term":[{"taxonomy":"product_brand","embeddable":true,"href":"https:\/\/internationaleducationcenters.de\/tr\/wp-json\/wp\/v2\/product_brand?post=3876"},{"taxonomy":"product_cat","embeddable":true,"href":"https:\/\/internationaleducationcenters.de\/tr\/wp-json\/wp\/v2\/product_cat?post=3876"},{"taxonomy":"product_tag","embeddable":true,"href":"https:\/\/internationaleducationcenters.de\/tr\/wp-json\/wp\/v2\/product_tag?post=3876"}],"curies":[{"name":"wp","href":"https:\/\/api.w.org\/{rel}","templated":true}]}}