{"id":4033,"date":"2024-01-05T13:08:46","date_gmt":"2024-01-05T12:08:46","guid":{"rendered":"https:\/\/internationaleducationcenters.de\/kurs\/test-almanyada-yasamak\/"},"modified":"2025-12-09T15:08:34","modified_gmt":"2025-12-09T14:08:34","slug":"test-almanyada-yasamak","status":"publish","type":"product","link":"https:\/\/internationaleducationcenters.de\/tr\/urun\/test-almanyada-yasamak\/","title":{"rendered":"Test &#8220;Almanya&#8217;da Ya\u015famak&#8221;"},"content":{"rendered":"<p><strong>\u015eu anda sadece dahili kat\u0131l\u0131mc\u0131lar\u0131m\u0131z i\u00e7in &#8220;Almanya&#8217;da Ya\u015fam&#8221; testini sundu\u011fumuzu l\u00fctfen unutmay\u0131n. Ofisimizde alternatif <a href=\"https:\/\/internationaleducationcenters.de\/tr\/urun\/vatandaslik-testi\/\">&#8220;vatanda\u015fl\u0131\u011fa kabul testi&#8221;<\/a> \u00f6nermekten mutluluk duyuyoruz.<\/strong><\/p>\n<h4>&#8220;Almanya&#8217;da Ya\u015famak&#8221; testi nedir?<\/h4>\n<p>&#8220;Almanya&#8217;da Ya\u015fam&#8221; testi, oryantasyon kursunun sonunda ayr\u0131 bir tarihte ger\u00e7ekle\u015ftirilir. \u00d6rne\u011fin Almanya&#8217;n\u0131n siyasi sistemi, dini \u00e7e\u015fitlilik ve kad\u0131n-erkek e\u015fitli\u011fi konular\u0131nda sorular i\u00e7eriyor. &#8220;Almanya&#8217;da Ya\u015fam&#8221; testinin soru katalo\u011fu ve oryantasyon kursunun m\u00fcfredat\u0131, test i\u00e7in t\u00fcm \u00f6nemli konulara genel bir bak\u0131\u015f sa\u011flar.<\/p>\n<h4>Testten ne bekleyebilirim?<\/h4>\n<p>Her bir test kat\u0131l\u0131mc\u0131s\u0131na toplam 33 sorudan olu\u015fan bir anket verilir. Anketteki her bir soru i\u00e7in d\u00f6rt olas\u0131 cevap bulunmaktad\u0131r. Kat\u0131l\u0131mc\u0131lar her durumda do\u011fru cevab\u0131 i\u015faretlemelidir. Kat\u0131l\u0131mc\u0131lar\u0131n 33 soruyu yan\u0131tlamak i\u00e7in 60 dakikalar\u0131 vard\u0131r. Test, 33 sorudan en az 15&#8217;inin do\u011fru cevaplanmas\u0131 halinde ge\u00e7ilir.<\/p>\n<h4>S\u0131nava nas\u0131l haz\u0131rlanabilirim?<\/h4>\n<p>S\u0131nava haz\u0131rl\u0131k, oryantasyon kursunun bir par\u00e7as\u0131d\u0131r. S\u0131nav g\u00fcn\u00fc, her kat\u0131l\u0131mc\u0131ya 33 soru i\u00e7eren kendi test ka\u011f\u0131d\u0131 verilir. Elbette, t\u00fcm test formlar\u0131 e\u015fit derecede zordur.<br \/>\nEntegrasyon kursunun amac\u0131, final s\u0131nav\u0131na ba\u015far\u0131yla girmenizdir. Final s\u0131nav\u0131, &#8220;Deutsch-Test f\u00fcr Zuwanderer&#8221; (DTZ) dil testi ve &#8220;Leben in Deutschland&#8221; testi i\u00e7in iki s\u0131navdan olu\u015fmaktad\u0131r.<\/p>\n<h4>Not:<\/h4>\n<p>Online rezervasyon yapt\u0131rsan\u0131z bile, orijinal imzan\u0131za ihtiyac\u0131m\u0131z oldu\u011fu i\u00e7in \u015fahsen gelmenizin \u015fart oldu\u011funu l\u00fctfen unutmay\u0131n. S\u0131navdan 3 hafta \u00f6ncesine kadar randevu almadan gelebilirsiniz.<\/p>\n","protected":false},"excerpt":{"rendered":"<p data-start=\"484\" data-end=\"749\"><em data-start=\"500\" data-end=\"527\">Almanya&#8217;daki Test Leben<\/em> s\u0131nav\u0131n\u0131 ba\u015far\u0131yla ge\u00e7mek ister misiniz? Wuppertal&#8217;daki IEC&#8217;de sizi \u00f6zellikle resmi s\u0131nav sorular\u0131 i\u00e7in haz\u0131rl\u0131yoruz.<\/p>\n<p data-start=\"751\" data-end=\"919\">\n","protected":false},"featured_media":7653,"comment_status":"closed","ping_status":"closed","template":"","meta":{"_acf_changed":false},"product_brand":[],"product_cat":[316],"product_tag":[313,317],"class_list":{"0":"post-4033","1":"product","2":"type-product","3":"status-publish","4":"has-post-thumbnail","6":"product_cat-diger-kontroller-ve-testler","7":"product_tag-buyoption-internal-redirect-tr","8":"product_tag-ileri-tetkikler","10":"first","11":"instock","12":"purchasable","13":"product-type-simple"},"acf":[],"yoast_head":"<!-- This site is optimized with the Yoast SEO Premium plugin v25.9 (Yoast SEO v26.9) - https:\/\/yoast.com\/product\/yoast-seo-premium-wordpress\/ -->\n<title>Test &quot;Almanya&#039;da Ya\u015famak&quot; - International Education Centers<\/title>\n<meta name=\"description\" content=\"IEC ile Wuppertal&#039;da Almanya&#039;da ya\u015fam testini ge\u00e7in! Vatanda\u015fl\u0131\u011fa ge\u00e7i\u015f i\u00e7in m\u00fckemmel haz\u0131rl\u0131k. \u015eimdi kaydolun ve randevunuzu al\u0131n!\" \/>\n<meta name=\"robots\" content=\"index, follow, max-snippet:-1, max-image-preview:large, max-video-preview:-1\" \/>\n<link rel=\"canonical\" href=\"https:\/\/internationaleducationcenters.de\/tr\/urun\/test-almanyada-yasamak\/\" \/>\n<meta property=\"og:locale\" content=\"tr_TR\" \/>\n<meta property=\"og:type\" content=\"article\" \/>\n<meta property=\"og:title\" content=\"Test &quot;Almanya&#039;da Ya\u015famak&quot;\" \/>\n<meta property=\"og:description\" content=\"IEC ile Wuppertal&#039;da Almanya&#039;da ya\u015fam testini ge\u00e7in! Vatanda\u015fl\u0131\u011fa ge\u00e7i\u015f i\u00e7in m\u00fckemmel haz\u0131rl\u0131k. \u015eimdi kaydolun ve randevunuzu al\u0131n!\" \/>\n<meta property=\"og:url\" content=\"https:\/\/internationaleducationcenters.de\/tr\/urun\/test-almanyada-yasamak\/\" \/>\n<meta property=\"og:site_name\" content=\"International Education Centers\" \/>\n<meta property=\"article:publisher\" content=\"https:\/\/www.facebook.com\/InternationalEducationCenters\/\" \/>\n<meta property=\"article:modified_time\" content=\"2025-12-09T14:08:34+00:00\" \/>\n<meta property=\"og:image\" content=\"https:\/\/internationaleducationcenters.de\/wp-content\/uploads\/2024\/01\/Leben-in-Deutschland.jpg\" \/>\n\t<meta property=\"og:image:width\" content=\"300\" \/>\n\t<meta property=\"og:image:height\" content=\"200\" \/>\n\t<meta property=\"og:image:type\" content=\"image\/jpeg\" \/>\n<meta name=\"twitter:card\" content=\"summary_large_image\" \/>\n<meta name=\"twitter:label1\" content=\"Fiyat\" \/>\n\t<meta name=\"twitter:data1\" content=\"85,00&nbsp;&euro;\" \/>\n\t<meta name=\"twitter:label2\" content=\"Durumu\" \/>\n\t<meta name=\"twitter:data2\" content=\"Stokta var\" \/>\n<script type=\"application\/ld+json\" class=\"yoast-schema-graph\">{\"@context\":\"https:\/\/schema.org\",\"@graph\":[{\"@type\":\"WebPage\",\"@id\":\"https:\/\/internationaleducationcenters.de\/tr\/urun\/test-almanyada-yasamak\/\",\"url\":\"https:\/\/internationaleducationcenters.de\/tr\/urun\/test-almanyada-yasamak\/\",\"name\":\"Test \\\"Almanya'da Ya\u015famak\\\" - International Education Centers\",\"isPartOf\":{\"@id\":\"https:\/\/internationaleducationcenters.de\/tr\/#website\"},\"primaryImageOfPage\":{\"@id\":\"https:\/\/internationaleducationcenters.de\/tr\/urun\/test-almanyada-yasamak\/#primaryimage\"},\"image\":{\"@id\":\"https:\/\/internationaleducationcenters.de\/tr\/urun\/test-almanyada-yasamak\/#primaryimage\"},\"thumbnailUrl\":\"https:\/\/internationaleducationcenters.de\/wp-content\/uploads\/2024\/01\/Leben-in-Deutschland.jpg\",\"datePublished\":\"2024-01-05T12:08:46+00:00\",\"dateModified\":\"2025-12-09T14:08:34+00:00\",\"description\":\"IEC ile Wuppertal'da Almanya'da ya\u015fam testini ge\u00e7in! Vatanda\u015fl\u0131\u011fa ge\u00e7i\u015f i\u00e7in m\u00fckemmel haz\u0131rl\u0131k. \u015eimdi kaydolun ve randevunuzu al\u0131n!\",\"breadcrumb\":{\"@id\":\"https:\/\/internationaleducationcenters.de\/tr\/urun\/test-almanyada-yasamak\/#breadcrumb\"},\"inLanguage\":\"tr\",\"potentialAction\":[{\"@type\":\"ReadAction\",\"target\":[\"https:\/\/internationaleducationcenters.de\/tr\/urun\/test-almanyada-yasamak\/\"]}]},{\"@type\":\"ImageObject\",\"inLanguage\":\"tr\",\"@id\":\"https:\/\/internationaleducationcenters.de\/tr\/urun\/test-almanyada-yasamak\/#primaryimage\",\"url\":\"https:\/\/internationaleducationcenters.de\/wp-content\/uploads\/2024\/01\/Leben-in-Deutschland.jpg\",\"contentUrl\":\"https:\/\/internationaleducationcenters.de\/wp-content\/uploads\/2024\/01\/Leben-in-Deutschland.jpg\",\"width\":300,\"height\":200,\"caption\":\"test leben in Deutschland in Wuppertal mit IEC\"},{\"@type\":\"BreadcrumbList\",\"@id\":\"https:\/\/internationaleducationcenters.de\/tr\/urun\/test-almanyada-yasamak\/#breadcrumb\",\"itemListElement\":[{\"@type\":\"ListItem\",\"position\":1,\"name\":\"Home\",\"item\":\"https:\/\/internationaleducationcenters.de\/tr\/\"},{\"@type\":\"ListItem\",\"position\":2,\"name\":\"Ma\u011faza\",\"item\":\"https:\/\/internationaleducationcenters.de\/tr\/shop\/\"},{\"@type\":\"ListItem\",\"position\":3,\"name\":\"Test &#8222;Almanya&#8217;da Ya\u015famak&#8220;\"}]},{\"@type\":\"WebSite\",\"@id\":\"https:\/\/internationaleducationcenters.de\/tr\/#website\",\"url\":\"https:\/\/internationaleducationcenters.de\/tr\/\",\"name\":\"International Education Centers\",\"description\":\"\",\"publisher\":{\"@id\":\"https:\/\/internationaleducationcenters.de\/tr\/#organization\"},\"potentialAction\":[{\"@type\":\"SearchAction\",\"target\":{\"@type\":\"EntryPoint\",\"urlTemplate\":\"https:\/\/internationaleducationcenters.de\/tr\/?s={search_term_string}\"},\"query-input\":{\"@type\":\"PropertyValueSpecification\",\"valueRequired\":true,\"valueName\":\"search_term_string\"}}],\"inLanguage\":\"tr\"},{\"@type\":\"Organization\",\"@id\":\"https:\/\/internationaleducationcenters.de\/tr\/#organization\",\"name\":\"International Education Centers\",\"alternateName\":\"IEC\",\"url\":\"https:\/\/internationaleducationcenters.de\/tr\/\",\"logo\":{\"@type\":\"ImageObject\",\"inLanguage\":\"tr\",\"@id\":\"https:\/\/internationaleducationcenters.de\/tr\/#\/schema\/logo\/image\/\",\"url\":\"https:\/\/internationaleducationcenters.de\/wp-content\/uploads\/2025\/08\/IEC_favicon-1.png\",\"contentUrl\":\"https:\/\/internationaleducationcenters.de\/wp-content\/uploads\/2025\/08\/IEC_favicon-1.png\",\"width\":512,\"height\":512,\"caption\":\"International Education Centers\"},\"image\":{\"@id\":\"https:\/\/internationaleducationcenters.de\/tr\/#\/schema\/logo\/image\/\"},\"sameAs\":[\"https:\/\/www.facebook.com\/InternationalEducationCenters\/\"]}]}<\/script>\n<meta property=\"product:price:amount\" content=\"85.00\" \/>\n<meta property=\"product:price:currency\" content=\"EUR\" \/>\n<meta property=\"og:availability\" content=\"instock\" \/>\n<meta property=\"product:availability\" content=\"instock\" \/>\n<meta property=\"product:condition\" content=\"new\" \/>\n<!-- \/ Yoast SEO Premium plugin. -->","yoast_head_json":{"title":"Test \"Almanya'da Ya\u015famak\" - International Education Centers","description":"IEC ile Wuppertal'da Almanya'da ya\u015fam testini ge\u00e7in! Vatanda\u015fl\u0131\u011fa ge\u00e7i\u015f i\u00e7in m\u00fckemmel haz\u0131rl\u0131k. \u015eimdi kaydolun ve randevunuzu al\u0131n!","robots":{"index":"index","follow":"follow","max-snippet":"max-snippet:-1","max-image-preview":"max-image-preview:large","max-video-preview":"max-video-preview:-1"},"canonical":"https:\/\/internationaleducationcenters.de\/tr\/urun\/test-almanyada-yasamak\/","og_locale":"tr_TR","og_type":"article","og_title":"Test \"Almanya'da Ya\u015famak\"","og_description":"IEC ile Wuppertal'da Almanya'da ya\u015fam testini ge\u00e7in! Vatanda\u015fl\u0131\u011fa ge\u00e7i\u015f i\u00e7in m\u00fckemmel haz\u0131rl\u0131k. \u015eimdi kaydolun ve randevunuzu al\u0131n!","og_url":"https:\/\/internationaleducationcenters.de\/tr\/urun\/test-almanyada-yasamak\/","og_site_name":"International Education Centers","article_publisher":"https:\/\/www.facebook.com\/InternationalEducationCenters\/","article_modified_time":"2025-12-09T14:08:34+00:00","og_image":[{"width":300,"height":200,"url":"https:\/\/internationaleducationcenters.de\/wp-content\/uploads\/2024\/01\/Leben-in-Deutschland.jpg","type":"image\/jpeg"}],"twitter_card":"summary_large_image","twitter_misc":{"Fiyat":"85,00&nbsp;&euro;","Durumu":"Stokta var"},"schema":{"@context":"https:\/\/schema.org","@graph":[{"@type":"WebPage","@id":"https:\/\/internationaleducationcenters.de\/tr\/urun\/test-almanyada-yasamak\/","url":"https:\/\/internationaleducationcenters.de\/tr\/urun\/test-almanyada-yasamak\/","name":"Test \"Almanya'da Ya\u015famak\" - International Education Centers","isPartOf":{"@id":"https:\/\/internationaleducationcenters.de\/tr\/#website"},"primaryImageOfPage":{"@id":"https:\/\/internationaleducationcenters.de\/tr\/urun\/test-almanyada-yasamak\/#primaryimage"},"image":{"@id":"https:\/\/internationaleducationcenters.de\/tr\/urun\/test-almanyada-yasamak\/#primaryimage"},"thumbnailUrl":"https:\/\/internationaleducationcenters.de\/wp-content\/uploads\/2024\/01\/Leben-in-Deutschland.jpg","datePublished":"2024-01-05T12:08:46+00:00","dateModified":"2025-12-09T14:08:34+00:00","description":"IEC ile Wuppertal'da Almanya'da ya\u015fam testini ge\u00e7in! Vatanda\u015fl\u0131\u011fa ge\u00e7i\u015f i\u00e7in m\u00fckemmel haz\u0131rl\u0131k. \u015eimdi kaydolun ve randevunuzu al\u0131n!","breadcrumb":{"@id":"https:\/\/internationaleducationcenters.de\/tr\/urun\/test-almanyada-yasamak\/#breadcrumb"},"inLanguage":"tr","potentialAction":[{"@type":"ReadAction","target":["https:\/\/internationaleducationcenters.de\/tr\/urun\/test-almanyada-yasamak\/"]}]},{"@type":"ImageObject","inLanguage":"tr","@id":"https:\/\/internationaleducationcenters.de\/tr\/urun\/test-almanyada-yasamak\/#primaryimage","url":"https:\/\/internationaleducationcenters.de\/wp-content\/uploads\/2024\/01\/Leben-in-Deutschland.jpg","contentUrl":"https:\/\/internationaleducationcenters.de\/wp-content\/uploads\/2024\/01\/Leben-in-Deutschland.jpg","width":300,"height":200,"caption":"test leben in Deutschland in Wuppertal mit IEC"},{"@type":"BreadcrumbList","@id":"https:\/\/internationaleducationcenters.de\/tr\/urun\/test-almanyada-yasamak\/#breadcrumb","itemListElement":[{"@type":"ListItem","position":1,"name":"Home","item":"https:\/\/internationaleducationcenters.de\/tr\/"},{"@type":"ListItem","position":2,"name":"Ma\u011faza","item":"https:\/\/internationaleducationcenters.de\/tr\/shop\/"},{"@type":"ListItem","position":3,"name":"Test &#8222;Almanya&#8217;da Ya\u015famak&#8220;"}]},{"@type":"WebSite","@id":"https:\/\/internationaleducationcenters.de\/tr\/#website","url":"https:\/\/internationaleducationcenters.de\/tr\/","name":"International Education Centers","description":"","publisher":{"@id":"https:\/\/internationaleducationcenters.de\/tr\/#organization"},"potentialAction":[{"@type":"SearchAction","target":{"@type":"EntryPoint","urlTemplate":"https:\/\/internationaleducationcenters.de\/tr\/?s={search_term_string}"},"query-input":{"@type":"PropertyValueSpecification","valueRequired":true,"valueName":"search_term_string"}}],"inLanguage":"tr"},{"@type":"Organization","@id":"https:\/\/internationaleducationcenters.de\/tr\/#organization","name":"International Education Centers","alternateName":"IEC","url":"https:\/\/internationaleducationcenters.de\/tr\/","logo":{"@type":"ImageObject","inLanguage":"tr","@id":"https:\/\/internationaleducationcenters.de\/tr\/#\/schema\/logo\/image\/","url":"https:\/\/internationaleducationcenters.de\/wp-content\/uploads\/2025\/08\/IEC_favicon-1.png","contentUrl":"https:\/\/internationaleducationcenters.de\/wp-content\/uploads\/2025\/08\/IEC_favicon-1.png","width":512,"height":512,"caption":"International Education Centers"},"image":{"@id":"https:\/\/internationaleducationcenters.de\/tr\/#\/schema\/logo\/image\/"},"sameAs":["https:\/\/www.facebook.com\/InternationalEducationCenters\/"]}]},"product_price_amount":"85.00","product_price_currency":"EUR","og_availability":"instock","product_availability":"instock","product_condition":"new"},"_links":{"self":[{"href":"https:\/\/internationaleducationcenters.de\/tr\/wp-json\/wp\/v2\/product\/4033","targetHints":{"allow":["GET"]}}],"collection":[{"href":"https:\/\/internationaleducationcenters.de\/tr\/wp-json\/wp\/v2\/product"}],"about":[{"href":"https:\/\/internationaleducationcenters.de\/tr\/wp-json\/wp\/v2\/types\/product"}],"replies":[{"embeddable":true,"href":"https:\/\/internationaleducationcenters.de\/tr\/wp-json\/wp\/v2\/comments?post=4033"}],"version-history":[{"count":3,"href":"https:\/\/internationaleducationcenters.de\/tr\/wp-json\/wp\/v2\/product\/4033\/revisions"}],"predecessor-version":[{"id":23065,"href":"https:\/\/internationaleducationcenters.de\/tr\/wp-json\/wp\/v2\/product\/4033\/revisions\/23065"}],"wp:featuredmedia":[{"embeddable":true,"href":"https:\/\/internationaleducationcenters.de\/tr\/wp-json\/wp\/v2\/media\/7653"}],"wp:attachment":[{"href":"https:\/\/internationaleducationcenters.de\/tr\/wp-json\/wp\/v2\/media?parent=4033"}],"wp:term":[{"taxonomy":"product_brand","embeddable":true,"href":"https:\/\/internationaleducationcenters.de\/tr\/wp-json\/wp\/v2\/product_brand?post=4033"},{"taxonomy":"product_cat","embeddable":true,"href":"https:\/\/internationaleducationcenters.de\/tr\/wp-json\/wp\/v2\/product_cat?post=4033"},{"taxonomy":"product_tag","embeddable":true,"href":"https:\/\/internationaleducationcenters.de\/tr\/wp-json\/wp\/v2\/product_tag?post=4033"}],"curies":[{"name":"wp","href":"https:\/\/api.w.org\/{rel}","templated":true}]}}