{"id":4042,"date":"2024-01-05T13:00:02","date_gmt":"2024-01-05T12:00:02","guid":{"rendered":"https:\/\/internationaleducationcenters.de\/kurs\/vatandaslik-testi\/"},"modified":"2026-01-28T13:59:01","modified_gmt":"2026-01-28T12:59:01","slug":"vatandaslik-testi","status":"publish","type":"product","link":"https:\/\/internationaleducationcenters.de\/tr\/urun\/vatandaslik-testi\/","title":{"rendered":"Vatanda\u015fl\u0131k testi"},"content":{"rendered":"\t\t<div data-elementor-type=\"product-post\" data-elementor-id=\"4042\" class=\"elementor elementor-4042 elementor-813\" data-elementor-post-type=\"product\">\n\t\t\t\t<div class=\"elementor-element elementor-element-6ca30050 e-flex e-con-boxed e-con e-parent\" data-id=\"6ca30050\" data-element_type=\"container\" data-e-type=\"container\">\n\t\t\t\t\t<div class=\"e-con-inner\">\n\t\t\t\t<div class=\"elementor-element elementor-element-3d10e50 elementor-widget elementor-widget-text-editor\" data-id=\"3d10e50\" data-element_type=\"widget\" data-e-type=\"widget\" data-widget_type=\"text-editor.default\">\n\t\t\t\t<div class=\"elementor-widget-container\">\n\t\t\t\t\t\t\t\t\t<p><strong data-start=\"177\" data-end=\"211\">Wuppertal&#8217;de vatanda\u015fl\u0131\u011fa<\/strong> kabul s\u0131nav\u0131na girmek istiyorsan\u0131z, <strong data-start=\"263\" data-end=\"283\">Wuppertal-Barmen<\/strong> &#8216;deki dil okulumuz <strong data-start=\"295\" data-end=\"352\">Almanya&#8217;daki vatanda\u015fl\u0131\u011fa kabul s\u0131nav\u0131 i\u00e7in<\/strong> ideal bir <strong data-start=\"295\" data-end=\"352\">haz\u0131rl\u0131k<\/strong> sunar.<\/p><h4>Kurs bilgileri<\/h4><ul><li><strong>Test tarihleri:<\/strong> Vatanda\u015fl\u0131\u011fa kabul s\u0131nav\u0131 her ay\u0131n 3. haftas\u0131nda olmak \u00fczere y\u0131lda alt\u0131 kez yap\u0131l\u0131r.<\/li><li>\u00dccret<strong>:<\/strong> \u00dccret, 60 \u20ac i\u015flem \u00fccreti dahil olmak \u00fczere 85 \u20ac&#8217;dur. \u00d6deme, kay\u0131t s\u0131ras\u0131nda nakit olarak veya kartla da yap\u0131labilir. <\/li><li><strong>Son kay\u0131t tarihi:<\/strong> L\u00fctfen s\u0131nav tarihinden en az d\u00f6rt hafta \u00f6nce kay\u0131t yapt\u0131r\u0131n.<\/li><\/ul><h4>Notlar<\/h4><ul><li>Orijinal imzan\u0131za ihtiyac\u0131m\u0131z oldu\u011fundan, \u00e7evrimi\u00e7i rezervasyonlar i\u00e7in bile ki\u015fisel bir randevu gereklidir.<\/li><li>Randevunuzu ayarlamak i\u00e7in l\u00fctfen rezervasyondan sonra bizimle ileti\u015fime ge\u00e7in.<\/li><\/ul><h4>Kay\u0131t<\/h4><p>Kay\u0131t olmak i\u00e7in l\u00fctfen a\u015fa\u011f\u0131daki ad\u0131mlar\u0131 izleyin:<\/p><ol><li>L\u00fctfen ekteki formu doldurun ve imzalay\u0131n.<\/li><li>Formu PDF olarak y\u00fckleyin.<\/li><li>G\u00fcncel kimlik kart\u0131n\u0131z\u0131n her iki y\u00fcz\u00fcn\u00fc de y\u00fckleyin.<\/li><\/ol><h4>\u00d6nemli not<\/h4><p>L\u00fctfen resmi kay\u0131t formunda denetim merkezinin \u00f6nceden belirtildi\u011finden emin olun. Kat\u0131l\u0131mc\u0131da yap\u0131lacak de\u011fi\u015fiklikler sorunlara yol a\u00e7abilir. L\u00fctfen s\u0131nav\u0131n ba\u015flamas\u0131ndan en az 30 dakika \u00f6nce geliniz.<\/p><p>Kay\u0131t formunu indirmek i\u00e7in buraya t\u0131klay\u0131n.  <a href=\"https:\/\/eu2.documents.adobe.com\/public\/esignWidget?wid=CBFCIBAA3AAABLblqZhBxP-V_Zj1DGzoCOnfyNyGDOe2nAq8mP5Qrb11izwky48TdZWzPdtQNNArYl9eiDiI%2a\">Adobe Acrobat \u0130\u015fareti<\/a><\/p>\t\t\t\t\t\t\t\t<\/div>\n\t\t\t\t<\/div>\n\t\t\t\t\t<\/div>\n\t\t\t\t<\/div>\n\t\t\t\t<\/div>\n\t\t","protected":false},"excerpt":{"rendered":"<p>Almanya hakk\u0131nda temel bilgi s\u0131nav\u0131. Politika, tarih ve k\u00fclt\u00fcr konular\u0131nda 33 sorudan olu\u015fmaktad\u0131r. Randevunuzu \u015fimdi al\u0131n!<\/p>\n","protected":false},"featured_media":7644,"comment_status":"closed","ping_status":"closed","template":"","meta":{"_acf_changed":false},"product_brand":[],"product_cat":[316],"product_tag":[317],"class_list":{"0":"post-4042","1":"product","2":"type-product","3":"status-publish","4":"has-post-thumbnail","6":"product_cat-diger-kontroller-ve-testler","7":"product_tag-ileri-tetkikler","9":"first","10":"instock","11":"purchasable","12":"product-type-simple"},"acf":[],"yoast_head":"<!-- This site is optimized with the Yoast SEO Premium plugin v25.9 (Yoast SEO v26.9) - https:\/\/yoast.com\/product\/yoast-seo-premium-wordpress\/ -->\n<title>Vatanda\u015fl\u0131k testi - International Education Centers<\/title>\n<meta name=\"description\" content=\"Wuppertal-Barmen&#039;de vatanda\u015fl\u0131k testi i\u00e7in g\u00fcvenilir randevular, uygun fiyatlar ve kolay kay\u0131t. F\u0131rsat\u0131 de\u011ferlendirin ve \u015fimdi kaydolun!\" \/>\n<meta name=\"robots\" content=\"index, follow, max-snippet:-1, max-image-preview:large, max-video-preview:-1\" \/>\n<link rel=\"canonical\" href=\"https:\/\/internationaleducationcenters.de\/tr\/urun\/vatandaslik-testi\/\" \/>\n<meta property=\"og:locale\" content=\"tr_TR\" \/>\n<meta property=\"og:type\" content=\"article\" \/>\n<meta property=\"og:title\" content=\"Vatanda\u015fl\u0131k testi\" \/>\n<meta property=\"og:description\" content=\"Wuppertal-Barmen&#039;de vatanda\u015fl\u0131k testi i\u00e7in g\u00fcvenilir randevular, uygun fiyatlar ve kolay kay\u0131t. F\u0131rsat\u0131 de\u011ferlendirin ve \u015fimdi kaydolun!\" \/>\n<meta property=\"og:url\" content=\"https:\/\/internationaleducationcenters.de\/tr\/urun\/vatandaslik-testi\/\" \/>\n<meta property=\"og:site_name\" content=\"International Education Centers\" \/>\n<meta property=\"article:publisher\" content=\"https:\/\/www.facebook.com\/InternationalEducationCenters\/\" \/>\n<meta property=\"article:modified_time\" content=\"2026-01-28T12:59:01+00:00\" \/>\n<meta property=\"og:image\" content=\"https:\/\/internationaleducationcenters.de\/wp-content\/uploads\/2024\/01\/Einbuergerungstest-EBT.jpg\" \/>\n\t<meta property=\"og:image:width\" content=\"300\" \/>\n\t<meta property=\"og:image:height\" content=\"200\" \/>\n\t<meta property=\"og:image:type\" content=\"image\/jpeg\" \/>\n<meta name=\"twitter:card\" content=\"summary_large_image\" \/>\n<meta name=\"twitter:label1\" content=\"Fiyat\" \/>\n\t<meta name=\"twitter:data1\" content=\"85,00&nbsp;&euro;\" \/>\n\t<meta name=\"twitter:label2\" content=\"Durumu\" \/>\n\t<meta name=\"twitter:data2\" content=\"Stokta var\" \/>\n<script type=\"application\/ld+json\" class=\"yoast-schema-graph\">{\"@context\":\"https:\/\/schema.org\",\"@graph\":[{\"@type\":\"WebPage\",\"@id\":\"https:\/\/internationaleducationcenters.de\/tr\/urun\/vatandaslik-testi\/\",\"url\":\"https:\/\/internationaleducationcenters.de\/tr\/urun\/vatandaslik-testi\/\",\"name\":\"Vatanda\u015fl\u0131k testi - International Education Centers\",\"isPartOf\":{\"@id\":\"https:\/\/internationaleducationcenters.de\/tr\/#website\"},\"primaryImageOfPage\":{\"@id\":\"https:\/\/internationaleducationcenters.de\/tr\/urun\/vatandaslik-testi\/#primaryimage\"},\"image\":{\"@id\":\"https:\/\/internationaleducationcenters.de\/tr\/urun\/vatandaslik-testi\/#primaryimage\"},\"thumbnailUrl\":\"https:\/\/internationaleducationcenters.de\/wp-content\/uploads\/2024\/01\/Einbuergerungstest-EBT.jpg\",\"datePublished\":\"2024-01-05T12:00:02+00:00\",\"dateModified\":\"2026-01-28T12:59:01+00:00\",\"description\":\"Wuppertal-Barmen'de vatanda\u015fl\u0131k testi i\u00e7in g\u00fcvenilir randevular, uygun fiyatlar ve kolay kay\u0131t. F\u0131rsat\u0131 de\u011ferlendirin ve \u015fimdi kaydolun!\",\"breadcrumb\":{\"@id\":\"https:\/\/internationaleducationcenters.de\/tr\/urun\/vatandaslik-testi\/#breadcrumb\"},\"inLanguage\":\"tr\",\"potentialAction\":[{\"@type\":\"ReadAction\",\"target\":[\"https:\/\/internationaleducationcenters.de\/tr\/urun\/vatandaslik-testi\/\"]}]},{\"@type\":\"ImageObject\",\"inLanguage\":\"tr\",\"@id\":\"https:\/\/internationaleducationcenters.de\/tr\/urun\/vatandaslik-testi\/#primaryimage\",\"url\":\"https:\/\/internationaleducationcenters.de\/wp-content\/uploads\/2024\/01\/Einbuergerungstest-EBT.jpg\",\"contentUrl\":\"https:\/\/internationaleducationcenters.de\/wp-content\/uploads\/2024\/01\/Einbuergerungstest-EBT.jpg\",\"width\":300,\"height\":200,\"caption\":\"Einb\u00fcrgerungstest in Wuppertal mit IEC\"},{\"@type\":\"BreadcrumbList\",\"@id\":\"https:\/\/internationaleducationcenters.de\/tr\/urun\/vatandaslik-testi\/#breadcrumb\",\"itemListElement\":[{\"@type\":\"ListItem\",\"position\":1,\"name\":\"Home\",\"item\":\"https:\/\/internationaleducationcenters.de\/tr\/\"},{\"@type\":\"ListItem\",\"position\":2,\"name\":\"Ma\u011faza\",\"item\":\"https:\/\/internationaleducationcenters.de\/tr\/shop\/\"},{\"@type\":\"ListItem\",\"position\":3,\"name\":\"Vatanda\u015fl\u0131k testi\"}]},{\"@type\":\"WebSite\",\"@id\":\"https:\/\/internationaleducationcenters.de\/tr\/#website\",\"url\":\"https:\/\/internationaleducationcenters.de\/tr\/\",\"name\":\"International Education Centers\",\"description\":\"\",\"publisher\":{\"@id\":\"https:\/\/internationaleducationcenters.de\/tr\/#organization\"},\"potentialAction\":[{\"@type\":\"SearchAction\",\"target\":{\"@type\":\"EntryPoint\",\"urlTemplate\":\"https:\/\/internationaleducationcenters.de\/tr\/?s={search_term_string}\"},\"query-input\":{\"@type\":\"PropertyValueSpecification\",\"valueRequired\":true,\"valueName\":\"search_term_string\"}}],\"inLanguage\":\"tr\"},{\"@type\":\"Organization\",\"@id\":\"https:\/\/internationaleducationcenters.de\/tr\/#organization\",\"name\":\"International Education Centers\",\"alternateName\":\"IEC\",\"url\":\"https:\/\/internationaleducationcenters.de\/tr\/\",\"logo\":{\"@type\":\"ImageObject\",\"inLanguage\":\"tr\",\"@id\":\"https:\/\/internationaleducationcenters.de\/tr\/#\/schema\/logo\/image\/\",\"url\":\"https:\/\/internationaleducationcenters.de\/wp-content\/uploads\/2025\/08\/IEC_favicon-1.png\",\"contentUrl\":\"https:\/\/internationaleducationcenters.de\/wp-content\/uploads\/2025\/08\/IEC_favicon-1.png\",\"width\":512,\"height\":512,\"caption\":\"International Education Centers\"},\"image\":{\"@id\":\"https:\/\/internationaleducationcenters.de\/tr\/#\/schema\/logo\/image\/\"},\"sameAs\":[\"https:\/\/www.facebook.com\/InternationalEducationCenters\/\"]}]}<\/script>\n<meta property=\"product:price:amount\" content=\"85.00\" \/>\n<meta property=\"product:price:currency\" content=\"EUR\" \/>\n<meta property=\"og:availability\" content=\"instock\" \/>\n<meta property=\"product:availability\" content=\"instock\" \/>\n<meta property=\"product:condition\" content=\"new\" \/>\n<!-- \/ Yoast SEO Premium plugin. -->","yoast_head_json":{"title":"Vatanda\u015fl\u0131k testi - International Education Centers","description":"Wuppertal-Barmen'de vatanda\u015fl\u0131k testi i\u00e7in g\u00fcvenilir randevular, uygun fiyatlar ve kolay kay\u0131t. F\u0131rsat\u0131 de\u011ferlendirin ve \u015fimdi kaydolun!","robots":{"index":"index","follow":"follow","max-snippet":"max-snippet:-1","max-image-preview":"max-image-preview:large","max-video-preview":"max-video-preview:-1"},"canonical":"https:\/\/internationaleducationcenters.de\/tr\/urun\/vatandaslik-testi\/","og_locale":"tr_TR","og_type":"article","og_title":"Vatanda\u015fl\u0131k testi","og_description":"Wuppertal-Barmen'de vatanda\u015fl\u0131k testi i\u00e7in g\u00fcvenilir randevular, uygun fiyatlar ve kolay kay\u0131t. F\u0131rsat\u0131 de\u011ferlendirin ve \u015fimdi kaydolun!","og_url":"https:\/\/internationaleducationcenters.de\/tr\/urun\/vatandaslik-testi\/","og_site_name":"International Education Centers","article_publisher":"https:\/\/www.facebook.com\/InternationalEducationCenters\/","article_modified_time":"2026-01-28T12:59:01+00:00","og_image":[{"width":300,"height":200,"url":"https:\/\/internationaleducationcenters.de\/wp-content\/uploads\/2024\/01\/Einbuergerungstest-EBT.jpg","type":"image\/jpeg"}],"twitter_card":"summary_large_image","twitter_misc":{"Fiyat":"85,00&nbsp;&euro;","Durumu":"Stokta var"},"schema":{"@context":"https:\/\/schema.org","@graph":[{"@type":"WebPage","@id":"https:\/\/internationaleducationcenters.de\/tr\/urun\/vatandaslik-testi\/","url":"https:\/\/internationaleducationcenters.de\/tr\/urun\/vatandaslik-testi\/","name":"Vatanda\u015fl\u0131k testi - International Education Centers","isPartOf":{"@id":"https:\/\/internationaleducationcenters.de\/tr\/#website"},"primaryImageOfPage":{"@id":"https:\/\/internationaleducationcenters.de\/tr\/urun\/vatandaslik-testi\/#primaryimage"},"image":{"@id":"https:\/\/internationaleducationcenters.de\/tr\/urun\/vatandaslik-testi\/#primaryimage"},"thumbnailUrl":"https:\/\/internationaleducationcenters.de\/wp-content\/uploads\/2024\/01\/Einbuergerungstest-EBT.jpg","datePublished":"2024-01-05T12:00:02+00:00","dateModified":"2026-01-28T12:59:01+00:00","description":"Wuppertal-Barmen'de vatanda\u015fl\u0131k testi i\u00e7in g\u00fcvenilir randevular, uygun fiyatlar ve kolay kay\u0131t. F\u0131rsat\u0131 de\u011ferlendirin ve \u015fimdi kaydolun!","breadcrumb":{"@id":"https:\/\/internationaleducationcenters.de\/tr\/urun\/vatandaslik-testi\/#breadcrumb"},"inLanguage":"tr","potentialAction":[{"@type":"ReadAction","target":["https:\/\/internationaleducationcenters.de\/tr\/urun\/vatandaslik-testi\/"]}]},{"@type":"ImageObject","inLanguage":"tr","@id":"https:\/\/internationaleducationcenters.de\/tr\/urun\/vatandaslik-testi\/#primaryimage","url":"https:\/\/internationaleducationcenters.de\/wp-content\/uploads\/2024\/01\/Einbuergerungstest-EBT.jpg","contentUrl":"https:\/\/internationaleducationcenters.de\/wp-content\/uploads\/2024\/01\/Einbuergerungstest-EBT.jpg","width":300,"height":200,"caption":"Einb\u00fcrgerungstest in Wuppertal mit IEC"},{"@type":"BreadcrumbList","@id":"https:\/\/internationaleducationcenters.de\/tr\/urun\/vatandaslik-testi\/#breadcrumb","itemListElement":[{"@type":"ListItem","position":1,"name":"Home","item":"https:\/\/internationaleducationcenters.de\/tr\/"},{"@type":"ListItem","position":2,"name":"Ma\u011faza","item":"https:\/\/internationaleducationcenters.de\/tr\/shop\/"},{"@type":"ListItem","position":3,"name":"Vatanda\u015fl\u0131k testi"}]},{"@type":"WebSite","@id":"https:\/\/internationaleducationcenters.de\/tr\/#website","url":"https:\/\/internationaleducationcenters.de\/tr\/","name":"International Education Centers","description":"","publisher":{"@id":"https:\/\/internationaleducationcenters.de\/tr\/#organization"},"potentialAction":[{"@type":"SearchAction","target":{"@type":"EntryPoint","urlTemplate":"https:\/\/internationaleducationcenters.de\/tr\/?s={search_term_string}"},"query-input":{"@type":"PropertyValueSpecification","valueRequired":true,"valueName":"search_term_string"}}],"inLanguage":"tr"},{"@type":"Organization","@id":"https:\/\/internationaleducationcenters.de\/tr\/#organization","name":"International Education Centers","alternateName":"IEC","url":"https:\/\/internationaleducationcenters.de\/tr\/","logo":{"@type":"ImageObject","inLanguage":"tr","@id":"https:\/\/internationaleducationcenters.de\/tr\/#\/schema\/logo\/image\/","url":"https:\/\/internationaleducationcenters.de\/wp-content\/uploads\/2025\/08\/IEC_favicon-1.png","contentUrl":"https:\/\/internationaleducationcenters.de\/wp-content\/uploads\/2025\/08\/IEC_favicon-1.png","width":512,"height":512,"caption":"International Education Centers"},"image":{"@id":"https:\/\/internationaleducationcenters.de\/tr\/#\/schema\/logo\/image\/"},"sameAs":["https:\/\/www.facebook.com\/InternationalEducationCenters\/"]}]},"product_price_amount":"85.00","product_price_currency":"EUR","og_availability":"instock","product_availability":"instock","product_condition":"new"},"_links":{"self":[{"href":"https:\/\/internationaleducationcenters.de\/tr\/wp-json\/wp\/v2\/product\/4042","targetHints":{"allow":["GET"]}}],"collection":[{"href":"https:\/\/internationaleducationcenters.de\/tr\/wp-json\/wp\/v2\/product"}],"about":[{"href":"https:\/\/internationaleducationcenters.de\/tr\/wp-json\/wp\/v2\/types\/product"}],"replies":[{"embeddable":true,"href":"https:\/\/internationaleducationcenters.de\/tr\/wp-json\/wp\/v2\/comments?post=4042"}],"version-history":[{"count":4,"href":"https:\/\/internationaleducationcenters.de\/tr\/wp-json\/wp\/v2\/product\/4042\/revisions"}],"predecessor-version":[{"id":23076,"href":"https:\/\/internationaleducationcenters.de\/tr\/wp-json\/wp\/v2\/product\/4042\/revisions\/23076"}],"wp:featuredmedia":[{"embeddable":true,"href":"https:\/\/internationaleducationcenters.de\/tr\/wp-json\/wp\/v2\/media\/7644"}],"wp:attachment":[{"href":"https:\/\/internationaleducationcenters.de\/tr\/wp-json\/wp\/v2\/media?parent=4042"}],"wp:term":[{"taxonomy":"product_brand","embeddable":true,"href":"https:\/\/internationaleducationcenters.de\/tr\/wp-json\/wp\/v2\/product_brand?post=4042"},{"taxonomy":"product_cat","embeddable":true,"href":"https:\/\/internationaleducationcenters.de\/tr\/wp-json\/wp\/v2\/product_cat?post=4042"},{"taxonomy":"product_tag","embeddable":true,"href":"https:\/\/internationaleducationcenters.de\/tr\/wp-json\/wp\/v2\/product_tag?post=4042"}],"curies":[{"name":"wp","href":"https:\/\/api.w.org\/{rel}","templated":true}]}}