{"id":4130,"date":"2024-01-05T10:50:39","date_gmt":"2024-01-05T09:50:39","guid":{"rendered":"https:\/\/internationaleducationcenters.de\/kurs\/a2-b1-goecmenler-icin-almanca-testi-dtz\/"},"modified":"2025-12-09T14:33:38","modified_gmt":"2025-12-09T13:33:38","slug":"a2-b1-goecmenler-icin-almanca-testi-dtz","status":"publish","type":"product","link":"https:\/\/internationaleducationcenters.de\/tr\/urun\/a2-b1-goecmenler-icin-almanca-testi-dtz\/","title":{"rendered":"DTZ G\u00f6\u00e7menler i\u00e7in Almanca Testi (G.A.S.T)"},"content":{"rendered":"\t\t<div data-elementor-type=\"product-post\" data-elementor-id=\"4130\" class=\"elementor elementor-4130 elementor-773\" data-elementor-post-type=\"product\">\n\t\t\t\t<div class=\"elementor-element elementor-element-93de51f e-flex e-con-boxed e-con e-parent\" data-id=\"93de51f\" data-element_type=\"container\" data-e-type=\"container\">\n\t\t\t\t\t<div class=\"e-con-inner\">\n\t\t\t\t<div class=\"elementor-element elementor-element-29fed03 elementor-widget elementor-widget-heading\" data-id=\"29fed03\" data-element_type=\"widget\" data-e-type=\"widget\" data-widget_type=\"heading.default\">\n\t\t\t\t<div class=\"elementor-widget-container\">\n\t\t\t\t\t<h2 class=\"elementor-heading-title elementor-size-default\">DTZ - G\u00f6\u00e7menler i\u00e7in Almanca Testi (G.A.S.T)<\/h2>\t\t\t\t<\/div>\n\t\t\t\t<\/div>\n\t\t\t\t\t<\/div>\n\t\t\t\t<\/div>\n\t\t<div class=\"elementor-element elementor-element-eab5d6a e-flex e-con-boxed e-con e-parent\" data-id=\"eab5d6a\" data-element_type=\"container\" data-e-type=\"container\">\n\t\t\t\t\t<div class=\"e-con-inner\">\n\t\t\t\t<div class=\"elementor-element elementor-element-9048a6a elementor-widget elementor-widget-text-editor\" data-id=\"9048a6a\" data-element_type=\"widget\" data-e-type=\"widget\" data-widget_type=\"text-editor.default\">\n\t\t\t\t<div class=\"elementor-widget-container\">\n\t\t\t\t\t\t\t\t\t<p><strong>G\u00f6\u00e7menler i\u00e7in Almanca Testi (DTZ)<\/strong>, g\u00f6\u00e7menler i\u00e7in \u00f6zel olarak geli\u015ftirilmi\u015f standart bir dil <strong>testidir<\/strong>. Test, Avrupa Ortak Dil Referans \u00c7er\u00e7evesi&#8217;nin (CEFR) <strong>A2 ve B1<\/strong> seviyelerindeki Almanca dil becerilerini de\u011ferlendirir ve entegrasyon kurslar\u0131nda final s\u0131nav\u0131 olarak kullan\u0131l\u0131r. <\/p><p><strong>DTZ d\u00f6rt b\u00f6l\u00fcmden olu\u015fmaktad\u0131r:<\/strong><\/p><ol><li><strong>Dinleme<\/strong>: S\u00f6zl\u00fc metinleri anlama.<\/li><li><strong>Okuma<\/strong>: Yaz\u0131l\u0131 metinleri anlama.<\/li><li><strong>Yazma<\/strong>: Verilen konular \u00fczerine metin yazma.<\/li><li><strong>Konu\u015fma<\/strong> yapmak: Konu\u015fmalara ve tart\u0131\u015fmalara liderlik etmek.<\/li><\/ol><p>Test, kat\u0131l\u0131mc\u0131lar\u0131n dil becerilerini de\u011ferlendirmeye ve Almanya&#8217;daki sosyal ve profesyonel hayata giri\u015flerini kolayla\u015ft\u0131rmaya yard\u0131mc\u0131 olmaktad\u0131r.<\/p>\t\t\t\t\t\t\t\t<\/div>\n\t\t\t\t<\/div>\n\t\t\t\t\t<\/div>\n\t\t\t\t<\/div>\n\t\t\t\t<\/div>\n\t\t","protected":false},"excerpt":{"rendered":"<p>DTZ A2-B1, Almanca dil becerilerinizi test eder ve Almanya&#8217;ya entegrasyonunuzu destekler.<\/p>\n","protected":false},"featured_media":7456,"comment_status":"closed","ping_status":"closed","template":"","meta":{"_acf_changed":false},"product_brand":[],"product_cat":[542],"product_tag":[313,543],"class_list":{"0":"post-4130","1":"product","2":"type-product","3":"status-publish","4":"has-post-thumbnail","6":"product_cat-konuk-muayeneleri","7":"product_tag-buyoption-internal-redirect-tr","8":"product_tag-konuk-muayeneleri","10":"first","11":"instock","12":"purchasable","13":"product-type-simple"},"acf":[],"yoast_head":"<!-- This site is optimized with the Yoast SEO Premium plugin v25.9 (Yoast SEO v26.9) - https:\/\/yoast.com\/product\/yoast-seo-premium-wordpress\/ -->\n<title>DTZ G\u00f6\u00e7menler i\u00e7in Almanca Testi (G.A.S.T) - International Education Centers<\/title>\n<meta name=\"description\" content=\"DTZ ile A2 ve B1 seviyelerinde Almanca dil becerilerinizin de\u011ferlendirilmesi. Almanya&#039;daki entegrasyonunuza bug\u00fcn ba\u015flay\u0131n!\" \/>\n<meta name=\"robots\" content=\"index, follow, max-snippet:-1, max-image-preview:large, max-video-preview:-1\" \/>\n<link rel=\"canonical\" href=\"https:\/\/internationaleducationcenters.de\/tr\/urun\/a2-b1-goecmenler-icin-almanca-testi-dtz\/\" \/>\n<meta property=\"og:locale\" content=\"tr_TR\" \/>\n<meta property=\"og:type\" content=\"article\" \/>\n<meta property=\"og:title\" content=\"DTZ G\u00f6\u00e7menler i\u00e7in Almanca Testi (G.A.S.T)\" \/>\n<meta property=\"og:description\" content=\"DTZ ile A2 ve B1 seviyelerinde Almanca dil becerilerinizin de\u011ferlendirilmesi. Almanya&#039;daki entegrasyonunuza bug\u00fcn ba\u015flay\u0131n!\" \/>\n<meta property=\"og:url\" content=\"https:\/\/internationaleducationcenters.de\/tr\/urun\/a2-b1-goecmenler-icin-almanca-testi-dtz\/\" \/>\n<meta property=\"og:site_name\" content=\"International Education Centers\" \/>\n<meta property=\"article:publisher\" content=\"https:\/\/www.facebook.com\/InternationalEducationCenters\/\" \/>\n<meta property=\"article:modified_time\" content=\"2025-12-09T13:33:38+00:00\" \/>\n<meta property=\"og:image\" content=\"https:\/\/internationaleducationcenters.de\/wp-content\/uploads\/2024\/03\/Deutschkurs-Online.jpg\" \/>\n\t<meta property=\"og:image:width\" content=\"300\" \/>\n\t<meta property=\"og:image:height\" content=\"200\" \/>\n\t<meta property=\"og:image:type\" content=\"image\/jpeg\" \/>\n<meta name=\"twitter:card\" content=\"summary_large_image\" \/>\n<meta name=\"twitter:label1\" content=\"Fiyat\" \/>\n\t<meta name=\"twitter:data1\" content=\"180,00&nbsp;&euro;\" \/>\n\t<meta name=\"twitter:label2\" content=\"Durumu\" \/>\n\t<meta name=\"twitter:data2\" content=\"Stokta var\" \/>\n<script type=\"application\/ld+json\" class=\"yoast-schema-graph\">{\"@context\":\"https:\/\/schema.org\",\"@graph\":[{\"@type\":\"WebPage\",\"@id\":\"https:\/\/internationaleducationcenters.de\/tr\/urun\/a2-b1-goecmenler-icin-almanca-testi-dtz\/\",\"url\":\"https:\/\/internationaleducationcenters.de\/tr\/urun\/a2-b1-goecmenler-icin-almanca-testi-dtz\/\",\"name\":\"DTZ G\u00f6\u00e7menler i\u00e7in Almanca Testi (G.A.S.T) - International Education Centers\",\"isPartOf\":{\"@id\":\"https:\/\/internationaleducationcenters.de\/tr\/#website\"},\"primaryImageOfPage\":{\"@id\":\"https:\/\/internationaleducationcenters.de\/tr\/urun\/a2-b1-goecmenler-icin-almanca-testi-dtz\/#primaryimage\"},\"image\":{\"@id\":\"https:\/\/internationaleducationcenters.de\/tr\/urun\/a2-b1-goecmenler-icin-almanca-testi-dtz\/#primaryimage\"},\"thumbnailUrl\":\"https:\/\/internationaleducationcenters.de\/wp-content\/uploads\/2024\/03\/Deutschkurs-Online.jpg\",\"datePublished\":\"2024-01-05T09:50:39+00:00\",\"dateModified\":\"2025-12-09T13:33:38+00:00\",\"description\":\"DTZ ile A2 ve B1 seviyelerinde Almanca dil becerilerinizin de\u011ferlendirilmesi. Almanya'daki entegrasyonunuza bug\u00fcn ba\u015flay\u0131n!\",\"breadcrumb\":{\"@id\":\"https:\/\/internationaleducationcenters.de\/tr\/urun\/a2-b1-goecmenler-icin-almanca-testi-dtz\/#breadcrumb\"},\"inLanguage\":\"tr\",\"potentialAction\":[{\"@type\":\"ReadAction\",\"target\":[\"https:\/\/internationaleducationcenters.de\/tr\/urun\/a2-b1-goecmenler-icin-almanca-testi-dtz\/\"]}]},{\"@type\":\"ImageObject\",\"inLanguage\":\"tr\",\"@id\":\"https:\/\/internationaleducationcenters.de\/tr\/urun\/a2-b1-goecmenler-icin-almanca-testi-dtz\/#primaryimage\",\"url\":\"https:\/\/internationaleducationcenters.de\/wp-content\/uploads\/2024\/03\/Deutschkurs-Online.jpg\",\"contentUrl\":\"https:\/\/internationaleducationcenters.de\/wp-content\/uploads\/2024\/03\/Deutschkurs-Online.jpg\",\"width\":300,\"height\":200,\"caption\":\"DTZ Deutsch-Test f\u00fcr Zuwanderer (G.A.S.T) mit IEC\"},{\"@type\":\"BreadcrumbList\",\"@id\":\"https:\/\/internationaleducationcenters.de\/tr\/urun\/a2-b1-goecmenler-icin-almanca-testi-dtz\/#breadcrumb\",\"itemListElement\":[{\"@type\":\"ListItem\",\"position\":1,\"name\":\"Home\",\"item\":\"https:\/\/internationaleducationcenters.de\/tr\/\"},{\"@type\":\"ListItem\",\"position\":2,\"name\":\"Ma\u011faza\",\"item\":\"https:\/\/internationaleducationcenters.de\/tr\/shop\/\"},{\"@type\":\"ListItem\",\"position\":3,\"name\":\"DTZ G\u00f6\u00e7menler i\u00e7in Almanca Testi (G.A.S.T)\"}]},{\"@type\":\"WebSite\",\"@id\":\"https:\/\/internationaleducationcenters.de\/tr\/#website\",\"url\":\"https:\/\/internationaleducationcenters.de\/tr\/\",\"name\":\"International Education Centers\",\"description\":\"\",\"publisher\":{\"@id\":\"https:\/\/internationaleducationcenters.de\/tr\/#organization\"},\"potentialAction\":[{\"@type\":\"SearchAction\",\"target\":{\"@type\":\"EntryPoint\",\"urlTemplate\":\"https:\/\/internationaleducationcenters.de\/tr\/?s={search_term_string}\"},\"query-input\":{\"@type\":\"PropertyValueSpecification\",\"valueRequired\":true,\"valueName\":\"search_term_string\"}}],\"inLanguage\":\"tr\"},{\"@type\":\"Organization\",\"@id\":\"https:\/\/internationaleducationcenters.de\/tr\/#organization\",\"name\":\"International Education Centers\",\"alternateName\":\"IEC\",\"url\":\"https:\/\/internationaleducationcenters.de\/tr\/\",\"logo\":{\"@type\":\"ImageObject\",\"inLanguage\":\"tr\",\"@id\":\"https:\/\/internationaleducationcenters.de\/tr\/#\/schema\/logo\/image\/\",\"url\":\"https:\/\/internationaleducationcenters.de\/wp-content\/uploads\/2025\/08\/IEC_favicon-1.png\",\"contentUrl\":\"https:\/\/internationaleducationcenters.de\/wp-content\/uploads\/2025\/08\/IEC_favicon-1.png\",\"width\":512,\"height\":512,\"caption\":\"International Education Centers\"},\"image\":{\"@id\":\"https:\/\/internationaleducationcenters.de\/tr\/#\/schema\/logo\/image\/\"},\"sameAs\":[\"https:\/\/www.facebook.com\/InternationalEducationCenters\/\"]}]}<\/script>\n<meta property=\"product:price:amount\" content=\"180.00\" \/>\n<meta property=\"product:price:currency\" content=\"EUR\" \/>\n<meta property=\"og:availability\" content=\"instock\" \/>\n<meta property=\"product:availability\" content=\"instock\" \/>\n<meta property=\"product:condition\" content=\"new\" \/>\n<!-- \/ Yoast SEO Premium plugin. -->","yoast_head_json":{"title":"DTZ G\u00f6\u00e7menler i\u00e7in Almanca Testi (G.A.S.T) - International Education Centers","description":"DTZ ile A2 ve B1 seviyelerinde Almanca dil becerilerinizin de\u011ferlendirilmesi. Almanya'daki entegrasyonunuza bug\u00fcn ba\u015flay\u0131n!","robots":{"index":"index","follow":"follow","max-snippet":"max-snippet:-1","max-image-preview":"max-image-preview:large","max-video-preview":"max-video-preview:-1"},"canonical":"https:\/\/internationaleducationcenters.de\/tr\/urun\/a2-b1-goecmenler-icin-almanca-testi-dtz\/","og_locale":"tr_TR","og_type":"article","og_title":"DTZ G\u00f6\u00e7menler i\u00e7in Almanca Testi (G.A.S.T)","og_description":"DTZ ile A2 ve B1 seviyelerinde Almanca dil becerilerinizin de\u011ferlendirilmesi. Almanya'daki entegrasyonunuza bug\u00fcn ba\u015flay\u0131n!","og_url":"https:\/\/internationaleducationcenters.de\/tr\/urun\/a2-b1-goecmenler-icin-almanca-testi-dtz\/","og_site_name":"International Education Centers","article_publisher":"https:\/\/www.facebook.com\/InternationalEducationCenters\/","article_modified_time":"2025-12-09T13:33:38+00:00","og_image":[{"width":300,"height":200,"url":"https:\/\/internationaleducationcenters.de\/wp-content\/uploads\/2024\/03\/Deutschkurs-Online.jpg","type":"image\/jpeg"}],"twitter_card":"summary_large_image","twitter_misc":{"Fiyat":"180,00&nbsp;&euro;","Durumu":"Stokta var"},"schema":{"@context":"https:\/\/schema.org","@graph":[{"@type":"WebPage","@id":"https:\/\/internationaleducationcenters.de\/tr\/urun\/a2-b1-goecmenler-icin-almanca-testi-dtz\/","url":"https:\/\/internationaleducationcenters.de\/tr\/urun\/a2-b1-goecmenler-icin-almanca-testi-dtz\/","name":"DTZ G\u00f6\u00e7menler i\u00e7in Almanca Testi (G.A.S.T) - International Education Centers","isPartOf":{"@id":"https:\/\/internationaleducationcenters.de\/tr\/#website"},"primaryImageOfPage":{"@id":"https:\/\/internationaleducationcenters.de\/tr\/urun\/a2-b1-goecmenler-icin-almanca-testi-dtz\/#primaryimage"},"image":{"@id":"https:\/\/internationaleducationcenters.de\/tr\/urun\/a2-b1-goecmenler-icin-almanca-testi-dtz\/#primaryimage"},"thumbnailUrl":"https:\/\/internationaleducationcenters.de\/wp-content\/uploads\/2024\/03\/Deutschkurs-Online.jpg","datePublished":"2024-01-05T09:50:39+00:00","dateModified":"2025-12-09T13:33:38+00:00","description":"DTZ ile A2 ve B1 seviyelerinde Almanca dil becerilerinizin de\u011ferlendirilmesi. Almanya'daki entegrasyonunuza bug\u00fcn ba\u015flay\u0131n!","breadcrumb":{"@id":"https:\/\/internationaleducationcenters.de\/tr\/urun\/a2-b1-goecmenler-icin-almanca-testi-dtz\/#breadcrumb"},"inLanguage":"tr","potentialAction":[{"@type":"ReadAction","target":["https:\/\/internationaleducationcenters.de\/tr\/urun\/a2-b1-goecmenler-icin-almanca-testi-dtz\/"]}]},{"@type":"ImageObject","inLanguage":"tr","@id":"https:\/\/internationaleducationcenters.de\/tr\/urun\/a2-b1-goecmenler-icin-almanca-testi-dtz\/#primaryimage","url":"https:\/\/internationaleducationcenters.de\/wp-content\/uploads\/2024\/03\/Deutschkurs-Online.jpg","contentUrl":"https:\/\/internationaleducationcenters.de\/wp-content\/uploads\/2024\/03\/Deutschkurs-Online.jpg","width":300,"height":200,"caption":"DTZ Deutsch-Test f\u00fcr Zuwanderer (G.A.S.T) mit IEC"},{"@type":"BreadcrumbList","@id":"https:\/\/internationaleducationcenters.de\/tr\/urun\/a2-b1-goecmenler-icin-almanca-testi-dtz\/#breadcrumb","itemListElement":[{"@type":"ListItem","position":1,"name":"Home","item":"https:\/\/internationaleducationcenters.de\/tr\/"},{"@type":"ListItem","position":2,"name":"Ma\u011faza","item":"https:\/\/internationaleducationcenters.de\/tr\/shop\/"},{"@type":"ListItem","position":3,"name":"DTZ G\u00f6\u00e7menler i\u00e7in Almanca Testi (G.A.S.T)"}]},{"@type":"WebSite","@id":"https:\/\/internationaleducationcenters.de\/tr\/#website","url":"https:\/\/internationaleducationcenters.de\/tr\/","name":"International Education Centers","description":"","publisher":{"@id":"https:\/\/internationaleducationcenters.de\/tr\/#organization"},"potentialAction":[{"@type":"SearchAction","target":{"@type":"EntryPoint","urlTemplate":"https:\/\/internationaleducationcenters.de\/tr\/?s={search_term_string}"},"query-input":{"@type":"PropertyValueSpecification","valueRequired":true,"valueName":"search_term_string"}}],"inLanguage":"tr"},{"@type":"Organization","@id":"https:\/\/internationaleducationcenters.de\/tr\/#organization","name":"International Education Centers","alternateName":"IEC","url":"https:\/\/internationaleducationcenters.de\/tr\/","logo":{"@type":"ImageObject","inLanguage":"tr","@id":"https:\/\/internationaleducationcenters.de\/tr\/#\/schema\/logo\/image\/","url":"https:\/\/internationaleducationcenters.de\/wp-content\/uploads\/2025\/08\/IEC_favicon-1.png","contentUrl":"https:\/\/internationaleducationcenters.de\/wp-content\/uploads\/2025\/08\/IEC_favicon-1.png","width":512,"height":512,"caption":"International Education Centers"},"image":{"@id":"https:\/\/internationaleducationcenters.de\/tr\/#\/schema\/logo\/image\/"},"sameAs":["https:\/\/www.facebook.com\/InternationalEducationCenters\/"]}]},"product_price_amount":"180.00","product_price_currency":"EUR","og_availability":"instock","product_availability":"instock","product_condition":"new"},"_links":{"self":[{"href":"https:\/\/internationaleducationcenters.de\/tr\/wp-json\/wp\/v2\/product\/4130","targetHints":{"allow":["GET"]}}],"collection":[{"href":"https:\/\/internationaleducationcenters.de\/tr\/wp-json\/wp\/v2\/product"}],"about":[{"href":"https:\/\/internationaleducationcenters.de\/tr\/wp-json\/wp\/v2\/types\/product"}],"replies":[{"embeddable":true,"href":"https:\/\/internationaleducationcenters.de\/tr\/wp-json\/wp\/v2\/comments?post=4130"}],"version-history":[{"count":5,"href":"https:\/\/internationaleducationcenters.de\/tr\/wp-json\/wp\/v2\/product\/4130\/revisions"}],"predecessor-version":[{"id":23058,"href":"https:\/\/internationaleducationcenters.de\/tr\/wp-json\/wp\/v2\/product\/4130\/revisions\/23058"}],"wp:featuredmedia":[{"embeddable":true,"href":"https:\/\/internationaleducationcenters.de\/tr\/wp-json\/wp\/v2\/media\/7456"}],"wp:attachment":[{"href":"https:\/\/internationaleducationcenters.de\/tr\/wp-json\/wp\/v2\/media?parent=4130"}],"wp:term":[{"taxonomy":"product_brand","embeddable":true,"href":"https:\/\/internationaleducationcenters.de\/tr\/wp-json\/wp\/v2\/product_brand?post=4130"},{"taxonomy":"product_cat","embeddable":true,"href":"https:\/\/internationaleducationcenters.de\/tr\/wp-json\/wp\/v2\/product_cat?post=4130"},{"taxonomy":"product_tag","embeddable":true,"href":"https:\/\/internationaleducationcenters.de\/tr\/wp-json\/wp\/v2\/product_tag?post=4130"}],"curies":[{"name":"wp","href":"https:\/\/api.w.org\/{rel}","templated":true}]}}