{"id":4174,"date":"2024-01-04T14:37:34","date_gmt":"2024-01-04T13:37:34","guid":{"rendered":"https:\/\/internationaleducationcenters.de\/kurs\/kadinlara-ve-ebeveynlere-yoenelik-entegrasyon-kurslari\/"},"modified":"2025-12-01T12:06:41","modified_gmt":"2025-12-01T11:06:41","slug":"kadinlara-ve-ebeveynlere-yoenelik-entegrasyon-kurslari","status":"publish","type":"product","link":"https:\/\/internationaleducationcenters.de\/tr\/urun\/kadinlara-ve-ebeveynlere-yoenelik-entegrasyon-kurslari\/","title":{"rendered":"Kad\u0131nlara ve ebeveynlere y\u00f6nelik entegrasyon kurslar\u0131"},"content":{"rendered":"\t\t<div data-elementor-type=\"product-post\" data-elementor-id=\"4174\" class=\"elementor elementor-4174 elementor-637\" data-elementor-post-type=\"product\">\n\t\t\t\t<div class=\"elementor-element elementor-element-57beb750 e-flex e-con-boxed e-con e-parent\" data-id=\"57beb750\" data-element_type=\"container\" data-e-type=\"container\">\n\t\t\t\t\t<div class=\"e-con-inner\">\n\t\t\t\t<div class=\"elementor-element elementor-element-11d97f6d elementor-widget elementor-widget-text-editor\" data-id=\"11d97f6d\" data-element_type=\"widget\" data-e-type=\"widget\" data-widget_type=\"text-editor.default\">\n\t\t\t\t<div class=\"elementor-widget-container\">\n\t\t\t\t\t\t\t\t\t<p>Size sadece Almanca \u00f6\u011fretmeyi de\u011fil, ayn\u0131 zamanda Alman e\u011fitim sistemi ve sosyal kat\u0131l\u0131m hakk\u0131nda kapsaml\u0131 bilgi vermeyi ama\u00e7layan \u00f6zel olarak tasarlanm\u0131\u015f kad\u0131n ve ebeveyn entegrasyon kurslar\u0131m\u0131z\u0131 ke\u015ffedin. Bu kurslar, ebeveynlerin, \u00f6zellikle de kad\u0131nlar\u0131n dil becerilerini geli\u015ftirmeleri ve ayn\u0131 zamanda \u00e7ocuklar\u0131n\u0131n e\u011fitim ve yeti\u015ftirilmesinde aktif bir rol oynamalar\u0131 i\u00e7in m\u00fckemmel bir f\u0131rsatt\u0131r.<\/p><h4>Kad\u0131n ve ebeveyn entegrasyon kurslar\u0131 &#8211; genel bak\u0131\u015f<\/h4><p><strong>Hedef grup:<\/strong> Bu program, \u00e7ocuklar\u0131na ev \u00f6devlerinde yard\u0131mc\u0131 olabilmek i\u00e7in Almanca dil becerilerini geli\u015ftirmek isteyen ebeveynlere ve \u00e7e\u015fitli nedenlerle Almanca kursuna kat\u0131lamayan veya kat\u0131lmak istemeyen kad\u0131nlara y\u00f6neliktir.<\/p><p><strong>Kurs i\u00e7eri\u011fi ve yap\u0131s\u0131:<\/strong><\/p><ul><li><strong>Dil kursu:<\/strong> Di\u011fer kad\u0131nlarla birlikte \u00f6\u011frenmek isteyen kad\u0131nlar ve Alman e\u011fitim sistemini tan\u0131mak isteyen ebeveynler i\u00e7in 900 derse kadar. Al\u0131\u015fveri\u015f ve toplu ta\u015f\u0131ma ara\u00e7lar\u0131ndan ebeveyn ak\u015famlar\u0131na ve doktor ziyaretlerine kadar g\u00fcnl\u00fck durumlarla ba\u015fa \u00e7\u0131kmay\u0131 \u00f6\u011frenirler.<\/li><li><strong>Oryantasyon kursu:<\/strong> Alman hukuk sistemi, k\u00fclt\u00fcr\u00fc, tarihi ve toplum de\u011ferlerini ele alan 100 ders \u00fcnitesi. E\u015fitlik, ho\u015fg\u00f6r\u00fc ve \u00f6zg\u00fcrl\u00fck konular\u0131na \u00f6zel \u00f6nem verilmektedir.<\/li><\/ul><p><strong>\u00d6zel \u00f6zellikler:<\/strong><\/p><ul><li>Ebeveynler i\u00e7in: anaokullar\u0131n\u0131 ve okullar\u0131 tan\u0131ma, e\u011fitimciler\/\u00f6\u011fretmenler ve di\u011fer ebeveynlerle a\u011f kurma, e\u011fitim sistemi ve destek se\u00e7enekleri hakk\u0131nda fikir edinme.<\/li><li>Kad\u0131nlar i\u00e7in: Aile, \u00e7ocuk ve gen\u00e7lik konular\u0131nda \u00f6zel dan\u0131\u015fmanl\u0131k ve Almanya&#8217;daki i\u015f ve kariyer olanaklar\u0131 hakk\u0131nda bilgi.<\/li><\/ul><p><strong>Kat\u0131l\u0131m \u015fartlar\u0131:<\/strong><\/p><ul><li>En az 16 ya\u015f.<\/li><li>Kad\u0131nlar i\u00e7in: Bir veya daha fazla 18 ya\u015f alt\u0131 \u00e7ocuk; Almanya&#8217;da s\u00fcrekli ya\u015fayan yabanc\u0131 kad\u0131nlar i\u00e7in oturma izni; etnik Alman geri d\u00f6n\u00fc\u015f\u00e7\u00fcler ve e\u015fleri; Almanya&#8217;da kalma ihtimali y\u00fcksek olan s\u0131\u011f\u0131nmac\u0131lar veya i\u015f piyasas\u0131na yak\u0131n s\u0131\u011f\u0131nmac\u0131lar; yeterli Almanca bilgisi olmayan AB vatanda\u015flar\u0131 ve Alman vatanda\u015flar\u0131.<\/li><\/ul><p><strong>Masraflar:<\/strong><\/p><ul><li>Kurs, uygun kat\u0131l\u0131mc\u0131lar i\u00e7in \u00fccretsizdir. Di\u011fer kat\u0131l\u0131mc\u0131lar ders ba\u015f\u0131na 2,29 Euro \u00fccret \u00f6demektedir. Belirli ko\u015fullar alt\u0131nda \u00fccretlerin k\u0131smi iadesi m\u00fcmk\u00fcnd\u00fcr.<\/li><\/ul><h4>Sizin yarar\u0131n\u0131za<\/h4><p>Bu kursa kat\u0131larak sadece dil becerilerinizi geli\u015ftirmekle kalmayacak, ayn\u0131 zamanda sizin ve ailenizin Almanya&#8217;ya daha iyi entegre olman\u0131za ve kat\u0131lman\u0131za yard\u0131mc\u0131 olacak Alman e\u011fitim sistemi hakk\u0131nda \u00f6nemli bilgiler edineceksiniz. Benzer zorluklar\u0131n \u00fcstesinden gelmek isteyen di\u011fer ebeveynler ve kad\u0131nlarla bir a\u011f kurar ve sosyal hayata aktif olarak kat\u0131lmak i\u00e7in \u00f6zg\u00fcveninizi g\u00fc\u00e7lendirirsiniz.<\/p><p>Bu kurslar, Alman toplumuna entegrasyonu kolayla\u015ft\u0131rmay\u0131 ve te\u015fvik etmeyi ama\u00e7layan kapsaml\u0131 bir \u00f6\u011frenme, de\u011fi\u015fim ve destek platformu sunmaktad\u0131r. Kendinizi daha da geli\u015ftirme f\u0131rsat\u0131n\u0131 de\u011ferlendirin ve kay\u0131t ve kat\u0131l\u0131m ko\u015fullar\u0131 hakk\u0131nda daha fazla bilgi edinmek i\u00e7in bizimle ileti\u015fime ge\u00e7in.<\/p>\t\t\t\t\t\t\t\t<\/div>\n\t\t\t\t<\/div>\n\t\t\t\t\t<\/div>\n\t\t\t\t<\/div>\n\t\t\t\t<\/div>\n\t\t","protected":false},"excerpt":{"rendered":"<p>Kad\u0131nlar\u0131n ve ebeveynlerin topluma ba\u015far\u0131l\u0131 bir \u015fekilde entegre olmalar\u0131 i\u00e7in hedefe y\u00f6nelik destek.<\/p>\n","protected":false},"featured_media":7416,"comment_status":"closed","ping_status":"closed","template":"","meta":{"_acf_changed":false},"product_brand":[],"product_cat":[184],"product_tag":[185,186],"class_list":{"0":"post-4174","1":"product","2":"type-product","3":"status-publish","4":"has-post-thumbnail","6":"product_cat-bamf-destekli-almanca-kurslari","7":"product_tag-bamf-destekli-almanca-kurslari","8":"product_tag-buyoption-external-redirect-tr","10":"first","11":"instock","12":"taxable","13":"shipping-taxable","14":"purchasable","15":"product-type-simple"},"acf":[],"yoast_head":"<!-- This site is optimized with the Yoast SEO Premium plugin v25.9 (Yoast SEO v26.9) - https:\/\/yoast.com\/product\/yoast-seo-premium-wordpress\/ -->\n<title>Kad\u0131nlara ve ebeveynlere y\u00f6nelik entegrasyon kurslar\u0131 - International Education Centers<\/title>\n<meta name=\"description\" content=\"Kad\u0131nlara ve ebeveynlere y\u00f6nelik entegrasyon kurslar\u0131m\u0131zla Almanca dil becerilerinizi geli\u015ftirin ve Alman e\u011fitim sistemini tan\u0131y\u0131n. \u015eimdi kaydolun!\" \/>\n<meta name=\"robots\" content=\"index, follow, max-snippet:-1, max-image-preview:large, max-video-preview:-1\" \/>\n<link rel=\"canonical\" href=\"https:\/\/internationaleducationcenters.de\/tr\/urun\/kadinlara-ve-ebeveynlere-yoenelik-entegrasyon-kurslari\/\" \/>\n<meta property=\"og:locale\" content=\"tr_TR\" \/>\n<meta property=\"og:type\" content=\"article\" \/>\n<meta property=\"og:title\" content=\"Kad\u0131nlara ve ebeveynlere y\u00f6nelik entegrasyon kurslar\u0131\" \/>\n<meta property=\"og:description\" content=\"Kad\u0131nlara ve ebeveynlere y\u00f6nelik entegrasyon kurslar\u0131m\u0131zla Almanca dil becerilerinizi geli\u015ftirin ve Alman e\u011fitim sistemini tan\u0131y\u0131n. \u015eimdi kaydolun!\" \/>\n<meta property=\"og:url\" content=\"https:\/\/internationaleducationcenters.de\/tr\/urun\/kadinlara-ve-ebeveynlere-yoenelik-entegrasyon-kurslari\/\" \/>\n<meta property=\"og:site_name\" content=\"International Education Centers\" \/>\n<meta property=\"article:publisher\" content=\"https:\/\/www.facebook.com\/InternationalEducationCenters\/\" \/>\n<meta property=\"article:modified_time\" content=\"2025-12-01T11:06:41+00:00\" \/>\n<meta property=\"og:image\" content=\"https:\/\/internationaleducationcenters.de\/wp-content\/uploads\/2024\/03\/Elternkurs.jpg\" \/>\n\t<meta property=\"og:image:width\" content=\"300\" \/>\n\t<meta property=\"og:image:height\" content=\"200\" \/>\n\t<meta property=\"og:image:type\" content=\"image\/jpeg\" \/>\n<meta name=\"twitter:card\" content=\"summary_large_image\" \/>\n<meta name=\"twitter:label1\" content=\"Fiyat\" \/>\n\t<meta name=\"twitter:data1\" content=\"485,00&nbsp;&euro;\" \/>\n\t<meta name=\"twitter:label2\" content=\"Durumu\" \/>\n\t<meta name=\"twitter:data2\" content=\"Stokta var\" \/>\n<script type=\"application\/ld+json\" class=\"yoast-schema-graph\">{\"@context\":\"https:\/\/schema.org\",\"@graph\":[{\"@type\":\"WebPage\",\"@id\":\"https:\/\/internationaleducationcenters.de\/tr\/urun\/kadinlara-ve-ebeveynlere-yoenelik-entegrasyon-kurslari\/\",\"url\":\"https:\/\/internationaleducationcenters.de\/tr\/urun\/kadinlara-ve-ebeveynlere-yoenelik-entegrasyon-kurslari\/\",\"name\":\"Kad\u0131nlara ve ebeveynlere y\u00f6nelik entegrasyon kurslar\u0131 - International Education Centers\",\"isPartOf\":{\"@id\":\"https:\/\/internationaleducationcenters.de\/tr\/#website\"},\"primaryImageOfPage\":{\"@id\":\"https:\/\/internationaleducationcenters.de\/tr\/urun\/kadinlara-ve-ebeveynlere-yoenelik-entegrasyon-kurslari\/#primaryimage\"},\"image\":{\"@id\":\"https:\/\/internationaleducationcenters.de\/tr\/urun\/kadinlara-ve-ebeveynlere-yoenelik-entegrasyon-kurslari\/#primaryimage\"},\"thumbnailUrl\":\"https:\/\/internationaleducationcenters.de\/wp-content\/uploads\/2024\/03\/Elternkurs.jpg\",\"datePublished\":\"2024-01-04T13:37:34+00:00\",\"dateModified\":\"2025-12-01T11:06:41+00:00\",\"description\":\"Kad\u0131nlara ve ebeveynlere y\u00f6nelik entegrasyon kurslar\u0131m\u0131zla Almanca dil becerilerinizi geli\u015ftirin ve Alman e\u011fitim sistemini tan\u0131y\u0131n. \u015eimdi kaydolun!\",\"breadcrumb\":{\"@id\":\"https:\/\/internationaleducationcenters.de\/tr\/urun\/kadinlara-ve-ebeveynlere-yoenelik-entegrasyon-kurslari\/#breadcrumb\"},\"inLanguage\":\"tr\",\"potentialAction\":[{\"@type\":\"ReadAction\",\"target\":[\"https:\/\/internationaleducationcenters.de\/tr\/urun\/kadinlara-ve-ebeveynlere-yoenelik-entegrasyon-kurslari\/\"]}]},{\"@type\":\"ImageObject\",\"inLanguage\":\"tr\",\"@id\":\"https:\/\/internationaleducationcenters.de\/tr\/urun\/kadinlara-ve-ebeveynlere-yoenelik-entegrasyon-kurslari\/#primaryimage\",\"url\":\"https:\/\/internationaleducationcenters.de\/wp-content\/uploads\/2024\/03\/Elternkurs.jpg\",\"contentUrl\":\"https:\/\/internationaleducationcenters.de\/wp-content\/uploads\/2024\/03\/Elternkurs.jpg\",\"width\":300,\"height\":200,\"caption\":\"Integration f\u00fcr Frauen und Eltern\"},{\"@type\":\"BreadcrumbList\",\"@id\":\"https:\/\/internationaleducationcenters.de\/tr\/urun\/kadinlara-ve-ebeveynlere-yoenelik-entegrasyon-kurslari\/#breadcrumb\",\"itemListElement\":[{\"@type\":\"ListItem\",\"position\":1,\"name\":\"Home\",\"item\":\"https:\/\/internationaleducationcenters.de\/tr\/\"},{\"@type\":\"ListItem\",\"position\":2,\"name\":\"Ma\u011faza\",\"item\":\"https:\/\/internationaleducationcenters.de\/tr\/shop\/\"},{\"@type\":\"ListItem\",\"position\":3,\"name\":\"Kad\u0131nlara ve ebeveynlere y\u00f6nelik entegrasyon kurslar\u0131\"}]},{\"@type\":\"WebSite\",\"@id\":\"https:\/\/internationaleducationcenters.de\/tr\/#website\",\"url\":\"https:\/\/internationaleducationcenters.de\/tr\/\",\"name\":\"International Education Centers\",\"description\":\"\",\"publisher\":{\"@id\":\"https:\/\/internationaleducationcenters.de\/tr\/#organization\"},\"potentialAction\":[{\"@type\":\"SearchAction\",\"target\":{\"@type\":\"EntryPoint\",\"urlTemplate\":\"https:\/\/internationaleducationcenters.de\/tr\/?s={search_term_string}\"},\"query-input\":{\"@type\":\"PropertyValueSpecification\",\"valueRequired\":true,\"valueName\":\"search_term_string\"}}],\"inLanguage\":\"tr\"},{\"@type\":\"Organization\",\"@id\":\"https:\/\/internationaleducationcenters.de\/tr\/#organization\",\"name\":\"International Education Centers\",\"alternateName\":\"IEC\",\"url\":\"https:\/\/internationaleducationcenters.de\/tr\/\",\"logo\":{\"@type\":\"ImageObject\",\"inLanguage\":\"tr\",\"@id\":\"https:\/\/internationaleducationcenters.de\/tr\/#\/schema\/logo\/image\/\",\"url\":\"https:\/\/internationaleducationcenters.de\/wp-content\/uploads\/2025\/08\/IEC_favicon-1.png\",\"contentUrl\":\"https:\/\/internationaleducationcenters.de\/wp-content\/uploads\/2025\/08\/IEC_favicon-1.png\",\"width\":512,\"height\":512,\"caption\":\"International Education Centers\"},\"image\":{\"@id\":\"https:\/\/internationaleducationcenters.de\/tr\/#\/schema\/logo\/image\/\"},\"sameAs\":[\"https:\/\/www.facebook.com\/InternationalEducationCenters\/\"]}]}<\/script>\n<meta property=\"product:price:amount\" content=\"485.00\" \/>\n<meta property=\"product:price:currency\" content=\"EUR\" \/>\n<meta property=\"og:availability\" content=\"instock\" \/>\n<meta property=\"product:availability\" content=\"instock\" \/>\n<meta property=\"product:condition\" content=\"new\" \/>\n<!-- \/ Yoast SEO Premium plugin. -->","yoast_head_json":{"title":"Kad\u0131nlara ve ebeveynlere y\u00f6nelik entegrasyon kurslar\u0131 - International Education Centers","description":"Kad\u0131nlara ve ebeveynlere y\u00f6nelik entegrasyon kurslar\u0131m\u0131zla Almanca dil becerilerinizi geli\u015ftirin ve Alman e\u011fitim sistemini tan\u0131y\u0131n. \u015eimdi kaydolun!","robots":{"index":"index","follow":"follow","max-snippet":"max-snippet:-1","max-image-preview":"max-image-preview:large","max-video-preview":"max-video-preview:-1"},"canonical":"https:\/\/internationaleducationcenters.de\/tr\/urun\/kadinlara-ve-ebeveynlere-yoenelik-entegrasyon-kurslari\/","og_locale":"tr_TR","og_type":"article","og_title":"Kad\u0131nlara ve ebeveynlere y\u00f6nelik entegrasyon kurslar\u0131","og_description":"Kad\u0131nlara ve ebeveynlere y\u00f6nelik entegrasyon kurslar\u0131m\u0131zla Almanca dil becerilerinizi geli\u015ftirin ve Alman e\u011fitim sistemini tan\u0131y\u0131n. \u015eimdi kaydolun!","og_url":"https:\/\/internationaleducationcenters.de\/tr\/urun\/kadinlara-ve-ebeveynlere-yoenelik-entegrasyon-kurslari\/","og_site_name":"International Education Centers","article_publisher":"https:\/\/www.facebook.com\/InternationalEducationCenters\/","article_modified_time":"2025-12-01T11:06:41+00:00","og_image":[{"width":300,"height":200,"url":"https:\/\/internationaleducationcenters.de\/wp-content\/uploads\/2024\/03\/Elternkurs.jpg","type":"image\/jpeg"}],"twitter_card":"summary_large_image","twitter_misc":{"Fiyat":"485,00&nbsp;&euro;","Durumu":"Stokta var"},"schema":{"@context":"https:\/\/schema.org","@graph":[{"@type":"WebPage","@id":"https:\/\/internationaleducationcenters.de\/tr\/urun\/kadinlara-ve-ebeveynlere-yoenelik-entegrasyon-kurslari\/","url":"https:\/\/internationaleducationcenters.de\/tr\/urun\/kadinlara-ve-ebeveynlere-yoenelik-entegrasyon-kurslari\/","name":"Kad\u0131nlara ve ebeveynlere y\u00f6nelik entegrasyon kurslar\u0131 - International Education Centers","isPartOf":{"@id":"https:\/\/internationaleducationcenters.de\/tr\/#website"},"primaryImageOfPage":{"@id":"https:\/\/internationaleducationcenters.de\/tr\/urun\/kadinlara-ve-ebeveynlere-yoenelik-entegrasyon-kurslari\/#primaryimage"},"image":{"@id":"https:\/\/internationaleducationcenters.de\/tr\/urun\/kadinlara-ve-ebeveynlere-yoenelik-entegrasyon-kurslari\/#primaryimage"},"thumbnailUrl":"https:\/\/internationaleducationcenters.de\/wp-content\/uploads\/2024\/03\/Elternkurs.jpg","datePublished":"2024-01-04T13:37:34+00:00","dateModified":"2025-12-01T11:06:41+00:00","description":"Kad\u0131nlara ve ebeveynlere y\u00f6nelik entegrasyon kurslar\u0131m\u0131zla Almanca dil becerilerinizi geli\u015ftirin ve Alman e\u011fitim sistemini tan\u0131y\u0131n. \u015eimdi kaydolun!","breadcrumb":{"@id":"https:\/\/internationaleducationcenters.de\/tr\/urun\/kadinlara-ve-ebeveynlere-yoenelik-entegrasyon-kurslari\/#breadcrumb"},"inLanguage":"tr","potentialAction":[{"@type":"ReadAction","target":["https:\/\/internationaleducationcenters.de\/tr\/urun\/kadinlara-ve-ebeveynlere-yoenelik-entegrasyon-kurslari\/"]}]},{"@type":"ImageObject","inLanguage":"tr","@id":"https:\/\/internationaleducationcenters.de\/tr\/urun\/kadinlara-ve-ebeveynlere-yoenelik-entegrasyon-kurslari\/#primaryimage","url":"https:\/\/internationaleducationcenters.de\/wp-content\/uploads\/2024\/03\/Elternkurs.jpg","contentUrl":"https:\/\/internationaleducationcenters.de\/wp-content\/uploads\/2024\/03\/Elternkurs.jpg","width":300,"height":200,"caption":"Integration f\u00fcr Frauen und Eltern"},{"@type":"BreadcrumbList","@id":"https:\/\/internationaleducationcenters.de\/tr\/urun\/kadinlara-ve-ebeveynlere-yoenelik-entegrasyon-kurslari\/#breadcrumb","itemListElement":[{"@type":"ListItem","position":1,"name":"Home","item":"https:\/\/internationaleducationcenters.de\/tr\/"},{"@type":"ListItem","position":2,"name":"Ma\u011faza","item":"https:\/\/internationaleducationcenters.de\/tr\/shop\/"},{"@type":"ListItem","position":3,"name":"Kad\u0131nlara ve ebeveynlere y\u00f6nelik entegrasyon kurslar\u0131"}]},{"@type":"WebSite","@id":"https:\/\/internationaleducationcenters.de\/tr\/#website","url":"https:\/\/internationaleducationcenters.de\/tr\/","name":"International Education Centers","description":"","publisher":{"@id":"https:\/\/internationaleducationcenters.de\/tr\/#organization"},"potentialAction":[{"@type":"SearchAction","target":{"@type":"EntryPoint","urlTemplate":"https:\/\/internationaleducationcenters.de\/tr\/?s={search_term_string}"},"query-input":{"@type":"PropertyValueSpecification","valueRequired":true,"valueName":"search_term_string"}}],"inLanguage":"tr"},{"@type":"Organization","@id":"https:\/\/internationaleducationcenters.de\/tr\/#organization","name":"International Education Centers","alternateName":"IEC","url":"https:\/\/internationaleducationcenters.de\/tr\/","logo":{"@type":"ImageObject","inLanguage":"tr","@id":"https:\/\/internationaleducationcenters.de\/tr\/#\/schema\/logo\/image\/","url":"https:\/\/internationaleducationcenters.de\/wp-content\/uploads\/2025\/08\/IEC_favicon-1.png","contentUrl":"https:\/\/internationaleducationcenters.de\/wp-content\/uploads\/2025\/08\/IEC_favicon-1.png","width":512,"height":512,"caption":"International Education Centers"},"image":{"@id":"https:\/\/internationaleducationcenters.de\/tr\/#\/schema\/logo\/image\/"},"sameAs":["https:\/\/www.facebook.com\/InternationalEducationCenters\/"]}]},"product_price_amount":"485.00","product_price_currency":"EUR","og_availability":"instock","product_availability":"instock","product_condition":"new"},"_links":{"self":[{"href":"https:\/\/internationaleducationcenters.de\/tr\/wp-json\/wp\/v2\/product\/4174","targetHints":{"allow":["GET"]}}],"collection":[{"href":"https:\/\/internationaleducationcenters.de\/tr\/wp-json\/wp\/v2\/product"}],"about":[{"href":"https:\/\/internationaleducationcenters.de\/tr\/wp-json\/wp\/v2\/types\/product"}],"replies":[{"embeddable":true,"href":"https:\/\/internationaleducationcenters.de\/tr\/wp-json\/wp\/v2\/comments?post=4174"}],"version-history":[{"count":4,"href":"https:\/\/internationaleducationcenters.de\/tr\/wp-json\/wp\/v2\/product\/4174\/revisions"}],"predecessor-version":[{"id":21797,"href":"https:\/\/internationaleducationcenters.de\/tr\/wp-json\/wp\/v2\/product\/4174\/revisions\/21797"}],"wp:featuredmedia":[{"embeddable":true,"href":"https:\/\/internationaleducationcenters.de\/tr\/wp-json\/wp\/v2\/media\/7416"}],"wp:attachment":[{"href":"https:\/\/internationaleducationcenters.de\/tr\/wp-json\/wp\/v2\/media?parent=4174"}],"wp:term":[{"taxonomy":"product_brand","embeddable":true,"href":"https:\/\/internationaleducationcenters.de\/tr\/wp-json\/wp\/v2\/product_brand?post=4174"},{"taxonomy":"product_cat","embeddable":true,"href":"https:\/\/internationaleducationcenters.de\/tr\/wp-json\/wp\/v2\/product_cat?post=4174"},{"taxonomy":"product_tag","embeddable":true,"href":"https:\/\/internationaleducationcenters.de\/tr\/wp-json\/wp\/v2\/product_tag?post=4174"}],"curies":[{"name":"wp","href":"https:\/\/api.w.org\/{rel}","templated":true}]}}