{"id":4182,"date":"2024-01-04T14:36:54","date_gmt":"2024-01-04T13:36:54","guid":{"rendered":"https:\/\/internationaleducationcenters.de\/kurs\/okuryazarlik-kurslari\/"},"modified":"2025-12-01T14:13:10","modified_gmt":"2025-12-01T13:13:10","slug":"okuryazarlik-kurslari","status":"publish","type":"product","link":"https:\/\/internationaleducationcenters.de\/tr\/urun\/okuryazarlik-kurslari\/","title":{"rendered":"Okuryazarl\u0131k kurslar\u0131"},"content":{"rendered":"\t\t<div data-elementor-type=\"product-post\" data-elementor-id=\"4182\" class=\"elementor elementor-4182 elementor-633\" data-elementor-post-type=\"product\">\n\t\t\t\t<div class=\"elementor-element elementor-element-25c80813 e-flex e-con-boxed e-con e-parent\" data-id=\"25c80813\" data-element_type=\"container\" data-e-type=\"container\">\n\t\t\t\t\t<div class=\"e-con-inner\">\n\t\t\t\t<div class=\"elementor-element elementor-element-62ed1d03 elementor-widget elementor-widget-text-editor\" data-id=\"62ed1d03\" data-element_type=\"widget\" data-e-type=\"widget\" data-widget_type=\"text-editor.default\">\n\t\t\t\t<div class=\"elementor-widget-container\">\n\t\t\t\t\t\t\t\t\t<p>Okuma yazma kurslar\u0131, \u00e7e\u015fitli nedenlerle okuma yazma \u00f6\u011frenememi\u015f yeti\u015fkinler i\u00e7in sosyal hayata entegrasyon ve kat\u0131l\u0131m i\u00e7in \u00f6nemli bir k\u00f6pr\u00fcd\u00fcr. Bu kurslar hem Almanya&#8217;da do\u011fmu\u015f ki\u015filere hem de Almanca \u00f6\u011frenirken ayn\u0131 zamanda Latin yaz\u0131 sistemini tan\u0131mak gibi ek bir zorlukla kar\u015f\u0131la\u015fan g\u00f6\u00e7menlere y\u00f6neliktir.<\/p><h4>Hedef grup<\/h4><ul><li>Okuma ve yazmay\u0131 hi\u00e7 \u00f6\u011frenmemi\u015f insanlar.<\/li><li>Okuma ve yazma becerilerini geli\u015ftirmek isteyen ki\u015filer.<\/li><li>Okuma ve yazman\u0131n yan\u0131 s\u0131ra Almanca dil becerilerini geli\u015ftirmek isteyen ki\u015filer.<\/li><li>Almanya&#8217;daki g\u00fcnl\u00fck ya\u015fama daha g\u00fcvenli bir \u015fekilde kat\u0131lmak isteyen ki\u015filer.<\/li><\/ul><h4>Kurs i\u00e7eri\u011fi<\/h4><p>Okuma yazma kurslar\u0131nda kat\u0131l\u0131mc\u0131lar 1.200&#8217;e varan ders \u00fcnitesinde sadece Latin yaz\u0131 sisteminde okuma yazma \u00f6\u011frenmekle kalm\u0131yor, ayn\u0131 zamanda Almanca dil bilgisi de ediniyor. Odak noktas\u0131 sadece dil \u00f6\u011fretimi de\u011fil, ayn\u0131 zamanda kat\u0131l\u0131mc\u0131lar\u0131n ba\u011f\u0131ms\u0131z olarak \u00f6\u011frenmeye devam etmelerine ve birbirlerini desteklemelerine yard\u0131mc\u0131 olan \u00f6\u011frenme stratejilerini te\u015fvik etmektir.<\/p><h4>Ama\u00e7<\/h4><p>Bu kurslar\u0131n temel amac\u0131, kat\u0131l\u0131mc\u0131lara g\u00fcnl\u00fck ya\u015famla ba\u015fa \u00e7\u0131kabilmeleri ve topluma aktif olarak kat\u0131labilmeleri i\u00e7in ihtiya\u00e7 duyduklar\u0131 ara\u00e7lar\u0131 sa\u011flamakt\u0131r. Ama\u00e7, kat\u0131l\u0131mc\u0131lar\u0131n \u00f6zg\u00fcvenlerini art\u0131rmak ve onlara kendilerinin de topluma de\u011ferli katk\u0131larda bulunabileceklerini g\u00f6stermektir.<\/p><h4>Neden bir okuma yazma kursu?<\/h4><ul><li><strong>Entegrasyon ve kat\u0131l\u0131m:<\/strong> Okuma ve yazma becerisi sosyal, profesyonel ve \u00f6zel hayata kat\u0131l\u0131m i\u00e7in temeldir.<\/li><li><strong>Ba\u011f\u0131ms\u0131zl\u0131k:<\/strong> Daha iyi okuma becerileri sayesinde g\u00fcnl\u00fck ya\u015famda ba\u011f\u0131ms\u0131zl\u0131\u011f\u0131n artmas\u0131, \u00f6rne\u011fin sokak tabelalar\u0131n\u0131 okurken, form doldururken veya yaz\u0131l\u0131 bilgileri anlarken.<\/li><li><strong>Kariyer f\u0131rsatlar\u0131:<\/strong> \u0130\u015f talimatlar\u0131n\u0131 ve profesyonel ileti\u015fimi okuma ve anlama becerisi sayesinde kariyer beklentileri artar.<\/li><li><strong>Ki\u015fisel geli\u015fim:<\/strong> kendi becerilerinizi ve bilginizi geni\u015fleterek yeni \u00f6\u011frenme ve ya\u015fama yollar\u0131 ke\u015ffetmek.<\/li><\/ul><p>Bu nedenle okuma yazma kurslar\u0131, okuma yazma \u00f6\u011frenerek ki\u015fisel ve profesyonel olarak geli\u015fmek isteyen ki\u015filer i\u00e7in \u00f6nemli bir ara\u00e7t\u0131r. Sadece temel k\u00fclt\u00fcrel becerileri \u00f6\u011frenme f\u0131rsat\u0131 sunmakla kalmaz, ayn\u0131 zamanda toplumda aktif bir rol oynama ve kendi hayatlar\u0131n\u0131 kendi belirledikleri \u015fekilde \u015fekillendirme \u015fans\u0131 da sunarlar.<\/p>\t\t\t\t\t\t\t\t<\/div>\n\t\t\t\t<\/div>\n\t\t\t\t\t<\/div>\n\t\t\t\t<\/div>\n\t\t\t\t<\/div>\n\t\t","protected":false},"excerpt":{"rendered":"<p>Yeti\u015fkinler i\u00e7in temel okuma ve yazma becerileri. Temel becerilerini geli\u015ftirmek ve g\u00fcnl\u00fck ya\u015famda kendine daha fazla g\u00fcvenmek isteyen herkes i\u00e7in ideal<\/p>\n","protected":false},"featured_media":7601,"comment_status":"closed","ping_status":"closed","template":"","meta":{"_acf_changed":false},"product_brand":[],"product_cat":[184],"product_tag":[185,186],"class_list":{"0":"post-4182","1":"product","2":"type-product","3":"status-publish","4":"has-post-thumbnail","6":"product_cat-bamf-destekli-almanca-kurslari","7":"product_tag-bamf-destekli-almanca-kurslari","8":"product_tag-buyoption-external-redirect-tr","10":"first","11":"instock","12":"taxable","13":"shipping-taxable","14":"purchasable","15":"product-type-simple"},"acf":[],"yoast_head":"<!-- This site is optimized with the Yoast SEO Premium plugin v25.9 (Yoast SEO v26.9) - https:\/\/yoast.com\/product\/yoast-seo-premium-wordpress\/ -->\n<title>Okuryazarl\u0131k kurslar\u0131 - International Education Centers<\/title>\n<meta name=\"description\" content=\"Okuryazarl\u0131k yolculu\u011funuza ba\u015flay\u0131n ve kurslar\u0131m\u0131zda okuma ve yazmay\u0131 \u00f6\u011frenin. Her ya\u015ftan ve her kesimden yeti\u015fkinler i\u00e7in. \u015eimdi kaydolun!\" \/>\n<meta name=\"robots\" content=\"index, follow, max-snippet:-1, max-image-preview:large, max-video-preview:-1\" \/>\n<link rel=\"canonical\" href=\"https:\/\/internationaleducationcenters.de\/tr\/urun\/okuryazarlik-kurslari\/\" \/>\n<meta property=\"og:locale\" content=\"tr_TR\" \/>\n<meta property=\"og:type\" content=\"article\" \/>\n<meta property=\"og:title\" content=\"Okuryazarl\u0131k kurslar\u0131\" \/>\n<meta property=\"og:description\" content=\"Okuryazarl\u0131k yolculu\u011funuza ba\u015flay\u0131n ve kurslar\u0131m\u0131zda okuma ve yazmay\u0131 \u00f6\u011frenin. Her ya\u015ftan ve her kesimden yeti\u015fkinler i\u00e7in. \u015eimdi kaydolun!\" \/>\n<meta property=\"og:url\" content=\"https:\/\/internationaleducationcenters.de\/tr\/urun\/okuryazarlik-kurslari\/\" \/>\n<meta property=\"og:site_name\" content=\"International Education Centers\" \/>\n<meta property=\"article:publisher\" content=\"https:\/\/www.facebook.com\/InternationalEducationCenters\/\" \/>\n<meta property=\"article:modified_time\" content=\"2025-12-01T13:13:10+00:00\" \/>\n<meta property=\"og:image\" content=\"https:\/\/internationaleducationcenters.de\/wp-content\/uploads\/2024\/01\/Alphabetisierungskurs.jpg\" \/>\n\t<meta property=\"og:image:width\" content=\"300\" \/>\n\t<meta property=\"og:image:height\" content=\"200\" \/>\n\t<meta property=\"og:image:type\" content=\"image\/jpeg\" \/>\n<meta name=\"twitter:card\" content=\"summary_large_image\" \/>\n<meta name=\"twitter:label1\" content=\"Fiyat\" \/>\n\t<meta name=\"twitter:data1\" content=\"458,00&nbsp;&euro;\" \/>\n\t<meta name=\"twitter:label2\" content=\"Durumu\" \/>\n\t<meta name=\"twitter:data2\" content=\"Stokta var\" \/>\n<script type=\"application\/ld+json\" class=\"yoast-schema-graph\">{\"@context\":\"https:\/\/schema.org\",\"@graph\":[{\"@type\":\"WebPage\",\"@id\":\"https:\/\/internationaleducationcenters.de\/tr\/urun\/okuryazarlik-kurslari\/\",\"url\":\"https:\/\/internationaleducationcenters.de\/tr\/urun\/okuryazarlik-kurslari\/\",\"name\":\"Okuryazarl\u0131k kurslar\u0131 - International Education Centers\",\"isPartOf\":{\"@id\":\"https:\/\/internationaleducationcenters.de\/tr\/#website\"},\"primaryImageOfPage\":{\"@id\":\"https:\/\/internationaleducationcenters.de\/tr\/urun\/okuryazarlik-kurslari\/#primaryimage\"},\"image\":{\"@id\":\"https:\/\/internationaleducationcenters.de\/tr\/urun\/okuryazarlik-kurslari\/#primaryimage\"},\"thumbnailUrl\":\"https:\/\/internationaleducationcenters.de\/wp-content\/uploads\/2024\/01\/Alphabetisierungskurs.jpg\",\"datePublished\":\"2024-01-04T13:36:54+00:00\",\"dateModified\":\"2025-12-01T13:13:10+00:00\",\"description\":\"Okuryazarl\u0131k yolculu\u011funuza ba\u015flay\u0131n ve kurslar\u0131m\u0131zda okuma ve yazmay\u0131 \u00f6\u011frenin. Her ya\u015ftan ve her kesimden yeti\u015fkinler i\u00e7in. \u015eimdi kaydolun!\",\"breadcrumb\":{\"@id\":\"https:\/\/internationaleducationcenters.de\/tr\/urun\/okuryazarlik-kurslari\/#breadcrumb\"},\"inLanguage\":\"tr\",\"potentialAction\":[{\"@type\":\"ReadAction\",\"target\":[\"https:\/\/internationaleducationcenters.de\/tr\/urun\/okuryazarlik-kurslari\/\"]}]},{\"@type\":\"ImageObject\",\"inLanguage\":\"tr\",\"@id\":\"https:\/\/internationaleducationcenters.de\/tr\/urun\/okuryazarlik-kurslari\/#primaryimage\",\"url\":\"https:\/\/internationaleducationcenters.de\/wp-content\/uploads\/2024\/01\/Alphabetisierungskurs.jpg\",\"contentUrl\":\"https:\/\/internationaleducationcenters.de\/wp-content\/uploads\/2024\/01\/Alphabetisierungskurs.jpg\",\"width\":300,\"height\":200,\"caption\":\"\u0627\u062e\u062a\u0628\u0627\u0631 \u062a\u062d\u062f\u064a\u062f \u0627\u0644\u0645\u0633\u062a\u0648\u0649 \u0627\u0644\u0623\u0644\u0645\u0627\u0646\u064a OnSet\"},{\"@type\":\"BreadcrumbList\",\"@id\":\"https:\/\/internationaleducationcenters.de\/tr\/urun\/okuryazarlik-kurslari\/#breadcrumb\",\"itemListElement\":[{\"@type\":\"ListItem\",\"position\":1,\"name\":\"Home\",\"item\":\"https:\/\/internationaleducationcenters.de\/tr\/\"},{\"@type\":\"ListItem\",\"position\":2,\"name\":\"Ma\u011faza\",\"item\":\"https:\/\/internationaleducationcenters.de\/tr\/shop\/\"},{\"@type\":\"ListItem\",\"position\":3,\"name\":\"Okuryazarl\u0131k kurslar\u0131\"}]},{\"@type\":\"WebSite\",\"@id\":\"https:\/\/internationaleducationcenters.de\/tr\/#website\",\"url\":\"https:\/\/internationaleducationcenters.de\/tr\/\",\"name\":\"International Education Centers\",\"description\":\"\",\"publisher\":{\"@id\":\"https:\/\/internationaleducationcenters.de\/tr\/#organization\"},\"potentialAction\":[{\"@type\":\"SearchAction\",\"target\":{\"@type\":\"EntryPoint\",\"urlTemplate\":\"https:\/\/internationaleducationcenters.de\/tr\/?s={search_term_string}\"},\"query-input\":{\"@type\":\"PropertyValueSpecification\",\"valueRequired\":true,\"valueName\":\"search_term_string\"}}],\"inLanguage\":\"tr\"},{\"@type\":\"Organization\",\"@id\":\"https:\/\/internationaleducationcenters.de\/tr\/#organization\",\"name\":\"International Education Centers\",\"alternateName\":\"IEC\",\"url\":\"https:\/\/internationaleducationcenters.de\/tr\/\",\"logo\":{\"@type\":\"ImageObject\",\"inLanguage\":\"tr\",\"@id\":\"https:\/\/internationaleducationcenters.de\/tr\/#\/schema\/logo\/image\/\",\"url\":\"https:\/\/internationaleducationcenters.de\/wp-content\/uploads\/2025\/08\/IEC_favicon-1.png\",\"contentUrl\":\"https:\/\/internationaleducationcenters.de\/wp-content\/uploads\/2025\/08\/IEC_favicon-1.png\",\"width\":512,\"height\":512,\"caption\":\"International Education Centers\"},\"image\":{\"@id\":\"https:\/\/internationaleducationcenters.de\/tr\/#\/schema\/logo\/image\/\"},\"sameAs\":[\"https:\/\/www.facebook.com\/InternationalEducationCenters\/\"]}]}<\/script>\n<meta property=\"product:price:amount\" content=\"458.00\" \/>\n<meta property=\"product:price:currency\" content=\"EUR\" \/>\n<meta property=\"og:availability\" content=\"instock\" \/>\n<meta property=\"product:availability\" content=\"instock\" \/>\n<meta property=\"product:condition\" content=\"new\" \/>\n<!-- \/ Yoast SEO Premium plugin. -->","yoast_head_json":{"title":"Okuryazarl\u0131k kurslar\u0131 - International Education Centers","description":"Okuryazarl\u0131k yolculu\u011funuza ba\u015flay\u0131n ve kurslar\u0131m\u0131zda okuma ve yazmay\u0131 \u00f6\u011frenin. Her ya\u015ftan ve her kesimden yeti\u015fkinler i\u00e7in. \u015eimdi kaydolun!","robots":{"index":"index","follow":"follow","max-snippet":"max-snippet:-1","max-image-preview":"max-image-preview:large","max-video-preview":"max-video-preview:-1"},"canonical":"https:\/\/internationaleducationcenters.de\/tr\/urun\/okuryazarlik-kurslari\/","og_locale":"tr_TR","og_type":"article","og_title":"Okuryazarl\u0131k kurslar\u0131","og_description":"Okuryazarl\u0131k yolculu\u011funuza ba\u015flay\u0131n ve kurslar\u0131m\u0131zda okuma ve yazmay\u0131 \u00f6\u011frenin. Her ya\u015ftan ve her kesimden yeti\u015fkinler i\u00e7in. \u015eimdi kaydolun!","og_url":"https:\/\/internationaleducationcenters.de\/tr\/urun\/okuryazarlik-kurslari\/","og_site_name":"International Education Centers","article_publisher":"https:\/\/www.facebook.com\/InternationalEducationCenters\/","article_modified_time":"2025-12-01T13:13:10+00:00","og_image":[{"width":300,"height":200,"url":"https:\/\/internationaleducationcenters.de\/wp-content\/uploads\/2024\/01\/Alphabetisierungskurs.jpg","type":"image\/jpeg"}],"twitter_card":"summary_large_image","twitter_misc":{"Fiyat":"458,00&nbsp;&euro;","Durumu":"Stokta var"},"schema":{"@context":"https:\/\/schema.org","@graph":[{"@type":"WebPage","@id":"https:\/\/internationaleducationcenters.de\/tr\/urun\/okuryazarlik-kurslari\/","url":"https:\/\/internationaleducationcenters.de\/tr\/urun\/okuryazarlik-kurslari\/","name":"Okuryazarl\u0131k kurslar\u0131 - International Education Centers","isPartOf":{"@id":"https:\/\/internationaleducationcenters.de\/tr\/#website"},"primaryImageOfPage":{"@id":"https:\/\/internationaleducationcenters.de\/tr\/urun\/okuryazarlik-kurslari\/#primaryimage"},"image":{"@id":"https:\/\/internationaleducationcenters.de\/tr\/urun\/okuryazarlik-kurslari\/#primaryimage"},"thumbnailUrl":"https:\/\/internationaleducationcenters.de\/wp-content\/uploads\/2024\/01\/Alphabetisierungskurs.jpg","datePublished":"2024-01-04T13:36:54+00:00","dateModified":"2025-12-01T13:13:10+00:00","description":"Okuryazarl\u0131k yolculu\u011funuza ba\u015flay\u0131n ve kurslar\u0131m\u0131zda okuma ve yazmay\u0131 \u00f6\u011frenin. Her ya\u015ftan ve her kesimden yeti\u015fkinler i\u00e7in. \u015eimdi kaydolun!","breadcrumb":{"@id":"https:\/\/internationaleducationcenters.de\/tr\/urun\/okuryazarlik-kurslari\/#breadcrumb"},"inLanguage":"tr","potentialAction":[{"@type":"ReadAction","target":["https:\/\/internationaleducationcenters.de\/tr\/urun\/okuryazarlik-kurslari\/"]}]},{"@type":"ImageObject","inLanguage":"tr","@id":"https:\/\/internationaleducationcenters.de\/tr\/urun\/okuryazarlik-kurslari\/#primaryimage","url":"https:\/\/internationaleducationcenters.de\/wp-content\/uploads\/2024\/01\/Alphabetisierungskurs.jpg","contentUrl":"https:\/\/internationaleducationcenters.de\/wp-content\/uploads\/2024\/01\/Alphabetisierungskurs.jpg","width":300,"height":200,"caption":"\u0627\u062e\u062a\u0628\u0627\u0631 \u062a\u062d\u062f\u064a\u062f \u0627\u0644\u0645\u0633\u062a\u0648\u0649 \u0627\u0644\u0623\u0644\u0645\u0627\u0646\u064a OnSet"},{"@type":"BreadcrumbList","@id":"https:\/\/internationaleducationcenters.de\/tr\/urun\/okuryazarlik-kurslari\/#breadcrumb","itemListElement":[{"@type":"ListItem","position":1,"name":"Home","item":"https:\/\/internationaleducationcenters.de\/tr\/"},{"@type":"ListItem","position":2,"name":"Ma\u011faza","item":"https:\/\/internationaleducationcenters.de\/tr\/shop\/"},{"@type":"ListItem","position":3,"name":"Okuryazarl\u0131k kurslar\u0131"}]},{"@type":"WebSite","@id":"https:\/\/internationaleducationcenters.de\/tr\/#website","url":"https:\/\/internationaleducationcenters.de\/tr\/","name":"International Education Centers","description":"","publisher":{"@id":"https:\/\/internationaleducationcenters.de\/tr\/#organization"},"potentialAction":[{"@type":"SearchAction","target":{"@type":"EntryPoint","urlTemplate":"https:\/\/internationaleducationcenters.de\/tr\/?s={search_term_string}"},"query-input":{"@type":"PropertyValueSpecification","valueRequired":true,"valueName":"search_term_string"}}],"inLanguage":"tr"},{"@type":"Organization","@id":"https:\/\/internationaleducationcenters.de\/tr\/#organization","name":"International Education Centers","alternateName":"IEC","url":"https:\/\/internationaleducationcenters.de\/tr\/","logo":{"@type":"ImageObject","inLanguage":"tr","@id":"https:\/\/internationaleducationcenters.de\/tr\/#\/schema\/logo\/image\/","url":"https:\/\/internationaleducationcenters.de\/wp-content\/uploads\/2025\/08\/IEC_favicon-1.png","contentUrl":"https:\/\/internationaleducationcenters.de\/wp-content\/uploads\/2025\/08\/IEC_favicon-1.png","width":512,"height":512,"caption":"International Education Centers"},"image":{"@id":"https:\/\/internationaleducationcenters.de\/tr\/#\/schema\/logo\/image\/"},"sameAs":["https:\/\/www.facebook.com\/InternationalEducationCenters\/"]}]},"product_price_amount":"458.00","product_price_currency":"EUR","og_availability":"instock","product_availability":"instock","product_condition":"new"},"_links":{"self":[{"href":"https:\/\/internationaleducationcenters.de\/tr\/wp-json\/wp\/v2\/product\/4182","targetHints":{"allow":["GET"]}}],"collection":[{"href":"https:\/\/internationaleducationcenters.de\/tr\/wp-json\/wp\/v2\/product"}],"about":[{"href":"https:\/\/internationaleducationcenters.de\/tr\/wp-json\/wp\/v2\/types\/product"}],"replies":[{"embeddable":true,"href":"https:\/\/internationaleducationcenters.de\/tr\/wp-json\/wp\/v2\/comments?post=4182"}],"version-history":[{"count":4,"href":"https:\/\/internationaleducationcenters.de\/tr\/wp-json\/wp\/v2\/product\/4182\/revisions"}],"predecessor-version":[{"id":21815,"href":"https:\/\/internationaleducationcenters.de\/tr\/wp-json\/wp\/v2\/product\/4182\/revisions\/21815"}],"wp:featuredmedia":[{"embeddable":true,"href":"https:\/\/internationaleducationcenters.de\/tr\/wp-json\/wp\/v2\/media\/7601"}],"wp:attachment":[{"href":"https:\/\/internationaleducationcenters.de\/tr\/wp-json\/wp\/v2\/media?parent=4182"}],"wp:term":[{"taxonomy":"product_brand","embeddable":true,"href":"https:\/\/internationaleducationcenters.de\/tr\/wp-json\/wp\/v2\/product_brand?post=4182"},{"taxonomy":"product_cat","embeddable":true,"href":"https:\/\/internationaleducationcenters.de\/tr\/wp-json\/wp\/v2\/product_cat?post=4182"},{"taxonomy":"product_tag","embeddable":true,"href":"https:\/\/internationaleducationcenters.de\/tr\/wp-json\/wp\/v2\/product_tag?post=4182"}],"curies":[{"name":"wp","href":"https:\/\/api.w.org\/{rel}","templated":true}]}}