{"id":4185,"date":"2024-01-04T14:36:38","date_gmt":"2024-01-04T13:36:38","guid":{"rendered":"https:\/\/internationaleducationcenters.de\/kurs\/tekrarlayici-kurslari\/"},"modified":"2025-12-01T14:56:45","modified_gmt":"2025-12-01T13:56:45","slug":"tekrarlayici-kurslari","status":"publish","type":"product","link":"https:\/\/internationaleducationcenters.de\/tr\/urun\/tekrarlayici-kurslari\/","title":{"rendered":"Tekrarlay\u0131c\u0131 kurslar\u0131"},"content":{"rendered":"<p>\u0130lk denemenizde B1 dil s\u0131nav\u0131n\u0131 ge\u00e7emezseniz, belirli aral\u0131klarla s\u0131nava tekrar haz\u0131rlanma f\u0131rsat\u0131n\u0131z olur. Entegrasyon kursuna usul\u00fcne uygun olarak kat\u0131ld\u0131ysan\u0131z ve t\u00fcm ders kotas\u0131n\u0131 doldurduysan\u0131z, ancak s\u0131navda B1 dil seviyesine ula\u015famad\u0131ysan\u0131z, dil kurslar\u0131m\u0131zda 300 dersi tekrarlayabilirsiniz. Her zaman oldu\u011fu gibi, bunun i\u00e7in Federal G\u00f6\u00e7men ve M\u00fclteci Dairesi&#8217;ne izin ba\u015fvurusunda bulunulmal\u0131d\u0131r.<\/p>\n<p>L\u00fctfen bizimle ileti\u015fime ge\u00e7mekten ve Wuppertal&#8217;deki ofislerimizde bir kons\u00fcltasyon i\u00e7in randevu almaktan \u00e7ekinmeyin.<\/p>\n<p>&nbsp;<\/p>\n","protected":false},"excerpt":{"rendered":"<p data-start=\"294\" data-end=\"639\">IEC ile Wuppertal&#8217;daki <strong data-start=\"301\" data-end=\"332\">Almanca B1 tekrar kurslar\u0131m\u0131z<\/strong>, dil becerilerinizi tazelemek ve bir sonraki dil s\u0131nav\u0131n\u0131za kapsaml\u0131 bir \u015fekilde haz\u0131rlanmak i\u00e7in ideal bir f\u0131rsat sunuyor.<\/p>\n<p data-start=\"1467\" data-end=\"1729\">\n","protected":false},"featured_media":7591,"comment_status":"closed","ping_status":"closed","template":"","meta":{"_acf_changed":false},"product_brand":[],"product_cat":[184],"product_tag":[185,186],"class_list":{"0":"post-4185","1":"product","2":"type-product","3":"status-publish","4":"has-post-thumbnail","6":"product_cat-bamf-destekli-almanca-kurslari","7":"product_tag-bamf-destekli-almanca-kurslari","8":"product_tag-buyoption-external-redirect-tr","10":"first","11":"instock","12":"purchasable","13":"product-type-simple"},"acf":[],"yoast_head":"<!-- This site is optimized with the Yoast SEO Premium plugin v25.9 (Yoast SEO v26.9) - https:\/\/yoast.com\/product\/yoast-seo-premium-wordpress\/ -->\n<title>Tekrarlay\u0131c\u0131 kurslar\u0131 - International Education Centers<\/title>\n<meta name=\"description\" content=\"Almanca B1 revizyon kurslar\u0131: Dil s\u0131nav\u0131n\u0131 ba\u015far\u0131yla ge\u00e7mek i\u00e7in ikinci \u015fans\u0131n\u0131z\u0131 kullan\u0131n. Yo\u011fun haz\u0131rl\u0131k ve ki\u015fisel destek\" \/>\n<meta name=\"robots\" content=\"index, follow, max-snippet:-1, max-image-preview:large, max-video-preview:-1\" \/>\n<link rel=\"canonical\" href=\"https:\/\/internationaleducationcenters.de\/tr\/urun\/tekrarlayici-kurslari\/\" \/>\n<meta property=\"og:locale\" content=\"tr_TR\" \/>\n<meta property=\"og:type\" content=\"article\" \/>\n<meta property=\"og:title\" content=\"Tekrarlay\u0131c\u0131 kurslar\u0131\" \/>\n<meta property=\"og:description\" content=\"Almanca B1 revizyon kurslar\u0131: Dil s\u0131nav\u0131n\u0131 ba\u015far\u0131yla ge\u00e7mek i\u00e7in ikinci \u015fans\u0131n\u0131z\u0131 kullan\u0131n. Yo\u011fun haz\u0131rl\u0131k ve ki\u015fisel destek\" \/>\n<meta property=\"og:url\" content=\"https:\/\/internationaleducationcenters.de\/tr\/urun\/tekrarlayici-kurslari\/\" \/>\n<meta property=\"og:site_name\" content=\"International Education Centers\" \/>\n<meta property=\"article:publisher\" content=\"https:\/\/www.facebook.com\/InternationalEducationCenters\/\" \/>\n<meta property=\"article:modified_time\" content=\"2025-12-01T13:56:45+00:00\" \/>\n<meta property=\"og:image\" content=\"https:\/\/internationaleducationcenters.de\/wp-content\/uploads\/2024\/01\/Wiederholer.jpg\" \/>\n\t<meta property=\"og:image:width\" content=\"300\" \/>\n\t<meta property=\"og:image:height\" content=\"200\" \/>\n\t<meta property=\"og:image:type\" content=\"image\/jpeg\" \/>\n<meta name=\"twitter:card\" content=\"summary_large_image\" \/>\n<meta name=\"twitter:label1\" content=\"Fiyat\" \/>\n\t<meta name=\"twitter:data1\" content=\"458,00&nbsp;&euro;\" \/>\n\t<meta name=\"twitter:label2\" content=\"Durumu\" \/>\n\t<meta name=\"twitter:data2\" content=\"Stokta var\" \/>\n<script type=\"application\/ld+json\" class=\"yoast-schema-graph\">{\"@context\":\"https:\/\/schema.org\",\"@graph\":[{\"@type\":\"WebPage\",\"@id\":\"https:\/\/internationaleducationcenters.de\/tr\/urun\/tekrarlayici-kurslari\/\",\"url\":\"https:\/\/internationaleducationcenters.de\/tr\/urun\/tekrarlayici-kurslari\/\",\"name\":\"Tekrarlay\u0131c\u0131 kurslar\u0131 - International Education Centers\",\"isPartOf\":{\"@id\":\"https:\/\/internationaleducationcenters.de\/tr\/#website\"},\"primaryImageOfPage\":{\"@id\":\"https:\/\/internationaleducationcenters.de\/tr\/urun\/tekrarlayici-kurslari\/#primaryimage\"},\"image\":{\"@id\":\"https:\/\/internationaleducationcenters.de\/tr\/urun\/tekrarlayici-kurslari\/#primaryimage\"},\"thumbnailUrl\":\"https:\/\/internationaleducationcenters.de\/wp-content\/uploads\/2024\/01\/Wiederholer.jpg\",\"datePublished\":\"2024-01-04T13:36:38+00:00\",\"dateModified\":\"2025-12-01T13:56:45+00:00\",\"description\":\"Almanca B1 revizyon kurslar\u0131: Dil s\u0131nav\u0131n\u0131 ba\u015far\u0131yla ge\u00e7mek i\u00e7in ikinci \u015fans\u0131n\u0131z\u0131 kullan\u0131n. Yo\u011fun haz\u0131rl\u0131k ve ki\u015fisel destek\",\"breadcrumb\":{\"@id\":\"https:\/\/internationaleducationcenters.de\/tr\/urun\/tekrarlayici-kurslari\/#breadcrumb\"},\"inLanguage\":\"tr\",\"potentialAction\":[{\"@type\":\"ReadAction\",\"target\":[\"https:\/\/internationaleducationcenters.de\/tr\/urun\/tekrarlayici-kurslari\/\"]}]},{\"@type\":\"ImageObject\",\"inLanguage\":\"tr\",\"@id\":\"https:\/\/internationaleducationcenters.de\/tr\/urun\/tekrarlayici-kurslari\/#primaryimage\",\"url\":\"https:\/\/internationaleducationcenters.de\/wp-content\/uploads\/2024\/01\/Wiederholer.jpg\",\"contentUrl\":\"https:\/\/internationaleducationcenters.de\/wp-content\/uploads\/2024\/01\/Wiederholer.jpg\",\"width\":300,\"height\":200,\"caption\":\"telc Pr\u00fcfung C1 mit IEC in Wuppertal\"},{\"@type\":\"BreadcrumbList\",\"@id\":\"https:\/\/internationaleducationcenters.de\/tr\/urun\/tekrarlayici-kurslari\/#breadcrumb\",\"itemListElement\":[{\"@type\":\"ListItem\",\"position\":1,\"name\":\"Home\",\"item\":\"https:\/\/internationaleducationcenters.de\/tr\/\"},{\"@type\":\"ListItem\",\"position\":2,\"name\":\"Ma\u011faza\",\"item\":\"https:\/\/internationaleducationcenters.de\/tr\/shop\/\"},{\"@type\":\"ListItem\",\"position\":3,\"name\":\"Tekrarlay\u0131c\u0131 kurslar\u0131\"}]},{\"@type\":\"WebSite\",\"@id\":\"https:\/\/internationaleducationcenters.de\/tr\/#website\",\"url\":\"https:\/\/internationaleducationcenters.de\/tr\/\",\"name\":\"International Education Centers\",\"description\":\"\",\"publisher\":{\"@id\":\"https:\/\/internationaleducationcenters.de\/tr\/#organization\"},\"potentialAction\":[{\"@type\":\"SearchAction\",\"target\":{\"@type\":\"EntryPoint\",\"urlTemplate\":\"https:\/\/internationaleducationcenters.de\/tr\/?s={search_term_string}\"},\"query-input\":{\"@type\":\"PropertyValueSpecification\",\"valueRequired\":true,\"valueName\":\"search_term_string\"}}],\"inLanguage\":\"tr\"},{\"@type\":\"Organization\",\"@id\":\"https:\/\/internationaleducationcenters.de\/tr\/#organization\",\"name\":\"International Education Centers\",\"alternateName\":\"IEC\",\"url\":\"https:\/\/internationaleducationcenters.de\/tr\/\",\"logo\":{\"@type\":\"ImageObject\",\"inLanguage\":\"tr\",\"@id\":\"https:\/\/internationaleducationcenters.de\/tr\/#\/schema\/logo\/image\/\",\"url\":\"https:\/\/internationaleducationcenters.de\/wp-content\/uploads\/2025\/08\/IEC_favicon-1.png\",\"contentUrl\":\"https:\/\/internationaleducationcenters.de\/wp-content\/uploads\/2025\/08\/IEC_favicon-1.png\",\"width\":512,\"height\":512,\"caption\":\"International Education Centers\"},\"image\":{\"@id\":\"https:\/\/internationaleducationcenters.de\/tr\/#\/schema\/logo\/image\/\"},\"sameAs\":[\"https:\/\/www.facebook.com\/InternationalEducationCenters\/\"]}]}<\/script>\n<meta property=\"product:price:amount\" content=\"458.00\" \/>\n<meta property=\"product:price:currency\" content=\"EUR\" \/>\n<meta property=\"og:availability\" content=\"instock\" \/>\n<meta property=\"product:availability\" content=\"instock\" \/>\n<meta property=\"product:condition\" content=\"new\" \/>\n<!-- \/ Yoast SEO Premium plugin. -->","yoast_head_json":{"title":"Tekrarlay\u0131c\u0131 kurslar\u0131 - International Education Centers","description":"Almanca B1 revizyon kurslar\u0131: Dil s\u0131nav\u0131n\u0131 ba\u015far\u0131yla ge\u00e7mek i\u00e7in ikinci \u015fans\u0131n\u0131z\u0131 kullan\u0131n. Yo\u011fun haz\u0131rl\u0131k ve ki\u015fisel destek","robots":{"index":"index","follow":"follow","max-snippet":"max-snippet:-1","max-image-preview":"max-image-preview:large","max-video-preview":"max-video-preview:-1"},"canonical":"https:\/\/internationaleducationcenters.de\/tr\/urun\/tekrarlayici-kurslari\/","og_locale":"tr_TR","og_type":"article","og_title":"Tekrarlay\u0131c\u0131 kurslar\u0131","og_description":"Almanca B1 revizyon kurslar\u0131: Dil s\u0131nav\u0131n\u0131 ba\u015far\u0131yla ge\u00e7mek i\u00e7in ikinci \u015fans\u0131n\u0131z\u0131 kullan\u0131n. Yo\u011fun haz\u0131rl\u0131k ve ki\u015fisel destek","og_url":"https:\/\/internationaleducationcenters.de\/tr\/urun\/tekrarlayici-kurslari\/","og_site_name":"International Education Centers","article_publisher":"https:\/\/www.facebook.com\/InternationalEducationCenters\/","article_modified_time":"2025-12-01T13:56:45+00:00","og_image":[{"width":300,"height":200,"url":"https:\/\/internationaleducationcenters.de\/wp-content\/uploads\/2024\/01\/Wiederholer.jpg","type":"image\/jpeg"}],"twitter_card":"summary_large_image","twitter_misc":{"Fiyat":"458,00&nbsp;&euro;","Durumu":"Stokta var"},"schema":{"@context":"https:\/\/schema.org","@graph":[{"@type":"WebPage","@id":"https:\/\/internationaleducationcenters.de\/tr\/urun\/tekrarlayici-kurslari\/","url":"https:\/\/internationaleducationcenters.de\/tr\/urun\/tekrarlayici-kurslari\/","name":"Tekrarlay\u0131c\u0131 kurslar\u0131 - International Education Centers","isPartOf":{"@id":"https:\/\/internationaleducationcenters.de\/tr\/#website"},"primaryImageOfPage":{"@id":"https:\/\/internationaleducationcenters.de\/tr\/urun\/tekrarlayici-kurslari\/#primaryimage"},"image":{"@id":"https:\/\/internationaleducationcenters.de\/tr\/urun\/tekrarlayici-kurslari\/#primaryimage"},"thumbnailUrl":"https:\/\/internationaleducationcenters.de\/wp-content\/uploads\/2024\/01\/Wiederholer.jpg","datePublished":"2024-01-04T13:36:38+00:00","dateModified":"2025-12-01T13:56:45+00:00","description":"Almanca B1 revizyon kurslar\u0131: Dil s\u0131nav\u0131n\u0131 ba\u015far\u0131yla ge\u00e7mek i\u00e7in ikinci \u015fans\u0131n\u0131z\u0131 kullan\u0131n. Yo\u011fun haz\u0131rl\u0131k ve ki\u015fisel destek","breadcrumb":{"@id":"https:\/\/internationaleducationcenters.de\/tr\/urun\/tekrarlayici-kurslari\/#breadcrumb"},"inLanguage":"tr","potentialAction":[{"@type":"ReadAction","target":["https:\/\/internationaleducationcenters.de\/tr\/urun\/tekrarlayici-kurslari\/"]}]},{"@type":"ImageObject","inLanguage":"tr","@id":"https:\/\/internationaleducationcenters.de\/tr\/urun\/tekrarlayici-kurslari\/#primaryimage","url":"https:\/\/internationaleducationcenters.de\/wp-content\/uploads\/2024\/01\/Wiederholer.jpg","contentUrl":"https:\/\/internationaleducationcenters.de\/wp-content\/uploads\/2024\/01\/Wiederholer.jpg","width":300,"height":200,"caption":"telc Pr\u00fcfung C1 mit IEC in Wuppertal"},{"@type":"BreadcrumbList","@id":"https:\/\/internationaleducationcenters.de\/tr\/urun\/tekrarlayici-kurslari\/#breadcrumb","itemListElement":[{"@type":"ListItem","position":1,"name":"Home","item":"https:\/\/internationaleducationcenters.de\/tr\/"},{"@type":"ListItem","position":2,"name":"Ma\u011faza","item":"https:\/\/internationaleducationcenters.de\/tr\/shop\/"},{"@type":"ListItem","position":3,"name":"Tekrarlay\u0131c\u0131 kurslar\u0131"}]},{"@type":"WebSite","@id":"https:\/\/internationaleducationcenters.de\/tr\/#website","url":"https:\/\/internationaleducationcenters.de\/tr\/","name":"International Education Centers","description":"","publisher":{"@id":"https:\/\/internationaleducationcenters.de\/tr\/#organization"},"potentialAction":[{"@type":"SearchAction","target":{"@type":"EntryPoint","urlTemplate":"https:\/\/internationaleducationcenters.de\/tr\/?s={search_term_string}"},"query-input":{"@type":"PropertyValueSpecification","valueRequired":true,"valueName":"search_term_string"}}],"inLanguage":"tr"},{"@type":"Organization","@id":"https:\/\/internationaleducationcenters.de\/tr\/#organization","name":"International Education Centers","alternateName":"IEC","url":"https:\/\/internationaleducationcenters.de\/tr\/","logo":{"@type":"ImageObject","inLanguage":"tr","@id":"https:\/\/internationaleducationcenters.de\/tr\/#\/schema\/logo\/image\/","url":"https:\/\/internationaleducationcenters.de\/wp-content\/uploads\/2025\/08\/IEC_favicon-1.png","contentUrl":"https:\/\/internationaleducationcenters.de\/wp-content\/uploads\/2025\/08\/IEC_favicon-1.png","width":512,"height":512,"caption":"International Education Centers"},"image":{"@id":"https:\/\/internationaleducationcenters.de\/tr\/#\/schema\/logo\/image\/"},"sameAs":["https:\/\/www.facebook.com\/InternationalEducationCenters\/"]}]},"product_price_amount":"458.00","product_price_currency":"EUR","og_availability":"instock","product_availability":"instock","product_condition":"new"},"_links":{"self":[{"href":"https:\/\/internationaleducationcenters.de\/tr\/wp-json\/wp\/v2\/product\/4185","targetHints":{"allow":["GET"]}}],"collection":[{"href":"https:\/\/internationaleducationcenters.de\/tr\/wp-json\/wp\/v2\/product"}],"about":[{"href":"https:\/\/internationaleducationcenters.de\/tr\/wp-json\/wp\/v2\/types\/product"}],"replies":[{"embeddable":true,"href":"https:\/\/internationaleducationcenters.de\/tr\/wp-json\/wp\/v2\/comments?post=4185"}],"version-history":[{"count":4,"href":"https:\/\/internationaleducationcenters.de\/tr\/wp-json\/wp\/v2\/product\/4185\/revisions"}],"predecessor-version":[{"id":21824,"href":"https:\/\/internationaleducationcenters.de\/tr\/wp-json\/wp\/v2\/product\/4185\/revisions\/21824"}],"wp:featuredmedia":[{"embeddable":true,"href":"https:\/\/internationaleducationcenters.de\/tr\/wp-json\/wp\/v2\/media\/7591"}],"wp:attachment":[{"href":"https:\/\/internationaleducationcenters.de\/tr\/wp-json\/wp\/v2\/media?parent=4185"}],"wp:term":[{"taxonomy":"product_brand","embeddable":true,"href":"https:\/\/internationaleducationcenters.de\/tr\/wp-json\/wp\/v2\/product_brand?post=4185"},{"taxonomy":"product_cat","embeddable":true,"href":"https:\/\/internationaleducationcenters.de\/tr\/wp-json\/wp\/v2\/product_cat?post=4185"},{"taxonomy":"product_tag","embeddable":true,"href":"https:\/\/internationaleducationcenters.de\/tr\/wp-json\/wp\/v2\/product_tag?post=4185"}],"curies":[{"name":"wp","href":"https:\/\/api.w.org\/{rel}","templated":true}]}}