{"id":4189,"date":"2024-01-04T13:56:24","date_gmt":"2024-01-04T12:56:24","guid":{"rendered":"https:\/\/internationaleducationcenters.de\/kurs\/genel-entegrasyon-kursu\/"},"modified":"2025-12-01T16:12:51","modified_gmt":"2025-12-01T15:12:51","slug":"genel-entegrasyon-kursu","status":"publish","type":"product","link":"https:\/\/internationaleducationcenters.de\/tr\/urun\/genel-entegrasyon-kursu\/","title":{"rendered":"Genel entegrasyon kursu"},"content":{"rendered":"<p>Kapsaml\u0131 entegrasyon kursumuzla Almanca dil becerilerinizi optimize edin ve Almanya&#8217;ya ba\u015far\u0131l\u0131 bir \u015fekilde entegre olun. Bu kurs g\u00f6\u00e7menler i\u00e7in \u00f6zel olarak tasarlanm\u0131\u015ft\u0131r ve size hem dil hem de k\u00fclt\u00fcrel becerileri \u00f6\u011fretmek i\u00e7in bir dil kursunu bir oryantasyon kursuyla birle\u015ftirir.<\/p>\n<h2>Dil kursu<\/h2>\n<p>Dil kursu, entegrasyon kursunun merkezini olu\u015fturmaktad\u0131r. Dil kursunun s\u00fcresi, bireysel \u00f6\u011frenme gereksinimlerinize ve size en uygun kurs format\u0131na ba\u011fl\u0131 olarak de\u011fi\u015fir:<\/p>\n<ul>\n<li><strong>Genel entegrasyon kursu:<\/strong> 600 \u00f6\u011fretim birimi<\/li>\n<li><strong>\u00d6zel kurslar (\u00f6rne\u011fin gen\u00e7ler i\u00e7in):<\/strong> 900 \u00f6\u011fretim birimine kadar<\/li>\n<li><strong>Yo\u011fun kurs:<\/strong> 400 \u00f6\u011fretim birimi<\/li>\n<\/ul>\n<p>Bu kursta, g\u00fcnl\u00fck ya\u015fam ve i\u015f i\u00e7in pratik dil becerileri edineceksiniz:<\/p>\n<ul>\n<li>\u0130\u015f arama ve ba\u015fvuru s\u00fcreci<\/li>\n<li>E\u011fitim f\u0131rsatlar\u0131 ve mesleki geli\u015fim<\/li>\n<li>Al\u0131\u015fveri\u015f, sa\u011fl\u0131k hizmetleri ve bo\u015f zaman etkinlikleri gibi g\u00fcnl\u00fck ileti\u015fim durumlar\u0131<\/li>\n<li>Mektup ve e-posta yazmak, form doldurmak ve telefon g\u00f6r\u00fc\u015fmeleri yapmak<\/li>\n<\/ul>\n<p>Dil kursunun tamamlanmas\u0131, B1 seviyesinde &#8220;G\u00f6\u00e7menler i\u00e7in Almanca Testine&#8221; (DTZ) ba\u015far\u0131l\u0131 bir \u015fekilde kat\u0131l\u0131mla belirlenir.<\/p>\n<h2>Oryantasyon kursu<\/h2>\n<p>Dil kursunu tamamlad\u0131ktan sonra, \u00f6\u011frenme deneyiminize 100 \u00f6\u011fretim \u00fcnitesinden olu\u015fan oryantasyon kursu veya yo\u011fun bir kursun par\u00e7as\u0131 olarak 30 \u00f6\u011fretim \u00fcnitesi ile devam edeceksiniz. Bu kurs anlay\u0131\u015f\u0131n\u0131z\u0131 derinle\u015ftirecektir:<\/p>\n<ul>\n<li>Alman hukuk sistemi, tarihi ve k\u00fclt\u00fcr\u00fc<\/li>\n<li>Almanya&#8217;da de\u011ferler ve toplumsal birliktelik<\/li>\n<li>Vatanda\u015flar\u0131n hak ve y\u00fck\u00fcml\u00fcl\u00fckleri<\/li>\n<\/ul>\n<p>Oryantasyon kursu, Alman toplumu, tarihi ve k\u00fclt\u00fcr\u00fc hakk\u0131ndaki bilgilerinizi test eden &#8220;Almanya&#8217;da Ya\u015fam&#8221; testi ile sona erer.<\/p>\n<h2>Kurs s\u00fcresi ve maliyetleri<\/h2>\n<ul>\n<li><strong>Genel entegrasyon kursu:<\/strong> 700 \u00f6\u011fretim birimi<\/li>\n<li><strong>Geni\u015fletilmi\u015f kurs formatlar\u0131:<\/strong> \u00d6zel ihtiya\u00e7lar\u0131 olan kat\u0131l\u0131mc\u0131lar i\u00e7in 1.000&#8217;e kadar \u00f6\u011fretim birimi<\/li>\n<li><strong>Yo\u011fun kurs:<\/strong> H\u0131zl\u0131 \u00f6\u011frenme i\u00e7in 430 \u00f6\u011fretim birimi<\/li>\n<\/ul>\n<p>Bu kursla amac\u0131m\u0131z size sadece dil \u00f6\u011fretmek de\u011fil, ayn\u0131 zamanda yeni ya\u015fam ortam\u0131n\u0131za ba\u015far\u0131l\u0131 bir \u015fekilde entegre olabilmeniz i\u00e7in Alman k\u00fclt\u00fcr\u00fc ve toplumu hakk\u0131nda derin bir anlay\u0131\u015f kazand\u0131rmakt\u0131r.<\/p>\n","protected":false},"excerpt":{"rendered":"<p data-start=\"379\" data-end=\"657\"><strong data-start=\"379\" data-end=\"411\">Genel bir entegrasyon kursu<\/strong>, Almanya&#8217;da ba\u015far\u0131l\u0131 bir ya\u015fam\u0131n anahtar\u0131d\u0131r. Bu kurs size g\u00fcnl\u00fck ya\u015fam ve i\u015f i\u00e7in pratik dil becerileri \u00f6\u011fretir.<\/p>\n<p data-start=\"1437\" data-end=\"1692\">\n","protected":false},"featured_media":7560,"comment_status":"closed","ping_status":"closed","template":"","meta":{"_acf_changed":false},"product_brand":[],"product_cat":[184],"product_tag":[185,186],"class_list":{"0":"post-4189","1":"product","2":"type-product","3":"status-publish","4":"has-post-thumbnail","6":"product_cat-bamf-destekli-almanca-kurslari","7":"product_tag-bamf-destekli-almanca-kurslari","8":"product_tag-buyoption-external-redirect-tr","10":"first","11":"instock","12":"taxable","13":"shipping-taxable","14":"purchasable","15":"product-type-simple"},"acf":[],"yoast_head":"<!-- This site is optimized with the Yoast SEO Premium plugin v25.9 (Yoast SEO v26.9) - https:\/\/yoast.com\/product\/yoast-seo-premium-wordpress\/ -->\n<title>Genel entegrasyon kursu - International Education Centers<\/title>\n<meta name=\"description\" content=\"G\u00fcnl\u00fck ya\u015fam ve i\u015f i\u00e7in pratik dil becerileri \u00f6\u011fretir. Oryantasyon kursu dahil entegrasyon kursu i\u00e7in \u015fimdi kaydolun.\" \/>\n<meta name=\"robots\" content=\"index, follow, max-snippet:-1, max-image-preview:large, max-video-preview:-1\" \/>\n<link rel=\"canonical\" href=\"https:\/\/internationaleducationcenters.de\/tr\/urun\/genel-entegrasyon-kursu\/\" \/>\n<meta property=\"og:locale\" content=\"tr_TR\" \/>\n<meta property=\"og:type\" content=\"article\" \/>\n<meta property=\"og:title\" content=\"Genel entegrasyon kursu\" \/>\n<meta property=\"og:description\" content=\"G\u00fcnl\u00fck ya\u015fam ve i\u015f i\u00e7in pratik dil becerileri \u00f6\u011fretir. Oryantasyon kursu dahil entegrasyon kursu i\u00e7in \u015fimdi kaydolun.\" \/>\n<meta property=\"og:url\" content=\"https:\/\/internationaleducationcenters.de\/tr\/urun\/genel-entegrasyon-kursu\/\" \/>\n<meta property=\"og:site_name\" content=\"International Education Centers\" \/>\n<meta property=\"article:publisher\" content=\"https:\/\/www.facebook.com\/InternationalEducationCenters\/\" \/>\n<meta property=\"article:modified_time\" content=\"2025-12-01T15:12:51+00:00\" \/>\n<meta property=\"og:image\" content=\"https:\/\/internationaleducationcenters.de\/wp-content\/uploads\/2024\/01\/Integrationskurs.jpg\" \/>\n\t<meta property=\"og:image:width\" content=\"300\" \/>\n\t<meta property=\"og:image:height\" content=\"200\" \/>\n\t<meta property=\"og:image:type\" content=\"image\/jpeg\" \/>\n<meta name=\"twitter:card\" content=\"summary_large_image\" \/>\n<meta name=\"twitter:label1\" content=\"Fiyat\" \/>\n\t<meta name=\"twitter:data1\" content=\"458,00&nbsp;&euro;\" \/>\n\t<meta name=\"twitter:label2\" content=\"Durumu\" \/>\n\t<meta name=\"twitter:data2\" content=\"Stokta var\" \/>\n<script type=\"application\/ld+json\" class=\"yoast-schema-graph\">{\"@context\":\"https:\/\/schema.org\",\"@graph\":[{\"@type\":\"WebPage\",\"@id\":\"https:\/\/internationaleducationcenters.de\/tr\/urun\/genel-entegrasyon-kursu\/\",\"url\":\"https:\/\/internationaleducationcenters.de\/tr\/urun\/genel-entegrasyon-kursu\/\",\"name\":\"Genel entegrasyon kursu - International Education Centers\",\"isPartOf\":{\"@id\":\"https:\/\/internationaleducationcenters.de\/tr\/#website\"},\"primaryImageOfPage\":{\"@id\":\"https:\/\/internationaleducationcenters.de\/tr\/urun\/genel-entegrasyon-kursu\/#primaryimage\"},\"image\":{\"@id\":\"https:\/\/internationaleducationcenters.de\/tr\/urun\/genel-entegrasyon-kursu\/#primaryimage\"},\"thumbnailUrl\":\"https:\/\/internationaleducationcenters.de\/wp-content\/uploads\/2024\/01\/Integrationskurs.jpg\",\"datePublished\":\"2024-01-04T12:56:24+00:00\",\"dateModified\":\"2025-12-01T15:12:51+00:00\",\"description\":\"G\u00fcnl\u00fck ya\u015fam ve i\u015f i\u00e7in pratik dil becerileri \u00f6\u011fretir. Oryantasyon kursu dahil entegrasyon kursu i\u00e7in \u015fimdi kaydolun.\",\"breadcrumb\":{\"@id\":\"https:\/\/internationaleducationcenters.de\/tr\/urun\/genel-entegrasyon-kursu\/#breadcrumb\"},\"inLanguage\":\"tr\",\"potentialAction\":[{\"@type\":\"ReadAction\",\"target\":[\"https:\/\/internationaleducationcenters.de\/tr\/urun\/genel-entegrasyon-kursu\/\"]}]},{\"@type\":\"ImageObject\",\"inLanguage\":\"tr\",\"@id\":\"https:\/\/internationaleducationcenters.de\/tr\/urun\/genel-entegrasyon-kursu\/#primaryimage\",\"url\":\"https:\/\/internationaleducationcenters.de\/wp-content\/uploads\/2024\/01\/Integrationskurs.jpg\",\"contentUrl\":\"https:\/\/internationaleducationcenters.de\/wp-content\/uploads\/2024\/01\/Integrationskurs.jpg\",\"width\":300,\"height\":200,\"caption\":\"test leben in Deutschland in Wuppertal mit IEC\"},{\"@type\":\"BreadcrumbList\",\"@id\":\"https:\/\/internationaleducationcenters.de\/tr\/urun\/genel-entegrasyon-kursu\/#breadcrumb\",\"itemListElement\":[{\"@type\":\"ListItem\",\"position\":1,\"name\":\"Home\",\"item\":\"https:\/\/internationaleducationcenters.de\/tr\/\"},{\"@type\":\"ListItem\",\"position\":2,\"name\":\"Ma\u011faza\",\"item\":\"https:\/\/internationaleducationcenters.de\/tr\/shop\/\"},{\"@type\":\"ListItem\",\"position\":3,\"name\":\"Genel entegrasyon kursu\"}]},{\"@type\":\"WebSite\",\"@id\":\"https:\/\/internationaleducationcenters.de\/tr\/#website\",\"url\":\"https:\/\/internationaleducationcenters.de\/tr\/\",\"name\":\"International Education Centers\",\"description\":\"\",\"publisher\":{\"@id\":\"https:\/\/internationaleducationcenters.de\/tr\/#organization\"},\"potentialAction\":[{\"@type\":\"SearchAction\",\"target\":{\"@type\":\"EntryPoint\",\"urlTemplate\":\"https:\/\/internationaleducationcenters.de\/tr\/?s={search_term_string}\"},\"query-input\":{\"@type\":\"PropertyValueSpecification\",\"valueRequired\":true,\"valueName\":\"search_term_string\"}}],\"inLanguage\":\"tr\"},{\"@type\":\"Organization\",\"@id\":\"https:\/\/internationaleducationcenters.de\/tr\/#organization\",\"name\":\"International Education Centers\",\"alternateName\":\"IEC\",\"url\":\"https:\/\/internationaleducationcenters.de\/tr\/\",\"logo\":{\"@type\":\"ImageObject\",\"inLanguage\":\"tr\",\"@id\":\"https:\/\/internationaleducationcenters.de\/tr\/#\/schema\/logo\/image\/\",\"url\":\"https:\/\/internationaleducationcenters.de\/wp-content\/uploads\/2025\/08\/IEC_favicon-1.png\",\"contentUrl\":\"https:\/\/internationaleducationcenters.de\/wp-content\/uploads\/2025\/08\/IEC_favicon-1.png\",\"width\":512,\"height\":512,\"caption\":\"International Education Centers\"},\"image\":{\"@id\":\"https:\/\/internationaleducationcenters.de\/tr\/#\/schema\/logo\/image\/\"},\"sameAs\":[\"https:\/\/www.facebook.com\/InternationalEducationCenters\/\"]}]}<\/script>\n<meta property=\"product:price:amount\" content=\"458.00\" \/>\n<meta property=\"product:price:currency\" content=\"EUR\" \/>\n<meta property=\"og:availability\" content=\"instock\" \/>\n<meta property=\"product:availability\" content=\"instock\" \/>\n<meta property=\"product:condition\" content=\"new\" \/>\n<!-- \/ Yoast SEO Premium plugin. -->","yoast_head_json":{"title":"Genel entegrasyon kursu - International Education Centers","description":"G\u00fcnl\u00fck ya\u015fam ve i\u015f i\u00e7in pratik dil becerileri \u00f6\u011fretir. Oryantasyon kursu dahil entegrasyon kursu i\u00e7in \u015fimdi kaydolun.","robots":{"index":"index","follow":"follow","max-snippet":"max-snippet:-1","max-image-preview":"max-image-preview:large","max-video-preview":"max-video-preview:-1"},"canonical":"https:\/\/internationaleducationcenters.de\/tr\/urun\/genel-entegrasyon-kursu\/","og_locale":"tr_TR","og_type":"article","og_title":"Genel entegrasyon kursu","og_description":"G\u00fcnl\u00fck ya\u015fam ve i\u015f i\u00e7in pratik dil becerileri \u00f6\u011fretir. Oryantasyon kursu dahil entegrasyon kursu i\u00e7in \u015fimdi kaydolun.","og_url":"https:\/\/internationaleducationcenters.de\/tr\/urun\/genel-entegrasyon-kursu\/","og_site_name":"International Education Centers","article_publisher":"https:\/\/www.facebook.com\/InternationalEducationCenters\/","article_modified_time":"2025-12-01T15:12:51+00:00","og_image":[{"width":300,"height":200,"url":"https:\/\/internationaleducationcenters.de\/wp-content\/uploads\/2024\/01\/Integrationskurs.jpg","type":"image\/jpeg"}],"twitter_card":"summary_large_image","twitter_misc":{"Fiyat":"458,00&nbsp;&euro;","Durumu":"Stokta var"},"schema":{"@context":"https:\/\/schema.org","@graph":[{"@type":"WebPage","@id":"https:\/\/internationaleducationcenters.de\/tr\/urun\/genel-entegrasyon-kursu\/","url":"https:\/\/internationaleducationcenters.de\/tr\/urun\/genel-entegrasyon-kursu\/","name":"Genel entegrasyon kursu - International Education Centers","isPartOf":{"@id":"https:\/\/internationaleducationcenters.de\/tr\/#website"},"primaryImageOfPage":{"@id":"https:\/\/internationaleducationcenters.de\/tr\/urun\/genel-entegrasyon-kursu\/#primaryimage"},"image":{"@id":"https:\/\/internationaleducationcenters.de\/tr\/urun\/genel-entegrasyon-kursu\/#primaryimage"},"thumbnailUrl":"https:\/\/internationaleducationcenters.de\/wp-content\/uploads\/2024\/01\/Integrationskurs.jpg","datePublished":"2024-01-04T12:56:24+00:00","dateModified":"2025-12-01T15:12:51+00:00","description":"G\u00fcnl\u00fck ya\u015fam ve i\u015f i\u00e7in pratik dil becerileri \u00f6\u011fretir. Oryantasyon kursu dahil entegrasyon kursu i\u00e7in \u015fimdi kaydolun.","breadcrumb":{"@id":"https:\/\/internationaleducationcenters.de\/tr\/urun\/genel-entegrasyon-kursu\/#breadcrumb"},"inLanguage":"tr","potentialAction":[{"@type":"ReadAction","target":["https:\/\/internationaleducationcenters.de\/tr\/urun\/genel-entegrasyon-kursu\/"]}]},{"@type":"ImageObject","inLanguage":"tr","@id":"https:\/\/internationaleducationcenters.de\/tr\/urun\/genel-entegrasyon-kursu\/#primaryimage","url":"https:\/\/internationaleducationcenters.de\/wp-content\/uploads\/2024\/01\/Integrationskurs.jpg","contentUrl":"https:\/\/internationaleducationcenters.de\/wp-content\/uploads\/2024\/01\/Integrationskurs.jpg","width":300,"height":200,"caption":"test leben in Deutschland in Wuppertal mit IEC"},{"@type":"BreadcrumbList","@id":"https:\/\/internationaleducationcenters.de\/tr\/urun\/genel-entegrasyon-kursu\/#breadcrumb","itemListElement":[{"@type":"ListItem","position":1,"name":"Home","item":"https:\/\/internationaleducationcenters.de\/tr\/"},{"@type":"ListItem","position":2,"name":"Ma\u011faza","item":"https:\/\/internationaleducationcenters.de\/tr\/shop\/"},{"@type":"ListItem","position":3,"name":"Genel entegrasyon kursu"}]},{"@type":"WebSite","@id":"https:\/\/internationaleducationcenters.de\/tr\/#website","url":"https:\/\/internationaleducationcenters.de\/tr\/","name":"International Education Centers","description":"","publisher":{"@id":"https:\/\/internationaleducationcenters.de\/tr\/#organization"},"potentialAction":[{"@type":"SearchAction","target":{"@type":"EntryPoint","urlTemplate":"https:\/\/internationaleducationcenters.de\/tr\/?s={search_term_string}"},"query-input":{"@type":"PropertyValueSpecification","valueRequired":true,"valueName":"search_term_string"}}],"inLanguage":"tr"},{"@type":"Organization","@id":"https:\/\/internationaleducationcenters.de\/tr\/#organization","name":"International Education Centers","alternateName":"IEC","url":"https:\/\/internationaleducationcenters.de\/tr\/","logo":{"@type":"ImageObject","inLanguage":"tr","@id":"https:\/\/internationaleducationcenters.de\/tr\/#\/schema\/logo\/image\/","url":"https:\/\/internationaleducationcenters.de\/wp-content\/uploads\/2025\/08\/IEC_favicon-1.png","contentUrl":"https:\/\/internationaleducationcenters.de\/wp-content\/uploads\/2025\/08\/IEC_favicon-1.png","width":512,"height":512,"caption":"International Education Centers"},"image":{"@id":"https:\/\/internationaleducationcenters.de\/tr\/#\/schema\/logo\/image\/"},"sameAs":["https:\/\/www.facebook.com\/InternationalEducationCenters\/"]}]},"product_price_amount":"458.00","product_price_currency":"EUR","og_availability":"instock","product_availability":"instock","product_condition":"new"},"_links":{"self":[{"href":"https:\/\/internationaleducationcenters.de\/tr\/wp-json\/wp\/v2\/product\/4189","targetHints":{"allow":["GET"]}}],"collection":[{"href":"https:\/\/internationaleducationcenters.de\/tr\/wp-json\/wp\/v2\/product"}],"about":[{"href":"https:\/\/internationaleducationcenters.de\/tr\/wp-json\/wp\/v2\/types\/product"}],"replies":[{"embeddable":true,"href":"https:\/\/internationaleducationcenters.de\/tr\/wp-json\/wp\/v2\/comments?post=4189"}],"version-history":[{"count":3,"href":"https:\/\/internationaleducationcenters.de\/tr\/wp-json\/wp\/v2\/product\/4189\/revisions"}],"predecessor-version":[{"id":21831,"href":"https:\/\/internationaleducationcenters.de\/tr\/wp-json\/wp\/v2\/product\/4189\/revisions\/21831"}],"wp:featuredmedia":[{"embeddable":true,"href":"https:\/\/internationaleducationcenters.de\/tr\/wp-json\/wp\/v2\/media\/7560"}],"wp:attachment":[{"href":"https:\/\/internationaleducationcenters.de\/tr\/wp-json\/wp\/v2\/media?parent=4189"}],"wp:term":[{"taxonomy":"product_brand","embeddable":true,"href":"https:\/\/internationaleducationcenters.de\/tr\/wp-json\/wp\/v2\/product_brand?post=4189"},{"taxonomy":"product_cat","embeddable":true,"href":"https:\/\/internationaleducationcenters.de\/tr\/wp-json\/wp\/v2\/product_cat?post=4189"},{"taxonomy":"product_tag","embeddable":true,"href":"https:\/\/internationaleducationcenters.de\/tr\/wp-json\/wp\/v2\/product_tag?post=4189"}],"curies":[{"name":"wp","href":"https:\/\/api.w.org\/{rel}","templated":true}]}}