{"id":4677,"date":"2024-01-05T12:59:59","date_gmt":"2024-01-05T11:59:59","guid":{"rendered":"https:\/\/internationaleducationcenters.de\/kurs\/toefl-itp\/"},"modified":"2024-01-05T12:59:59","modified_gmt":"2024-01-05T11:59:59","slug":"toefl-itp","status":"publish","type":"product","link":"https:\/\/internationaleducationcenters.de\/tr\/urun\/toefl-itp\/","title":{"rendered":"TOEFL\u00ae ITP"},"content":{"rendered":"<p>TOEFL ITP\u00ae s\u0131nav\u0131, akademik ama\u00e7larla \u0130ngilizce dil yeterlili\u011fini do\u011fru bir \u015fekilde \u00f6l\u00e7mek i\u00e7in d\u00fcnya \u00e7ap\u0131ndaki akademik kurumlar i\u00e7in \u00f6nemli bir ara\u00e7t\u0131r. Prestijli TOEFL\u00ae s\u0131nav ailesinin bir par\u00e7as\u0131 olan bu s\u0131nav, akademik \u0130ngilizcede dinleme, okuma ve dil bilgisi becerilerini de\u011ferlendirmek i\u00e7in esnek, uygun maliyetli ve g\u00fcvenilir bir y\u00f6ntem sunar. S\u0131nav, Avrupa Ortak Dil Referans \u00c7er\u00e7evesi&#8217;ne g\u00f6re A2&#8217;den C1&#8217;e kadar olan dil seviyelerini kapsamakta ve t\u00fcm adaylar\u0131n tam olarak dil seviyelerine g\u00f6re kategorize edilmesini sa\u011flamaktad\u0131r.<\/p>\n<h4>Neden TOEFL ITP\u00ae s\u0131nav\u0131na girmelisiniz?<\/h4>\n<ul>\n<li><strong>K\u00fcresel tan\u0131n\u0131rl\u0131k:<\/strong> S\u0131nav, d\u00fcnya \u00e7ap\u0131nda kolejler ve \u00fcniversiteler taraf\u0131ndan bir kabul kriteri olarak tan\u0131n\u0131r ve akademik \u0130ngilizce dil becerilerinin de\u011ferlendirilmesinde olduk\u00e7a sayg\u0131nd\u0131r.<\/li>\n<li><strong>Esneklik<\/strong>: Dijital ve ka\u011f\u0131t tabanl\u0131 versiyonlar\u0131yla TOEFL ITP\u00ae, s\u0131nav kat\u0131l\u0131mc\u0131lar\u0131 ve s\u0131nav merkezleri i\u00e7in maksimum esneklik sunar. Minimum kat\u0131l\u0131mc\u0131 say\u0131s\u0131 olmaks\u0131z\u0131n istenilen tarihe g\u00f6re bireysel olarak d\u00fczenlenebilir.<\/li>\n<li><strong>Objektif de\u011ferlendirme:<\/strong> Standartla\u015ft\u0131r\u0131lm\u0131\u015f \u00e7oktan se\u00e7meli format ve d\u0131\u015f de\u011ferlendirme, t\u00fcm kat\u0131l\u0131mc\u0131lar\u0131n adil ve <strong>objektif<\/strong> bir \u015fekilde de\u011ferlendirilmesini sa\u011flar.<\/li>\n<li><strong>Detayl\u0131 sonu\u00e7lar:<\/strong> Test sonu\u00e7lar\u0131, adaylar\u0131n g\u00fc\u00e7l\u00fc ve zay\u0131f y\u00f6nlerinin kapsaml\u0131 bir analizini sunar ve hedefe y\u00f6nelik \u00f6\u011frenmeyi m\u00fcmk\u00fcn k\u0131lan yapabilirim ifadeleri i\u00e7erir.<\/li>\n<li><strong>G\u00fcvenilirlik:<\/strong> S\u00fcrekli ara\u015ft\u0131rma ve optimizasyon test i\u00e7eri\u011finin g\u00fcncel kalmas\u0131n\u0131 ve sonu\u00e7lar\u0131n kat\u0131l\u0131mc\u0131lar\u0131n ger\u00e7ek yeteneklerini yans\u0131tmas\u0131n\u0131 sa\u011flar.<\/li>\n<\/ul>\n<h4>\u0130\u00e7erik ve yap\u0131<\/h4>\n<p>TOEFL ITP\u00ae s\u0131nav\u0131 akademik, sosyal ve genel konular\u0131 kapsayan 140 \u00e7oktan se\u00e7meli sorudan olu\u015fmaktad\u0131r. Sorular, kat\u0131l\u0131mc\u0131lar\u0131n dinleme ve okudu\u011funu anlaman\u0131n yan\u0131 s\u0131ra dil bilgisi becerilerini de kapsaml\u0131 bir \u015fekilde test etmek \u00fczere tasarlanm\u0131\u015ft\u0131r. S\u0131nav\u0131n yap\u0131s\u0131, sonu\u00e7lar\u0131n kar\u015f\u0131la\u015ft\u0131r\u0131labilirli\u011fini sa\u011flayan puan \u00f6l\u00e7e\u011fi de dahil olmak \u00fczere eski ka\u011f\u0131t tabanl\u0131 TOEFL\u00ae PBT ile ayn\u0131d\u0131r.<\/p>\n<h4>Test kimler i\u00e7in uygundur?<\/h4>\n<p>TOEFL ITP\u00ae, yurti\u00e7i ve yurtd\u0131\u015f\u0131ndaki akademik programlara ba\u015fvuran \u00f6\u011frenciler ve ba\u015fvuru sahiplerinin \u0130ngilizce dil yeterliliklerini de\u011ferlendirmek i\u00e7in g\u00fcvenilir bir y\u00f6ntem arayan e\u011fitim kurumlar\u0131 i\u00e7in idealdir. Akademik bir ortamda ba\u015far\u0131 i\u00e7in gereken dil becerilerinin kapsaml\u0131 bir de\u011ferlendirmesini sa\u011flar.<\/p>\n<p>TOEFL ITP\u00ae s\u0131nav\u0131na girerek, d\u00fcnya \u00e7ap\u0131nda akademik ve profesyonel beklentilerinizi geni\u015fletecek \u0130ngilizce dil becerileriniz hakk\u0131nda de\u011ferli bir kan\u0131t elde edeceksiniz.<\/p>\n","protected":false},"excerpt":{"rendered":"<p>TOEFL ITP\u00ae s\u0131nav\u0131, akademik ama\u00e7lar i\u00e7in \u0130ngilizce dil yeterlili\u011fini \u00f6l\u00e7er ve A2 ila C1 seviyelerini kapsar.<\/p>\n","protected":false},"featured_media":220,"comment_status":"closed","ping_status":"closed","template":"","meta":{"_acf_changed":false},"product_brand":[],"product_cat":[379],"product_tag":[380],"class_list":{"0":"post-4677","1":"product","2":"type-product","3":"status-publish","4":"has-post-thumbnail","6":"product_cat-dil-ve-test-hizmeti-tls","7":"product_tag-lts-tr","9":"first","10":"instock","11":"product-type-simple"},"acf":[],"yoast_head":"<!-- This site is optimized with the Yoast SEO Premium plugin v25.9 (Yoast SEO v26.9) - https:\/\/yoast.com\/product\/yoast-seo-premium-wordpress\/ -->\n<title>TOEFL\u00ae ITP - International Education Centers<\/title>\n<meta name=\"robots\" content=\"index, follow, max-snippet:-1, max-image-preview:large, max-video-preview:-1\" \/>\n<link rel=\"canonical\" href=\"https:\/\/internationaleducationcenters.de\/tr\/urun\/toefl-itp\/\" \/>\n<meta property=\"og:locale\" content=\"tr_TR\" \/>\n<meta property=\"og:type\" content=\"article\" \/>\n<meta property=\"og:title\" content=\"TOEFL\u00ae ITP\" \/>\n<meta property=\"og:description\" content=\"TOEFL ITP\u00ae s\u0131nav\u0131, akademik ama\u00e7lar i\u00e7in \u0130ngilizce dil yeterlili\u011fini \u00f6l\u00e7er ve A2 ila C1 seviyelerini kapsar.\" \/>\n<meta property=\"og:url\" content=\"https:\/\/internationaleducationcenters.de\/tr\/urun\/toefl-itp\/\" \/>\n<meta property=\"og:site_name\" content=\"International Education Centers\" \/>\n<meta property=\"article:publisher\" content=\"https:\/\/www.facebook.com\/InternationalEducationCenters\/\" \/>\n<meta property=\"og:image\" content=\"https:\/\/internationaleducationcenters.de\/wp-content\/uploads\/woocommerce-placeholder.png\" \/>\n\t<meta property=\"og:image:width\" content=\"1200\" \/>\n\t<meta property=\"og:image:height\" content=\"1200\" \/>\n\t<meta property=\"og:image:type\" content=\"image\/png\" \/>\n<meta name=\"twitter:card\" content=\"summary_large_image\" \/>\n<meta name=\"twitter:label1\" content=\"Fiyat\" \/>\n\t<meta name=\"twitter:data1\" content=\"\" \/>\n\t<meta name=\"twitter:label2\" content=\"Durumu\" \/>\n\t<meta name=\"twitter:data2\" content=\"Stokta var\" \/>\n<script type=\"application\/ld+json\" class=\"yoast-schema-graph\">{\"@context\":\"https:\/\/schema.org\",\"@graph\":[{\"@type\":\"WebPage\",\"@id\":\"https:\/\/internationaleducationcenters.de\/tr\/urun\/toefl-itp\/\",\"url\":\"https:\/\/internationaleducationcenters.de\/tr\/urun\/toefl-itp\/\",\"name\":\"TOEFL\u00ae ITP - International Education Centers\",\"isPartOf\":{\"@id\":\"https:\/\/internationaleducationcenters.de\/tr\/#website\"},\"primaryImageOfPage\":{\"@id\":\"https:\/\/internationaleducationcenters.de\/tr\/urun\/toefl-itp\/#primaryimage\"},\"image\":{\"@id\":\"https:\/\/internationaleducationcenters.de\/tr\/urun\/toefl-itp\/#primaryimage\"},\"thumbnailUrl\":\"https:\/\/internationaleducationcenters.de\/wp-content\/uploads\/woocommerce-placeholder.png\",\"datePublished\":\"2024-01-05T11:59:59+00:00\",\"breadcrumb\":{\"@id\":\"https:\/\/internationaleducationcenters.de\/tr\/urun\/toefl-itp\/#breadcrumb\"},\"inLanguage\":\"tr\",\"potentialAction\":[{\"@type\":\"ReadAction\",\"target\":[\"https:\/\/internationaleducationcenters.de\/tr\/urun\/toefl-itp\/\"]}]},{\"@type\":\"ImageObject\",\"inLanguage\":\"tr\",\"@id\":\"https:\/\/internationaleducationcenters.de\/tr\/urun\/toefl-itp\/#primaryimage\",\"url\":\"https:\/\/internationaleducationcenters.de\/wp-content\/uploads\/woocommerce-placeholder.png\",\"contentUrl\":\"https:\/\/internationaleducationcenters.de\/wp-content\/uploads\/woocommerce-placeholder.png\",\"width\":1200,\"height\":1200},{\"@type\":\"BreadcrumbList\",\"@id\":\"https:\/\/internationaleducationcenters.de\/tr\/urun\/toefl-itp\/#breadcrumb\",\"itemListElement\":[{\"@type\":\"ListItem\",\"position\":1,\"name\":\"Home\",\"item\":\"https:\/\/internationaleducationcenters.de\/tr\/\"},{\"@type\":\"ListItem\",\"position\":2,\"name\":\"Ma\u011faza\",\"item\":\"https:\/\/internationaleducationcenters.de\/tr\/shop\/\"},{\"@type\":\"ListItem\",\"position\":3,\"name\":\"TOEFL\u00ae ITP\"}]},{\"@type\":\"WebSite\",\"@id\":\"https:\/\/internationaleducationcenters.de\/tr\/#website\",\"url\":\"https:\/\/internationaleducationcenters.de\/tr\/\",\"name\":\"International Education Centers\",\"description\":\"\",\"publisher\":{\"@id\":\"https:\/\/internationaleducationcenters.de\/tr\/#organization\"},\"potentialAction\":[{\"@type\":\"SearchAction\",\"target\":{\"@type\":\"EntryPoint\",\"urlTemplate\":\"https:\/\/internationaleducationcenters.de\/tr\/?s={search_term_string}\"},\"query-input\":{\"@type\":\"PropertyValueSpecification\",\"valueRequired\":true,\"valueName\":\"search_term_string\"}}],\"inLanguage\":\"tr\"},{\"@type\":\"Organization\",\"@id\":\"https:\/\/internationaleducationcenters.de\/tr\/#organization\",\"name\":\"International Education Centers\",\"alternateName\":\"IEC\",\"url\":\"https:\/\/internationaleducationcenters.de\/tr\/\",\"logo\":{\"@type\":\"ImageObject\",\"inLanguage\":\"tr\",\"@id\":\"https:\/\/internationaleducationcenters.de\/tr\/#\/schema\/logo\/image\/\",\"url\":\"https:\/\/internationaleducationcenters.de\/wp-content\/uploads\/2025\/08\/IEC_favicon-1.png\",\"contentUrl\":\"https:\/\/internationaleducationcenters.de\/wp-content\/uploads\/2025\/08\/IEC_favicon-1.png\",\"width\":512,\"height\":512,\"caption\":\"International Education Centers\"},\"image\":{\"@id\":\"https:\/\/internationaleducationcenters.de\/tr\/#\/schema\/logo\/image\/\"},\"sameAs\":[\"https:\/\/www.facebook.com\/InternationalEducationCenters\/\"]}]}<\/script>\n<meta property=\"product:price:currency\" content=\"EUR\" \/>\n<meta property=\"og:availability\" content=\"instock\" \/>\n<meta property=\"product:availability\" content=\"instock\" \/>\n<meta property=\"product:condition\" content=\"new\" \/>\n<!-- \/ Yoast SEO Premium plugin. -->","yoast_head_json":{"title":"TOEFL\u00ae ITP - International Education Centers","robots":{"index":"index","follow":"follow","max-snippet":"max-snippet:-1","max-image-preview":"max-image-preview:large","max-video-preview":"max-video-preview:-1"},"canonical":"https:\/\/internationaleducationcenters.de\/tr\/urun\/toefl-itp\/","og_locale":"tr_TR","og_type":"article","og_title":"TOEFL\u00ae ITP","og_description":"TOEFL ITP\u00ae s\u0131nav\u0131, akademik ama\u00e7lar i\u00e7in \u0130ngilizce dil yeterlili\u011fini \u00f6l\u00e7er ve A2 ila C1 seviyelerini kapsar.","og_url":"https:\/\/internationaleducationcenters.de\/tr\/urun\/toefl-itp\/","og_site_name":"International Education Centers","article_publisher":"https:\/\/www.facebook.com\/InternationalEducationCenters\/","og_image":[{"width":1200,"height":1200,"url":"https:\/\/internationaleducationcenters.de\/wp-content\/uploads\/woocommerce-placeholder.png","type":"image\/png"}],"twitter_card":"summary_large_image","twitter_misc":{"Fiyat":"","Durumu":"Stokta var"},"schema":{"@context":"https:\/\/schema.org","@graph":[{"@type":"WebPage","@id":"https:\/\/internationaleducationcenters.de\/tr\/urun\/toefl-itp\/","url":"https:\/\/internationaleducationcenters.de\/tr\/urun\/toefl-itp\/","name":"TOEFL\u00ae ITP - International Education Centers","isPartOf":{"@id":"https:\/\/internationaleducationcenters.de\/tr\/#website"},"primaryImageOfPage":{"@id":"https:\/\/internationaleducationcenters.de\/tr\/urun\/toefl-itp\/#primaryimage"},"image":{"@id":"https:\/\/internationaleducationcenters.de\/tr\/urun\/toefl-itp\/#primaryimage"},"thumbnailUrl":"https:\/\/internationaleducationcenters.de\/wp-content\/uploads\/woocommerce-placeholder.png","datePublished":"2024-01-05T11:59:59+00:00","breadcrumb":{"@id":"https:\/\/internationaleducationcenters.de\/tr\/urun\/toefl-itp\/#breadcrumb"},"inLanguage":"tr","potentialAction":[{"@type":"ReadAction","target":["https:\/\/internationaleducationcenters.de\/tr\/urun\/toefl-itp\/"]}]},{"@type":"ImageObject","inLanguage":"tr","@id":"https:\/\/internationaleducationcenters.de\/tr\/urun\/toefl-itp\/#primaryimage","url":"https:\/\/internationaleducationcenters.de\/wp-content\/uploads\/woocommerce-placeholder.png","contentUrl":"https:\/\/internationaleducationcenters.de\/wp-content\/uploads\/woocommerce-placeholder.png","width":1200,"height":1200},{"@type":"BreadcrumbList","@id":"https:\/\/internationaleducationcenters.de\/tr\/urun\/toefl-itp\/#breadcrumb","itemListElement":[{"@type":"ListItem","position":1,"name":"Home","item":"https:\/\/internationaleducationcenters.de\/tr\/"},{"@type":"ListItem","position":2,"name":"Ma\u011faza","item":"https:\/\/internationaleducationcenters.de\/tr\/shop\/"},{"@type":"ListItem","position":3,"name":"TOEFL\u00ae ITP"}]},{"@type":"WebSite","@id":"https:\/\/internationaleducationcenters.de\/tr\/#website","url":"https:\/\/internationaleducationcenters.de\/tr\/","name":"International Education Centers","description":"","publisher":{"@id":"https:\/\/internationaleducationcenters.de\/tr\/#organization"},"potentialAction":[{"@type":"SearchAction","target":{"@type":"EntryPoint","urlTemplate":"https:\/\/internationaleducationcenters.de\/tr\/?s={search_term_string}"},"query-input":{"@type":"PropertyValueSpecification","valueRequired":true,"valueName":"search_term_string"}}],"inLanguage":"tr"},{"@type":"Organization","@id":"https:\/\/internationaleducationcenters.de\/tr\/#organization","name":"International Education Centers","alternateName":"IEC","url":"https:\/\/internationaleducationcenters.de\/tr\/","logo":{"@type":"ImageObject","inLanguage":"tr","@id":"https:\/\/internationaleducationcenters.de\/tr\/#\/schema\/logo\/image\/","url":"https:\/\/internationaleducationcenters.de\/wp-content\/uploads\/2025\/08\/IEC_favicon-1.png","contentUrl":"https:\/\/internationaleducationcenters.de\/wp-content\/uploads\/2025\/08\/IEC_favicon-1.png","width":512,"height":512,"caption":"International Education Centers"},"image":{"@id":"https:\/\/internationaleducationcenters.de\/tr\/#\/schema\/logo\/image\/"},"sameAs":["https:\/\/www.facebook.com\/InternationalEducationCenters\/"]}]},"product_price_currency":"EUR","og_availability":"instock","product_availability":"instock","product_condition":"new"},"_links":{"self":[{"href":"https:\/\/internationaleducationcenters.de\/tr\/wp-json\/wp\/v2\/product\/4677","targetHints":{"allow":["GET"]}}],"collection":[{"href":"https:\/\/internationaleducationcenters.de\/tr\/wp-json\/wp\/v2\/product"}],"about":[{"href":"https:\/\/internationaleducationcenters.de\/tr\/wp-json\/wp\/v2\/types\/product"}],"replies":[{"embeddable":true,"href":"https:\/\/internationaleducationcenters.de\/tr\/wp-json\/wp\/v2\/comments?post=4677"}],"version-history":[{"count":0,"href":"https:\/\/internationaleducationcenters.de\/tr\/wp-json\/wp\/v2\/product\/4677\/revisions"}],"wp:featuredmedia":[{"embeddable":true,"href":"https:\/\/internationaleducationcenters.de\/tr\/wp-json\/wp\/v2\/media\/220"}],"wp:attachment":[{"href":"https:\/\/internationaleducationcenters.de\/tr\/wp-json\/wp\/v2\/media?parent=4677"}],"wp:term":[{"taxonomy":"product_brand","embeddable":true,"href":"https:\/\/internationaleducationcenters.de\/tr\/wp-json\/wp\/v2\/product_brand?post=4677"},{"taxonomy":"product_cat","embeddable":true,"href":"https:\/\/internationaleducationcenters.de\/tr\/wp-json\/wp\/v2\/product_cat?post=4677"},{"taxonomy":"product_tag","embeddable":true,"href":"https:\/\/internationaleducationcenters.de\/tr\/wp-json\/wp\/v2\/product_tag?post=4677"}],"curies":[{"name":"wp","href":"https:\/\/api.w.org\/{rel}","templated":true}]}}