{"id":6376,"date":"2024-09-13T18:11:01","date_gmt":"2024-09-13T16:11:01","guid":{"rendered":"https:\/\/internationaleducationcenters.de\/?post_type=product&#038;p=6376"},"modified":"2025-11-20T09:48:46","modified_gmt":"2025-11-20T08:48:46","slug":"sinava-hazirlik-kursu-telc-almanca-b2-yogun-kopie","status":"publish","type":"product","link":"https:\/\/internationaleducationcenters.de\/tr\/urun\/sinava-hazirlik-kursu-telc-almanca-b2-yogun-kopie\/","title":{"rendered":"S\u0131nava haz\u0131rl\u0131k kursu telc Almanca B2 Yo\u011fun (Kopie)"},"content":{"rendered":"<div class=\"tab-menu--product js--tab-menu\">\n<div class=\"tab--container-list\">\n<div class=\"tab--container has--content is--active\">\n<div class=\"tab--content\">\n<div class=\"content--description\">\n<div class=\"product--description\">\n<p>Bir s\u00fcredir Almanya&#8217;das\u0131n\u0131z ve B1 s\u0131nav\u0131n\u0131 ba\u015far\u0131yla ge\u00e7tiniz, ancak Wuppertal ve \u00e7evresindeki i\u015f piyasas\u0131nda daha iyi \u015fanslara sahip olmak ve insanlarla daha iyi ileti\u015fim kurabilmek i\u00e7in daha fazla Almanca m\u0131 \u00f6\u011frenmek istiyorsunuz? Sizi s\u0131nava ideal bir \u015fekilde haz\u0131rlayacak kompakt bir \u00e7evrimi\u00e7i yo\u011fun Almanca B2 kursu sunuyoruz.<\/p>\n<p>Yaz\u0131l\u0131 ve s\u00f6zl\u00fc bir test sim\u00fclasyonu, d\u00f6rt alt test i\u00e7eren bir model test kullan\u0131larak ger\u00e7ekle\u015ftirilir: okudu\u011funu anlama, dinledi\u011fini anlama ve yaz\u0131l\u0131 ve s\u00f6zl\u00fc ifade. Kurslar, telc s\u0131nav\u0131na bir hafta sonra do\u011frudan bizimle girebilece\u011finiz \u015fekilde d\u00fczenlenmi\u015ftir, b\u00f6ylece de\u011ferli zaman\u0131n\u0131z\u0131 kaybetmezsiniz. telc Deutsch B1-B2 Pflege s\u0131nav e\u011fitimi \u00f6\u011fleden sonra kursu olarak ger\u00e7ekle\u015fmektedir. Kurs, en az B1+ dil becerisine sahip olan ve telc Almanca B2 s\u0131nav\u0131na a\u00e7\u0131k\u00e7a haz\u0131rlanmak isteyen kat\u0131l\u0131mc\u0131lara y\u00f6neliktir.<\/p>\n<h3>B2 seviyesinde ne yapabilirsiniz?<\/h3>\n<p class=\"bodytext\">B2 seviyesinde, kendinizi a\u00e7\u0131k ve ayr\u0131nt\u0131l\u0131 bir \u015fekilde ifade edebilir, ba\u015far\u0131l\u0131 bir \u015fekilde tart\u0131\u015fabilir ve m\u00fczakere edebilirsiniz. Kendi uzmanl\u0131k alan\u0131n\u0131zda ve \u00e7o\u011fu genel konuda geni\u015f bir kelime da\u011farc\u0131\u011f\u0131na sahipsiniz. \u0130yi bir dilbilgisine sahipsiniz.<\/p>\n<h3>S\u0131nav nas\u0131l yap\u0131land\u0131r\u0131lm\u0131\u015ft\u0131r?<\/h3>\n<p>S\u0131nav bir yaz\u0131l\u0131 ve bir s\u00f6zl\u00fc b\u00f6l\u00fcmden olu\u015fmaktad\u0131r. Yaz\u0131l\u0131 s\u0131nav 2 saat 20 dakika s\u00fcrmektedir. S\u00f6zl\u00fc s\u0131navdan \u00f6nce haz\u0131rlanmak i\u00e7in 20 dakikan\u0131z var. S\u00f6zl\u00fc s\u0131nav, yaz\u0131l\u0131 s\u0131nav\u0131n yap\u0131ld\u0131\u011f\u0131 g\u00fcn veya ba\u015fka bir g\u00fcn ger\u00e7ekle\u015ftirilebilir.<\/p>\n<h3>Kurs i\u00e7eri\u011fi<\/h3>\n<ul>\n<li>geni\u015f bir yelpazedeki metinleri anlamak<\/li>\n<li>Karma\u015f\u0131k konularda yaz\u0131l\u0131 olarak kendilerini a\u00e7\u0131k ve yap\u0131land\u0131r\u0131lm\u0131\u015f bir \u015fekilde ifade edebilmeleri<\/li>\n<li>Genel konularda ve kendi ilgi alanlar\u0131ndaki konularda s\u00f6zl\u00fc sunumlar yapabileceklerdir.<\/li>\n<li>tart\u0131\u015fmalara aktif olarak kat\u0131lmak<\/li>\n<li>bir duru\u015f sergilemek ve kendi bak\u0131\u015f a\u00e7\u0131lar\u0131n\u0131 sunmak.<\/li>\n<li>Somut ve soyut konulardaki karma\u015f\u0131k metinlerin ana i\u00e7eri\u011fini anlayabilir.<\/li>\n<li>\u00e7ok \u00e7e\u015fitli konularda kendilerini a\u00e7\u0131k ve ayr\u0131nt\u0131l\u0131 bir \u015fekilde ifade edebilecek<\/li>\n<li>g\u00fcncel bir konuda bir bak\u0131\u015f a\u00e7\u0131s\u0131n\u0131 a\u00e7\u0131klamak ve farkl\u0131 se\u00e7eneklerin avantaj ve dezavantajlar\u0131n\u0131 vermek<\/li>\n<\/ul>\n<h3>Etkinlik t\u00fcr\u00fc<\/h3>\n<ul>\n<li>\u00c7evrimi\u00e7i seminer<\/li>\n<\/ul>\n<h3 class=\"paragraph\">\u00d6\u011fretim kapsam\u0131<\/h3>\n<p class=\"paragraph\">50 \u00f6\u011fretim birimi, 10 \u00f6\u011fretim g\u00fcn\u00fc, Pazartesi-Cuma 09:00 &#8211; 13:15 aras\u0131<\/p>\n<h3 class=\"paragraph\">Gerekli teknik ekipman<\/h3>\n<ul>\n<li>PC, diz\u00fcst\u00fc bilgisayar veya tablet<\/li>\n<li>Mikrofonlu kulakl\u0131k<\/li>\n<li>\u0130nternet ba\u011flant\u0131s\u0131<\/li>\n<\/ul>\n<h3 class=\"paragraph\">Kursun tamamlanmas\u0131<\/h3>\n<p class=\"paragraph\">Yo\u011funla\u015ft\u0131r\u0131lm\u0131\u015f dil kurslar\u0131m\u0131z genellikle telc Almanca B2 dil s\u0131nav\u0131n\u0131 ge\u00e7meye y\u00f6neliktir.<\/p>\n<p class=\"paragraph\">Kurs, resmi bir telc veya \u00f6zel dil s\u0131nav\u0131 ve bir kat\u0131l\u0131m sertifikas\u0131 ile sona ermektedir.Ancak, amac\u0131n\u0131z sadece dil becerilerinizi geli\u015ftirmekse, s\u0131navlardan birine girme zorunlulu\u011fu yoktur. Bu nedenle her durumda bir kat\u0131l\u0131m sertifikas\u0131 alacaks\u0131n\u0131z.<\/p>\n<p class=\"paragraph\">Sizin hedefleriniz bizim hedeflerimizdir. Bu nedenle, hedefleriniz bize ba\u015far\u0131n\u0131za giden yolu g\u00f6sterir.<\/p>\n<h3 class=\"paragraph\">S\u0131nav kayd\u0131<\/h3>\n<p class=\"paragraph\">Dilerseniz telc &#8211; Deutsch B1\/B2 s\u0131nav\u0131na do\u011frudan sertifikal\u0131 s\u0131nav merkezimizde girebilirsiniz.<\/p>\n<p class=\"paragraph\">Sadece s\u0131nav i\u00e7in de kay\u0131t yapt\u0131rabilirsiniz.<\/p>\n<p class=\"paragraph\">Sertifikal\u0131 s\u0131nav merkezimizde telc dil s\u0131nav\u0131na kaydolmak istiyorsan\u0131z, l\u00fctfen <a href=\"https:\/\/internationaleducationcenters.de\/sprachpruefung-telc-deutsch-b2\">buraya<\/a> t\u0131klay\u0131n.<\/p>\n<h3 class=\"paragraph\">Promosyon<\/h3>\n<p class=\"paragraph\">AZAV uyar\u0131nca yetkili bir sa\u011flay\u0131c\u0131y\u0131z. Bak\u0131m tesisleri ve hastaneler Yeterlilik F\u0131rsatlar\u0131 Yasas\u0131&#8217;ndan %100&#8217;e kadar faydalanabilir. E\u011fitim \u00e7ekleri ve e\u011fitim primi de kullan\u0131labilir.T\u00fcm finansman f\u0131rsatlar\u0131na<a href=\"https:\/\/internationaleducationcenters.de\/finanzielle-foerderung-fuer-ihre-weiterbildung\">buradan<\/a> ula\u015fabilirsiniz.<\/p>\n<\/div>\n<\/div>\n<\/div>\n<\/div>\n<\/div>\n<\/div>\n","protected":false},"excerpt":{"rendered":"<p>Almanca B2 yo\u011funla\u015ft\u0131r\u0131lm\u0131\u015f online kursu ile Almanca dil becerilerinizi geli\u015ftirin ve telc s\u0131nav\u0131na haz\u0131rlan\u0131n.<\/p>\n","protected":false},"featured_media":7467,"comment_status":"closed","ping_status":"closed","template":"","meta":{"_acf_changed":false},"product_brand":[],"product_cat":[314],"product_tag":[384,315],"class_list":{"0":"post-6376","1":"product","2":"type-product","3":"status-publish","4":"has-post-thumbnail","6":"product_cat-sinav-hazirlik-kurslari","7":"product_tag-buyoption-direct-tr","8":"product_tag-hazirlik","10":"first","11":"instock","12":"purchasable","13":"product-type-simple"},"acf":[],"yoast_head":"<!-- This site is optimized with the Yoast SEO Premium plugin v25.9 (Yoast SEO v26.9) - https:\/\/yoast.com\/product\/yoast-seo-premium-wordpress\/ -->\n<title>S\u0131nava haz\u0131rl\u0131k kursu telc Almanca B2 Yo\u011fun (Kopie) - International Education Centers<\/title>\n<meta name=\"description\" content=\"S\u0131nava haz\u0131rl\u0131k kursu telc Almanca B2 Yo\u011fun\" \/>\n<meta name=\"robots\" content=\"index, follow, max-snippet:-1, max-image-preview:large, max-video-preview:-1\" \/>\n<link rel=\"canonical\" href=\"https:\/\/internationaleducationcenters.de\/tr\/urun\/sinava-hazirlik-kursu-telc-almanca-b2-yogun-kopie\/\" \/>\n<meta property=\"og:locale\" content=\"tr_TR\" \/>\n<meta property=\"og:type\" content=\"article\" \/>\n<meta property=\"og:title\" content=\"S\u0131nava haz\u0131rl\u0131k kursu telc Almanca B2 Yo\u011fun (Kopie)\" \/>\n<meta property=\"og:description\" content=\"S\u0131nava haz\u0131rl\u0131k kursu telc Almanca B2 Yo\u011fun\" \/>\n<meta property=\"og:url\" content=\"https:\/\/internationaleducationcenters.de\/tr\/urun\/sinava-hazirlik-kursu-telc-almanca-b2-yogun-kopie\/\" \/>\n<meta property=\"og:site_name\" content=\"International Education Centers\" \/>\n<meta property=\"article:publisher\" content=\"https:\/\/www.facebook.com\/InternationalEducationCenters\/\" \/>\n<meta property=\"article:modified_time\" content=\"2025-11-20T08:48:46+00:00\" \/>\n<meta property=\"og:image\" content=\"https:\/\/internationaleducationcenters.de\/wp-content\/uploads\/2024\/09\/telc-Deutsch.jpg\" \/>\n\t<meta property=\"og:image:width\" content=\"300\" \/>\n\t<meta property=\"og:image:height\" content=\"200\" \/>\n\t<meta property=\"og:image:type\" content=\"image\/jpeg\" \/>\n<meta name=\"twitter:card\" content=\"summary_large_image\" \/>\n<meta name=\"twitter:label1\" content=\"Fiyat\" \/>\n\t<meta name=\"twitter:data1\" content=\"415,00&nbsp;&euro;\" \/>\n\t<meta name=\"twitter:label2\" content=\"Durumu\" \/>\n\t<meta name=\"twitter:data2\" content=\"Stokta var\" \/>\n<script type=\"application\/ld+json\" class=\"yoast-schema-graph\">{\"@context\":\"https:\/\/schema.org\",\"@graph\":[{\"@type\":\"WebPage\",\"@id\":\"https:\/\/internationaleducationcenters.de\/tr\/urun\/sinava-hazirlik-kursu-telc-almanca-b2-yogun-kopie\/\",\"url\":\"https:\/\/internationaleducationcenters.de\/tr\/urun\/sinava-hazirlik-kursu-telc-almanca-b2-yogun-kopie\/\",\"name\":\"S\u0131nava haz\u0131rl\u0131k kursu telc Almanca B2 Yo\u011fun (Kopie) - International Education Centers\",\"isPartOf\":{\"@id\":\"https:\/\/internationaleducationcenters.de\/tr\/#website\"},\"primaryImageOfPage\":{\"@id\":\"https:\/\/internationaleducationcenters.de\/tr\/urun\/sinava-hazirlik-kursu-telc-almanca-b2-yogun-kopie\/#primaryimage\"},\"image\":{\"@id\":\"https:\/\/internationaleducationcenters.de\/tr\/urun\/sinava-hazirlik-kursu-telc-almanca-b2-yogun-kopie\/#primaryimage\"},\"thumbnailUrl\":\"https:\/\/internationaleducationcenters.de\/wp-content\/uploads\/2024\/09\/telc-Deutsch.jpg\",\"datePublished\":\"2024-09-13T16:11:01+00:00\",\"dateModified\":\"2025-11-20T08:48:46+00:00\",\"description\":\"S\u0131nava haz\u0131rl\u0131k kursu telc Almanca B2 Yo\u011fun\",\"breadcrumb\":{\"@id\":\"https:\/\/internationaleducationcenters.de\/tr\/urun\/sinava-hazirlik-kursu-telc-almanca-b2-yogun-kopie\/#breadcrumb\"},\"inLanguage\":\"tr\",\"potentialAction\":[{\"@type\":\"ReadAction\",\"target\":[\"https:\/\/internationaleducationcenters.de\/tr\/urun\/sinava-hazirlik-kursu-telc-almanca-b2-yogun-kopie\/\"]}]},{\"@type\":\"ImageObject\",\"inLanguage\":\"tr\",\"@id\":\"https:\/\/internationaleducationcenters.de\/tr\/urun\/sinava-hazirlik-kursu-telc-almanca-b2-yogun-kopie\/#primaryimage\",\"url\":\"https:\/\/internationaleducationcenters.de\/wp-content\/uploads\/2024\/09\/telc-Deutsch.jpg\",\"contentUrl\":\"https:\/\/internationaleducationcenters.de\/wp-content\/uploads\/2024\/09\/telc-Deutsch.jpg\",\"width\":300,\"height\":200,\"caption\":\"test leben in Deutschland in Wuppertal mit IEC\"},{\"@type\":\"BreadcrumbList\",\"@id\":\"https:\/\/internationaleducationcenters.de\/tr\/urun\/sinava-hazirlik-kursu-telc-almanca-b2-yogun-kopie\/#breadcrumb\",\"itemListElement\":[{\"@type\":\"ListItem\",\"position\":1,\"name\":\"Home\",\"item\":\"https:\/\/internationaleducationcenters.de\/tr\/\"},{\"@type\":\"ListItem\",\"position\":2,\"name\":\"Ma\u011faza\",\"item\":\"https:\/\/internationaleducationcenters.de\/tr\/shop\/\"},{\"@type\":\"ListItem\",\"position\":3,\"name\":\"S\u0131nava haz\u0131rl\u0131k kursu telc Almanca B2 Yo\u011fun (Kopie)\"}]},{\"@type\":\"WebSite\",\"@id\":\"https:\/\/internationaleducationcenters.de\/tr\/#website\",\"url\":\"https:\/\/internationaleducationcenters.de\/tr\/\",\"name\":\"International Education Centers\",\"description\":\"\",\"publisher\":{\"@id\":\"https:\/\/internationaleducationcenters.de\/tr\/#organization\"},\"potentialAction\":[{\"@type\":\"SearchAction\",\"target\":{\"@type\":\"EntryPoint\",\"urlTemplate\":\"https:\/\/internationaleducationcenters.de\/tr\/?s={search_term_string}\"},\"query-input\":{\"@type\":\"PropertyValueSpecification\",\"valueRequired\":true,\"valueName\":\"search_term_string\"}}],\"inLanguage\":\"tr\"},{\"@type\":\"Organization\",\"@id\":\"https:\/\/internationaleducationcenters.de\/tr\/#organization\",\"name\":\"International Education Centers\",\"alternateName\":\"IEC\",\"url\":\"https:\/\/internationaleducationcenters.de\/tr\/\",\"logo\":{\"@type\":\"ImageObject\",\"inLanguage\":\"tr\",\"@id\":\"https:\/\/internationaleducationcenters.de\/tr\/#\/schema\/logo\/image\/\",\"url\":\"https:\/\/internationaleducationcenters.de\/wp-content\/uploads\/2025\/08\/IEC_favicon-1.png\",\"contentUrl\":\"https:\/\/internationaleducationcenters.de\/wp-content\/uploads\/2025\/08\/IEC_favicon-1.png\",\"width\":512,\"height\":512,\"caption\":\"International Education Centers\"},\"image\":{\"@id\":\"https:\/\/internationaleducationcenters.de\/tr\/#\/schema\/logo\/image\/\"},\"sameAs\":[\"https:\/\/www.facebook.com\/InternationalEducationCenters\/\"]}]}<\/script>\n<meta property=\"product:price:amount\" content=\"415.00\" \/>\n<meta property=\"product:price:currency\" content=\"EUR\" \/>\n<meta property=\"og:availability\" content=\"instock\" \/>\n<meta property=\"product:availability\" content=\"instock\" \/>\n<meta property=\"product:condition\" content=\"new\" \/>\n<!-- \/ Yoast SEO Premium plugin. -->","yoast_head_json":{"title":"S\u0131nava haz\u0131rl\u0131k kursu telc Almanca B2 Yo\u011fun (Kopie) - International Education Centers","description":"S\u0131nava haz\u0131rl\u0131k kursu telc Almanca B2 Yo\u011fun","robots":{"index":"index","follow":"follow","max-snippet":"max-snippet:-1","max-image-preview":"max-image-preview:large","max-video-preview":"max-video-preview:-1"},"canonical":"https:\/\/internationaleducationcenters.de\/tr\/urun\/sinava-hazirlik-kursu-telc-almanca-b2-yogun-kopie\/","og_locale":"tr_TR","og_type":"article","og_title":"S\u0131nava haz\u0131rl\u0131k kursu telc Almanca B2 Yo\u011fun (Kopie)","og_description":"S\u0131nava haz\u0131rl\u0131k kursu telc Almanca B2 Yo\u011fun","og_url":"https:\/\/internationaleducationcenters.de\/tr\/urun\/sinava-hazirlik-kursu-telc-almanca-b2-yogun-kopie\/","og_site_name":"International Education Centers","article_publisher":"https:\/\/www.facebook.com\/InternationalEducationCenters\/","article_modified_time":"2025-11-20T08:48:46+00:00","og_image":[{"width":300,"height":200,"url":"https:\/\/internationaleducationcenters.de\/wp-content\/uploads\/2024\/09\/telc-Deutsch.jpg","type":"image\/jpeg"}],"twitter_card":"summary_large_image","twitter_misc":{"Fiyat":"415,00&nbsp;&euro;","Durumu":"Stokta var"},"schema":{"@context":"https:\/\/schema.org","@graph":[{"@type":"WebPage","@id":"https:\/\/internationaleducationcenters.de\/tr\/urun\/sinava-hazirlik-kursu-telc-almanca-b2-yogun-kopie\/","url":"https:\/\/internationaleducationcenters.de\/tr\/urun\/sinava-hazirlik-kursu-telc-almanca-b2-yogun-kopie\/","name":"S\u0131nava haz\u0131rl\u0131k kursu telc Almanca B2 Yo\u011fun (Kopie) - International Education Centers","isPartOf":{"@id":"https:\/\/internationaleducationcenters.de\/tr\/#website"},"primaryImageOfPage":{"@id":"https:\/\/internationaleducationcenters.de\/tr\/urun\/sinava-hazirlik-kursu-telc-almanca-b2-yogun-kopie\/#primaryimage"},"image":{"@id":"https:\/\/internationaleducationcenters.de\/tr\/urun\/sinava-hazirlik-kursu-telc-almanca-b2-yogun-kopie\/#primaryimage"},"thumbnailUrl":"https:\/\/internationaleducationcenters.de\/wp-content\/uploads\/2024\/09\/telc-Deutsch.jpg","datePublished":"2024-09-13T16:11:01+00:00","dateModified":"2025-11-20T08:48:46+00:00","description":"S\u0131nava haz\u0131rl\u0131k kursu telc Almanca B2 Yo\u011fun","breadcrumb":{"@id":"https:\/\/internationaleducationcenters.de\/tr\/urun\/sinava-hazirlik-kursu-telc-almanca-b2-yogun-kopie\/#breadcrumb"},"inLanguage":"tr","potentialAction":[{"@type":"ReadAction","target":["https:\/\/internationaleducationcenters.de\/tr\/urun\/sinava-hazirlik-kursu-telc-almanca-b2-yogun-kopie\/"]}]},{"@type":"ImageObject","inLanguage":"tr","@id":"https:\/\/internationaleducationcenters.de\/tr\/urun\/sinava-hazirlik-kursu-telc-almanca-b2-yogun-kopie\/#primaryimage","url":"https:\/\/internationaleducationcenters.de\/wp-content\/uploads\/2024\/09\/telc-Deutsch.jpg","contentUrl":"https:\/\/internationaleducationcenters.de\/wp-content\/uploads\/2024\/09\/telc-Deutsch.jpg","width":300,"height":200,"caption":"test leben in Deutschland in Wuppertal mit IEC"},{"@type":"BreadcrumbList","@id":"https:\/\/internationaleducationcenters.de\/tr\/urun\/sinava-hazirlik-kursu-telc-almanca-b2-yogun-kopie\/#breadcrumb","itemListElement":[{"@type":"ListItem","position":1,"name":"Home","item":"https:\/\/internationaleducationcenters.de\/tr\/"},{"@type":"ListItem","position":2,"name":"Ma\u011faza","item":"https:\/\/internationaleducationcenters.de\/tr\/shop\/"},{"@type":"ListItem","position":3,"name":"S\u0131nava haz\u0131rl\u0131k kursu telc Almanca B2 Yo\u011fun (Kopie)"}]},{"@type":"WebSite","@id":"https:\/\/internationaleducationcenters.de\/tr\/#website","url":"https:\/\/internationaleducationcenters.de\/tr\/","name":"International Education Centers","description":"","publisher":{"@id":"https:\/\/internationaleducationcenters.de\/tr\/#organization"},"potentialAction":[{"@type":"SearchAction","target":{"@type":"EntryPoint","urlTemplate":"https:\/\/internationaleducationcenters.de\/tr\/?s={search_term_string}"},"query-input":{"@type":"PropertyValueSpecification","valueRequired":true,"valueName":"search_term_string"}}],"inLanguage":"tr"},{"@type":"Organization","@id":"https:\/\/internationaleducationcenters.de\/tr\/#organization","name":"International Education Centers","alternateName":"IEC","url":"https:\/\/internationaleducationcenters.de\/tr\/","logo":{"@type":"ImageObject","inLanguage":"tr","@id":"https:\/\/internationaleducationcenters.de\/tr\/#\/schema\/logo\/image\/","url":"https:\/\/internationaleducationcenters.de\/wp-content\/uploads\/2025\/08\/IEC_favicon-1.png","contentUrl":"https:\/\/internationaleducationcenters.de\/wp-content\/uploads\/2025\/08\/IEC_favicon-1.png","width":512,"height":512,"caption":"International Education Centers"},"image":{"@id":"https:\/\/internationaleducationcenters.de\/tr\/#\/schema\/logo\/image\/"},"sameAs":["https:\/\/www.facebook.com\/InternationalEducationCenters\/"]}]},"product_price_amount":"415.00","product_price_currency":"EUR","og_availability":"instock","product_availability":"instock","product_condition":"new"},"_links":{"self":[{"href":"https:\/\/internationaleducationcenters.de\/tr\/wp-json\/wp\/v2\/product\/6376","targetHints":{"allow":["GET"]}}],"collection":[{"href":"https:\/\/internationaleducationcenters.de\/tr\/wp-json\/wp\/v2\/product"}],"about":[{"href":"https:\/\/internationaleducationcenters.de\/tr\/wp-json\/wp\/v2\/types\/product"}],"replies":[{"embeddable":true,"href":"https:\/\/internationaleducationcenters.de\/tr\/wp-json\/wp\/v2\/comments?post=6376"}],"version-history":[{"count":1,"href":"https:\/\/internationaleducationcenters.de\/tr\/wp-json\/wp\/v2\/product\/6376\/revisions"}],"predecessor-version":[{"id":20909,"href":"https:\/\/internationaleducationcenters.de\/tr\/wp-json\/wp\/v2\/product\/6376\/revisions\/20909"}],"wp:featuredmedia":[{"embeddable":true,"href":"https:\/\/internationaleducationcenters.de\/tr\/wp-json\/wp\/v2\/media\/7467"}],"wp:attachment":[{"href":"https:\/\/internationaleducationcenters.de\/tr\/wp-json\/wp\/v2\/media?parent=6376"}],"wp:term":[{"taxonomy":"product_brand","embeddable":true,"href":"https:\/\/internationaleducationcenters.de\/tr\/wp-json\/wp\/v2\/product_brand?post=6376"},{"taxonomy":"product_cat","embeddable":true,"href":"https:\/\/internationaleducationcenters.de\/tr\/wp-json\/wp\/v2\/product_cat?post=6376"},{"taxonomy":"product_tag","embeddable":true,"href":"https:\/\/internationaleducationcenters.de\/tr\/wp-json\/wp\/v2\/product_tag?post=6376"}],"curies":[{"name":"wp","href":"https:\/\/api.w.org\/{rel}","templated":true}]}}