{"id":6625,"date":"2024-09-16T13:49:15","date_gmt":"2024-09-16T11:49:15","guid":{"rendered":"https:\/\/internationaleducationcenters.de\/?post_type=product&#038;p=6625"},"modified":"2025-11-20T09:42:06","modified_gmt":"2025-11-20T08:42:06","slug":"egiticilerin-egitimi-aevo-online-yari-zamanli-kurs-kopie","status":"publish","type":"product","link":"https:\/\/internationaleducationcenters.de\/tr\/urun\/egiticilerin-egitimi-aevo-online-yari-zamanli-kurs-kopie\/","title":{"rendered":"E\u011fiticilerin e\u011fitimi (AEVO) &#8211; online yar\u0131 zamanl\u0131 kurs (Kopie)"},"content":{"rendered":"<p style=\"font-weight: 500;\">E\u011fitmen Yetene\u011fi Y\u00f6netmeli\u011fi (AEVO) uyar\u0131nca 3 hafta i\u00e7inde IHK \/ HWK s\u0131nav\u0131n\u0131z i\u00e7in en uygun haz\u0131rl\u0131\u011f\u0131 deneyimleyin.<\/p>\n<p style=\"font-weight: 500;\">E\u011fitmen yetenek testi (&#8220;AdA sertifikas\u0131&#8221; olarak da bilinir), i\u015f e\u011fitimi bilgisini g\u00f6stermek i\u00e7in Almanya \u00e7ap\u0131nda tan\u0131nan ve standartla\u015ft\u0131r\u0131lm\u0131\u015f tek yeterliliktir. Bir e\u011fitmen olarak, hem meslek hayat\u0131nda \u00f6nemli bir niteli\u011fe hem de Alman ikili e\u011fitim sisteminde gelecekteki stajyerlerle ilgili \u00f6nemli bir role sahipsiniz.<\/p>\n<p style=\"font-weight: 500;\">E\u011fitmenler, ki\u015fisel ve mesleki yeteneklerinin yan\u0131 s\u0131ra pedagojik, yasal, psikolojik, organizasyonel ve metodolojik bilgi ve becerilere de sahip olmal\u0131d\u0131r. Ayr\u0131ca stajyerlerinize sadece uzmanl\u0131k bilgilerini \u00f6\u011fretmekle kalmamal\u0131, ayn\u0131 zamanda onlar\u0131 ba\u011f\u0131ms\u0131z d\u00fc\u015f\u00fcnmeye ve hareket etmeye te\u015fvik etmelisiniz.<\/p>\n<p style=\"font-weight: 500;\">Kursumuzda sizi hem gelecekte e\u011fitmen olarak \u00e7al\u0131\u015fman\u0131z i\u00e7in hem de IHK veya HWK&#8217;daki e\u011fitmen yeterlilik testi i\u00e7in haz\u0131rl\u0131yoruz.<\/p>\n<p style=\"font-weight: 500;\">Kurumumuz, D\u00fcsseldorf b\u00f6lge h\u00fck\u00fcmeti taraf\u0131ndan s\u0131n\u0131rs\u0131z bir s\u00fcre i\u00e7in \u00e7al\u0131\u015fan e\u011fitim kurumu olarak tan\u0131nmaktad\u0131r. Bu kurs i\u00e7in e\u011fitim izni alabilirsiniz.<\/p>\n<p style=\"font-weight: 500;\"><b><strong>\u0130\u00e7indekiler<\/strong><\/b><\/p>\n<p style=\"font-weight: 500;\">E\u011fitmen Yetene\u011fi Y\u00f6netmeli\u011fi&#8217;ne g\u00f6re 4 faaliyet alan\u0131n\u0131n tamam\u0131 kapsanmaktad\u0131r:<\/p>\n<ol>\n<li style=\"font-weight: 500;\">E\u011fitim gereksinimlerini kontrol edin ve e\u011fitimi planlay\u0131n<\/li>\n<li style=\"font-weight: 500;\">E\u011fitim haz\u0131rlamak ve stajyerlerin i\u015fe al\u0131nmas\u0131na yard\u0131mc\u0131 olmak<\/li>\n<li style=\"font-weight: 500;\">E\u011fitim ger\u00e7ekle\u015ftirin<\/li>\n<li style=\"font-weight: 500;\">E\u011fitimi tamamlay\u0131n<\/li>\n<li style=\"font-weight: 500;\">S\u00f6zl\u00fc e\u011fitmen yetenek s\u0131nav\u0131na haz\u0131rl\u0131k<\/li>\n<\/ol>\n<p style=\"font-weight: 500;\"><b><strong>Hedef grup<\/strong><\/b><\/p>\n<p style=\"font-weight: 500;\">Bu kurs a\u015fa\u011f\u0131daki ki\u015filer i\u00e7in tasarlanm\u0131\u015ft\u0131r:<\/p>\n<ul style=\"font-weight: 500;\">\n<li>profesyonel olarak e\u011fitim verebilmek i\u00e7in e\u011fitmen yetenek s\u0131nav\u0131na girmek istiyor.<\/li>\n<li>e\u011fitmen yetenek testinin bir s\u0131nav (usta zanaatkar, i\u015fletme y\u00f6neticisi, i\u015fletme y\u00f6neticisi) i\u00e7in ileri e\u011fitime kabul \u015fart\u0131 olarak istenmesi.<\/li>\n<li>S\u0131nava birka\u00e7 ak\u015fam boyunca yar\u0131 zamanl\u0131 olarak haz\u0131rlanmak isteyen<\/li>\n<li>Evden esnek bir \u015fekilde \u00e7evrimi\u00e7i \u00f6\u011frenmek istiyorsan\u0131z<\/li>\n<\/ul>\n<p style=\"font-weight: 500;\">\u00c7evrimi\u00e7i kurslar\u0131m\u0131za <a href=\"https:\/\/internationaleducationcenters.de\/ausbildung-der-ausbilder-online\">buradan eri\u015febilirsiniz*<\/a>.<br \/>\nS\u0131n\u0131f kurslar\u0131m\u0131za <a href=\"https:\/\/internationaleducationcenters.de\/angebote-mit-bildungsgutschein\/vorbereitungslehrgang-auf-die-ausbildereignungspruefung-nach-aevo-in-5-tagen-ihk\/29\/ausbildung-der-ausbilder-nach-aevo-in-5-tagen-ihk\">buradan eri\u015febilirsiniz*<\/a>.<\/p>\n<p style=\"font-weight: 500;\"><b><strong>Prosed\u00fcr<\/strong><\/b><\/p>\n<ul style=\"font-weight: 500;\">\n<li>Dijital e\u011fitim program\u0131 olarak yar\u0131 zamanl\u0131 kurs<\/li>\n<li>Pazartesi &#8211; Cuma yakla\u015f\u0131k 17:30 &#8211; 20:15<\/li>\n<li>Saat say\u0131s\u0131: her biri 45 dakikal\u0131k yakla\u015f\u0131k 50 \u00f6\u011fretim birimi<\/li>\n<\/ul>\n<p style=\"font-weight: 500;\"><b><strong>\u00d6\u011fretim G\u00f6revlileri<\/strong><\/b><\/p>\n<p style=\"font-weight: 500;\">Hem y\u00f6netim ekibimiz hem de e\u011fitmenlerimiz, \u00f6zellikle e\u011fitmen yetenek testleri alan\u0131nda uzun y\u0131llara dayanan deneyime sahiptir. Odalar nezdinde kay\u0131tl\u0131 denet\u00e7ilerdir ve kendileri de s\u0131navlara girerler, b\u00f6ylece bilgimizin her zaman g\u00fcncel ve en y\u00fcksek hassasiyette oldu\u011fundan emin olabilirsiniz.<\/p>\n<p style=\"font-weight: 500;\">Bay Horst Barnert<\/p>\n<p style=\"font-weight: 500;\">Bayan Barbara Pruscini<\/p>\n<p style=\"font-weight: 500;\"><b><strong>Teknik gereksinimler<\/strong><\/b><\/p>\n<p style=\"font-weight: 500;\">B\u00f6yle zamanlarda, \u00e7evrimi\u00e7i kurslar giderek daha fazla talep g\u00f6r\u00fcyor ve gerekli hale geliyor. Uluslararas\u0131 E\u011fitim Merkezleri en son teknoloji ile \u00e7al\u0131\u015fmakta ve e\u011fitim kurslar\u0131 Microsoft Teams ile ger\u00e7ekle\u015ftirilmektedir. Kay\u0131t detaylar\u0131n\u0131 kurs ba\u015flamadan \u00f6nce bizden alacaks\u0131n\u0131z.<br \/>\n\u0130htiyac\u0131n\u0131z olan tek \u015fey<\/p>\n<ul style=\"font-weight: 500;\">\n<li>istikrarl\u0131 bir internet ba\u011flant\u0131s\u0131<\/li>\n<li>internet \u00f6zellikli bir u\u00e7 cihaz<\/li>\n<li>Kamera ve mikrofon<\/li>\n<\/ul>\n<p style=\"font-weight: 500;\"><b><strong>Pratik s\u0131nav ve kavram kontrol\u00fc i\u00e7in \u00f6zel haz\u0131rl\u0131k<\/strong><\/b><\/p>\n<p style=\"font-weight: 500;\">Her kat\u0131l\u0131mc\u0131ya pratik s\u0131nav i\u00e7in sunum ve e\u011fitim konseptlerini haz\u0131rlama ve sunma ve pratik s\u0131nav\u0131 sim\u00fcle etme f\u0131rsat\u0131 verilir. Aktif geri bildirim ve iyile\u015ftirme \u00f6nerileriyle s\u0131nav\u0131 ge\u00e7eceksiniz!<\/p>\n<p style=\"font-weight: 500;\"><b><strong>Denetim<\/strong><\/b><\/p>\n<p style=\"font-weight: 500;\">Kurs rezervasyonundan s\u0131nav\u0131n ba\u015far\u0131yla tamamlanmas\u0131na kadar eksiksiz ve \u00e7ok y\u00f6nl\u00fc bir hizmet sunuyoruz! Se\u00e7im sizin: 15 g\u00fcnl\u00fck AEVO e\u011fitmenlik kursumuzu (IHK\/HWK) e\u011fitim almadan ya da e\u011fitimle birlikte alabilirsiniz. s\u0131nav \u00fccretinin ve s\u0131nav kayd\u0131n\u0131n \u00f6denmesi. Bu durumda, Bergische Industrie- und Handelskammer nezdinde ba\u015fka bir masraf olu\u015fmaz. Di\u011fer odalardaki s\u0131navlara kaydolmak i\u00e7in l\u00fctfen s\u0131nava kendiniz kaydolun.<\/p>\n<p style=\"font-weight: 500;\">L\u00fctfen dikkat: S\u0131nav kayd\u0131 sadece Bergische IHK i\u00e7in taraf\u0131m\u0131zdan ger\u00e7ekle\u015ftirilebilir. Tabii ki s\u0131nava Almanya&#8217;n\u0131n herhangi bir yerinde girebilirsiniz. Bunu yapmak i\u00e7in l\u00fctfen b\u00f6lgenizdeki IHK&#8217;da kendiniz bir muayene tarihi ay\u0131rt\u0131n!<\/p>\n<p style=\"font-weight: 500;\">Bergische IHK&#8217;n\u0131n g\u00fcncel s\u0131nav tarihlerine ve daha fazla bilgiye buradan ula\u015fabilirsiniz:<\/p>\n<p style=\"font-weight: 500;\"><a href=\"https:\/\/www.bergische.ihk.de\/aus-weiterbildung\/weiterbildung\/aevo-1415746\">https:\/\/www.bergische.ihk.de\/aus-weiterbildung\/weiterbildung\/aevo-1415746<\/a><\/p>\n<p style=\"font-weight: 500;\"><b><strong>Serbest tekrar<\/strong><\/b><\/p>\n<p style=\"font-weight: 500;\">D\u00fczenli devam ve aktif kat\u0131l\u0131ma ra\u011fmen s\u0131navda beklenmedik bir \u015fekilde ba\u015far\u0131s\u0131z olursan\u0131z, bir sonraki kursta size \u00fccretsiz bir tekrar s\u0131nav\u0131 sunaca\u011f\u0131z.<\/p>\n<p style=\"font-weight: 500;\"><b><strong>Finansman f\u0131rsatlar\u0131<\/strong><\/b><\/p>\n<p style=\"font-weight: 500;\">Bu kurs s\u00fcbvanse edilebilir. E\u011fitim kuponlar\u0131, e\u011fitim primleri ve BAf\u00f6G&#8217;e beceri kazand\u0131rma hakk\u0131nda bilgi i\u00e7in l\u00fctfen <a href=\"https:\/\/internationaleducationcenters.de\/finanzielle-foerderung-fuer-ihre-weiterbildung\">finansman<\/a> sayfam\u0131z\u0131 ziyaret edin.<\/p>\n<p style=\"font-weight: 500;\"><b><strong>Genel bilgi<\/strong><\/b><\/p>\n<p><span data-contrast=\"auto\">&#8220;AEVO&#8217;ya (IHK\/HWK) g\u00f6re e\u011fiticilerin e\u011fitimi&#8221; kursu \u015firketimizde 3 farkl\u0131 kurs t\u00fcr\u00fc ile ger\u00e7ekle\u015fmektedir. <\/span><\/p>\n<p><span data-contrast=\"auto\">T\u00fcm kurslar y\u0131lda 6 kez d\u00fczenlenmektedir. Mart, May\u0131s, Temmuz, Eyl\u00fcl ve Kas\u0131m aylar\u0131nda, tam zamanl\u0131 kurs her zaman ay\u0131n ilk tam haftas\u0131nda ger\u00e7ekle\u015fir. Y\u00fcz y\u00fcze kurs, \u00e7evrimi\u00e7i kursla ayn\u0131 zamanda ger\u00e7ekle\u015fir. Yar\u0131 zamanl\u0131 ak\u015fam kurslar\u0131 her g\u00fcn 18:00-20:30 saatleri aras\u0131nda ger\u00e7ekle\u015fmekte ve 15 ders g\u00fcn\u00fc s\u00fcrmektedir.<\/span><\/p>\n<p><span data-contrast=\"auto\"><b><strong>E\u011fitim izni<\/strong><\/b><\/span><\/p>\n<p><span data-contrast=\"auto\">Kuzey Ren-Vestfalya Eyaleti \u00c7al\u0131\u015fan E\u011fitim Yasas\u0131 (AWbG) uyar\u0131nca s\u0131n\u0131rs\u0131z bir s\u00fcre i\u00e7in \u00e7al\u0131\u015fan e\u011fitim kurumu olarak tan\u0131nmaktay\u0131z. Bu nedenle, \u00a710 AWbG uyar\u0131nca \u015firketimizdeki kursunuz i\u00e7in e\u011fitim izni ba\u015fvurusunda bulunabilirsiniz. Bu, ki\u015fisel geli\u015fiminizin \u00f6n\u00fcnde hi\u00e7bir \u015feyin duramayaca\u011f\u0131 anlam\u0131na gelir!<\/span><\/p>\n","protected":false},"excerpt":{"rendered":"<p>E\u011fitmen Yetene\u011fi Y\u00f6netmeli\u011fi (AEVO) uyar\u0131nca 3 hafta i\u00e7inde IHK \/ HWK s\u0131nav\u0131n\u0131z i\u00e7in en uygun haz\u0131rl\u0131\u011f\u0131 deneyimleyin.<\/p>\n","protected":false},"featured_media":1093,"comment_status":"closed","ping_status":"closed","template":"","meta":{"_acf_changed":false},"product_brand":[],"product_cat":[281],"product_tag":[370,282],"class_list":{"0":"post-6625","1":"product","2":"type-product","3":"status-publish","4":"has-post-thumbnail","6":"product_cat-ileri-egitim","7":"product_tag-egitim-kuponu","8":"product_tag-ileri-egitim","10":"first","11":"instock","12":"purchasable","13":"product-type-variable"},"acf":[],"yoast_head":"<!-- This site is optimized with the Yoast SEO Premium plugin v25.9 (Yoast SEO v26.9) - https:\/\/yoast.com\/product\/yoast-seo-premium-wordpress\/ -->\n<title>E\u011fiticilerin e\u011fitimi (AEVO) - online yar\u0131 zamanl\u0131 kurs (Kopie) - International Education Centers<\/title>\n<meta name=\"description\" content=\"E\u011fiticilerin e\u011fitimi (AEVO) - online yar\u0131 zamanl\u0131 kurs\" \/>\n<meta name=\"robots\" content=\"index, follow, max-snippet:-1, max-image-preview:large, max-video-preview:-1\" \/>\n<link rel=\"canonical\" href=\"https:\/\/internationaleducationcenters.de\/tr\/urun\/egiticilerin-egitimi-aevo-online-yari-zamanli-kurs-kopie\/\" \/>\n<meta property=\"og:locale\" content=\"tr_TR\" \/>\n<meta property=\"og:type\" content=\"article\" \/>\n<meta property=\"og:title\" content=\"E\u011fiticilerin e\u011fitimi (AEVO) - online yar\u0131 zamanl\u0131 kurs (Kopie)\" \/>\n<meta property=\"og:description\" content=\"E\u011fiticilerin e\u011fitimi (AEVO) - online yar\u0131 zamanl\u0131 kurs\" \/>\n<meta property=\"og:url\" content=\"https:\/\/internationaleducationcenters.de\/tr\/urun\/egiticilerin-egitimi-aevo-online-yari-zamanli-kurs-kopie\/\" \/>\n<meta property=\"og:site_name\" content=\"International Education Centers\" \/>\n<meta property=\"article:publisher\" content=\"https:\/\/www.facebook.com\/InternationalEducationCenters\/\" \/>\n<meta property=\"article:modified_time\" content=\"2025-11-20T08:42:06+00:00\" \/>\n<meta property=\"og:image\" content=\"https:\/\/internationaleducationcenters.de\/wp-content\/uploads\/2024\/01\/weiterbildungen-scaled.jpg\" \/>\n\t<meta property=\"og:image:width\" content=\"2560\" \/>\n\t<meta property=\"og:image:height\" content=\"1707\" \/>\n\t<meta property=\"og:image:type\" content=\"image\/jpeg\" \/>\n<meta name=\"twitter:card\" content=\"summary_large_image\" \/>\n<meta name=\"twitter:label1\" content=\"Durumu\" \/>\n\t<meta name=\"twitter:data1\" content=\"Stokta var\" \/>\n<script type=\"application\/ld+json\" class=\"yoast-schema-graph\">{\"@context\":\"https:\/\/schema.org\",\"@graph\":[{\"@type\":\"WebPage\",\"@id\":\"https:\/\/internationaleducationcenters.de\/tr\/urun\/egiticilerin-egitimi-aevo-online-yari-zamanli-kurs-kopie\/\",\"url\":\"https:\/\/internationaleducationcenters.de\/tr\/urun\/egiticilerin-egitimi-aevo-online-yari-zamanli-kurs-kopie\/\",\"name\":\"E\u011fiticilerin e\u011fitimi (AEVO) - online yar\u0131 zamanl\u0131 kurs (Kopie) - International Education Centers\",\"isPartOf\":{\"@id\":\"https:\/\/internationaleducationcenters.de\/tr\/#website\"},\"primaryImageOfPage\":{\"@id\":\"https:\/\/internationaleducationcenters.de\/tr\/urun\/egiticilerin-egitimi-aevo-online-yari-zamanli-kurs-kopie\/#primaryimage\"},\"image\":{\"@id\":\"https:\/\/internationaleducationcenters.de\/tr\/urun\/egiticilerin-egitimi-aevo-online-yari-zamanli-kurs-kopie\/#primaryimage\"},\"thumbnailUrl\":\"https:\/\/internationaleducationcenters.de\/wp-content\/uploads\/2024\/01\/weiterbildungen-scaled.jpg\",\"datePublished\":\"2024-09-16T11:49:15+00:00\",\"dateModified\":\"2025-11-20T08:42:06+00:00\",\"description\":\"E\u011fiticilerin e\u011fitimi (AEVO) - online yar\u0131 zamanl\u0131 kurs\",\"breadcrumb\":{\"@id\":\"https:\/\/internationaleducationcenters.de\/tr\/urun\/egiticilerin-egitimi-aevo-online-yari-zamanli-kurs-kopie\/#breadcrumb\"},\"inLanguage\":\"tr\",\"potentialAction\":[{\"@type\":\"ReadAction\",\"target\":[\"https:\/\/internationaleducationcenters.de\/tr\/urun\/egiticilerin-egitimi-aevo-online-yari-zamanli-kurs-kopie\/\"]}]},{\"@type\":\"ImageObject\",\"inLanguage\":\"tr\",\"@id\":\"https:\/\/internationaleducationcenters.de\/tr\/urun\/egiticilerin-egitimi-aevo-online-yari-zamanli-kurs-kopie\/#primaryimage\",\"url\":\"https:\/\/internationaleducationcenters.de\/wp-content\/uploads\/2024\/01\/weiterbildungen-scaled.jpg\",\"contentUrl\":\"https:\/\/internationaleducationcenters.de\/wp-content\/uploads\/2024\/01\/weiterbildungen-scaled.jpg\",\"width\":2560,\"height\":1707,\"caption\":\"Mature Male Student Attending Adult Education Class\"},{\"@type\":\"BreadcrumbList\",\"@id\":\"https:\/\/internationaleducationcenters.de\/tr\/urun\/egiticilerin-egitimi-aevo-online-yari-zamanli-kurs-kopie\/#breadcrumb\",\"itemListElement\":[{\"@type\":\"ListItem\",\"position\":1,\"name\":\"Home\",\"item\":\"https:\/\/internationaleducationcenters.de\/tr\/\"},{\"@type\":\"ListItem\",\"position\":2,\"name\":\"Ma\u011faza\",\"item\":\"https:\/\/internationaleducationcenters.de\/tr\/shop\/\"},{\"@type\":\"ListItem\",\"position\":3,\"name\":\"E\u011fiticilerin e\u011fitimi (AEVO) &#8211; online yar\u0131 zamanl\u0131 kurs (Kopie)\"}]},{\"@type\":\"WebSite\",\"@id\":\"https:\/\/internationaleducationcenters.de\/tr\/#website\",\"url\":\"https:\/\/internationaleducationcenters.de\/tr\/\",\"name\":\"International Education Centers\",\"description\":\"\",\"publisher\":{\"@id\":\"https:\/\/internationaleducationcenters.de\/tr\/#organization\"},\"potentialAction\":[{\"@type\":\"SearchAction\",\"target\":{\"@type\":\"EntryPoint\",\"urlTemplate\":\"https:\/\/internationaleducationcenters.de\/tr\/?s={search_term_string}\"},\"query-input\":{\"@type\":\"PropertyValueSpecification\",\"valueRequired\":true,\"valueName\":\"search_term_string\"}}],\"inLanguage\":\"tr\"},{\"@type\":\"Organization\",\"@id\":\"https:\/\/internationaleducationcenters.de\/tr\/#organization\",\"name\":\"International Education Centers\",\"alternateName\":\"IEC\",\"url\":\"https:\/\/internationaleducationcenters.de\/tr\/\",\"logo\":{\"@type\":\"ImageObject\",\"inLanguage\":\"tr\",\"@id\":\"https:\/\/internationaleducationcenters.de\/tr\/#\/schema\/logo\/image\/\",\"url\":\"https:\/\/internationaleducationcenters.de\/wp-content\/uploads\/2025\/08\/IEC_favicon-1.png\",\"contentUrl\":\"https:\/\/internationaleducationcenters.de\/wp-content\/uploads\/2025\/08\/IEC_favicon-1.png\",\"width\":512,\"height\":512,\"caption\":\"International Education Centers\"},\"image\":{\"@id\":\"https:\/\/internationaleducationcenters.de\/tr\/#\/schema\/logo\/image\/\"},\"sameAs\":[\"https:\/\/www.facebook.com\/InternationalEducationCenters\/\"]}]}<\/script>\n<meta property=\"og:availability\" content=\"instock\" \/>\n<meta property=\"product:availability\" content=\"instock\" \/>\n<meta property=\"product:condition\" content=\"new\" \/>\n<!-- \/ Yoast SEO Premium plugin. -->","yoast_head_json":{"title":"E\u011fiticilerin e\u011fitimi (AEVO) - online yar\u0131 zamanl\u0131 kurs (Kopie) - International Education Centers","description":"E\u011fiticilerin e\u011fitimi (AEVO) - online yar\u0131 zamanl\u0131 kurs","robots":{"index":"index","follow":"follow","max-snippet":"max-snippet:-1","max-image-preview":"max-image-preview:large","max-video-preview":"max-video-preview:-1"},"canonical":"https:\/\/internationaleducationcenters.de\/tr\/urun\/egiticilerin-egitimi-aevo-online-yari-zamanli-kurs-kopie\/","og_locale":"tr_TR","og_type":"article","og_title":"E\u011fiticilerin e\u011fitimi (AEVO) - online yar\u0131 zamanl\u0131 kurs (Kopie)","og_description":"E\u011fiticilerin e\u011fitimi (AEVO) - online yar\u0131 zamanl\u0131 kurs","og_url":"https:\/\/internationaleducationcenters.de\/tr\/urun\/egiticilerin-egitimi-aevo-online-yari-zamanli-kurs-kopie\/","og_site_name":"International Education Centers","article_publisher":"https:\/\/www.facebook.com\/InternationalEducationCenters\/","article_modified_time":"2025-11-20T08:42:06+00:00","og_image":[{"width":2560,"height":1707,"url":"https:\/\/internationaleducationcenters.de\/wp-content\/uploads\/2024\/01\/weiterbildungen-scaled.jpg","type":"image\/jpeg"}],"twitter_card":"summary_large_image","twitter_misc":{"Durumu":"Stokta var"},"schema":{"@context":"https:\/\/schema.org","@graph":[{"@type":"WebPage","@id":"https:\/\/internationaleducationcenters.de\/tr\/urun\/egiticilerin-egitimi-aevo-online-yari-zamanli-kurs-kopie\/","url":"https:\/\/internationaleducationcenters.de\/tr\/urun\/egiticilerin-egitimi-aevo-online-yari-zamanli-kurs-kopie\/","name":"E\u011fiticilerin e\u011fitimi (AEVO) - online yar\u0131 zamanl\u0131 kurs (Kopie) - International Education Centers","isPartOf":{"@id":"https:\/\/internationaleducationcenters.de\/tr\/#website"},"primaryImageOfPage":{"@id":"https:\/\/internationaleducationcenters.de\/tr\/urun\/egiticilerin-egitimi-aevo-online-yari-zamanli-kurs-kopie\/#primaryimage"},"image":{"@id":"https:\/\/internationaleducationcenters.de\/tr\/urun\/egiticilerin-egitimi-aevo-online-yari-zamanli-kurs-kopie\/#primaryimage"},"thumbnailUrl":"https:\/\/internationaleducationcenters.de\/wp-content\/uploads\/2024\/01\/weiterbildungen-scaled.jpg","datePublished":"2024-09-16T11:49:15+00:00","dateModified":"2025-11-20T08:42:06+00:00","description":"E\u011fiticilerin e\u011fitimi (AEVO) - online yar\u0131 zamanl\u0131 kurs","breadcrumb":{"@id":"https:\/\/internationaleducationcenters.de\/tr\/urun\/egiticilerin-egitimi-aevo-online-yari-zamanli-kurs-kopie\/#breadcrumb"},"inLanguage":"tr","potentialAction":[{"@type":"ReadAction","target":["https:\/\/internationaleducationcenters.de\/tr\/urun\/egiticilerin-egitimi-aevo-online-yari-zamanli-kurs-kopie\/"]}]},{"@type":"ImageObject","inLanguage":"tr","@id":"https:\/\/internationaleducationcenters.de\/tr\/urun\/egiticilerin-egitimi-aevo-online-yari-zamanli-kurs-kopie\/#primaryimage","url":"https:\/\/internationaleducationcenters.de\/wp-content\/uploads\/2024\/01\/weiterbildungen-scaled.jpg","contentUrl":"https:\/\/internationaleducationcenters.de\/wp-content\/uploads\/2024\/01\/weiterbildungen-scaled.jpg","width":2560,"height":1707,"caption":"Mature Male Student Attending Adult Education Class"},{"@type":"BreadcrumbList","@id":"https:\/\/internationaleducationcenters.de\/tr\/urun\/egiticilerin-egitimi-aevo-online-yari-zamanli-kurs-kopie\/#breadcrumb","itemListElement":[{"@type":"ListItem","position":1,"name":"Home","item":"https:\/\/internationaleducationcenters.de\/tr\/"},{"@type":"ListItem","position":2,"name":"Ma\u011faza","item":"https:\/\/internationaleducationcenters.de\/tr\/shop\/"},{"@type":"ListItem","position":3,"name":"E\u011fiticilerin e\u011fitimi (AEVO) &#8211; online yar\u0131 zamanl\u0131 kurs (Kopie)"}]},{"@type":"WebSite","@id":"https:\/\/internationaleducationcenters.de\/tr\/#website","url":"https:\/\/internationaleducationcenters.de\/tr\/","name":"International Education Centers","description":"","publisher":{"@id":"https:\/\/internationaleducationcenters.de\/tr\/#organization"},"potentialAction":[{"@type":"SearchAction","target":{"@type":"EntryPoint","urlTemplate":"https:\/\/internationaleducationcenters.de\/tr\/?s={search_term_string}"},"query-input":{"@type":"PropertyValueSpecification","valueRequired":true,"valueName":"search_term_string"}}],"inLanguage":"tr"},{"@type":"Organization","@id":"https:\/\/internationaleducationcenters.de\/tr\/#organization","name":"International Education Centers","alternateName":"IEC","url":"https:\/\/internationaleducationcenters.de\/tr\/","logo":{"@type":"ImageObject","inLanguage":"tr","@id":"https:\/\/internationaleducationcenters.de\/tr\/#\/schema\/logo\/image\/","url":"https:\/\/internationaleducationcenters.de\/wp-content\/uploads\/2025\/08\/IEC_favicon-1.png","contentUrl":"https:\/\/internationaleducationcenters.de\/wp-content\/uploads\/2025\/08\/IEC_favicon-1.png","width":512,"height":512,"caption":"International Education Centers"},"image":{"@id":"https:\/\/internationaleducationcenters.de\/tr\/#\/schema\/logo\/image\/"},"sameAs":["https:\/\/www.facebook.com\/InternationalEducationCenters\/"]}]},"og_availability":"instock","product_availability":"instock","product_condition":"new"},"_links":{"self":[{"href":"https:\/\/internationaleducationcenters.de\/tr\/wp-json\/wp\/v2\/product\/6625","targetHints":{"allow":["GET"]}}],"collection":[{"href":"https:\/\/internationaleducationcenters.de\/tr\/wp-json\/wp\/v2\/product"}],"about":[{"href":"https:\/\/internationaleducationcenters.de\/tr\/wp-json\/wp\/v2\/types\/product"}],"replies":[{"embeddable":true,"href":"https:\/\/internationaleducationcenters.de\/tr\/wp-json\/wp\/v2\/comments?post=6625"}],"version-history":[{"count":1,"href":"https:\/\/internationaleducationcenters.de\/tr\/wp-json\/wp\/v2\/product\/6625\/revisions"}],"predecessor-version":[{"id":20905,"href":"https:\/\/internationaleducationcenters.de\/tr\/wp-json\/wp\/v2\/product\/6625\/revisions\/20905"}],"wp:featuredmedia":[{"embeddable":true,"href":"https:\/\/internationaleducationcenters.de\/tr\/wp-json\/wp\/v2\/media\/1093"}],"wp:attachment":[{"href":"https:\/\/internationaleducationcenters.de\/tr\/wp-json\/wp\/v2\/media?parent=6625"}],"wp:term":[{"taxonomy":"product_brand","embeddable":true,"href":"https:\/\/internationaleducationcenters.de\/tr\/wp-json\/wp\/v2\/product_brand?post=6625"},{"taxonomy":"product_cat","embeddable":true,"href":"https:\/\/internationaleducationcenters.de\/tr\/wp-json\/wp\/v2\/product_cat?post=6625"},{"taxonomy":"product_tag","embeddable":true,"href":"https:\/\/internationaleducationcenters.de\/tr\/wp-json\/wp\/v2\/product_tag?post=6625"}],"curies":[{"name":"wp","href":"https:\/\/api.w.org\/{rel}","templated":true}]}}