{"id":7727,"date":"2025-01-13T11:28:48","date_gmt":"2025-01-13T10:28:48","guid":{"rendered":"https:\/\/internationaleducationcenters.de\/?post_type=product&#038;p=7727"},"modified":"2025-11-20T09:46:32","modified_gmt":"2025-11-20T08:46:32","slug":"sinav-hazirlik-kursu-telc-almanca-b1-b2-bakim-kopie","status":"publish","type":"product","link":"https:\/\/internationaleducationcenters.de\/tr\/urun\/sinav-hazirlik-kursu-telc-almanca-b1-b2-bakim-kopie\/","title":{"rendered":"S\u0131nav haz\u0131rl\u0131k kursu telc Almanca B1-B2 Bak\u0131m (Kopie)"},"content":{"rendered":"<p><strong>Bak\u0131m sekt\u00f6r\u00fc i\u00e7in Almanca ileri e\u011fitim<br \/>\nBeceri eksikli\u011fi zamanlar\u0131nda mesleki dil e\u011fitiminiz<br \/>\n<\/strong><\/p>\n<p>telc-Deutsch B1\/B2 Pflege dil s\u0131nav\u0131na girmek ister misiniz? Bak\u0131c\u0131 olarak \u00e7al\u0131\u015fabilmek i\u00e7in Almanca dil bilginizi kan\u0131tlaman\u0131z m\u0131 gerekiyor? Bak\u0131c\u0131 olarak yeni bir mesleki m\u00fccadele mi ar\u0131yorsunuz ve teknik terimleri \u00f6\u011frenmek mi istiyorsunuz?<\/p>\n<p>\u0130\u015f bulma kurumunuzdan ald\u0131\u011f\u0131n\u0131z bir e\u011fitim kuponunuz var m\u0131?<\/p>\n<p>O halde bak\u0131c\u0131lar i\u00e7in dil kursumuz tam size g\u00f6re!<\/p>\n<p>Hem\u015firelik Meslekleri i\u00e7in Almanca kursumuzda, i\u015fle ilgili gerekli dil becerilerini \u00f6\u011freneceksiniz. Kursu tamamlad\u0131ktan sonra bak\u0131m sekt\u00f6r\u00fc i\u00e7in ideal bir donan\u0131ma sahip olacaks\u0131n\u0131z ve test merkezimizde resmi telc-Deutsch B1\/B2 Pflege dil s\u0131nav\u0131na girebileceksiniz.<\/p>\n<p><strong>Finansman \/ Maliyetler<\/strong><\/p>\n<p>AZAV&#8217;a g\u00f6re yetkili bir sa\u011flay\u0131c\u0131y\u0131z. Bu nedenle kat\u0131l\u0131m\u0131n\u0131z, bir e\u011fitim kuponu arac\u0131l\u0131\u011f\u0131yla i\u015f bulma kurumu veya i\u015f merkezi taraf\u0131ndan %100 finanse edilebilir. Bu nedenle kurs sizin i\u00e7in \u00fccretsizdir!<\/p>\n<p><strong>Etkinlik t\u00fcr\u00fc<\/strong><\/p>\n<p>Hem\u015firelik mesleklerine y\u00f6nelik Almanca kurslar\u0131m\u0131z\u0131 a\u015fa\u011f\u0131daki kurs t\u00fcrleriyle sizlere sunuyoruz:<\/p>\n<ul>\n<li>\u00a781 SGB III uyar\u0131nca e\u011fitim kuponu ile tedbir olarak s\u0131n\u0131f i\u00e7i ve \u00e7evrimi\u00e7i ders<\/li>\n<\/ul>\n<p><strong>Kursunuzun i\u00e7eri\u011fi<\/strong><\/p>\n<p>Bu kurs, t\u0131p, hem\u015firelik veya ticaret mesleklerinden kat\u0131l\u0131mc\u0131lar i\u00e7in se\u00e7ilmi\u015f dilbilgisi ve sekt\u00f6re \u00f6zg\u00fc kelimeleri kapsamaktad\u0131r.<\/p>\n<p>Di\u011fer i\u00e7erikler:<\/p>\n<ul>\n<li>Kazalarla ilgilenme, kay\u0131t tutma, kaza formlar\u0131n\u0131 doldurma vb.<\/li>\n<li>Yaz\u0131l\u0131 ve s\u00f6zl\u00fc raporlar\u0131 anlama ve olaylar\u0131 tan\u0131mlama<\/li>\n<li>Bak\u0131m dok\u00fcmantasyonu<\/li>\n<li>T\u0131bbi ge\u00e7mi\u015f formu<\/li>\n<li>\u0130lk g\u00f6r\u00fc\u015fmeler<\/li>\n<li>Bak\u0131m planlamas\u0131<\/li>\n<li>E-posta olu\u015fturma<\/li>\n<li>Hasta taburcu ve transferi<\/li>\n<li>\u0130\u015f ilanlar\u0131n\u0131 anlama ve ba\u015fvuru yazma<\/li>\n<li>Excursus I: Bak\u0131m hizmetlerinde biyografi \u00e7al\u0131\u015fmas\u0131 E<\/li>\n<li>Excursus II: Geriatrik bak\u0131mda tipik kariyer yollar\u0131<\/li>\n<li>Uluslararas\u0131 bir ekipte \u00e7al\u0131\u015fmak<\/li>\n<li>Havadan sudan konu\u015fmak<\/li>\n<li>\u0130\u015f s\u00fcre\u00e7leri ve i\u015f ekipmanlar\u0131<\/li>\n<li>Mesleki ba\u011flamda Almanca dilbilgisi ve kelime da\u011farc\u0131\u011f\u0131n\u0131n daha fazla tekrar\u0131 ve geni\u015fletilmesi<\/li>\n<li>\u0130\u015fle ilgili durumlarda meslekta\u015flar, \u00fcstler ve di\u011fer ki\u015filerle (m\u00fc\u015fteriler, tedarik\u00e7iler, vb.) ileti\u015fim<\/li>\n<li>\u0130\u015f talimatlar\u0131n\u0131 d\u00fczenleme<\/li>\n<li>\u0130\u015f g\u00fcvenli\u011fi, \u00e7al\u0131\u015fma konseyi<\/li>\n<li>Mesleki, teorik bilgi aktar\u0131m\u0131n\u0131n i\u00e7eri\u011fi:<\/li>\n<li>Bak\u0131m sekt\u00f6r\u00fcndeki kanunlar ve ko\u015fullar<\/li>\n<li>\u0130\u015f ad\u0131mlar\u0131n\u0131n planlanmas\u0131<\/li>\n<li>Hijyenik ve ergonomik gereklilikler dikkate al\u0131narak \u00e7al\u0131\u015fma yerinin haz\u0131rlanmas\u0131<\/li>\n<li>Alanla ilgili \u00e7al\u0131\u015fma haz\u0131rl\u0131klar\u0131<\/li>\n<li>A\u015fa\u011f\u0131daki hedeflerle mesleki becerilerin \u00f6\u011fretilmesi: &#8211; Bak\u0131m kavramlar\u0131 bilgisi &#8211; Bak\u0131ma muhta\u00e7 ki\u015filerin \u00f6z bak\u0131m kaynaklar\u0131n\u0131n ara\u015ft\u0131r\u0131lmas\u0131 ve g\u00fc\u00e7lendirilmesi &#8211; Tavsiye ve rehberlik &#8211; Durumlar\u0131 tan\u0131ma<\/li>\n<\/ul>\n<p>A\u015fa\u011f\u0131daki hedeflerle sosyal-ileti\u015fimsel becerilerin \u00f6\u011fretilmesi:<\/p>\n<ul>\n<li>Di\u011fer insanlarla profesyonel ili\u015fkiler kurmak ve s\u00fcrd\u00fcrmek<\/li>\n<li>Hastalar i\u00e7in empati geli\u015ftirmek<\/li>\n<li>\u00c7at\u0131\u015fma, ele\u015ftiri, kendini yans\u0131tma ve hayal k\u0131r\u0131kl\u0131\u011f\u0131 tolerans\u0131 ile ba\u015fa \u00e7\u0131kma becerisinin g\u00fc\u00e7lendirilmesi<\/li>\n<\/ul>\n<p>A\u015fa\u011f\u0131daki hedeflerle metodolojik becerilerin \u00f6\u011fretilmesi:<\/p>\n<ul>\n<li>Bilgi edinme ve i\u015fleme<\/li>\n<li>Karar verme<\/li>\n<li>\u00d6nceliklendirme<\/li>\n<li>Sistematik ve hedefe y\u00f6nelik problem \u00e7\u00f6zme<\/li>\n<\/ul>\n<p>A\u015fa\u011f\u0131daki hedeflerle ki\u015fisel becerilerin \u00f6\u011fretilmesi:<\/p>\n<ul>\n<li>Varolu\u015fsal ve etik sorulara y\u00f6nelik ki\u015fisel tutumlar \u00fczerine d\u00fc\u015f\u00fcnme<\/li>\n<li>Yak\u0131nl\u0131k ve uzakl\u0131k aras\u0131nda iyi bir denge kurmak i\u00e7in strese kar\u015f\u0131 dayan\u0131kl\u0131l\u0131k geli\u015ftirmek<\/li>\n<li>&#8220;A\u015f\u0131r\u0131 rutinle\u015ftirmeden&#8221; ka\u00e7\u0131nmak i\u00e7in \u00f6z-d\u00fc\u015f\u00fcn\u00fcm egzersizleri<\/li>\n<\/ul>\n<p><strong>\u00d6\u011eRENIM YERINIZ VE \u00d6\u011eRETIM METODOLOJIMIZ<\/strong><\/p>\n<p>Di\u011fer e\u011fitim kat\u0131l\u0131mc\u0131lar\u0131yla birlikte modern \u00f6\u011fretim y\u00f6ntemlerini kullanarak \u00f6\u011frenirsiniz. Bu kar\u0131\u015f\u0131mla, hem profesyonel hem de ki\u015fisel olarak uygulama i\u00e7in en iyi \u015fekilde donat\u0131lm\u0131\u015f olacaks\u0131n\u0131z. Kapsaml\u0131 teorik bilgiye ve pratik deneyime sahip y\u00fcksek nitelikli uzmanlar, t\u00fcm e\u011fitim program\u0131 boyunca size e\u011fitim vermek ve g\u00f6zetmenlik yapmak i\u00e7in haz\u0131rd\u0131r. E\u011fitim dan\u0131\u015fmanlar\u0131m\u0131z \u00f6\u011freniminizde size e\u015flik edecek ve t\u00fcm sorular\u0131n\u0131z ve endi\u015feleriniz konusunda size destek ve yard\u0131m sunacakt\u0131r.<\/p>\n<h4>telc di\u0307l serti\u0307fi\u0307kalari ve sinav kayitlari<\/h4>\n<p>Dilerseniz telc &#8211; Deutsch B1\/B2 Pflege s\u0131nav\u0131na, ileri e\u011fitim\/mesleki dil kursunuzdan hemen sonra sertifikal\u0131 s\u0131nav merkezimizde girebilirsiniz.<br \/>\nTabii ki, sadece s\u0131nava da kay\u0131t olabilirsiniz.<br \/>\nSertifikal\u0131 s\u0131nav merkezimizde telc dil s\u0131nav\u0131na kaydolmak istiyorsan\u0131z, l\u00fctfen <a href=\"https:\/\/internationaleducationcenters.de\/sprachzertifikate-pruefungsvorbereitung\/telc-language-tests\/telc-deutsch-b1-b2-pflege\/22\/sprachpruefung-telc-deutsch-b1\/b2-pflege\">buraya<\/a> t\u0131klay\u0131n.<\/p>\n<p><strong>Ekibiniz veya kurulu\u015funuz i\u00e7in bire bir e\u011fitim veya bireysel bir grup ister misiniz?<\/strong><\/p>\n<p><strong>\u00d6zellikle bak\u0131m tesisleri ve hastaneler i\u00e7in bireysel dil kursu tekliflerimiz ve bireysel ders kat\u0131l\u0131mc\u0131lar\u0131 i\u00e7in l\u00fctfen t\u0131klay\u0131n <\/strong><a href=\"https:\/\/internationaleducationcenters.de\/deutschkurs-fuer-pflegeberufe\"><br \/>\n<strong>Burada.<\/strong><br \/>\n<\/a><\/p>\n","protected":false},"excerpt":{"rendered":"<p>Bak\u0131m sekt\u00f6r\u00fc i\u00e7in Almanca \u00f6\u011frenin, telc B1\/B2 bak\u0131m s\u0131nav\u0131na girin ve bak\u0131c\u0131 olarak \u00e7al\u0131\u015fmak i\u00e7in kendinizi en iyi \u015fekilde donat\u0131n.<\/p>\n","protected":false},"featured_media":7522,"comment_status":"closed","ping_status":"closed","template":"","meta":{"_acf_changed":false},"product_brand":[],"product_cat":[314],"product_tag":[315],"class_list":{"0":"post-7727","1":"product","2":"type-product","3":"status-publish","4":"has-post-thumbnail","6":"product_cat-sinav-hazirlik-kurslari","7":"product_tag-hazirlik","9":"first","10":"instock","11":"purchasable","12":"product-type-simple"},"acf":[],"yoast_head":"<!-- This site is optimized with the Yoast SEO Premium plugin v25.9 (Yoast SEO v26.9) - https:\/\/yoast.com\/product\/yoast-seo-premium-wordpress\/ -->\n<title>S\u0131nav haz\u0131rl\u0131k kursu telc Almanca B1-B2 Bak\u0131m (Kopie) - International Education Centers<\/title>\n<meta name=\"description\" content=\"S\u0131nav haz\u0131rl\u0131k kursu telc Almanca B1-B2 Bak\u0131m\" \/>\n<meta name=\"robots\" content=\"index, follow, max-snippet:-1, max-image-preview:large, max-video-preview:-1\" \/>\n<link rel=\"canonical\" href=\"https:\/\/internationaleducationcenters.de\/tr\/urun\/sinav-hazirlik-kursu-telc-almanca-b1-b2-bakim-kopie\/\" \/>\n<meta property=\"og:locale\" content=\"tr_TR\" \/>\n<meta property=\"og:type\" content=\"article\" \/>\n<meta property=\"og:title\" content=\"S\u0131nav haz\u0131rl\u0131k kursu telc Almanca B1-B2 Bak\u0131m (Kopie)\" \/>\n<meta property=\"og:description\" content=\"S\u0131nav haz\u0131rl\u0131k kursu telc Almanca B1-B2 Bak\u0131m\" \/>\n<meta property=\"og:url\" content=\"https:\/\/internationaleducationcenters.de\/tr\/urun\/sinav-hazirlik-kursu-telc-almanca-b1-b2-bakim-kopie\/\" \/>\n<meta property=\"og:site_name\" content=\"International Education Centers\" \/>\n<meta property=\"article:publisher\" content=\"https:\/\/www.facebook.com\/InternationalEducationCenters\/\" \/>\n<meta property=\"article:modified_time\" content=\"2025-11-20T08:46:32+00:00\" \/>\n<meta property=\"og:image\" content=\"https:\/\/internationaleducationcenters.de\/wp-content\/uploads\/2024\/01\/Deutsch-B2-C1-Pflege.jpg\" \/>\n\t<meta property=\"og:image:width\" content=\"300\" \/>\n\t<meta property=\"og:image:height\" content=\"200\" \/>\n\t<meta property=\"og:image:type\" content=\"image\/jpeg\" \/>\n<meta name=\"twitter:card\" content=\"summary_large_image\" \/>\n<meta name=\"twitter:label1\" content=\"Fiyat\" \/>\n\t<meta name=\"twitter:data1\" content=\"880,00&nbsp;&euro;\" \/>\n\t<meta name=\"twitter:label2\" content=\"Durumu\" \/>\n\t<meta name=\"twitter:data2\" content=\"Stokta var\" \/>\n<script type=\"application\/ld+json\" class=\"yoast-schema-graph\">{\"@context\":\"https:\/\/schema.org\",\"@graph\":[{\"@type\":\"WebPage\",\"@id\":\"https:\/\/internationaleducationcenters.de\/tr\/urun\/sinav-hazirlik-kursu-telc-almanca-b1-b2-bakim-kopie\/\",\"url\":\"https:\/\/internationaleducationcenters.de\/tr\/urun\/sinav-hazirlik-kursu-telc-almanca-b1-b2-bakim-kopie\/\",\"name\":\"S\u0131nav haz\u0131rl\u0131k kursu telc Almanca B1-B2 Bak\u0131m (Kopie) - International Education Centers\",\"isPartOf\":{\"@id\":\"https:\/\/internationaleducationcenters.de\/tr\/#website\"},\"primaryImageOfPage\":{\"@id\":\"https:\/\/internationaleducationcenters.de\/tr\/urun\/sinav-hazirlik-kursu-telc-almanca-b1-b2-bakim-kopie\/#primaryimage\"},\"image\":{\"@id\":\"https:\/\/internationaleducationcenters.de\/tr\/urun\/sinav-hazirlik-kursu-telc-almanca-b1-b2-bakim-kopie\/#primaryimage\"},\"thumbnailUrl\":\"https:\/\/internationaleducationcenters.de\/wp-content\/uploads\/2024\/01\/Deutsch-B2-C1-Pflege.jpg\",\"datePublished\":\"2025-01-13T10:28:48+00:00\",\"dateModified\":\"2025-11-20T08:46:32+00:00\",\"description\":\"S\u0131nav haz\u0131rl\u0131k kursu telc Almanca B1-B2 Bak\u0131m\",\"breadcrumb\":{\"@id\":\"https:\/\/internationaleducationcenters.de\/tr\/urun\/sinav-hazirlik-kursu-telc-almanca-b1-b2-bakim-kopie\/#breadcrumb\"},\"inLanguage\":\"tr\",\"potentialAction\":[{\"@type\":\"ReadAction\",\"target\":[\"https:\/\/internationaleducationcenters.de\/tr\/urun\/sinav-hazirlik-kursu-telc-almanca-b1-b2-bakim-kopie\/\"]}]},{\"@type\":\"ImageObject\",\"inLanguage\":\"tr\",\"@id\":\"https:\/\/internationaleducationcenters.de\/tr\/urun\/sinav-hazirlik-kursu-telc-almanca-b1-b2-bakim-kopie\/#primaryimage\",\"url\":\"https:\/\/internationaleducationcenters.de\/wp-content\/uploads\/2024\/01\/Deutsch-B2-C1-Pflege.jpg\",\"contentUrl\":\"https:\/\/internationaleducationcenters.de\/wp-content\/uploads\/2024\/01\/Deutsch-B2-C1-Pflege.jpg\",\"width\":300,\"height\":200,\"caption\":\"Deutsch-B2-C1-Pflege\"},{\"@type\":\"BreadcrumbList\",\"@id\":\"https:\/\/internationaleducationcenters.de\/tr\/urun\/sinav-hazirlik-kursu-telc-almanca-b1-b2-bakim-kopie\/#breadcrumb\",\"itemListElement\":[{\"@type\":\"ListItem\",\"position\":1,\"name\":\"Home\",\"item\":\"https:\/\/internationaleducationcenters.de\/tr\/\"},{\"@type\":\"ListItem\",\"position\":2,\"name\":\"Ma\u011faza\",\"item\":\"https:\/\/internationaleducationcenters.de\/tr\/shop\/\"},{\"@type\":\"ListItem\",\"position\":3,\"name\":\"S\u0131nav haz\u0131rl\u0131k kursu telc Almanca B1-B2 Bak\u0131m (Kopie)\"}]},{\"@type\":\"WebSite\",\"@id\":\"https:\/\/internationaleducationcenters.de\/tr\/#website\",\"url\":\"https:\/\/internationaleducationcenters.de\/tr\/\",\"name\":\"International Education Centers\",\"description\":\"\",\"publisher\":{\"@id\":\"https:\/\/internationaleducationcenters.de\/tr\/#organization\"},\"potentialAction\":[{\"@type\":\"SearchAction\",\"target\":{\"@type\":\"EntryPoint\",\"urlTemplate\":\"https:\/\/internationaleducationcenters.de\/tr\/?s={search_term_string}\"},\"query-input\":{\"@type\":\"PropertyValueSpecification\",\"valueRequired\":true,\"valueName\":\"search_term_string\"}}],\"inLanguage\":\"tr\"},{\"@type\":\"Organization\",\"@id\":\"https:\/\/internationaleducationcenters.de\/tr\/#organization\",\"name\":\"International Education Centers\",\"alternateName\":\"IEC\",\"url\":\"https:\/\/internationaleducationcenters.de\/tr\/\",\"logo\":{\"@type\":\"ImageObject\",\"inLanguage\":\"tr\",\"@id\":\"https:\/\/internationaleducationcenters.de\/tr\/#\/schema\/logo\/image\/\",\"url\":\"https:\/\/internationaleducationcenters.de\/wp-content\/uploads\/2025\/08\/IEC_favicon-1.png\",\"contentUrl\":\"https:\/\/internationaleducationcenters.de\/wp-content\/uploads\/2025\/08\/IEC_favicon-1.png\",\"width\":512,\"height\":512,\"caption\":\"International Education Centers\"},\"image\":{\"@id\":\"https:\/\/internationaleducationcenters.de\/tr\/#\/schema\/logo\/image\/\"},\"sameAs\":[\"https:\/\/www.facebook.com\/InternationalEducationCenters\/\"]}]}<\/script>\n<meta property=\"product:price:amount\" content=\"880.00\" \/>\n<meta property=\"product:price:currency\" content=\"EUR\" \/>\n<meta property=\"og:availability\" content=\"instock\" \/>\n<meta property=\"product:availability\" content=\"instock\" \/>\n<meta property=\"product:condition\" content=\"new\" \/>\n<!-- \/ Yoast SEO Premium plugin. -->","yoast_head_json":{"title":"S\u0131nav haz\u0131rl\u0131k kursu telc Almanca B1-B2 Bak\u0131m (Kopie) - International Education Centers","description":"S\u0131nav haz\u0131rl\u0131k kursu telc Almanca B1-B2 Bak\u0131m","robots":{"index":"index","follow":"follow","max-snippet":"max-snippet:-1","max-image-preview":"max-image-preview:large","max-video-preview":"max-video-preview:-1"},"canonical":"https:\/\/internationaleducationcenters.de\/tr\/urun\/sinav-hazirlik-kursu-telc-almanca-b1-b2-bakim-kopie\/","og_locale":"tr_TR","og_type":"article","og_title":"S\u0131nav haz\u0131rl\u0131k kursu telc Almanca B1-B2 Bak\u0131m (Kopie)","og_description":"S\u0131nav haz\u0131rl\u0131k kursu telc Almanca B1-B2 Bak\u0131m","og_url":"https:\/\/internationaleducationcenters.de\/tr\/urun\/sinav-hazirlik-kursu-telc-almanca-b1-b2-bakim-kopie\/","og_site_name":"International Education Centers","article_publisher":"https:\/\/www.facebook.com\/InternationalEducationCenters\/","article_modified_time":"2025-11-20T08:46:32+00:00","og_image":[{"width":300,"height":200,"url":"https:\/\/internationaleducationcenters.de\/wp-content\/uploads\/2024\/01\/Deutsch-B2-C1-Pflege.jpg","type":"image\/jpeg"}],"twitter_card":"summary_large_image","twitter_misc":{"Fiyat":"880,00&nbsp;&euro;","Durumu":"Stokta var"},"schema":{"@context":"https:\/\/schema.org","@graph":[{"@type":"WebPage","@id":"https:\/\/internationaleducationcenters.de\/tr\/urun\/sinav-hazirlik-kursu-telc-almanca-b1-b2-bakim-kopie\/","url":"https:\/\/internationaleducationcenters.de\/tr\/urun\/sinav-hazirlik-kursu-telc-almanca-b1-b2-bakim-kopie\/","name":"S\u0131nav haz\u0131rl\u0131k kursu telc Almanca B1-B2 Bak\u0131m (Kopie) - International Education Centers","isPartOf":{"@id":"https:\/\/internationaleducationcenters.de\/tr\/#website"},"primaryImageOfPage":{"@id":"https:\/\/internationaleducationcenters.de\/tr\/urun\/sinav-hazirlik-kursu-telc-almanca-b1-b2-bakim-kopie\/#primaryimage"},"image":{"@id":"https:\/\/internationaleducationcenters.de\/tr\/urun\/sinav-hazirlik-kursu-telc-almanca-b1-b2-bakim-kopie\/#primaryimage"},"thumbnailUrl":"https:\/\/internationaleducationcenters.de\/wp-content\/uploads\/2024\/01\/Deutsch-B2-C1-Pflege.jpg","datePublished":"2025-01-13T10:28:48+00:00","dateModified":"2025-11-20T08:46:32+00:00","description":"S\u0131nav haz\u0131rl\u0131k kursu telc Almanca B1-B2 Bak\u0131m","breadcrumb":{"@id":"https:\/\/internationaleducationcenters.de\/tr\/urun\/sinav-hazirlik-kursu-telc-almanca-b1-b2-bakim-kopie\/#breadcrumb"},"inLanguage":"tr","potentialAction":[{"@type":"ReadAction","target":["https:\/\/internationaleducationcenters.de\/tr\/urun\/sinav-hazirlik-kursu-telc-almanca-b1-b2-bakim-kopie\/"]}]},{"@type":"ImageObject","inLanguage":"tr","@id":"https:\/\/internationaleducationcenters.de\/tr\/urun\/sinav-hazirlik-kursu-telc-almanca-b1-b2-bakim-kopie\/#primaryimage","url":"https:\/\/internationaleducationcenters.de\/wp-content\/uploads\/2024\/01\/Deutsch-B2-C1-Pflege.jpg","contentUrl":"https:\/\/internationaleducationcenters.de\/wp-content\/uploads\/2024\/01\/Deutsch-B2-C1-Pflege.jpg","width":300,"height":200,"caption":"Deutsch-B2-C1-Pflege"},{"@type":"BreadcrumbList","@id":"https:\/\/internationaleducationcenters.de\/tr\/urun\/sinav-hazirlik-kursu-telc-almanca-b1-b2-bakim-kopie\/#breadcrumb","itemListElement":[{"@type":"ListItem","position":1,"name":"Home","item":"https:\/\/internationaleducationcenters.de\/tr\/"},{"@type":"ListItem","position":2,"name":"Ma\u011faza","item":"https:\/\/internationaleducationcenters.de\/tr\/shop\/"},{"@type":"ListItem","position":3,"name":"S\u0131nav haz\u0131rl\u0131k kursu telc Almanca B1-B2 Bak\u0131m (Kopie)"}]},{"@type":"WebSite","@id":"https:\/\/internationaleducationcenters.de\/tr\/#website","url":"https:\/\/internationaleducationcenters.de\/tr\/","name":"International Education Centers","description":"","publisher":{"@id":"https:\/\/internationaleducationcenters.de\/tr\/#organization"},"potentialAction":[{"@type":"SearchAction","target":{"@type":"EntryPoint","urlTemplate":"https:\/\/internationaleducationcenters.de\/tr\/?s={search_term_string}"},"query-input":{"@type":"PropertyValueSpecification","valueRequired":true,"valueName":"search_term_string"}}],"inLanguage":"tr"},{"@type":"Organization","@id":"https:\/\/internationaleducationcenters.de\/tr\/#organization","name":"International Education Centers","alternateName":"IEC","url":"https:\/\/internationaleducationcenters.de\/tr\/","logo":{"@type":"ImageObject","inLanguage":"tr","@id":"https:\/\/internationaleducationcenters.de\/tr\/#\/schema\/logo\/image\/","url":"https:\/\/internationaleducationcenters.de\/wp-content\/uploads\/2025\/08\/IEC_favicon-1.png","contentUrl":"https:\/\/internationaleducationcenters.de\/wp-content\/uploads\/2025\/08\/IEC_favicon-1.png","width":512,"height":512,"caption":"International Education Centers"},"image":{"@id":"https:\/\/internationaleducationcenters.de\/tr\/#\/schema\/logo\/image\/"},"sameAs":["https:\/\/www.facebook.com\/InternationalEducationCenters\/"]}]},"product_price_amount":"880.00","product_price_currency":"EUR","og_availability":"instock","product_availability":"instock","product_condition":"new"},"_links":{"self":[{"href":"https:\/\/internationaleducationcenters.de\/tr\/wp-json\/wp\/v2\/product\/7727","targetHints":{"allow":["GET"]}}],"collection":[{"href":"https:\/\/internationaleducationcenters.de\/tr\/wp-json\/wp\/v2\/product"}],"about":[{"href":"https:\/\/internationaleducationcenters.de\/tr\/wp-json\/wp\/v2\/types\/product"}],"replies":[{"embeddable":true,"href":"https:\/\/internationaleducationcenters.de\/tr\/wp-json\/wp\/v2\/comments?post=7727"}],"version-history":[{"count":2,"href":"https:\/\/internationaleducationcenters.de\/tr\/wp-json\/wp\/v2\/product\/7727\/revisions"}],"predecessor-version":[{"id":20907,"href":"https:\/\/internationaleducationcenters.de\/tr\/wp-json\/wp\/v2\/product\/7727\/revisions\/20907"}],"wp:featuredmedia":[{"embeddable":true,"href":"https:\/\/internationaleducationcenters.de\/tr\/wp-json\/wp\/v2\/media\/7522"}],"wp:attachment":[{"href":"https:\/\/internationaleducationcenters.de\/tr\/wp-json\/wp\/v2\/media?parent=7727"}],"wp:term":[{"taxonomy":"product_brand","embeddable":true,"href":"https:\/\/internationaleducationcenters.de\/tr\/wp-json\/wp\/v2\/product_brand?post=7727"},{"taxonomy":"product_cat","embeddable":true,"href":"https:\/\/internationaleducationcenters.de\/tr\/wp-json\/wp\/v2\/product_cat?post=7727"},{"taxonomy":"product_tag","embeddable":true,"href":"https:\/\/internationaleducationcenters.de\/tr\/wp-json\/wp\/v2\/product_tag?post=7727"}],"curies":[{"name":"wp","href":"https:\/\/api.w.org\/{rel}","templated":true}]}}